{"id":2295,"date":"2022-11-30T12:51:16","date_gmt":"2022-11-30T12:51:16","guid":{"rendered":"https:\/\/www.jagalcaide.com\/calefaccio-i-gas\/radiadors-murals-a-gas\/radiadors-fondital\/"},"modified":"2026-02-20T14:53:03","modified_gmt":"2026-02-20T14:53:03","slug":"radiadors-fondital","status":"publish","type":"page","link":"https:\/\/www.jagalcaide.com\/ca\/calefaccio-i-gas\/radiadors-murals-a-gas\/radiadors-fondital\/","title":{"rendered":"Radiadors marca Fondital"},"content":{"rendered":"<p><div class=\"fusion-fullwidth fullwidth-box fusion-builder-row-1 fusion-flex-container has-pattern-background has-mask-background nonhundred-percent-fullwidth non-hundred-percent-height-scrolling\" style=\"--awb-border-radius-top-left:0px;--awb-border-radius-top-right:0px;--awb-border-radius-bottom-right:0px;--awb-border-radius-bottom-left:0px;--awb-padding-right:0px;--awb-padding-left:0px;\" ><div class=\"fusion-builder-row fusion-row fusion-flex-align-items-flex-start\" style=\"max-width:1248px;margin-left: calc(-4% \/ 2 );margin-right: calc(-4% \/ 2 );\"><div class=\"fusion-layout-column fusion_builder_column fusion-builder-column-0 fusion_builder_column_1_1 1_1 fusion-flex-column\" style=\"--awb-bg-size:cover;--awb-width-large:100%;--awb-margin-top-large:0px;--awb-spacing-right-large:1.92%;--awb-margin-bottom-large:20px;--awb-spacing-left-large:1.92%;--awb-width-medium:100%;--awb-order-medium:0;--awb-spacing-right-medium:1.92%;--awb-spacing-left-medium:1.92%;--awb-width-small:100%;--awb-order-small:0;--awb-spacing-right-small:1.92%;--awb-spacing-left-small:1.92%;\"><div class=\"fusion-column-wrapper fusion-column-has-shadow fusion-flex-justify-content-flex-start fusion-content-layout-column\"><div class=\"fusion-text fusion-text-1\"><p>Una de les marques amb les que treballem actualment \u00e9s la marca Italiana Fondital, a causa de les bones prestacions que ofereixen els seus productes. La seva gamma GAZZELLE TECHNO inclou models de diferent pot\u00e8ncia i concepci\u00f3, des d\u2019aparells de tir natural fins de mescla pr\u00e8via, tots amb c\u00e0mera estanca. Disseny modern de l\u00ednies suaus i senzilles, compacte, de materials de qualitat, per adaptar-se a qualsevol tipus de decoraci\u00f3, conferint eleg\u00e0ncia a l\u2019ambient.<\/p>\n<p>La senzillesa d\u2019instal\u00b7laci\u00f3 (no requereix grans modificacions dels sistemes preexistents ni de l\u2019estructura d\u2019obra), la facilitat d\u2019\u00fas i la seguretat s\u00f3n les caracter\u00edstiques intr\u00ednseques de la gamma GAZELLE TECHNO.<\/p>\n<\/div><\/div><\/div><\/div><\/div><div class=\"fusion-fullwidth fullwidth-box fusion-builder-row-2 fusion-flex-container has-pattern-background has-mask-background nonhundred-percent-fullwidth non-hundred-percent-height-scrolling\" style=\"--awb-border-radius-top-left:0px;--awb-border-radius-top-right:0px;--awb-border-radius-bottom-right:0px;--awb-border-radius-bottom-left:0px;--awb-padding-right:0px;--awb-padding-left:0px;\" ><div class=\"fusion-builder-row fusion-row fusion-flex-align-items-flex-start\" style=\"max-width:1248px;margin-left: calc(-4% \/ 2 );margin-right: calc(-4% \/ 2 );\"><div class=\"fusion-layout-column fusion_builder_column fusion-builder-column-1 fusion_builder_column_1_2 1_2 fusion-flex-column\" style=\"--awb-bg-size:cover;--awb-width-large:50%;--awb-margin-top-large:0px;--awb-spacing-right-large:3.84%;--awb-margin-bottom-large:20px;--awb-spacing-left-large:3.84%;--awb-width-medium:50%;--awb-order-medium:0;--awb-spacing-right-medium:3.84%;--awb-spacing-left-medium:3.84%;--awb-width-small:100%;--awb-order-small:0;--awb-spacing-right-small:1.92%;--awb-spacing-left-small:1.92%;\"><div class=\"fusion-column-wrapper fusion-column-has-shadow fusion-flex-justify-content-flex-start fusion-content-layout-column\"><div class=\"fusion-text fusion-text-2\"><h4>Model Gazelle Techno 2200<\/h4>\n<\/div><div class=\"fusion-text fusion-text-3\"><p>Estufa convectiva de gas de cambra estanca, tir natural, amb flama pilot i dispositiu de seguretat amb termoparell, que per funcionar no requereix corrent el\u00e8ctric.<\/p>\n<\/div><div class=\"fusion-image-element \" style=\"--awb-caption-title-font-family:var(--h2_typography-font-family);--awb-caption-title-font-weight:var(--h2_typography-font-weight);--awb-caption-title-font-style:var(--h2_typography-font-style);--awb-caption-title-size:var(--h2_typography-font-size);--awb-caption-title-transform:var(--h2_typography-text-transform);--awb-caption-title-line-height:var(--h2_typography-line-height);--awb-caption-title-letter-spacing:var(--h2_typography-letter-spacing);\"><span class=\" fusion-imageframe imageframe-none imageframe-1 hover-type-none\" class=\"image-scroll\"><a href=\"https:\/\/www.jagalcaide.com\/wp-content\/uploads\/2022\/12\/radiadores_murales_gas-600x262.jpg\" class=\"fusion-lightbox\" data-rel=\"iLightbox[af6b024db59b36ef4ac]\" data-title=\"Modelo Gazelle Techno 2200\" title=\"Modelo Gazelle Techno 2200\"><img decoding=\"async\" width=\"600\" height=\"262\" alt=\"Model Gazelle Techno 2200\" src=\"https:\/\/www.jagalcaide.com\/wp-content\/uploads\/2022\/12\/radiadores_murales_gas.jpg\" data-orig-src=\"https:\/\/www.jagalcaide.com\/wp-content\/uploads\/2022\/12\/radiadores_murales_gas-600x262.jpg\" class=\"lazyload img-responsive wp-image-1818\" srcset=\"data:image\/svg+xml,%3Csvg%20xmlns%3D%27http%3A%2F%2Fwww.w3.org%2F2000%2Fsvg%27%20width%3D%27675%27%20height%3D%27295%27%20viewBox%3D%270%200%20675%20295%27%3E%3Crect%20width%3D%27675%27%20height%3D%27295%27%20fill-opacity%3D%220%22%2F%3E%3C%2Fsvg%3E\" data-srcset=\"https:\/\/www.jagalcaide.com\/wp-content\/uploads\/2022\/12\/radiadores_murales_gas-200x87.jpg 200w, https:\/\/www.jagalcaide.com\/wp-content\/uploads\/2022\/12\/radiadores_murales_gas-400x175.jpg 400w, https:\/\/www.jagalcaide.com\/wp-content\/uploads\/2022\/12\/radiadores_murales_gas-600x262.jpg 600w, https:\/\/www.jagalcaide.com\/wp-content\/uploads\/2022\/12\/radiadores_murales_gas.jpg 675w\" data-sizes=\"auto\" data-orig-sizes=\"(max-width: 640px) 100vw, 600px\" \/><\/a><\/span><\/div><\/div><\/div><div class=\"fusion-layout-column fusion_builder_column fusion-builder-column-2 fusion_builder_column_1_2 1_2 fusion-flex-column\" style=\"--awb-bg-size:cover;--awb-width-large:50%;--awb-margin-top-large:0px;--awb-spacing-right-large:3.84%;--awb-margin-bottom-large:20px;--awb-spacing-left-large:3.84%;--awb-width-medium:50%;--awb-order-medium:0;--awb-spacing-right-medium:3.84%;--awb-spacing-left-medium:3.84%;--awb-width-small:100%;--awb-order-small:0;--awb-spacing-right-small:1.92%;--awb-spacing-left-small:1.92%;\"><div class=\"fusion-column-wrapper fusion-column-has-shadow fusion-flex-justify-content-flex-start fusion-content-layout-column\"><div class=\"fusion-text fusion-text-4\"><h4>Model Gazelle Techno Classic<\/h4>\n<\/div><div class=\"fusion-text fusion-text-5\"><p>Estufa\u00a0convectiva\u00a0de gas\u00a0que associa el\u00a0sistema de combusti\u00f3\u00a0tradicional\u00a0amb\u00a0cremador\u00a0atmosf\u00e8ric\u00a0a\u00a0l\u2019avan\u00e7at sistema\u00a0constructiu\u00a0i\u00a0de gesti\u00f3\u00a0electr\u00f2nica\u00a0caracter\u00edstic\u00a0de tota\u00a0la gamma.<\/p>\n<\/div><div class=\"fusion-image-element \" style=\"--awb-caption-title-font-family:var(--h2_typography-font-family);--awb-caption-title-font-weight:var(--h2_typography-font-weight);--awb-caption-title-font-style:var(--h2_typography-font-style);--awb-caption-title-size:var(--h2_typography-font-size);--awb-caption-title-transform:var(--h2_typography-text-transform);--awb-caption-title-line-height:var(--h2_typography-line-height);--awb-caption-title-letter-spacing:var(--h2_typography-letter-spacing);\"><span class=\" fusion-imageframe imageframe-none imageframe-2 hover-type-none\" class=\"image-scroll\"><a href=\"https:\/\/www.jagalcaide.com\/wp-content\/uploads\/2022\/12\/radiadores_murales_gas2-600x265.jpg\" class=\"fusion-lightbox\" data-rel=\"iLightbox[299bce09961a22cdc67]\" data-title=\"Modelo Gazelle Techno Classic\" title=\"Modelo Gazelle Techno Classic\"><img decoding=\"async\" width=\"600\" height=\"265\" alt=\"Model Gazelle Techno Classic\" src=\"https:\/\/www.jagalcaide.com\/wp-content\/uploads\/2022\/12\/radiadores_murales_gas2.jpg\" data-orig-src=\"https:\/\/www.jagalcaide.com\/wp-content\/uploads\/2022\/12\/radiadores_murales_gas2-600x265.jpg\" class=\"lazyload img-responsive wp-image-1820\" srcset=\"data:image\/svg+xml,%3Csvg%20xmlns%3D%27http%3A%2F%2Fwww.w3.org%2F2000%2Fsvg%27%20width%3D%27700%27%20height%3D%27309%27%20viewBox%3D%270%200%20700%20309%27%3E%3Crect%20width%3D%27700%27%20height%3D%27309%27%20fill-opacity%3D%220%22%2F%3E%3C%2Fsvg%3E\" data-srcset=\"https:\/\/www.jagalcaide.com\/wp-content\/uploads\/2022\/12\/radiadores_murales_gas2-200x88.jpg 200w, https:\/\/www.jagalcaide.com\/wp-content\/uploads\/2022\/12\/radiadores_murales_gas2-400x177.jpg 400w, https:\/\/www.jagalcaide.com\/wp-content\/uploads\/2022\/12\/radiadores_murales_gas2-600x265.jpg 600w, https:\/\/www.jagalcaide.com\/wp-content\/uploads\/2022\/12\/radiadores_murales_gas2.jpg 700w\" data-sizes=\"auto\" data-orig-sizes=\"(max-width: 640px) 100vw, 600px\" \/><\/a><\/span><\/div><\/div><\/div><\/div><\/div><div class=\"fusion-fullwidth fullwidth-box fusion-builder-row-3 fusion-flex-container has-pattern-background has-mask-background nonhundred-percent-fullwidth non-hundred-percent-height-scrolling\" style=\"--awb-border-radius-top-left:0px;--awb-border-radius-top-right:0px;--awb-border-radius-bottom-right:0px;--awb-border-radius-bottom-left:0px;--awb-padding-right:0px;--awb-padding-left:0px;\" ><div class=\"fusion-builder-row fusion-row fusion-flex-align-items-flex-start\" style=\"max-width:1248px;margin-left: calc(-4% \/ 2 );margin-right: calc(-4% \/ 2 );\"><div class=\"fusion-layout-column fusion_builder_column fusion-builder-column-3 fusion_builder_column_1_1 1_1 fusion-flex-column\" style=\"--awb-bg-size:cover;--awb-width-large:100%;--awb-margin-top-large:0px;--awb-spacing-right-large:1.92%;--awb-margin-bottom-large:20px;--awb-spacing-left-large:1.92%;--awb-width-medium:100%;--awb-order-medium:0;--awb-spacing-right-medium:1.92%;--awb-spacing-left-medium:1.92%;--awb-width-small:100%;--awb-order-small:0;--awb-spacing-right-small:1.92%;--awb-spacing-left-small:1.92%;\"><div class=\"fusion-column-wrapper fusion-column-has-shadow fusion-flex-justify-content-flex-start fusion-content-layout-column\"><div class=\"fusion-separator fusion-full-width-sep\" style=\"align-self: center;margin-left: auto;margin-right: auto;margin-top:10px;margin-bottom:10px;width:100%;\"><\/div><div class=\"fusion-text fusion-text-6\"><p>Per a m\u00e9s informaci\u00f3 no dubtis en posar-te en contacte amb nosaltres i, en cas necessari,\u00a0et farem un pressupost de forma gratu\u00efta.<\/p>\n<\/div><\/div><\/div><\/div><\/div><\/p>\n","protected":false},"excerpt":{"rendered":"","protected":false},"author":12,"featured_media":0,"parent":2289,"menu_order":0,"comment_status":"closed","ping_status":"closed","template":"100-width.php","meta":{"_acf_changed":false,"_yoast_wpseo_focuskw":"radiadors","_yoast_wpseo_title":"Radiadors murals a gas Fondital - JAG Alcaide Barcelona","_yoast_wpseo_metadesc":"Instal\u00b7ladors de radiadors murals de gas Fondital, de tir natural o tir for\u00e7at a JAG Alcaide Barcelona. Els seus instal\u00b7ladors de confian\u00e7a","footnotes":""},"class_list":["post-2295","page","type-page","status-publish","hentry"],"acf":[],"translation_of":534,"jag_meta_title":"Radiadors murals a gas Fondital - JAG Alcaide Barcelona","jag_meta_desc":"Instal\u00b7ladors de radiadors murals de gas Fondital, de tir natural o tir for\u00e7at a JAG Alcaide Barcelona. Els seus instal\u00b7ladors de confian\u00e7a","yoast_head":"<!-- This site is optimized with the Yoast SEO plugin v27.5 - https:\/\/yoast.com\/product\/yoast-seo-wordpress\/ -->\n<title>Radiadors murals a gas Fondital - JAG Alcaide Barcelona<\/title>\n<meta name=\"description\" content=\"Instal\u00b7ladors de radiadors murals de gas Fondital, de tir natural o tir for\u00e7at a JAG Alcaide Barcelona. Els seus instal\u00b7ladors de confian\u00e7a\" \/>\n<meta name=\"robots\" content=\"index, follow, max-snippet:-1, max-image-preview:large, max-video-preview:-1\" \/>\n<link rel=\"canonical\" href=\"https:\/\/www.jagalcaide.com\/ca\/calefaccio-i-gas\/radiadors-murals-a-gas\/radiadors-fondital\/\" \/>\n<meta property=\"og:locale\" content=\"ca_ES\" \/>\n<meta property=\"og:type\" content=\"article\" \/>\n<meta property=\"og:title\" content=\"Radiadors murals a gas Fondital - JAG Alcaide Barcelona\" \/>\n<meta property=\"og:description\" content=\"Instal\u00b7ladors de radiadors murals de gas Fondital, de tir natural o tir for\u00e7at a JAG Alcaide Barcelona. Els seus instal\u00b7ladors de confian\u00e7a\" \/>\n<meta property=\"og:url\" content=\"https:\/\/www.jagalcaide.com\/ca\/calefaccio-i-gas\/radiadors-murals-a-gas\/radiadors-fondital\/\" \/>\n<meta property=\"og:site_name\" content=\"JAG ALCAIDE \u2013 Instalaci\u00f3n, reparaci\u00f3n y mantenimiento en Barcelona\" \/>\n<meta property=\"article:modified_time\" content=\"2026-02-20T14:53:03+00:00\" \/>\n<meta name=\"twitter:card\" content=\"summary_large_image\" \/>\n<meta name=\"twitter:site\" content=\"@JAGAlcaideSL\" \/>\n<meta name=\"twitter:label1\" content=\"Temps estimat de lectura\" \/>\n\t<meta name=\"twitter:data1\" content=\"7 minuts\" \/>\n<script type=\"application\/ld+json\" class=\"yoast-schema-graph\">{\"@context\":\"https:\\\/\\\/schema.org\",\"@graph\":[{\"@type\":\"WebPage\",\"@id\":\"https:\\\/\\\/www.jagalcaide.com\\\/ca\\\/calefaccio-i-gas\\\/radiadors-murals-a-gas\\\/radiadors-fondital\\\/\",\"url\":\"https:\\\/\\\/www.jagalcaide.com\\\/ca\\\/calefaccio-i-gas\\\/radiadors-murals-a-gas\\\/radiadors-fondital\\\/\",\"name\":\"Radiadors murals a gas Fondital - JAG Alcaide Barcelona\",\"isPartOf\":{\"@id\":\"https:\\\/\\\/www.jagalcaide.com\\\/ca\\\/#website\"},\"datePublished\":\"2022-11-30T12:51:16+00:00\",\"dateModified\":\"2026-02-20T14:53:03+00:00\",\"description\":\"Instal\u00b7ladors de radiadors murals de gas Fondital, de tir natural o tir for\u00e7at a JAG Alcaide Barcelona. Els seus instal\u00b7ladors de confian\u00e7a\",\"breadcrumb\":{\"@id\":\"https:\\\/\\\/www.jagalcaide.com\\\/ca\\\/calefaccio-i-gas\\\/radiadors-murals-a-gas\\\/radiadors-fondital\\\/#breadcrumb\"},\"inLanguage\":\"ca\",\"potentialAction\":[{\"@type\":\"ReadAction\",\"target\":[\"https:\\\/\\\/www.jagalcaide.com\\\/ca\\\/calefaccio-i-gas\\\/radiadors-murals-a-gas\\\/radiadors-fondital\\\/\"]}]},{\"@type\":\"BreadcrumbList\",\"@id\":\"https:\\\/\\\/www.jagalcaide.com\\\/ca\\\/calefaccio-i-gas\\\/radiadors-murals-a-gas\\\/radiadors-fondital\\\/#breadcrumb\",\"itemListElement\":[{\"@type\":\"ListItem\",\"position\":1,\"name\":\"Portada\",\"item\":\"https:\\\/\\\/www.jagalcaide.com\\\/ca\\\/\"},{\"@type\":\"ListItem\",\"position\":2,\"name\":\"Instal\u00b7laci\u00f3 de Calefacci\u00f3 a Barcelona\",\"item\":\"https:\\\/\\\/www.jagalcaide.com\\\/ca\\\/calefaccio-i-gas\\\/\"},{\"@type\":\"ListItem\",\"position\":3,\"name\":\"Radiadors Murals a Gas\",\"item\":\"https:\\\/\\\/www.jagalcaide.com\\\/ca\\\/calefaccio-i-gas\\\/radiadors-murals-a-gas\\\/\"},{\"@type\":\"ListItem\",\"position\":4,\"name\":\"Radiadors marca Fondital\"}]},{\"@type\":\"WebSite\",\"@id\":\"https:\\\/\\\/www.jagalcaide.com\\\/ca\\\/#website\",\"url\":\"https:\\\/\\\/www.jagalcaide.com\\\/ca\\\/\",\"name\":\"JAG Alcaide - Instalaci\u00f3n y reparaci\u00f3n de Aire Acondicionado y Calderas\",\"description\":\"Otro sitio realizado con WordPress\",\"publisher\":{\"@id\":\"https:\\\/\\\/www.jagalcaide.com\\\/ca\\\/#organization\"},\"potentialAction\":[{\"@type\":\"SearchAction\",\"target\":{\"@type\":\"EntryPoint\",\"urlTemplate\":\"https:\\\/\\\/www.jagalcaide.com\\\/ca\\\/?s={search_term_string}\"},\"query-input\":{\"@type\":\"PropertyValueSpecification\",\"valueRequired\":true,\"valueName\":\"search_term_string\"}}],\"inLanguage\":\"ca\"},{\"@type\":\"Organization\",\"@id\":\"https:\\\/\\\/www.jagalcaide.com\\\/ca\\\/#organization\",\"name\":\"JAG Alcaide\",\"url\":\"https:\\\/\\\/www.jagalcaide.com\\\/ca\\\/\",\"logo\":{\"@type\":\"ImageObject\",\"inLanguage\":\"ca\",\"@id\":\"https:\\\/\\\/www.jagalcaide.com\\\/ca\\\/#\\\/schema\\\/logo\\\/image\\\/\",\"url\":\"https:\\\/\\\/www.jagalcaide.com\\\/wp-content\\\/uploads\\\/2023\\\/05\\\/logo-alcaide-gran.jpg\",\"contentUrl\":\"https:\\\/\\\/www.jagalcaide.com\\\/wp-content\\\/uploads\\\/2023\\\/05\\\/logo-alcaide-gran.jpg\",\"width\":696,\"height\":696,\"caption\":\"JAG Alcaide\"},\"image\":{\"@id\":\"https:\\\/\\\/www.jagalcaide.com\\\/ca\\\/#\\\/schema\\\/logo\\\/image\\\/\"},\"sameAs\":[\"https:\\\/\\\/x.com\\\/JAGAlcaideSL\",\"https:\\\/\\\/www.instagram.com\\\/jagalcaide\\\/\",\"https:\\\/\\\/www.linkedin.com\\\/company\\\/j-a-g-alcaide-s-l-\"]}]}<\/script>\n<!-- \/ Yoast SEO plugin. -->","yoast_head_json":{"title":"Radiadors murals a gas Fondital - JAG Alcaide Barcelona","description":"Instal\u00b7ladors de radiadors murals de gas Fondital, de tir natural o tir for\u00e7at a JAG Alcaide Barcelona. Els seus instal\u00b7ladors de confian\u00e7a","robots":{"index":"index","follow":"follow","max-snippet":"max-snippet:-1","max-image-preview":"max-image-preview:large","max-video-preview":"max-video-preview:-1"},"canonical":"https:\/\/www.jagalcaide.com\/ca\/calefaccio-i-gas\/radiadors-murals-a-gas\/radiadors-fondital\/","og_locale":"ca_ES","og_type":"article","og_title":"Radiadors murals a gas Fondital - JAG Alcaide Barcelona","og_description":"Instal\u00b7ladors de radiadors murals de gas Fondital, de tir natural o tir for\u00e7at a JAG Alcaide Barcelona. Els seus instal\u00b7ladors de confian\u00e7a","og_url":"https:\/\/www.jagalcaide.com\/ca\/calefaccio-i-gas\/radiadors-murals-a-gas\/radiadors-fondital\/","og_site_name":"JAG ALCAIDE \u2013 Instalaci\u00f3n, reparaci\u00f3n y mantenimiento en Barcelona","article_modified_time":"2026-02-20T14:53:03+00:00","twitter_card":"summary_large_image","twitter_site":"@JAGAlcaideSL","twitter_misc":{"Temps estimat de lectura":"7 minuts"},"schema":{"@context":"https:\/\/schema.org","@graph":[{"@type":"WebPage","@id":"https:\/\/www.jagalcaide.com\/ca\/calefaccio-i-gas\/radiadors-murals-a-gas\/radiadors-fondital\/","url":"https:\/\/www.jagalcaide.com\/ca\/calefaccio-i-gas\/radiadors-murals-a-gas\/radiadors-fondital\/","name":"Radiadors murals a gas Fondital - JAG Alcaide Barcelona","isPartOf":{"@id":"https:\/\/www.jagalcaide.com\/ca\/#website"},"datePublished":"2022-11-30T12:51:16+00:00","dateModified":"2026-02-20T14:53:03+00:00","description":"Instal\u00b7ladors de radiadors murals de gas Fondital, de tir natural o tir for\u00e7at a JAG Alcaide Barcelona. Els seus instal\u00b7ladors de confian\u00e7a","breadcrumb":{"@id":"https:\/\/www.jagalcaide.com\/ca\/calefaccio-i-gas\/radiadors-murals-a-gas\/radiadors-fondital\/#breadcrumb"},"inLanguage":"ca","potentialAction":[{"@type":"ReadAction","target":["https:\/\/www.jagalcaide.com\/ca\/calefaccio-i-gas\/radiadors-murals-a-gas\/radiadors-fondital\/"]}]},{"@type":"BreadcrumbList","@id":"https:\/\/www.jagalcaide.com\/ca\/calefaccio-i-gas\/radiadors-murals-a-gas\/radiadors-fondital\/#breadcrumb","itemListElement":[{"@type":"ListItem","position":1,"name":"Portada","item":"https:\/\/www.jagalcaide.com\/ca\/"},{"@type":"ListItem","position":2,"name":"Instal\u00b7laci\u00f3 de Calefacci\u00f3 a Barcelona","item":"https:\/\/www.jagalcaide.com\/ca\/calefaccio-i-gas\/"},{"@type":"ListItem","position":3,"name":"Radiadors Murals a Gas","item":"https:\/\/www.jagalcaide.com\/ca\/calefaccio-i-gas\/radiadors-murals-a-gas\/"},{"@type":"ListItem","position":4,"name":"Radiadors marca Fondital"}]},{"@type":"WebSite","@id":"https:\/\/www.jagalcaide.com\/ca\/#website","url":"https:\/\/www.jagalcaide.com\/ca\/","name":"JAG Alcaide - Instalaci\u00f3n y reparaci\u00f3n de Aire Acondicionado y Calderas","description":"Otro sitio realizado con WordPress","publisher":{"@id":"https:\/\/www.jagalcaide.com\/ca\/#organization"},"potentialAction":[{"@type":"SearchAction","target":{"@type":"EntryPoint","urlTemplate":"https:\/\/www.jagalcaide.com\/ca\/?s={search_term_string}"},"query-input":{"@type":"PropertyValueSpecification","valueRequired":true,"valueName":"search_term_string"}}],"inLanguage":"ca"},{"@type":"Organization","@id":"https:\/\/www.jagalcaide.com\/ca\/#organization","name":"JAG Alcaide","url":"https:\/\/www.jagalcaide.com\/ca\/","logo":{"@type":"ImageObject","inLanguage":"ca","@id":"https:\/\/www.jagalcaide.com\/ca\/#\/schema\/logo\/image\/","url":"https:\/\/www.jagalcaide.com\/wp-content\/uploads\/2023\/05\/logo-alcaide-gran.jpg","contentUrl":"https:\/\/www.jagalcaide.com\/wp-content\/uploads\/2023\/05\/logo-alcaide-gran.jpg","width":696,"height":696,"caption":"JAG Alcaide"},"image":{"@id":"https:\/\/www.jagalcaide.com\/ca\/#\/schema\/logo\/image\/"},"sameAs":["https:\/\/x.com\/JAGAlcaideSL","https:\/\/www.instagram.com\/jagalcaide\/","https:\/\/www.linkedin.com\/company\/j-a-g-alcaide-s-l-"]}]}},"wpml_current_locale":"ca","wpml_translations":{"en_US":{"locale":"en_US","id":2471,"slug":"fondital-radiators","post_title":"Fondital Brand Radiators","href":"https:\/\/www.jagalcaide.com\/en\/heating-and-gas\/gas-heaters\/fondital-radiators\/"},"es_ES":{"locale":"es_ES","id":534,"slug":"radiadores-murales-a-gas-fondital","post_title":"Radiadores marca Fondital","href":"https:\/\/www.jagalcaide.com\/calefaccion-barcelona\/radiadores-murales-a-gas-barcelona\/radiadores-murales-a-gas-fondital\/"}},"_links":{"self":[{"href":"https:\/\/www.jagalcaide.com\/ca\/wp-json\/wp\/v2\/pages\/2295","targetHints":{"allow":["GET"]}}],"collection":[{"href":"https:\/\/www.jagalcaide.com\/ca\/wp-json\/wp\/v2\/pages"}],"about":[{"href":"https:\/\/www.jagalcaide.com\/ca\/wp-json\/wp\/v2\/types\/page"}],"author":[{"embeddable":true,"href":"https:\/\/www.jagalcaide.com\/ca\/wp-json\/wp\/v2\/users\/12"}],"replies":[{"embeddable":true,"href":"https:\/\/www.jagalcaide.com\/ca\/wp-json\/wp\/v2\/comments?post=2295"}],"version-history":[{"count":0,"href":"https:\/\/www.jagalcaide.com\/ca\/wp-json\/wp\/v2\/pages\/2295\/revisions"}],"up":[{"embeddable":true,"href":"https:\/\/www.jagalcaide.com\/ca\/wp-json\/wp\/v2\/pages\/2289"}],"wp:attachment":[{"href":"https:\/\/www.jagalcaide.com\/ca\/wp-json\/wp\/v2\/media?parent=2295"}],"curies":[{"name":"wp","href":"https:\/\/api.w.org\/{rel}","templated":true}]}}