{"id":2382,"date":"2023-05-12T17:37:31","date_gmt":"2023-05-12T17:37:31","guid":{"rendered":"https:\/\/www.jagalcaide.com\/sollicitar-pressupost\/"},"modified":"2026-03-04T08:16:04","modified_gmt":"2026-03-04T08:16:04","slug":"sollicitar-pressupost","status":"publish","type":"page","link":"https:\/\/www.jagalcaide.com\/ca\/sollicitar-pressupost\/","title":{"rendered":"Sol\u00b7licitar pressupost"},"content":{"rendered":"<div class=\"fusion-fullwidth fullwidth-box fusion-builder-row-1 fusion-flex-container has-pattern-background has-mask-background nonhundred-percent-fullwidth non-hundred-percent-height-scrolling\" style=\"--awb-border-radius-top-left:0px;--awb-border-radius-top-right:0px;--awb-border-radius-bottom-right:0px;--awb-border-radius-bottom-left:0px;\" ><div class=\"fusion-builder-row fusion-row fusion-flex-align-items-flex-start\" style=\"max-width:1248px;margin-left: calc(-4% \/ 2 );margin-right: calc(-4% \/ 2 );\"><div class=\"fusion-layout-column fusion_builder_column fusion-builder-column-0 fusion_builder_column_2_5 2_5 fusion-flex-column fusion-flex-align-self-stretch\" style=\"--awb-padding-top:20px;--awb-padding-right:20px;--awb-padding-bottom:20px;--awb-padding-left:20px;--awb-bg-size:cover;--awb-border-color:#e3e4e5;--awb-border-top:1px;--awb-border-right:1px;--awb-border-bottom:1px;--awb-border-left:1px;--awb-border-style:solid;--awb-width-large:40%;--awb-margin-top-large:0px;--awb-spacing-right-large:4.8%;--awb-margin-bottom-large:20px;--awb-spacing-left-large:4.8%;--awb-width-medium:40%;--awb-order-medium:0;--awb-spacing-right-medium:4.8%;--awb-spacing-left-medium:4.8%;--awb-width-small:100%;--awb-order-small:0;--awb-spacing-right-small:1.92%;--awb-spacing-left-small:1.92%;\"><div class=\"fusion-column-wrapper fusion-column-has-shadow fusion-flex-justify-content-flex-start fusion-content-layout-column\"><div class=\"fusion-text fusion-text-1\"><h3>Contacte<\/h3>\n<\/div><div class=\"fusion-separator fusion-full-width-sep\" style=\"align-self: center;margin-left: auto;margin-right: auto;margin-top:10px;width:100%;\"><\/div><ul style=\"--awb-size:14px;--awb-margin-top:0px;--awb-margin-bottom:22px;--awb-iconcolor:var(--awb-color4);--awb-line-height:23.8px;--awb-icon-width:23.8px;--awb-icon-height:23.8px;--awb-icon-margin:9.8px;--awb-content-margin:33.6px;\" class=\"fusion-checklist fusion-checklist-1 fusion-checklist-default fusion-checklist-divider type-icons\"><li class=\"fusion-li-item\" style=\"\"><span class=\"icon-wrapper circle-no\"><i class=\"fusion-li-icon fa-map-marker-alt fas\" aria-hidden=\"true\"><\/i><\/span><div class=\"fusion-li-item-content\">\n<p>C\/ Torrent de L\u00b4Olla 129<br \/>\n08012 Barcelona<\/p>\n<\/div><\/li><li class=\"fusion-li-item\" style=\"\"><span class=\"icon-wrapper circle-no\"><i class=\"fusion-li-icon fa-phone fas\" aria-hidden=\"true\"><\/i><\/span><div class=\"fusion-li-item-content\">\n<p>93 218 58 47<\/p>\n<\/div><\/li><li class=\"fusion-li-item\" style=\"\"><span class=\"icon-wrapper circle-no\"><i class=\"fusion-li-icon fa-fax fas\" aria-hidden=\"true\"><\/i><\/span><div class=\"fusion-li-item-content\">\n<p>93 415 89 75<\/p>\n<\/div><\/li><li class=\"fusion-li-item\" style=\"\"><span class=\"icon-wrapper circle-no\"><i class=\"fusion-li-icon fa-whatsapp fab\" aria-hidden=\"true\"><\/i><\/span><div class=\"fusion-li-item-content\">\n<p><a href=\"https:\/\/api.whatsapp.com\/send?phone=34616946678&amp;text=Hola,\">616 946 678<\/a><\/p>\n<\/div><\/li><li class=\"fusion-li-item\" style=\"\"><span class=\"icon-wrapper circle-no\"><i class=\"fusion-li-icon fa-envelope fas\" aria-hidden=\"true\"><\/i><\/span><div class=\"fusion-li-item-content\">\n<p><a href=\"mailto:info@jagalcaide.com\">info@jagalcaide.com<\/a><\/p>\n<\/div><\/li><\/ul><div class=\"fusion-separator fusion-full-width-sep\" style=\"align-self: center;margin-left: auto;margin-right: auto;margin-top:10px;width:100%;\"><\/div><div class=\"fusion-text fusion-text-2\"><h5>Horari<\/h5>\n<\/div><ul style=\"--awb-size:14px;--awb-margin-top:0px;--awb-margin-bottom:22px;--awb-iconcolor:var(--awb-color4);--awb-line-height:23.8px;--awb-icon-width:23.8px;--awb-icon-height:23.8px;--awb-icon-margin:9.8px;--awb-content-margin:33.6px;\" class=\"fusion-checklist fusion-checklist-2 fusion-checklist-default fusion-checklist-divider type-icons\"><li class=\"fusion-li-item\" style=\"\"><span class=\"icon-wrapper circle-no\"><i class=\"fusion-li-icon fa-clock fas\" aria-hidden=\"true\"><\/i><\/span><div class=\"fusion-li-item-content\">\n<p>Dilluns a Divendres<br \/>\n08:00h a 18:00h<\/p>\n<\/div><\/li><\/ul><div class=\"fusion-text fusion-text-3\"><p><iframe class=\"lazyload\" style=\"border: 0;\" src=\"data:image\/svg+xml,%3Csvg%20xmlns%3D%27http%3A%2F%2Fwww.w3.org%2F2000%2Fsvg%27%20width%3D%27100%27%20height%3D%27410%27%20viewBox%3D%270%200%20100%20410%27%3E%3Crect%20width%3D%27100%27%20height%3D%27410%27%20fill-opacity%3D%220%22%2F%3E%3C%2Fsvg%3E\" data-orig-src=\"https:\/\/www.google.com\/maps\/embed?pb=!1m18!1m12!1m3!1d2992.6615746597918!2d2.1537438156373554!3d41.403155402980026!2m3!1f0!2f0!3f0!3m2!1i1024!2i768!4f13.1!3m3!1m2!1s0x12a4a2bd187f708f%3A0x10a8a5fa6258fd1b!2sJAG%20Alcaide%2C%20S.L.!5e0!3m2!1sca!2ses!4v1675531533065!5m2!1sca!2ses\" width=\"100%\" height=\"410\" allowfullscreen=\"allowfullscreen\"><\/iframe><\/p>\n<\/div><\/div><\/div><div class=\"fusion-layout-column fusion_builder_column fusion-builder-column-1 fusion_builder_column_3_5 3_5 fusion-flex-column fusion-flex-align-self-stretch\" style=\"--awb-padding-top:20px;--awb-padding-right:20px;--awb-padding-bottom:20px;--awb-padding-left:20px;--awb-bg-size:cover;--awb-border-color:#e3e4e5;--awb-border-top:1px;--awb-border-right:1px;--awb-border-bottom:1px;--awb-border-left:1px;--awb-border-style:solid;--awb-width-large:60%;--awb-margin-top-large:0px;--awb-spacing-right-large:3.2%;--awb-margin-bottom-large:20px;--awb-spacing-left-large:3.2%;--awb-width-medium:60%;--awb-order-medium:0;--awb-spacing-right-medium:3.2%;--awb-spacing-left-medium:3.2%;--awb-width-small:100%;--awb-order-small:0;--awb-spacing-right-small:1.92%;--awb-spacing-left-small:1.92%;\"><div class=\"fusion-column-wrapper fusion-column-has-shadow fusion-flex-justify-content-flex-start fusion-content-layout-column\"><div class=\"fusion-text fusion-text-4\"><h3>Formulari de contacte<\/h3>\n<\/div><div class=\"fusion-text fusion-text-5\"><p>Ompli el formulari adjacent descrivint-ne les necessitats i si creu que \u00e9s rellevant, adjunteu una o m\u00e9s fotografies.<\/p>\n<p>En qualsevol cas sempre pot contactar amb nosaltres trucant-nos per tel\u00e8fon, enviant-nos un Watsapp o visitant-nos a la nostra botiga.<\/p>\n<\/div><div class=\"fusion-separator fusion-full-width-sep\" style=\"align-self: center;margin-left: auto;margin-right: auto;margin-top:10px;width:100%;\"><\/div>\n<div class=\"wpcf7 no-js\" id=\"wpcf7-f2642-o1\" lang=\"ca\" dir=\"ltr\" data-wpcf7-id=\"2642\">\n<div class=\"screen-reader-response\"><p role=\"status\" aria-live=\"polite\" aria-atomic=\"true\"><\/p> <ul><\/ul><\/div>\n<form action=\"\/ca\/wp-json\/wp\/v2\/pages\/2382#wpcf7-f2642-o1\" method=\"post\" class=\"wpcf7-form init\" aria-label=\"Formulari de contacte\" enctype=\"multipart\/form-data\" novalidate=\"novalidate\" data-status=\"init\">\n<fieldset class=\"hidden-fields-container\"><input type=\"hidden\" name=\"_wpcf7\" value=\"2642\" \/><input type=\"hidden\" name=\"_wpcf7_version\" value=\"6.1.5\" \/><input type=\"hidden\" name=\"_wpcf7_locale\" value=\"ca\" \/><input type=\"hidden\" name=\"_wpcf7_unit_tag\" value=\"wpcf7-f2642-o1\" \/><input type=\"hidden\" name=\"_wpcf7_container_post\" value=\"0\" \/><input type=\"hidden\" name=\"_wpcf7_posted_data_hash\" value=\"\" \/>\n<\/fieldset>\n<div class=\"wpcf7-turnstile cf-turnstile\" data-sitekey=\"0x4AAAAAACsDsmUhbZ1zXoGt\" data-response-field-name=\"_wpcf7_turnstile_response\"><\/div>\n\n<div style=\"width:48%; position:relative; float:left; margin-right:2%; margin-bottom:0%; z-index:999 !important;\">\n\t<p><span class=\"wpcf7-form-control-wrap\" data-name=\"your-name\"><input size=\"40\" maxlength=\"400\" class=\"wpcf7-form-control wpcf7-text wpcf7-validates-as-required\" aria-required=\"true\" aria-invalid=\"false\" placeholder=\"Nom (obligatori)\" value=\"\" type=\"text\" name=\"your-name\" \/><\/span>\n\t<\/p>\n<\/div>\n<div style=\"width:48%; position:relative; float:left;margin-bottom:0%; z-index:999 !important;\">\n\t<p><span class=\"wpcf7-form-control-wrap\" data-name=\"apellidos\"><input size=\"40\" maxlength=\"400\" class=\"wpcf7-form-control wpcf7-text wpcf7-validates-as-required\" aria-required=\"true\" aria-invalid=\"false\" placeholder=\"Cognoms (obligatori)\" value=\"\" type=\"text\" name=\"apellidos\" \/><\/span>\n\t<\/p>\n<\/div>\n<div style=\"width:48%; position:relative; float:left; margin-right:2%; margin-bottom:0%; z-index:999 !important;\">\n\t<p><span class=\"wpcf7-form-control-wrap\" data-name=\"your-email\"><input size=\"40\" maxlength=\"400\" class=\"wpcf7-form-control wpcf7-email wpcf7-validates-as-required wpcf7-text wpcf7-validates-as-email\" aria-required=\"true\" aria-invalid=\"false\" placeholder=\"Email (obligatori)\" value=\"\" type=\"email\" name=\"your-email\" \/><\/span>\n\t<\/p>\n<\/div>\n<div style=\"width:48%; position:relative; float:left; margin-right:2%; margin-bottom:0%; z-index:999 !important;\">\n\t<p><span class=\"wpcf7-form-control-wrap\" data-name=\"tel-698\"><input size=\"40\" maxlength=\"400\" class=\"wpcf7-form-control wpcf7-tel wpcf7-validates-as-required wpcf7-text wpcf7-validates-as-tel\" aria-required=\"true\" aria-invalid=\"false\" placeholder=\"Tel\u00e8fon (obligatori)\" value=\"\" type=\"tel\" name=\"tel-698\" \/><\/span>\n\t<\/p>\n<\/div>\n<div style=\"margin-bottom:2%;\">\n\t<p><span class=\"wpcf7-form-control-wrap\" data-name=\"your-message\"><textarea cols=\"40\" rows=\"10\" maxlength=\"2000\" class=\"wpcf7-form-control wpcf7-textarea wpcf7-validates-as-required\" aria-required=\"true\" aria-invalid=\"false\" placeholder=\"El teu missatge\" name=\"your-message\"><\/textarea><\/span>\n\t<\/p>\n<\/div>\n<div style=\"margin-bottom:2%;\">\n\t<p>Fitxer adjunt<br \/>\n<span class=\"wpcf7-form-control-wrap\" data-name=\"file-989\"><input size=\"40\" class=\"wpcf7-form-control wpcf7-file\" accept=\".pdf,.gif,.png,.jpg,.jpeg\" aria-invalid=\"false\" type=\"file\" name=\"file-989\" \/><\/span>\n\t<\/p>\n<\/div>\n<div style=\"margin-bottom:2%;\">\n\t<p><span class=\"wpcf7-form-control-wrap\" data-name=\"accept-this\"><span class=\"wpcf7-form-control wpcf7-acceptance\"><span class=\"wpcf7-list-item\"><input type=\"checkbox\" name=\"accept-this\" value=\"1\" aria-invalid=\"false\" \/><\/span><\/span><\/span>Estic d'acord i accepto els termes i condicions de la <a href=\"#\">pol\u00edtica de privacitat<\/a>\n\t<\/p>\n<\/div>\n<div style=\"margin-bottom:2%;\">\n\t<p><span class=\"wpcf7-form-control-wrap\" data-name=\"acceptance-720\"><span class=\"wpcf7-form-control wpcf7-acceptance optional\"><span class=\"wpcf7-list-item\"><input type=\"checkbox\" name=\"acceptance-720\" value=\"1\" aria-invalid=\"false\" \/><\/span><\/span><\/span>Accepto rebre publicitat i\/o informaci\u00f3 promocional.\n\t<\/p>\n<\/div>\n<div style=\"margin-top:30px; width:auto; position:relative;\">\n\t<p><input class=\"wpcf7-form-control wpcf7-submit has-spinner\" type=\"submit\" value=\"Enviar\" \/>\n\t<\/p>\n<\/div>\n<div style=\"margin-top:30px; width:auto; position:relative; font-size:12px;\">\n\t<p>*De conformitat amb all\u00f2 establert amb la Llei Org\u00e0nica 15\/1999 de 13 de desembre, de Protecci\u00f3 de Dades de Car\u00e0cter Personal, s'informa a les persones que emplenen aquest formulari que les dades facilitades s'inclouran en fitxers automatitzats i es conservaran, de forma confidencial per J.A.G. Alcaide, S.L. Mitjan\u00e7ant l'enviament d'aquest formulari, el remitent d\u00f3na el seu consentiment expr\u00e9s al tractament automatitzat de les dades incloses en aquest. Aquestes dades ens permetran mantenir la relaci\u00f3 amb vost\u00e8, remetre informaci\u00f3 sobre els nostres productes i serveis. Podeu exercir els drets d'acc\u00e9s, cancel\u00b7laci\u00f3, rectificaci\u00f3 i oposici\u00f3 adre\u00e7ant-vos a la seg\u00fcent adre\u00e7a de correu electr\u00f2nic: <a href=\"mailto:info@jagalcaide.com\">info@jagalcaide.com<\/a>\n\t<\/p>\n<\/div><div class=\"fusion-alert alert custom alert-custom fusion-alert-center wpcf7-response-output alert-dismissable\" style=\"--awb-border-size:1px;\" role=\"alert\"><div class=\"fusion-alert-content-wrapper\"><span class=\"fusion-alert-content\"><\/span><\/div><button type=\"button\" class=\"close toggle-alert\" data-dismiss=\"alert\" aria-label=\"Close\">&times;<\/button><\/div>\n<\/form>\n<\/div>\n<\/div><\/div><\/div><\/div>\n","protected":false},"excerpt":{"rendered":"","protected":false},"author":12,"featured_media":0,"parent":0,"menu_order":0,"comment_status":"closed","ping_status":"closed","template":"100-width.php","meta":{"_acf_changed":false,"_yoast_wpseo_focuskw":"","_yoast_wpseo_title":"%%title%% a JAG Alcaide","_yoast_wpseo_metadesc":"Sol\u00b7licita pressupost gratu\u00eft a Barcelona: fontaneria, calefacci\u00f3, aire condicionat, aigua i reformes. Resposta r\u00e0pida i sense comprom\u00eds","footnotes":""},"class_list":["post-2382","page","type-page","status-publish","hentry"],"acf":[],"translation_of":1084,"jag_meta_title":"%%title%% a JAG Alcaide","jag_meta_desc":"Sol\u00b7licita pressupost gratu\u00eft a Barcelona: fontaneria, calefacci\u00f3, aire condicionat, aigua i reformes. Resposta r\u00e0pida i sense comprom\u00eds","yoast_head":"<!-- This site is optimized with the Yoast SEO plugin v27.5 - https:\/\/yoast.com\/product\/yoast-seo-wordpress\/ -->\n<title>Sol\u00b7licitar pressupost a JAG Alcaide<\/title>\n<meta name=\"description\" content=\"Sol\u00b7licita pressupost gratu\u00eft a Barcelona: fontaneria, calefacci\u00f3, aire condicionat, aigua i reformes. Resposta r\u00e0pida i sense comprom\u00eds\" \/>\n<meta name=\"robots\" content=\"index, follow, max-snippet:-1, max-image-preview:large, max-video-preview:-1\" \/>\n<link rel=\"canonical\" href=\"https:\/\/www.jagalcaide.com\/ca\/sollicitar-pressupost\/\" \/>\n<meta property=\"og:locale\" content=\"ca_ES\" \/>\n<meta property=\"og:type\" content=\"article\" \/>\n<meta property=\"og:title\" content=\"Sol\u00b7licitar pressupost a JAG Alcaide\" \/>\n<meta property=\"og:description\" content=\"Sol\u00b7licita pressupost gratu\u00eft a Barcelona: fontaneria, calefacci\u00f3, aire condicionat, aigua i reformes. Resposta r\u00e0pida i sense comprom\u00eds\" \/>\n<meta property=\"og:url\" content=\"https:\/\/www.jagalcaide.com\/ca\/sollicitar-pressupost\/\" \/>\n<meta property=\"og:site_name\" content=\"JAG ALCAIDE \u2013 Instalaci\u00f3n, reparaci\u00f3n y mantenimiento en Barcelona\" \/>\n<meta property=\"article:modified_time\" content=\"2026-03-04T08:16:04+00:00\" \/>\n<meta name=\"twitter:card\" content=\"summary_large_image\" \/>\n<meta name=\"twitter:site\" content=\"@JAGAlcaideSL\" \/>\n<meta name=\"twitter:label1\" content=\"Temps estimat de lectura\" \/>\n\t<meta name=\"twitter:data1\" content=\"4 minuts\" \/>\n<script type=\"application\/ld+json\" class=\"yoast-schema-graph\">{\"@context\":\"https:\\\/\\\/schema.org\",\"@graph\":[{\"@type\":\"WebPage\",\"@id\":\"https:\\\/\\\/www.jagalcaide.com\\\/ca\\\/sollicitar-pressupost\\\/\",\"url\":\"https:\\\/\\\/www.jagalcaide.com\\\/ca\\\/sollicitar-pressupost\\\/\",\"name\":\"Sol\u00b7licitar pressupost a JAG Alcaide\",\"isPartOf\":{\"@id\":\"https:\\\/\\\/www.jagalcaide.com\\\/ca\\\/#website\"},\"datePublished\":\"2023-05-12T17:37:31+00:00\",\"dateModified\":\"2026-03-04T08:16:04+00:00\",\"description\":\"Sol\u00b7licita pressupost gratu\u00eft a Barcelona: fontaneria, calefacci\u00f3, aire condicionat, aigua i reformes. Resposta r\u00e0pida i sense comprom\u00eds\",\"breadcrumb\":{\"@id\":\"https:\\\/\\\/www.jagalcaide.com\\\/ca\\\/sollicitar-pressupost\\\/#breadcrumb\"},\"inLanguage\":\"ca\",\"potentialAction\":[{\"@type\":\"ReadAction\",\"target\":[\"https:\\\/\\\/www.jagalcaide.com\\\/ca\\\/sollicitar-pressupost\\\/\"]}]},{\"@type\":\"BreadcrumbList\",\"@id\":\"https:\\\/\\\/www.jagalcaide.com\\\/ca\\\/sollicitar-pressupost\\\/#breadcrumb\",\"itemListElement\":[{\"@type\":\"ListItem\",\"position\":1,\"name\":\"Portada\",\"item\":\"https:\\\/\\\/www.jagalcaide.com\\\/ca\\\/\"},{\"@type\":\"ListItem\",\"position\":2,\"name\":\"Sol\u00b7licitar pressupost\"}]},{\"@type\":\"WebSite\",\"@id\":\"https:\\\/\\\/www.jagalcaide.com\\\/ca\\\/#website\",\"url\":\"https:\\\/\\\/www.jagalcaide.com\\\/ca\\\/\",\"name\":\"JAG Alcaide - Instalaci\u00f3n y reparaci\u00f3n de Aire Acondicionado y Calderas\",\"description\":\"Otro sitio realizado con WordPress\",\"publisher\":{\"@id\":\"https:\\\/\\\/www.jagalcaide.com\\\/ca\\\/#organization\"},\"potentialAction\":[{\"@type\":\"SearchAction\",\"target\":{\"@type\":\"EntryPoint\",\"urlTemplate\":\"https:\\\/\\\/www.jagalcaide.com\\\/ca\\\/?s={search_term_string}\"},\"query-input\":{\"@type\":\"PropertyValueSpecification\",\"valueRequired\":true,\"valueName\":\"search_term_string\"}}],\"inLanguage\":\"ca\"},{\"@type\":\"Organization\",\"@id\":\"https:\\\/\\\/www.jagalcaide.com\\\/ca\\\/#organization\",\"name\":\"JAG Alcaide\",\"url\":\"https:\\\/\\\/www.jagalcaide.com\\\/ca\\\/\",\"logo\":{\"@type\":\"ImageObject\",\"inLanguage\":\"ca\",\"@id\":\"https:\\\/\\\/www.jagalcaide.com\\\/ca\\\/#\\\/schema\\\/logo\\\/image\\\/\",\"url\":\"https:\\\/\\\/www.jagalcaide.com\\\/wp-content\\\/uploads\\\/2023\\\/05\\\/logo-alcaide-gran.jpg\",\"contentUrl\":\"https:\\\/\\\/www.jagalcaide.com\\\/wp-content\\\/uploads\\\/2023\\\/05\\\/logo-alcaide-gran.jpg\",\"width\":696,\"height\":696,\"caption\":\"JAG Alcaide\"},\"image\":{\"@id\":\"https:\\\/\\\/www.jagalcaide.com\\\/ca\\\/#\\\/schema\\\/logo\\\/image\\\/\"},\"sameAs\":[\"https:\\\/\\\/x.com\\\/JAGAlcaideSL\",\"https:\\\/\\\/www.instagram.com\\\/jagalcaide\\\/\",\"https:\\\/\\\/www.linkedin.com\\\/company\\\/j-a-g-alcaide-s-l-\"]}]}<\/script>\n<!-- \/ Yoast SEO plugin. -->","yoast_head_json":{"title":"Sol\u00b7licitar pressupost a JAG Alcaide","description":"Sol\u00b7licita pressupost gratu\u00eft a Barcelona: fontaneria, calefacci\u00f3, aire condicionat, aigua i reformes. Resposta r\u00e0pida i sense comprom\u00eds","robots":{"index":"index","follow":"follow","max-snippet":"max-snippet:-1","max-image-preview":"max-image-preview:large","max-video-preview":"max-video-preview:-1"},"canonical":"https:\/\/www.jagalcaide.com\/ca\/sollicitar-pressupost\/","og_locale":"ca_ES","og_type":"article","og_title":"Sol\u00b7licitar pressupost a JAG Alcaide","og_description":"Sol\u00b7licita pressupost gratu\u00eft a Barcelona: fontaneria, calefacci\u00f3, aire condicionat, aigua i reformes. Resposta r\u00e0pida i sense comprom\u00eds","og_url":"https:\/\/www.jagalcaide.com\/ca\/sollicitar-pressupost\/","og_site_name":"JAG ALCAIDE \u2013 Instalaci\u00f3n, reparaci\u00f3n y mantenimiento en Barcelona","article_modified_time":"2026-03-04T08:16:04+00:00","twitter_card":"summary_large_image","twitter_site":"@JAGAlcaideSL","twitter_misc":{"Temps estimat de lectura":"4 minuts"},"schema":{"@context":"https:\/\/schema.org","@graph":[{"@type":"WebPage","@id":"https:\/\/www.jagalcaide.com\/ca\/sollicitar-pressupost\/","url":"https:\/\/www.jagalcaide.com\/ca\/sollicitar-pressupost\/","name":"Sol\u00b7licitar pressupost a JAG Alcaide","isPartOf":{"@id":"https:\/\/www.jagalcaide.com\/ca\/#website"},"datePublished":"2023-05-12T17:37:31+00:00","dateModified":"2026-03-04T08:16:04+00:00","description":"Sol\u00b7licita pressupost gratu\u00eft a Barcelona: fontaneria, calefacci\u00f3, aire condicionat, aigua i reformes. Resposta r\u00e0pida i sense comprom\u00eds","breadcrumb":{"@id":"https:\/\/www.jagalcaide.com\/ca\/sollicitar-pressupost\/#breadcrumb"},"inLanguage":"ca","potentialAction":[{"@type":"ReadAction","target":["https:\/\/www.jagalcaide.com\/ca\/sollicitar-pressupost\/"]}]},{"@type":"BreadcrumbList","@id":"https:\/\/www.jagalcaide.com\/ca\/sollicitar-pressupost\/#breadcrumb","itemListElement":[{"@type":"ListItem","position":1,"name":"Portada","item":"https:\/\/www.jagalcaide.com\/ca\/"},{"@type":"ListItem","position":2,"name":"Sol\u00b7licitar pressupost"}]},{"@type":"WebSite","@id":"https:\/\/www.jagalcaide.com\/ca\/#website","url":"https:\/\/www.jagalcaide.com\/ca\/","name":"JAG Alcaide - Instalaci\u00f3n y reparaci\u00f3n de Aire Acondicionado y Calderas","description":"Otro sitio realizado con WordPress","publisher":{"@id":"https:\/\/www.jagalcaide.com\/ca\/#organization"},"potentialAction":[{"@type":"SearchAction","target":{"@type":"EntryPoint","urlTemplate":"https:\/\/www.jagalcaide.com\/ca\/?s={search_term_string}"},"query-input":{"@type":"PropertyValueSpecification","valueRequired":true,"valueName":"search_term_string"}}],"inLanguage":"ca"},{"@type":"Organization","@id":"https:\/\/www.jagalcaide.com\/ca\/#organization","name":"JAG Alcaide","url":"https:\/\/www.jagalcaide.com\/ca\/","logo":{"@type":"ImageObject","inLanguage":"ca","@id":"https:\/\/www.jagalcaide.com\/ca\/#\/schema\/logo\/image\/","url":"https:\/\/www.jagalcaide.com\/wp-content\/uploads\/2023\/05\/logo-alcaide-gran.jpg","contentUrl":"https:\/\/www.jagalcaide.com\/wp-content\/uploads\/2023\/05\/logo-alcaide-gran.jpg","width":696,"height":696,"caption":"JAG Alcaide"},"image":{"@id":"https:\/\/www.jagalcaide.com\/ca\/#\/schema\/logo\/image\/"},"sameAs":["https:\/\/x.com\/JAGAlcaideSL","https:\/\/www.instagram.com\/jagalcaide\/","https:\/\/www.linkedin.com\/company\/j-a-g-alcaide-s-l-"]}]}},"wpml_current_locale":"ca","wpml_translations":{"en_US":{"locale":"en_US","id":2589,"slug":"ask-for-a-budget","post_title":"Ask for a budget","href":"https:\/\/www.jagalcaide.com\/en\/ask-for-a-budget\/"},"es_ES":{"locale":"es_ES","id":1084,"slug":"solicitar-presupuesto","post_title":"Solicitar presupuesto","href":"https:\/\/www.jagalcaide.com\/solicitar-presupuesto\/"}},"_links":{"self":[{"href":"https:\/\/www.jagalcaide.com\/ca\/wp-json\/wp\/v2\/pages\/2382","targetHints":{"allow":["GET"]}}],"collection":[{"href":"https:\/\/www.jagalcaide.com\/ca\/wp-json\/wp\/v2\/pages"}],"about":[{"href":"https:\/\/www.jagalcaide.com\/ca\/wp-json\/wp\/v2\/types\/page"}],"author":[{"embeddable":true,"href":"https:\/\/www.jagalcaide.com\/ca\/wp-json\/wp\/v2\/users\/12"}],"replies":[{"embeddable":true,"href":"https:\/\/www.jagalcaide.com\/ca\/wp-json\/wp\/v2\/comments?post=2382"}],"version-history":[{"count":0,"href":"https:\/\/www.jagalcaide.com\/ca\/wp-json\/wp\/v2\/pages\/2382\/revisions"}],"wp:attachment":[{"href":"https:\/\/www.jagalcaide.com\/ca\/wp-json\/wp\/v2\/media?parent=2382"}],"curies":[{"name":"wp","href":"https:\/\/api.w.org\/{rel}","templated":true}]}}