{"id":2606,"date":"2023-02-13T17:38:00","date_gmt":"2023-02-13T17:38:00","guid":{"rendered":"https:\/\/www.jagalcaide.com\/producto\/aire-condicionat-mitsubish-msz-ay35vgk\/"},"modified":"2026-02-17T15:01:23","modified_gmt":"2026-02-17T15:01:23","slug":"aire-condicionat-mitsubish-msz-ay35vgk","status":"publish","type":"product","link":"https:\/\/www.jagalcaide.com\/ca\/producte\/aire-condicionat-mitsubish-msz-ay35vgk\/","title":{"rendered":"Aire condicionat Mitsubish MSZ-AY35VGK"},"content":{"rendered":"<h1 class=\"product-full__title\">S\u00e8rie MSZ-AY35VGK<\/h1>\n<h3><b>Preu: 1550\u20ac IVA incl\u00f2s i instal\u00b7laci\u00f3 fins a 3m.<\/b><\/h3>\n<h3 class=\"product-full__subtitle\" style=\"text-align: justify;\"><em>Estalvi i prestacions per a la teva llar<\/em><\/h3>\n<div class=\"product-full__body\">\n<form id=\"collapse-text-dynamic-form-number-1\" accept-charset=\"UTF-8\" action=\"http:\/\/www.mitsubishielectric.es\/aire-acondicionado\/productos\/serie-msz-sfgf\" method=\"post\">\n<div class=\"collapse-text-text\" style=\"text-align: justify;\">\n<h2 style=\"text-align: justify;\">La s\u00e8rie <strong>MSZ-AY35VGK<\/strong> ofereix el millor equilibri entre prestacions i estalvi. La seva classificaci\u00f3 energ\u00e8tica A+++ en mode fred i calor, garanteix un gran estalvi energ\u00e8tic evitant sorpreses en la teva factura el\u00e8ctrica.<\/h2>\n<\/div>\n<div class=\"video-shortcode\"><iframe class=\"lazyload\" title=\"Mural MSZ-AY\" width=\"1200\" height=\"675\" src=\"data:image\/svg+xml,%3Csvg%20xmlns%3D%27http%3A%2F%2Fwww.w3.org%2F2000%2Fsvg%27%20width%3D%271200%27%20height%3D%27675%27%20viewBox%3D%270%200%201200%20675%27%3E%3Crect%20width%3D%271200%27%20height%3D%27675%27%20fill-opacity%3D%220%22%2F%3E%3C%2Fsvg%3E\" data-orig-src=\"https:\/\/www.youtube.com\/embed\/xy9M3IMbmhA?feature=oembed\" frameborder=\"0\" allow=\"accelerometer; autoplay; clipboard-write; encrypted-media; gyroscope; picture-in-picture; web-share\" referrerpolicy=\"strict-origin-when-cross-origin\" allowfullscreen><\/iframe><\/div>\n<p>Les principals caracter\u00edstiques de la s\u00e8rie <strong> MSZ-AY35VGK<\/strong>\u00a0s\u00f3n:<\/p>\n<h3 class=\"collapse-text-fieldset collapsible form-wrapper collapse-processed\" style=\"text-align: justify;\"><span class=\"fieldset-legend\">Energia renovable d&#8217;alta efici\u00e8ncia per a un major estalvi<\/span><\/h3>\n<p>La s\u00e8rie MSZ-AY35VGK, compta amb la classificaci\u00f3 energ\u00e8tica m\u00e9s alta: A+++ en SEER i SCOP de A++. Aquests rangs d&#8217;efici\u00e8ncia asseguren el m\u00e0xim rendiment amb el m\u00ednim consum el\u00e8ctric durant els dies m\u00e9s calorosos a l&#8217;estiu o durant els dies m\u00e9s freds a l&#8217;hivern. La tecnologia de bomba de calor \u00e9s considerada una energia renovable perqu\u00e8 no requereix de cap combustible f\u00f2ssil. Ideal per a la substituci\u00f3 de sistemes tradicionals de calefacci\u00f3 com ara calderes.<\/p>\n<div class=\"collapse-text-text\" style=\"text-align: justify;\"><\/div>\n<h3 class=\"collapse-text-fieldset collapsible form-wrapper collapse-processed\" style=\"text-align: justify;\"><span class=\"fieldset-legend\">Mode ultra-silenci\u00f3s de nom\u00e9s 18dB (A)<\/span><\/h3>\n<div class=\"fieldset-wrapper\">\n<p class=\"collapse-text-text\">La MSZ-AY35VGK ofereix el mode silenci\u00f3s que contribueix a un millor descans. L&#8217;unitat ajusta el seu funcionament per proporcionar el m\u00e0xim confort amb un nivell sonor de nom\u00e9s 18dB(A), el que suposa un soroll inferior al que fan les fulles en caure.<\/p>\n<\/div>\n<div class=\"collapse-text-text\" style=\"text-align: justify;\"><\/div>\n<h3 class=\"collapse-text-fieldset collapsible form-wrapper collapse-processed\" style=\"text-align: justify;\"><span class=\"fieldset-legend\">Control WIFI integrat de s\u00e8rie<\/span><\/h3>\n<div class=\"fieldset-wrapper\">\n<div class=\"collapse-text-text\">\n<p>El control WiFi MELCloud permet controlar l&#8217;aire acondicionat a trav\u00e9s de qualsevol Smartphone, Tauleta o PC i est\u00e0 incorporat de s\u00e8rie en l&#8217;unitat. A m\u00e9s de controlar l&#8217;unitat, MELCloud proporciona informaci\u00f3 del consum el\u00e8ctric a trav\u00e9s de l&#8217;App perqu\u00e8 puguis saber en tot moment el consum el\u00e8ctric.<\/p>\n<\/div>\n<\/div>\n<div class=\"collapse-text-text\" style=\"text-align: justify;\"><\/div>\n<h3 class=\"collapse-text-fieldset collapsible form-wrapper collapse-processed\" style=\"text-align: justify;\"><span class=\"fieldset-legend\">Bomba de calor amb temperatura exterior de -20C\u00ba<\/span><\/h3>\n<div class=\"fieldset-wrapper\">\n<div class=\"collapse-text-text\">\n<p>L&#8217;unitat contribueix a una millor qualitat de l&#8217;aire interior gr\u00e0cies a la tecnologia de compressor exclusiva de Mitsubishi Electric que assegura el funcionament de la bomba de calor fins a -20\u00baC de temperatura exterior.<\/p>\n<h3 class=\"collapse-text-fieldset collapsible form-wrapper collapse-processed\" style=\"text-align: justify;\"><span class=\"fieldset-legend\">Mode d&#8217;auto neteja per assegurar la m\u00e0xima efici\u00e8ncia i estalvi<\/span><\/h3>\n<div class=\"fieldset-wrapper\">\n<div class=\"collapse-text-text\">\n<p>La s\u00e8rie MSZ-AY35VGK compta amb el mode auto neteja que consisteix en assecar i netejar l&#8217;interior de l&#8217;unitat prevenint de mals olors i acumulaci\u00f3 de pols. D&#8217;aquesta manera assegura la m\u00e0xima efici\u00e8ncia i estalvi, aix\u00ed com un aire net i lliure d&#8217;impureses.<\/p>\n<\/div>\n<\/div>\n<\/div>\n<\/div>\n<div class=\"collapse-text-text\" style=\"text-align: justify;\"><\/div>\n<h3 class=\"collapse-text-fieldset collapsible form-wrapper collapse-processed\"><span class=\"fieldset-legend\">Tecnologia Replace<\/span><\/h3>\n<div class=\"fieldset-wrapper\">\n<p class=\"collapse-text-text\" style=\"text-align: justify;\">La tecnologia REPLACE, exclusiva de Mitsubishi Electric, permet substituir un equip d&#8217;aire condicionat antic, sigui de la marca que sigui, per un d&#8217;\u00faltima generaci\u00f3 reutilitzant les connexions de la instal\u00b7laci\u00f3 existent. D&#8217;aquesta manera, la instal\u00b7laci\u00f3 \u00e9s m\u00e9s f\u00e0cil i r\u00e0pida i es respecta el medi ambient al evitar generar residus.<\/p>\n<h3 class=\"collapse-text-fieldset collapsible form-wrapper collapse-processed\"><span class=\"fieldset-legend\">Estalvi de llum<\/span><\/h3>\n<p>Gr\u00e0cies a la seva efici\u00e8ncia energ\u00e8tica de A+++ t&#8217;ajuda a disfrutar del teu aire sense haver de preocupar-se de la factura de la llum.<\/p>\n<p class=\"collapse-text-text\" style=\"text-align: justify;\">A continuaci\u00f3 adjuntem la taula de caracter\u00edstiques de la MSZ-AY35VGK:<\/p>\n<p><a href=\"https:\/\/www.jagalcaide.com\/wp-content\/uploads\/2023\/05\/MSZ-AY.jpg\"><img decoding=\"async\" class=\"lazyload aligncenter wp-image-7239 size-full\" src=\"data:image\/svg+xml,%3Csvg%20xmlns%3D%27http%3A%2F%2Fwww.w3.org%2F2000%2Fsvg%27%20width%3D%271001%27%20height%3D%27731%27%20viewBox%3D%270%200%201001%20731%27%3E%3Crect%20width%3D%271001%27%20height%3D%27731%27%20fill-opacity%3D%220%22%2F%3E%3C%2Fsvg%3E\" data-orig-src=\"https:\/\/www.jagalcaide.com\/wp-content\/uploads\/2023\/05\/MSZ-AY.jpg\" alt=\"MSZ-AY35VGK\" width=\"1001\" height=\"731\" \/><\/a><\/p>\n<\/div>\n<\/form>\n<\/div>\n","protected":false},"excerpt":{"rendered":"<p>S\u00e8rie MSZ-AY35VGK Preu: 1550\u20ac IVA incl\u00f2s i instal\u00b7laci\u00f3 fins a 3m. Estalvi i prestacions per a la teva llar La s\u00e8rie MSZ-AY35VGK ofereix el millor equilibri entre prestacions i estalvi. La seva classificaci\u00f3 energ\u00e8tica A+++ [&hellip;]<\/p>\n","protected":false},"featured_media":2146,"comment_status":"open","ping_status":"closed","template":"","meta":{"_acf_changed":false},"product_brand":[],"product_cat":[457,394,404,453,527,525],"product_tag":[533,537,539,550],"class_list":{"0":"post-2606","1":"product","2":"type-product","3":"status-publish","4":"has-post-thumbnail","6":"product_cat-aa-mitsubishi-msz-ay35vgk-ca","7":"product_cat-aire-condicionat","8":"product_cat-aire-condicionat-mitsubishi","9":"product_cat-mitsubishi-serie-ay-ca","10":"product_cat-top-vendes-aires-condicionats","11":"product_cat-totes","12":"product_tag-a-ca","13":"product_tag-gas-r-32-ca","14":"product_tag-serie-ap-ca","15":"product_tag-wifi-ca","17":"first","18":"instock","19":"sale","20":"featured","21":"taxable","22":"shipping-taxable","23":"purchasable","24":"product-type-simple"},"acf":[],"yoast_head":"<!-- This site is optimized with the Yoast SEO plugin v27.3 - https:\/\/yoast.com\/product\/yoast-seo-wordpress\/ -->\n<title>Aire condicionat Mitsubishi MSZ-AY35VGK per nom\u00e8s 1.550\u20ac!<\/title>\n<meta name=\"description\" content=\"Aire acondicionat Mitsubishi Electric mod. MSZ-AY35VGK instal\u00b7lat i amb IVA incl\u00f2s per nom\u00e9s 1.550\u20ac. M\u00e9s de 70 anys com a instal\u00b7ladors Truca&#039;ns!\" \/>\n<meta name=\"robots\" content=\"index, follow, max-snippet:-1, max-image-preview:large, max-video-preview:-1\" \/>\n<link rel=\"canonical\" href=\"https:\/\/www.jagalcaide.com\/ca\/producte\/aire-condicionat-mitsubish-msz-ay35vgk\/\" \/>\n<meta property=\"og:locale\" content=\"ca_ES\" \/>\n<meta property=\"og:type\" content=\"article\" \/>\n<meta property=\"og:title\" content=\"Aire condicionat Mitsubishi MSZ-AY35VGK per nom\u00e8s 1.550\u20ac!\" \/>\n<meta property=\"og:description\" content=\"Aire acondicionat Mitsubishi Electric mod. MSZ-AY35VGK instal\u00b7lat i amb IVA incl\u00f2s per nom\u00e9s 1.550\u20ac. M\u00e9s de 70 anys com a instal\u00b7ladors Truca&#039;ns!\" \/>\n<meta property=\"og:url\" content=\"https:\/\/www.jagalcaide.com\/ca\/producte\/aire-condicionat-mitsubish-msz-ay35vgk\/\" \/>\n<meta property=\"og:site_name\" content=\"JAG ALCAIDE \u2013 Instalaci\u00f3n, reparaci\u00f3n y mantenimiento en Barcelona\" \/>\n<meta property=\"article:modified_time\" content=\"2026-02-17T15:01:23+00:00\" \/>\n<meta property=\"og:image\" content=\"https:\/\/www.jagalcaide.com\/wp-content\/uploads\/2023\/03\/MITSUBISHI-ELECTRIC-MSZ-AY-2-5.jpg\" \/>\n\t<meta property=\"og:image:width\" content=\"1158\" \/>\n\t<meta property=\"og:image:height\" content=\"856\" \/>\n\t<meta property=\"og:image:type\" content=\"image\/jpeg\" \/>\n<meta name=\"twitter:card\" content=\"summary_large_image\" \/>\n<meta name=\"twitter:site\" content=\"@JAGAlcaideSL\" \/>\n<meta name=\"twitter:label1\" content=\"Temps estimat de lectura\" \/>\n\t<meta name=\"twitter:data1\" content=\"3 minuts\" \/>\n<script type=\"application\/ld+json\" class=\"yoast-schema-graph\">{\"@context\":\"https:\\\/\\\/schema.org\",\"@graph\":[{\"@type\":\"WebPage\",\"@id\":\"https:\\\/\\\/www.jagalcaide.com\\\/ca\\\/producte\\\/aire-condicionat-mitsubish-msz-ay35vgk\\\/\",\"url\":\"https:\\\/\\\/www.jagalcaide.com\\\/ca\\\/producte\\\/aire-condicionat-mitsubish-msz-ay35vgk\\\/\",\"name\":\"Aire condicionat Mitsubishi MSZ-AY35VGK per nom\u00e8s 1.550\u20ac!\",\"isPartOf\":{\"@id\":\"https:\\\/\\\/www.jagalcaide.com\\\/ca\\\/#website\"},\"primaryImageOfPage\":{\"@id\":\"https:\\\/\\\/www.jagalcaide.com\\\/ca\\\/producte\\\/aire-condicionat-mitsubish-msz-ay35vgk\\\/#primaryimage\"},\"image\":{\"@id\":\"https:\\\/\\\/www.jagalcaide.com\\\/ca\\\/producte\\\/aire-condicionat-mitsubish-msz-ay35vgk\\\/#primaryimage\"},\"thumbnailUrl\":\"https:\\\/\\\/www.jagalcaide.com\\\/wp-content\\\/uploads\\\/2023\\\/03\\\/MITSUBISHI-ELECTRIC-MSZ-AY-2-5.jpg\",\"datePublished\":\"2023-02-13T17:38:00+00:00\",\"dateModified\":\"2026-02-17T15:01:23+00:00\",\"description\":\"Aire acondicionat Mitsubishi Electric mod. MSZ-AY35VGK instal\u00b7lat i amb IVA incl\u00f2s per nom\u00e9s 1.550\u20ac. M\u00e9s de 70 anys com a instal\u00b7ladors Truca'ns!\",\"breadcrumb\":{\"@id\":\"https:\\\/\\\/www.jagalcaide.com\\\/ca\\\/producte\\\/aire-condicionat-mitsubish-msz-ay35vgk\\\/#breadcrumb\"},\"inLanguage\":\"ca\",\"potentialAction\":[{\"@type\":\"ReadAction\",\"target\":[\"https:\\\/\\\/www.jagalcaide.com\\\/ca\\\/producte\\\/aire-condicionat-mitsubish-msz-ay35vgk\\\/\"]}]},{\"@type\":\"ImageObject\",\"inLanguage\":\"ca\",\"@id\":\"https:\\\/\\\/www.jagalcaide.com\\\/ca\\\/producte\\\/aire-condicionat-mitsubish-msz-ay35vgk\\\/#primaryimage\",\"url\":\"https:\\\/\\\/www.jagalcaide.com\\\/wp-content\\\/uploads\\\/2023\\\/03\\\/MITSUBISHI-ELECTRIC-MSZ-AY-2-5.jpg\",\"contentUrl\":\"https:\\\/\\\/www.jagalcaide.com\\\/wp-content\\\/uploads\\\/2023\\\/03\\\/MITSUBISHI-ELECTRIC-MSZ-AY-2-5.jpg\",\"width\":1158,\"height\":856,\"caption\":\"MITSUBISHI ELECTRIC-MSZ-AY-2\"},{\"@type\":\"BreadcrumbList\",\"@id\":\"https:\\\/\\\/www.jagalcaide.com\\\/ca\\\/producte\\\/aire-condicionat-mitsubish-msz-ay35vgk\\\/#breadcrumb\",\"itemListElement\":[{\"@type\":\"ListItem\",\"position\":1,\"name\":\"Portada\",\"item\":\"https:\\\/\\\/www.jagalcaide.com\\\/ca\\\/\"},{\"@type\":\"ListItem\",\"position\":2,\"name\":\"Woocommerce shop\",\"item\":\"https:\\\/\\\/www.jagalcaide.com\\\/woocommerce-shop\\\/\"},{\"@type\":\"ListItem\",\"position\":3,\"name\":\"Aire condicionat Mitsubish MSZ-AY35VGK\"}]},{\"@type\":\"WebSite\",\"@id\":\"https:\\\/\\\/www.jagalcaide.com\\\/ca\\\/#website\",\"url\":\"https:\\\/\\\/www.jagalcaide.com\\\/ca\\\/\",\"name\":\"JAG Alcaide - Instalaci\u00f3n y reparaci\u00f3n de Aire Acondicionado y Calderas\",\"description\":\"Otro sitio realizado con WordPress\",\"publisher\":{\"@id\":\"https:\\\/\\\/www.jagalcaide.com\\\/ca\\\/#organization\"},\"potentialAction\":[{\"@type\":\"SearchAction\",\"target\":{\"@type\":\"EntryPoint\",\"urlTemplate\":\"https:\\\/\\\/www.jagalcaide.com\\\/ca\\\/?s={search_term_string}\"},\"query-input\":{\"@type\":\"PropertyValueSpecification\",\"valueRequired\":true,\"valueName\":\"search_term_string\"}}],\"inLanguage\":\"ca\"},{\"@type\":\"Organization\",\"@id\":\"https:\\\/\\\/www.jagalcaide.com\\\/ca\\\/#organization\",\"name\":\"JAG Alcaide\",\"url\":\"https:\\\/\\\/www.jagalcaide.com\\\/ca\\\/\",\"logo\":{\"@type\":\"ImageObject\",\"inLanguage\":\"ca\",\"@id\":\"https:\\\/\\\/www.jagalcaide.com\\\/ca\\\/#\\\/schema\\\/logo\\\/image\\\/\",\"url\":\"https:\\\/\\\/www.jagalcaide.com\\\/wp-content\\\/uploads\\\/2023\\\/05\\\/logo-alcaide-gran.jpg\",\"contentUrl\":\"https:\\\/\\\/www.jagalcaide.com\\\/wp-content\\\/uploads\\\/2023\\\/05\\\/logo-alcaide-gran.jpg\",\"width\":696,\"height\":696,\"caption\":\"JAG Alcaide\"},\"image\":{\"@id\":\"https:\\\/\\\/www.jagalcaide.com\\\/ca\\\/#\\\/schema\\\/logo\\\/image\\\/\"},\"sameAs\":[\"https:\\\/\\\/x.com\\\/JAGAlcaideSL\",\"https:\\\/\\\/www.instagram.com\\\/jagalcaide\\\/\",\"https:\\\/\\\/www.linkedin.com\\\/company\\\/j-a-g-alcaide-s-l-\"]}]}<\/script>\n<!-- \/ Yoast SEO plugin. -->","yoast_head_json":{"title":"Aire condicionat Mitsubishi MSZ-AY35VGK per nom\u00e8s 1.550\u20ac!","description":"Aire acondicionat Mitsubishi Electric mod. MSZ-AY35VGK instal\u00b7lat i amb IVA incl\u00f2s per nom\u00e9s 1.550\u20ac. M\u00e9s de 70 anys com a instal\u00b7ladors Truca'ns!","robots":{"index":"index","follow":"follow","max-snippet":"max-snippet:-1","max-image-preview":"max-image-preview:large","max-video-preview":"max-video-preview:-1"},"canonical":"https:\/\/www.jagalcaide.com\/ca\/producte\/aire-condicionat-mitsubish-msz-ay35vgk\/","og_locale":"ca_ES","og_type":"article","og_title":"Aire condicionat Mitsubishi MSZ-AY35VGK per nom\u00e8s 1.550\u20ac!","og_description":"Aire acondicionat Mitsubishi Electric mod. MSZ-AY35VGK instal\u00b7lat i amb IVA incl\u00f2s per nom\u00e9s 1.550\u20ac. M\u00e9s de 70 anys com a instal\u00b7ladors Truca'ns!","og_url":"https:\/\/www.jagalcaide.com\/ca\/producte\/aire-condicionat-mitsubish-msz-ay35vgk\/","og_site_name":"JAG ALCAIDE \u2013 Instalaci\u00f3n, reparaci\u00f3n y mantenimiento en Barcelona","article_modified_time":"2026-02-17T15:01:23+00:00","og_image":[{"width":1158,"height":856,"url":"https:\/\/www.jagalcaide.com\/wp-content\/uploads\/2023\/03\/MITSUBISHI-ELECTRIC-MSZ-AY-2-5.jpg","type":"image\/jpeg"}],"twitter_card":"summary_large_image","twitter_site":"@JAGAlcaideSL","twitter_misc":{"Temps estimat de lectura":"3 minuts"},"schema":{"@context":"https:\/\/schema.org","@graph":[{"@type":"WebPage","@id":"https:\/\/www.jagalcaide.com\/ca\/producte\/aire-condicionat-mitsubish-msz-ay35vgk\/","url":"https:\/\/www.jagalcaide.com\/ca\/producte\/aire-condicionat-mitsubish-msz-ay35vgk\/","name":"Aire condicionat Mitsubishi MSZ-AY35VGK per nom\u00e8s 1.550\u20ac!","isPartOf":{"@id":"https:\/\/www.jagalcaide.com\/ca\/#website"},"primaryImageOfPage":{"@id":"https:\/\/www.jagalcaide.com\/ca\/producte\/aire-condicionat-mitsubish-msz-ay35vgk\/#primaryimage"},"image":{"@id":"https:\/\/www.jagalcaide.com\/ca\/producte\/aire-condicionat-mitsubish-msz-ay35vgk\/#primaryimage"},"thumbnailUrl":"https:\/\/www.jagalcaide.com\/wp-content\/uploads\/2023\/03\/MITSUBISHI-ELECTRIC-MSZ-AY-2-5.jpg","datePublished":"2023-02-13T17:38:00+00:00","dateModified":"2026-02-17T15:01:23+00:00","description":"Aire acondicionat Mitsubishi Electric mod. MSZ-AY35VGK instal\u00b7lat i amb IVA incl\u00f2s per nom\u00e9s 1.550\u20ac. M\u00e9s de 70 anys com a instal\u00b7ladors Truca'ns!","breadcrumb":{"@id":"https:\/\/www.jagalcaide.com\/ca\/producte\/aire-condicionat-mitsubish-msz-ay35vgk\/#breadcrumb"},"inLanguage":"ca","potentialAction":[{"@type":"ReadAction","target":["https:\/\/www.jagalcaide.com\/ca\/producte\/aire-condicionat-mitsubish-msz-ay35vgk\/"]}]},{"@type":"ImageObject","inLanguage":"ca","@id":"https:\/\/www.jagalcaide.com\/ca\/producte\/aire-condicionat-mitsubish-msz-ay35vgk\/#primaryimage","url":"https:\/\/www.jagalcaide.com\/wp-content\/uploads\/2023\/03\/MITSUBISHI-ELECTRIC-MSZ-AY-2-5.jpg","contentUrl":"https:\/\/www.jagalcaide.com\/wp-content\/uploads\/2023\/03\/MITSUBISHI-ELECTRIC-MSZ-AY-2-5.jpg","width":1158,"height":856,"caption":"MITSUBISHI ELECTRIC-MSZ-AY-2"},{"@type":"BreadcrumbList","@id":"https:\/\/www.jagalcaide.com\/ca\/producte\/aire-condicionat-mitsubish-msz-ay35vgk\/#breadcrumb","itemListElement":[{"@type":"ListItem","position":1,"name":"Portada","item":"https:\/\/www.jagalcaide.com\/ca\/"},{"@type":"ListItem","position":2,"name":"Woocommerce shop","item":"https:\/\/www.jagalcaide.com\/woocommerce-shop\/"},{"@type":"ListItem","position":3,"name":"Aire condicionat Mitsubish MSZ-AY35VGK"}]},{"@type":"WebSite","@id":"https:\/\/www.jagalcaide.com\/ca\/#website","url":"https:\/\/www.jagalcaide.com\/ca\/","name":"JAG Alcaide - Instalaci\u00f3n y reparaci\u00f3n de Aire Acondicionado y Calderas","description":"Otro sitio realizado con WordPress","publisher":{"@id":"https:\/\/www.jagalcaide.com\/ca\/#organization"},"potentialAction":[{"@type":"SearchAction","target":{"@type":"EntryPoint","urlTemplate":"https:\/\/www.jagalcaide.com\/ca\/?s={search_term_string}"},"query-input":{"@type":"PropertyValueSpecification","valueRequired":true,"valueName":"search_term_string"}}],"inLanguage":"ca"},{"@type":"Organization","@id":"https:\/\/www.jagalcaide.com\/ca\/#organization","name":"JAG Alcaide","url":"https:\/\/www.jagalcaide.com\/ca\/","logo":{"@type":"ImageObject","inLanguage":"ca","@id":"https:\/\/www.jagalcaide.com\/ca\/#\/schema\/logo\/image\/","url":"https:\/\/www.jagalcaide.com\/wp-content\/uploads\/2023\/05\/logo-alcaide-gran.jpg","contentUrl":"https:\/\/www.jagalcaide.com\/wp-content\/uploads\/2023\/05\/logo-alcaide-gran.jpg","width":696,"height":696,"caption":"JAG Alcaide"},"image":{"@id":"https:\/\/www.jagalcaide.com\/ca\/#\/schema\/logo\/image\/"},"sameAs":["https:\/\/x.com\/JAGAlcaideSL","https:\/\/www.instagram.com\/jagalcaide\/","https:\/\/www.linkedin.com\/company\/j-a-g-alcaide-s-l-"]}]}},"wpml_current_locale":"ca","wpml_translations":{"en_US":{"locale":"en_US","id":2607,"slug":"air-conditioner-mitsubishi-msz-ay35vgk","post_title":"Air conditioner Mitsubishi MSZ-AY35VGK","href":"https:\/\/www.jagalcaide.com\/en\/producto\/air-conditioner-mitsubishi-msz-ay35vgk\/"},"es_ES":{"locale":"es_ES","id":1555,"slug":"aire-acondicionado-mitsubishi-msz-ay35vgk","post_title":"Aire Acondicionado Mitsubishi MSZ-AY35VGK","href":"https:\/\/www.jagalcaide.com\/producto\/aire-acondicionado-mitsubishi-msz-ay35vgk\/"}},"_links":{"self":[{"href":"https:\/\/www.jagalcaide.com\/ca\/wp-json\/wp\/v2\/product\/2606","targetHints":{"allow":["GET"]}}],"collection":[{"href":"https:\/\/www.jagalcaide.com\/ca\/wp-json\/wp\/v2\/product"}],"about":[{"href":"https:\/\/www.jagalcaide.com\/ca\/wp-json\/wp\/v2\/types\/product"}],"replies":[{"embeddable":true,"href":"https:\/\/www.jagalcaide.com\/ca\/wp-json\/wp\/v2\/comments?post=2606"}],"wp:featuredmedia":[{"embeddable":true,"href":"https:\/\/www.jagalcaide.com\/ca\/wp-json\/wp\/v2\/media\/2146"}],"wp:attachment":[{"href":"https:\/\/www.jagalcaide.com\/ca\/wp-json\/wp\/v2\/media?parent=2606"}],"wp:term":[{"taxonomy":"product_brand","embeddable":true,"href":"https:\/\/www.jagalcaide.com\/ca\/wp-json\/wp\/v2\/product_brand?post=2606"},{"taxonomy":"product_cat","embeddable":true,"href":"https:\/\/www.jagalcaide.com\/ca\/wp-json\/wp\/v2\/product_cat?post=2606"},{"taxonomy":"product_tag","embeddable":true,"href":"https:\/\/www.jagalcaide.com\/ca\/wp-json\/wp\/v2\/product_tag?post=2606"}],"curies":[{"name":"wp","href":"https:\/\/api.w.org\/{rel}","templated":true}]}}