{"id":2669,"date":"2020-05-01T19:40:00","date_gmt":"2020-05-01T19:40:00","guid":{"rendered":"https:\/\/www.jagalcaide.com\/producto\/aire-condicionat-mitsubishi-msz-bt20vgk\/"},"modified":"2025-05-01T10:15:45","modified_gmt":"2025-05-01T10:15:45","slug":"aire-condicionat-mitsubishi-msz-bt20vgk","status":"publish","type":"product","link":"https:\/\/www.jagalcaide.com\/ca\/producte\/aire-condicionat-mitsubishi-msz-bt20vgk\/","title":{"rendered":"Aire condicionat Mitsubishi MSZ-BT20VGK"},"content":{"rendered":"<h1 class=\"product-full__title\">S\u00e8rie MSZ-BT20VGK<\/h1>\n<h3 class=\"product-full__subtitle\" style=\"text-align: justify;\"><em>&#8220;La s\u00e8rie MSZ-BT20VGK \u00e9s la Mitsubishi Electric amb l&#8217;equilibri perfecte entre efici\u00e8ncia i tecnologia&#8221;<\/em><\/h3>\n<h2 style=\"text-align: justify;\">La serie MSZ-BT de Mitsubishi Electric completa la actual gama mitja amb un producte equilibrat i ajustat a les neccesitats del mercat actual.<\/h2>\n<div class=\"video-shortcode\"><iframe class=\"lazyload\" title=\"La familia crece: Descubre nuestra nueva gama MSZ-BT\" width=\"1200\" height=\"675\" src=\"data:image\/svg+xml,%3Csvg%20xmlns%3D%27http%3A%2F%2Fwww.w3.org%2F2000%2Fsvg%27%20width%3D%271200%27%20height%3D%27675%27%20viewBox%3D%270%200%201200%20675%27%3E%3Crect%20width%3D%271200%27%20height%3D%27675%27%20fill-opacity%3D%220%22%2F%3E%3C%2Fsvg%3E\" data-orig-src=\"https:\/\/www.youtube.com\/embed\/QYbeVS8aUgE?feature=oembed\" frameborder=\"0\" allow=\"accelerometer; autoplay; clipboard-write; encrypted-media; gyroscope; picture-in-picture; web-share\" referrerpolicy=\"strict-origin-when-cross-origin\" allowfullscreen><\/iframe><\/div>\n<p><strong>Caracter\u00edstiques principals s\u00e8rie MSZ-BT:<\/strong><\/p>\n<p><strong>Efici\u00e8ncia energ\u00e8tica A++<\/strong><\/p>\n<p>La nova MSZ-BT ofereix l\u2019equilibri perfecte entre efici\u00e8ncia i tecnologia. D\u2019aquesta forma, la unitat compta amb una efici\u00e8ncia energ\u00e8tica <strong>A++ SEER I SCOR A++ <\/strong>i aconsegueix un millor estalvi energ\u00e8tic tan en fred com en calor.<\/p>\n<p><strong>Filtre purificador incl\u00f2s<\/strong><\/p>\n<p>La qualitat de l\u2019aire interior als nostres habitatges \u00e9s clau, per aix\u00f2 el filtre purificador de la MSZ-BT20VGK \u00e9s capa\u00e7 de capturar part\u00edcules en suspensi\u00f3 com la pols i els pels de mascota, proporcionant aix\u00ed un aire interior m\u00e9s net i saludable.<\/p>\n<p><strong>Baix nivell sonor <\/strong><\/p>\n<p>El silenci \u00e9s clau per assegurar un bon descans i el m\u00e0xim confort tant de dia com de nit. \u00c9s per aix\u00f2 que la nova MSZ-BT20VGK ofereix un mode ultra-silenci\u00f3s amb un nivell sonor de nom\u00e9s <strong>19dB (A)<\/strong>.<\/p>\n<p><strong>WiFi integrat<\/strong><\/p>\n<p>La nova MSZ-BT20VGK compta amb la m\u00e9s avan\u00e7ada tecnologia, incorporant de s\u00e8rie el control Wi-Fi, que permet a m\u00e9s controlar la unitat des de qualsevol dispositiu m\u00f2bil, tablet i ordinador. A m\u00e9s, \u00e9s compatible amb Alexa.<\/p>\n<p>Gr\u00e0cies al control Wifi es pot fixar la temperatura ideal abans d\u2019arribar a casa o apagar el teu aire condicionat estiguis on estiguis, el que t\u2019ajudar\u00e0 a reduir la factura de llum a final de mes.<\/p>\n<p><strong>Particularitats del model MSZ-BT20VGK:<\/strong><\/p>\n<p><strong>Treballant en mode fred:<\/strong><\/p>\n<p>La Mitsubishi MSZ-BT20VGK ofereix una capacitat nominal en refrigeraci\u00f3 de 2kW, sent capa\u00e7 d\u2019oscil\u00b7lat entre els 0,5kW i els 2,9kW a m\u00e0xima potencia. Consumeix 0,45kW el\u00e8ctrics i t\u00e9 un SEER (Rendiment estacional calculat per a zona clim\u00e0tica mitja) de 8\u20191, convertint-se d\u2019aquesta forma en una m\u00e0quina amb una etiqueta energ\u00e8tica A++. En quant al nivell sonor, la MSZ-BT20VGK oscil\u00b7la entre 19-43dB depenent de la potencia del ventilador.<\/p>\n<p><strong>Treballant en mode calor:<\/strong><\/p>\n<p>La Mitsubishi MSZ-BT20VGK ofereix una capacitat nominal en calor de 2,5kW, sent capa\u00e7 d\u2019oscil\u00b7lat entre els 0,7kW i els 3,2kW a m\u00e0xima potencia. Consumeix 0,55kW el\u00e8ctrics i t\u00e9 un SCOP (Rendiment estacional calculat per a zona clim\u00e0tica c\u00e0lida) de 5\u20193, convertint-se d\u2019aquesta forma en una m\u00e0quina amb una etiqueta energ\u00e8tica A+++. En quant al nivell sonor, la MSZ-BT20VGK oscil\u00b7la entre 19-43dB depenent de la potencia del ventilador.<\/p>\n<p><a href=\"http:\/\/www.jagalcaide.com\/wp-content\/uploads\/2020\/05\/MSZ-BT20VGK.jpg\"><img decoding=\"async\" class=\"lazyload aligncenter wp-image-6326 size-full\" src=\"data:image\/svg+xml,%3Csvg%20xmlns%3D%27http%3A%2F%2Fwww.w3.org%2F2000%2Fsvg%27%20width%3D%27513%27%20height%3D%27639%27%20viewBox%3D%270%200%20513%20639%27%3E%3Crect%20width%3D%27513%27%20height%3D%27639%27%20fill-opacity%3D%220%22%2F%3E%3C%2Fsvg%3E\" data-orig-src=\"https:\/\/www.jagalcaide.com\/wp-content\/uploads\/2020\/05\/MSZ-BT20VGK.jpg\" alt=\"MSZ-BT20VGK\" width=\"513\" height=\"639\"><\/a><\/p>\n","protected":false},"excerpt":{"rendered":"<p>S\u00e8rie MSZ-BT20VGK &#8220;La s\u00e8rie MSZ-BT20VGK \u00e9s la Mitsubishi Electric amb l&#8217;equilibri perfecte entre efici\u00e8ncia i tecnologia&#8221; La serie MSZ-BT de Mitsubishi Electric completa la actual gama mitja amb un producte equilibrat i ajustat a les [&hellip;]<\/p>\n","protected":false},"featured_media":1688,"comment_status":"open","ping_status":"closed","template":"","meta":{"_acf_changed":false},"product_brand":[],"product_cat":[409,394,404,407,525],"product_tag":[533,537,541,547,550],"class_list":{"0":"post-2669","1":"product","2":"type-product","3":"status-publish","4":"has-post-thumbnail","6":"product_cat-aa-mitsubishi-msz-bt20vgk-ca","7":"product_cat-aire-condicionat","8":"product_cat-aire-condicionat-mitsubishi","9":"product_cat-serie-bt-ca","10":"product_cat-totes","11":"product_tag-a-ca","12":"product_tag-gas-r-32-ca","13":"product_tag-serie-bt-ca","14":"product_tag-ultrasilencios","15":"product_tag-wifi-ca","17":"first","18":"instock","19":"taxable","20":"shipping-taxable","21":"purchasable","22":"product-type-simple"},"acf":[],"yoast_head":"<!-- This site is optimized with the Yoast SEO plugin v27.3 - https:\/\/yoast.com\/product\/yoast-seo-wordpress\/ -->\n<title>Aire condicionat Mitsubishi MSZ-BT20VGK per nom\u00e8s 13300\u20ac!<\/title>\n<meta name=\"description\" content=\"Aire condicionat Mitsubishi Electric mod. MSZ-BT20VGK instal\u00b7lat i amb IVA incl\u00f2s per nom\u00e9s 1330\u20ac. M\u00e9s de 67 anys com a instal\u00b7ladors, truca&#039;ns!\" \/>\n<meta name=\"robots\" content=\"index, follow, max-snippet:-1, max-image-preview:large, max-video-preview:-1\" \/>\n<link rel=\"canonical\" href=\"https:\/\/www.jagalcaide.com\/ca\/producte\/aire-condicionat-mitsubishi-msz-bt20vgk\/\" \/>\n<meta property=\"og:locale\" content=\"ca_ES\" \/>\n<meta property=\"og:type\" content=\"article\" \/>\n<meta property=\"og:title\" content=\"Aire condicionat Mitsubishi MSZ-BT20VGK per nom\u00e8s 13300\u20ac!\" \/>\n<meta property=\"og:description\" content=\"Aire condicionat Mitsubishi Electric mod. MSZ-BT20VGK instal\u00b7lat i amb IVA incl\u00f2s per nom\u00e9s 1330\u20ac. M\u00e9s de 67 anys com a instal\u00b7ladors, truca&#039;ns!\" \/>\n<meta property=\"og:url\" content=\"https:\/\/www.jagalcaide.com\/ca\/producte\/aire-condicionat-mitsubishi-msz-bt20vgk\/\" \/>\n<meta property=\"og:site_name\" content=\"JAG ALCAIDE \u2013 Instalaci\u00f3n, reparaci\u00f3n y mantenimiento en Barcelona\" \/>\n<meta property=\"article:modified_time\" content=\"2025-05-01T10:15:45+00:00\" \/>\n<meta property=\"og:image\" content=\"https:\/\/www.jagalcaide.com\/wp-content\/uploads\/2022\/11\/MSZ-BT-2.jpg\" \/>\n\t<meta property=\"og:image:width\" content=\"794\" \/>\n\t<meta property=\"og:image:height\" content=\"594\" \/>\n\t<meta property=\"og:image:type\" content=\"image\/jpeg\" \/>\n<meta name=\"twitter:card\" content=\"summary_large_image\" \/>\n<meta name=\"twitter:site\" content=\"@JAGAlcaideSL\" \/>\n<meta name=\"twitter:label1\" content=\"Temps estimat de lectura\" \/>\n\t<meta name=\"twitter:data1\" content=\"2 minuts\" \/>\n<script type=\"application\/ld+json\" class=\"yoast-schema-graph\">{\"@context\":\"https:\\\/\\\/schema.org\",\"@graph\":[{\"@type\":\"WebPage\",\"@id\":\"https:\\\/\\\/www.jagalcaide.com\\\/ca\\\/producte\\\/aire-condicionat-mitsubishi-msz-bt20vgk\\\/\",\"url\":\"https:\\\/\\\/www.jagalcaide.com\\\/ca\\\/producte\\\/aire-condicionat-mitsubishi-msz-bt20vgk\\\/\",\"name\":\"Aire condicionat Mitsubishi MSZ-BT20VGK per nom\u00e8s 13300\u20ac!\",\"isPartOf\":{\"@id\":\"https:\\\/\\\/www.jagalcaide.com\\\/ca\\\/#website\"},\"primaryImageOfPage\":{\"@id\":\"https:\\\/\\\/www.jagalcaide.com\\\/ca\\\/producte\\\/aire-condicionat-mitsubishi-msz-bt20vgk\\\/#primaryimage\"},\"image\":{\"@id\":\"https:\\\/\\\/www.jagalcaide.com\\\/ca\\\/producte\\\/aire-condicionat-mitsubishi-msz-bt20vgk\\\/#primaryimage\"},\"thumbnailUrl\":\"https:\\\/\\\/www.jagalcaide.com\\\/wp-content\\\/uploads\\\/2022\\\/11\\\/MSZ-BT-2.jpg\",\"datePublished\":\"2020-05-01T19:40:00+00:00\",\"dateModified\":\"2025-05-01T10:15:45+00:00\",\"description\":\"Aire condicionat Mitsubishi Electric mod. MSZ-BT20VGK instal\u00b7lat i amb IVA incl\u00f2s per nom\u00e9s 1330\u20ac. M\u00e9s de 67 anys com a instal\u00b7ladors, truca'ns!\",\"breadcrumb\":{\"@id\":\"https:\\\/\\\/www.jagalcaide.com\\\/ca\\\/producte\\\/aire-condicionat-mitsubishi-msz-bt20vgk\\\/#breadcrumb\"},\"inLanguage\":\"ca\",\"potentialAction\":[{\"@type\":\"ReadAction\",\"target\":[\"https:\\\/\\\/www.jagalcaide.com\\\/ca\\\/producte\\\/aire-condicionat-mitsubishi-msz-bt20vgk\\\/\"]}]},{\"@type\":\"ImageObject\",\"inLanguage\":\"ca\",\"@id\":\"https:\\\/\\\/www.jagalcaide.com\\\/ca\\\/producte\\\/aire-condicionat-mitsubishi-msz-bt20vgk\\\/#primaryimage\",\"url\":\"https:\\\/\\\/www.jagalcaide.com\\\/wp-content\\\/uploads\\\/2022\\\/11\\\/MSZ-BT-2.jpg\",\"contentUrl\":\"https:\\\/\\\/www.jagalcaide.com\\\/wp-content\\\/uploads\\\/2022\\\/11\\\/MSZ-BT-2.jpg\",\"width\":794,\"height\":594,\"caption\":\"Junkers Bosch C6000 W 30\\\/36\"},{\"@type\":\"BreadcrumbList\",\"@id\":\"https:\\\/\\\/www.jagalcaide.com\\\/ca\\\/producte\\\/aire-condicionat-mitsubishi-msz-bt20vgk\\\/#breadcrumb\",\"itemListElement\":[{\"@type\":\"ListItem\",\"position\":1,\"name\":\"Portada\",\"item\":\"https:\\\/\\\/www.jagalcaide.com\\\/ca\\\/\"},{\"@type\":\"ListItem\",\"position\":2,\"name\":\"Woocommerce shop\",\"item\":\"https:\\\/\\\/www.jagalcaide.com\\\/woocommerce-shop\\\/\"},{\"@type\":\"ListItem\",\"position\":3,\"name\":\"Aire condicionat Mitsubishi MSZ-BT20VGK\"}]},{\"@type\":\"WebSite\",\"@id\":\"https:\\\/\\\/www.jagalcaide.com\\\/ca\\\/#website\",\"url\":\"https:\\\/\\\/www.jagalcaide.com\\\/ca\\\/\",\"name\":\"JAG Alcaide - Instalaci\u00f3n y reparaci\u00f3n de Aire Acondicionado y Calderas\",\"description\":\"Otro sitio realizado con WordPress\",\"publisher\":{\"@id\":\"https:\\\/\\\/www.jagalcaide.com\\\/ca\\\/#organization\"},\"potentialAction\":[{\"@type\":\"SearchAction\",\"target\":{\"@type\":\"EntryPoint\",\"urlTemplate\":\"https:\\\/\\\/www.jagalcaide.com\\\/ca\\\/?s={search_term_string}\"},\"query-input\":{\"@type\":\"PropertyValueSpecification\",\"valueRequired\":true,\"valueName\":\"search_term_string\"}}],\"inLanguage\":\"ca\"},{\"@type\":\"Organization\",\"@id\":\"https:\\\/\\\/www.jagalcaide.com\\\/ca\\\/#organization\",\"name\":\"JAG Alcaide\",\"url\":\"https:\\\/\\\/www.jagalcaide.com\\\/ca\\\/\",\"logo\":{\"@type\":\"ImageObject\",\"inLanguage\":\"ca\",\"@id\":\"https:\\\/\\\/www.jagalcaide.com\\\/ca\\\/#\\\/schema\\\/logo\\\/image\\\/\",\"url\":\"https:\\\/\\\/www.jagalcaide.com\\\/wp-content\\\/uploads\\\/2023\\\/05\\\/logo-alcaide-gran.jpg\",\"contentUrl\":\"https:\\\/\\\/www.jagalcaide.com\\\/wp-content\\\/uploads\\\/2023\\\/05\\\/logo-alcaide-gran.jpg\",\"width\":696,\"height\":696,\"caption\":\"JAG Alcaide\"},\"image\":{\"@id\":\"https:\\\/\\\/www.jagalcaide.com\\\/ca\\\/#\\\/schema\\\/logo\\\/image\\\/\"},\"sameAs\":[\"https:\\\/\\\/x.com\\\/JAGAlcaideSL\",\"https:\\\/\\\/www.instagram.com\\\/jagalcaide\\\/\",\"https:\\\/\\\/www.linkedin.com\\\/company\\\/j-a-g-alcaide-s-l-\"]}]}<\/script>\n<!-- \/ Yoast SEO plugin. -->","yoast_head_json":{"title":"Aire condicionat Mitsubishi MSZ-BT20VGK per nom\u00e8s 13300\u20ac!","description":"Aire condicionat Mitsubishi Electric mod. MSZ-BT20VGK instal\u00b7lat i amb IVA incl\u00f2s per nom\u00e9s 1330\u20ac. M\u00e9s de 67 anys com a instal\u00b7ladors, truca'ns!","robots":{"index":"index","follow":"follow","max-snippet":"max-snippet:-1","max-image-preview":"max-image-preview:large","max-video-preview":"max-video-preview:-1"},"canonical":"https:\/\/www.jagalcaide.com\/ca\/producte\/aire-condicionat-mitsubishi-msz-bt20vgk\/","og_locale":"ca_ES","og_type":"article","og_title":"Aire condicionat Mitsubishi MSZ-BT20VGK per nom\u00e8s 13300\u20ac!","og_description":"Aire condicionat Mitsubishi Electric mod. MSZ-BT20VGK instal\u00b7lat i amb IVA incl\u00f2s per nom\u00e9s 1330\u20ac. M\u00e9s de 67 anys com a instal\u00b7ladors, truca'ns!","og_url":"https:\/\/www.jagalcaide.com\/ca\/producte\/aire-condicionat-mitsubishi-msz-bt20vgk\/","og_site_name":"JAG ALCAIDE \u2013 Instalaci\u00f3n, reparaci\u00f3n y mantenimiento en Barcelona","article_modified_time":"2025-05-01T10:15:45+00:00","og_image":[{"width":794,"height":594,"url":"https:\/\/www.jagalcaide.com\/wp-content\/uploads\/2022\/11\/MSZ-BT-2.jpg","type":"image\/jpeg"}],"twitter_card":"summary_large_image","twitter_site":"@JAGAlcaideSL","twitter_misc":{"Temps estimat de lectura":"2 minuts"},"schema":{"@context":"https:\/\/schema.org","@graph":[{"@type":"WebPage","@id":"https:\/\/www.jagalcaide.com\/ca\/producte\/aire-condicionat-mitsubishi-msz-bt20vgk\/","url":"https:\/\/www.jagalcaide.com\/ca\/producte\/aire-condicionat-mitsubishi-msz-bt20vgk\/","name":"Aire condicionat Mitsubishi MSZ-BT20VGK per nom\u00e8s 13300\u20ac!","isPartOf":{"@id":"https:\/\/www.jagalcaide.com\/ca\/#website"},"primaryImageOfPage":{"@id":"https:\/\/www.jagalcaide.com\/ca\/producte\/aire-condicionat-mitsubishi-msz-bt20vgk\/#primaryimage"},"image":{"@id":"https:\/\/www.jagalcaide.com\/ca\/producte\/aire-condicionat-mitsubishi-msz-bt20vgk\/#primaryimage"},"thumbnailUrl":"https:\/\/www.jagalcaide.com\/wp-content\/uploads\/2022\/11\/MSZ-BT-2.jpg","datePublished":"2020-05-01T19:40:00+00:00","dateModified":"2025-05-01T10:15:45+00:00","description":"Aire condicionat Mitsubishi Electric mod. MSZ-BT20VGK instal\u00b7lat i amb IVA incl\u00f2s per nom\u00e9s 1330\u20ac. M\u00e9s de 67 anys com a instal\u00b7ladors, truca'ns!","breadcrumb":{"@id":"https:\/\/www.jagalcaide.com\/ca\/producte\/aire-condicionat-mitsubishi-msz-bt20vgk\/#breadcrumb"},"inLanguage":"ca","potentialAction":[{"@type":"ReadAction","target":["https:\/\/www.jagalcaide.com\/ca\/producte\/aire-condicionat-mitsubishi-msz-bt20vgk\/"]}]},{"@type":"ImageObject","inLanguage":"ca","@id":"https:\/\/www.jagalcaide.com\/ca\/producte\/aire-condicionat-mitsubishi-msz-bt20vgk\/#primaryimage","url":"https:\/\/www.jagalcaide.com\/wp-content\/uploads\/2022\/11\/MSZ-BT-2.jpg","contentUrl":"https:\/\/www.jagalcaide.com\/wp-content\/uploads\/2022\/11\/MSZ-BT-2.jpg","width":794,"height":594,"caption":"Junkers Bosch C6000 W 30\/36"},{"@type":"BreadcrumbList","@id":"https:\/\/www.jagalcaide.com\/ca\/producte\/aire-condicionat-mitsubishi-msz-bt20vgk\/#breadcrumb","itemListElement":[{"@type":"ListItem","position":1,"name":"Portada","item":"https:\/\/www.jagalcaide.com\/ca\/"},{"@type":"ListItem","position":2,"name":"Woocommerce shop","item":"https:\/\/www.jagalcaide.com\/woocommerce-shop\/"},{"@type":"ListItem","position":3,"name":"Aire condicionat Mitsubishi MSZ-BT20VGK"}]},{"@type":"WebSite","@id":"https:\/\/www.jagalcaide.com\/ca\/#website","url":"https:\/\/www.jagalcaide.com\/ca\/","name":"JAG Alcaide - Instalaci\u00f3n y reparaci\u00f3n de Aire Acondicionado y Calderas","description":"Otro sitio realizado con WordPress","publisher":{"@id":"https:\/\/www.jagalcaide.com\/ca\/#organization"},"potentialAction":[{"@type":"SearchAction","target":{"@type":"EntryPoint","urlTemplate":"https:\/\/www.jagalcaide.com\/ca\/?s={search_term_string}"},"query-input":{"@type":"PropertyValueSpecification","valueRequired":true,"valueName":"search_term_string"}}],"inLanguage":"ca"},{"@type":"Organization","@id":"https:\/\/www.jagalcaide.com\/ca\/#organization","name":"JAG Alcaide","url":"https:\/\/www.jagalcaide.com\/ca\/","logo":{"@type":"ImageObject","inLanguage":"ca","@id":"https:\/\/www.jagalcaide.com\/ca\/#\/schema\/logo\/image\/","url":"https:\/\/www.jagalcaide.com\/wp-content\/uploads\/2023\/05\/logo-alcaide-gran.jpg","contentUrl":"https:\/\/www.jagalcaide.com\/wp-content\/uploads\/2023\/05\/logo-alcaide-gran.jpg","width":696,"height":696,"caption":"JAG Alcaide"},"image":{"@id":"https:\/\/www.jagalcaide.com\/ca\/#\/schema\/logo\/image\/"},"sameAs":["https:\/\/x.com\/JAGAlcaideSL","https:\/\/www.instagram.com\/jagalcaide\/","https:\/\/www.linkedin.com\/company\/j-a-g-alcaide-s-l-"]}]}},"wpml_current_locale":"ca","wpml_translations":{"en_US":{"locale":"en_US","id":2670,"slug":"air-conditioner-mitsubishi-msz-bt20vgk","post_title":"Air conditioner Mitsubishi MSZ-BT20VGK","href":"https:\/\/www.jagalcaide.com\/en\/producto\/air-conditioner-mitsubishi-msz-bt20vgk\/"},"es_ES":{"locale":"es_ES","id":1537,"slug":"aire-acondicionado-mitsubishi-msz-bt20vgk","post_title":"Aire Acondicionado Mitsubishi MSZ-BT20VGK","href":"https:\/\/www.jagalcaide.com\/?post_type=product&p=1537"}},"_links":{"self":[{"href":"https:\/\/www.jagalcaide.com\/ca\/wp-json\/wp\/v2\/product\/2669","targetHints":{"allow":["GET"]}}],"collection":[{"href":"https:\/\/www.jagalcaide.com\/ca\/wp-json\/wp\/v2\/product"}],"about":[{"href":"https:\/\/www.jagalcaide.com\/ca\/wp-json\/wp\/v2\/types\/product"}],"replies":[{"embeddable":true,"href":"https:\/\/www.jagalcaide.com\/ca\/wp-json\/wp\/v2\/comments?post=2669"}],"wp:featuredmedia":[{"embeddable":true,"href":"https:\/\/www.jagalcaide.com\/ca\/wp-json\/wp\/v2\/media\/1688"}],"wp:attachment":[{"href":"https:\/\/www.jagalcaide.com\/ca\/wp-json\/wp\/v2\/media?parent=2669"}],"wp:term":[{"taxonomy":"product_brand","embeddable":true,"href":"https:\/\/www.jagalcaide.com\/ca\/wp-json\/wp\/v2\/product_brand?post=2669"},{"taxonomy":"product_cat","embeddable":true,"href":"https:\/\/www.jagalcaide.com\/ca\/wp-json\/wp\/v2\/product_cat?post=2669"},{"taxonomy":"product_tag","embeddable":true,"href":"https:\/\/www.jagalcaide.com\/ca\/wp-json\/wp\/v2\/product_tag?post=2669"}],"curies":[{"name":"wp","href":"https:\/\/api.w.org\/{rel}","templated":true}]}}