{"id":2681,"date":"2020-04-03T15:52:00","date_gmt":"2020-04-03T15:52:00","guid":{"rendered":"https:\/\/www.jagalcaide.com\/producto\/gama-elaflu\/"},"modified":"2020-04-03T15:52:00","modified_gmt":"2020-04-03T15:52:00","slug":"gama-elaflu","status":"publish","type":"product","link":"https:\/\/www.jagalcaide.com\/ca\/producte\/gama-elaflu\/","title":{"rendered":"Emissors t\u00e8rmics gamma ELAFLU"},"content":{"rendered":"<p><strong>Trets:<\/strong><br \/>\n-Interruptor d&#8217;ON\/OFF amb tipus de LED indicaci\u00f3 d&#8217;emissi\u00f3 de calor<\/p>\n<p>-M\u00f2dul de control integrat amb controls anal\u00f2gics convenientment accessibles<\/p>\n<p>-cable de connexi\u00f3 d&#8217; 1 metre amb endoll integrat<\/p>\n<p>-Diversos modes operatius que permeten a l&#8217;usuari personalitzar la temperatura i el consum<\/p>\n<p style=\"text-align: center;\"><a class=\"popupimg\" href=\"http:\/\/www.jagalcaide.com\/wp-content\/uploads\/2014\/01\/emisores_termicos2-814x400.png\"><img decoding=\"async\" class=\"lazyload aligncenter\" title=\"Junkers ELAFLU\" src=\"data:image\/svg+xml,%3Csvg%20xmlns%3D%27http%3A%2F%2Fwww.w3.org%2F2000%2Fsvg%27%20width%3D%27559%27%20height%3D%27235%27%20viewBox%3D%270%200%20559%20235%27%3E%3Crect%20width%3D%27559%27%20height%3D%27235%27%20fill-opacity%3D%220%22%2F%3E%3C%2Fsvg%3E\" data-orig-src=\"https:\/\/www.jagalcaide.com\/wp-content\/uploads\/2014\/01\/emisores_termicos2.png\" alt=\"Junkers ELAFLU\" width=\"559\" height=\"235\"><\/a><\/p>\n","protected":false},"excerpt":{"rendered":"<p>Trets: -Interruptor d&#8217;ON\/OFF amb tipus de LED indicaci\u00f3 d&#8217;emissi\u00f3 de calor -M\u00f2dul de control integrat amb controls anal\u00f2gics convenientment accessibles -cable de connexi\u00f3 d&#8217; 1 metre amb endoll integrat -Diversos modes operatius que permeten a [&hellip;]<\/p>\n","protected":false},"featured_media":1654,"comment_status":"open","ping_status":"closed","template":"","meta":{"_acf_changed":false},"product_brand":[],"product_cat":[519,513,515,525],"product_tag":[],"class_list":{"0":"post-2681","1":"product","2":"type-product","3":"status-publish","4":"has-post-thumbnail","6":"product_cat-altres","7":"product_cat-emissors-termics","8":"product_cat-gamma-elaflu","9":"product_cat-totes","11":"first","12":"instock","13":"taxable","14":"shipping-taxable","15":"product-type-simple"},"acf":[],"yoast_head":"<!-- This site is optimized with the Yoast SEO plugin v27.3 - https:\/\/yoast.com\/product\/yoast-seo-wordpress\/ -->\n<title>Emissors t\u00e8rmics gamma ELAFLU<\/title>\n<meta name=\"description\" content=\"Caracter\u00edstiques i prestacions dels emissors t\u00e8rmics gamma ELAFLU. En JAG Alcaide instal\u00b7lem la seva calefacci\u00f3 a el millor preu de Barcelona.\" \/>\n<meta name=\"robots\" content=\"index, follow, max-snippet:-1, max-image-preview:large, max-video-preview:-1\" \/>\n<link rel=\"canonical\" href=\"https:\/\/www.jagalcaide.com\/ca\/producte\/gama-elaflu\/\" \/>\n<meta property=\"og:locale\" content=\"ca_ES\" \/>\n<meta property=\"og:type\" content=\"article\" \/>\n<meta property=\"og:title\" content=\"Emissors t\u00e8rmics gamma ELAFLU\" \/>\n<meta property=\"og:description\" content=\"Caracter\u00edstiques i prestacions dels emissors t\u00e8rmics gamma ELAFLU. En JAG Alcaide instal\u00b7lem la seva calefacci\u00f3 a el millor preu de Barcelona.\" \/>\n<meta property=\"og:url\" content=\"https:\/\/www.jagalcaide.com\/ca\/producte\/gama-elaflu\/\" \/>\n<meta property=\"og:site_name\" content=\"JAG ALCAIDE \u2013 Instalaci\u00f3n, reparaci\u00f3n y mantenimiento en Barcelona\" \/>\n<meta property=\"og:image\" content=\"https:\/\/www.jagalcaide.com\/wp-content\/uploads\/2022\/11\/elafluexcellence.png\" \/>\n\t<meta property=\"og:image:width\" content=\"300\" \/>\n\t<meta property=\"og:image:height\" content=\"300\" \/>\n\t<meta property=\"og:image:type\" content=\"image\/png\" \/>\n<meta name=\"twitter:card\" content=\"summary_large_image\" \/>\n<meta name=\"twitter:site\" content=\"@JAGAlcaideSL\" \/>\n<script type=\"application\/ld+json\" class=\"yoast-schema-graph\">{\"@context\":\"https:\\\/\\\/schema.org\",\"@graph\":[{\"@type\":\"WebPage\",\"@id\":\"https:\\\/\\\/www.jagalcaide.com\\\/ca\\\/producte\\\/gama-elaflu\\\/\",\"url\":\"https:\\\/\\\/www.jagalcaide.com\\\/ca\\\/producte\\\/gama-elaflu\\\/\",\"name\":\"Emissors t\u00e8rmics gamma ELAFLU\",\"isPartOf\":{\"@id\":\"https:\\\/\\\/www.jagalcaide.com\\\/ca\\\/#website\"},\"primaryImageOfPage\":{\"@id\":\"https:\\\/\\\/www.jagalcaide.com\\\/ca\\\/producte\\\/gama-elaflu\\\/#primaryimage\"},\"image\":{\"@id\":\"https:\\\/\\\/www.jagalcaide.com\\\/ca\\\/producte\\\/gama-elaflu\\\/#primaryimage\"},\"thumbnailUrl\":\"https:\\\/\\\/www.jagalcaide.com\\\/wp-content\\\/uploads\\\/2022\\\/11\\\/elafluexcellence.png\",\"datePublished\":\"2020-04-03T15:52:00+00:00\",\"description\":\"Caracter\u00edstiques i prestacions dels emissors t\u00e8rmics gamma ELAFLU. En JAG Alcaide instal\u00b7lem la seva calefacci\u00f3 a el millor preu de Barcelona.\",\"breadcrumb\":{\"@id\":\"https:\\\/\\\/www.jagalcaide.com\\\/ca\\\/producte\\\/gama-elaflu\\\/#breadcrumb\"},\"inLanguage\":\"ca\",\"potentialAction\":[{\"@type\":\"ReadAction\",\"target\":[\"https:\\\/\\\/www.jagalcaide.com\\\/ca\\\/producte\\\/gama-elaflu\\\/\"]}]},{\"@type\":\"ImageObject\",\"inLanguage\":\"ca\",\"@id\":\"https:\\\/\\\/www.jagalcaide.com\\\/ca\\\/producte\\\/gama-elaflu\\\/#primaryimage\",\"url\":\"https:\\\/\\\/www.jagalcaide.com\\\/wp-content\\\/uploads\\\/2022\\\/11\\\/elafluexcellence.png\",\"contentUrl\":\"https:\\\/\\\/www.jagalcaide.com\\\/wp-content\\\/uploads\\\/2022\\\/11\\\/elafluexcellence.png\",\"width\":300,\"height\":300,\"caption\":\"Emisores t\u00e9rmicos Junkers Gama ELAFLU EXCELLENCE\"},{\"@type\":\"BreadcrumbList\",\"@id\":\"https:\\\/\\\/www.jagalcaide.com\\\/ca\\\/producte\\\/gama-elaflu\\\/#breadcrumb\",\"itemListElement\":[{\"@type\":\"ListItem\",\"position\":1,\"name\":\"Portada\",\"item\":\"https:\\\/\\\/www.jagalcaide.com\\\/ca\\\/\"},{\"@type\":\"ListItem\",\"position\":2,\"name\":\"Woocommerce shop\",\"item\":\"https:\\\/\\\/www.jagalcaide.com\\\/woocommerce-shop\\\/\"},{\"@type\":\"ListItem\",\"position\":3,\"name\":\"Emissors t\u00e8rmics gamma ELAFLU\"}]},{\"@type\":\"WebSite\",\"@id\":\"https:\\\/\\\/www.jagalcaide.com\\\/ca\\\/#website\",\"url\":\"https:\\\/\\\/www.jagalcaide.com\\\/ca\\\/\",\"name\":\"JAG Alcaide - Instalaci\u00f3n y reparaci\u00f3n de Aire Acondicionado y Calderas\",\"description\":\"Otro sitio realizado con WordPress\",\"publisher\":{\"@id\":\"https:\\\/\\\/www.jagalcaide.com\\\/ca\\\/#organization\"},\"potentialAction\":[{\"@type\":\"SearchAction\",\"target\":{\"@type\":\"EntryPoint\",\"urlTemplate\":\"https:\\\/\\\/www.jagalcaide.com\\\/ca\\\/?s={search_term_string}\"},\"query-input\":{\"@type\":\"PropertyValueSpecification\",\"valueRequired\":true,\"valueName\":\"search_term_string\"}}],\"inLanguage\":\"ca\"},{\"@type\":\"Organization\",\"@id\":\"https:\\\/\\\/www.jagalcaide.com\\\/ca\\\/#organization\",\"name\":\"JAG Alcaide\",\"url\":\"https:\\\/\\\/www.jagalcaide.com\\\/ca\\\/\",\"logo\":{\"@type\":\"ImageObject\",\"inLanguage\":\"ca\",\"@id\":\"https:\\\/\\\/www.jagalcaide.com\\\/ca\\\/#\\\/schema\\\/logo\\\/image\\\/\",\"url\":\"https:\\\/\\\/www.jagalcaide.com\\\/wp-content\\\/uploads\\\/2023\\\/05\\\/logo-alcaide-gran.jpg\",\"contentUrl\":\"https:\\\/\\\/www.jagalcaide.com\\\/wp-content\\\/uploads\\\/2023\\\/05\\\/logo-alcaide-gran.jpg\",\"width\":696,\"height\":696,\"caption\":\"JAG Alcaide\"},\"image\":{\"@id\":\"https:\\\/\\\/www.jagalcaide.com\\\/ca\\\/#\\\/schema\\\/logo\\\/image\\\/\"},\"sameAs\":[\"https:\\\/\\\/x.com\\\/JAGAlcaideSL\",\"https:\\\/\\\/www.instagram.com\\\/jagalcaide\\\/\",\"https:\\\/\\\/www.linkedin.com\\\/company\\\/j-a-g-alcaide-s-l-\"]}]}<\/script>\n<!-- \/ Yoast SEO plugin. -->","yoast_head_json":{"title":"Emissors t\u00e8rmics gamma ELAFLU","description":"Caracter\u00edstiques i prestacions dels emissors t\u00e8rmics gamma ELAFLU. En JAG Alcaide instal\u00b7lem la seva calefacci\u00f3 a el millor preu de Barcelona.","robots":{"index":"index","follow":"follow","max-snippet":"max-snippet:-1","max-image-preview":"max-image-preview:large","max-video-preview":"max-video-preview:-1"},"canonical":"https:\/\/www.jagalcaide.com\/ca\/producte\/gama-elaflu\/","og_locale":"ca_ES","og_type":"article","og_title":"Emissors t\u00e8rmics gamma ELAFLU","og_description":"Caracter\u00edstiques i prestacions dels emissors t\u00e8rmics gamma ELAFLU. En JAG Alcaide instal\u00b7lem la seva calefacci\u00f3 a el millor preu de Barcelona.","og_url":"https:\/\/www.jagalcaide.com\/ca\/producte\/gama-elaflu\/","og_site_name":"JAG ALCAIDE \u2013 Instalaci\u00f3n, reparaci\u00f3n y mantenimiento en Barcelona","og_image":[{"width":300,"height":300,"url":"https:\/\/www.jagalcaide.com\/wp-content\/uploads\/2022\/11\/elafluexcellence.png","type":"image\/png"}],"twitter_card":"summary_large_image","twitter_site":"@JAGAlcaideSL","schema":{"@context":"https:\/\/schema.org","@graph":[{"@type":"WebPage","@id":"https:\/\/www.jagalcaide.com\/ca\/producte\/gama-elaflu\/","url":"https:\/\/www.jagalcaide.com\/ca\/producte\/gama-elaflu\/","name":"Emissors t\u00e8rmics gamma ELAFLU","isPartOf":{"@id":"https:\/\/www.jagalcaide.com\/ca\/#website"},"primaryImageOfPage":{"@id":"https:\/\/www.jagalcaide.com\/ca\/producte\/gama-elaflu\/#primaryimage"},"image":{"@id":"https:\/\/www.jagalcaide.com\/ca\/producte\/gama-elaflu\/#primaryimage"},"thumbnailUrl":"https:\/\/www.jagalcaide.com\/wp-content\/uploads\/2022\/11\/elafluexcellence.png","datePublished":"2020-04-03T15:52:00+00:00","description":"Caracter\u00edstiques i prestacions dels emissors t\u00e8rmics gamma ELAFLU. En JAG Alcaide instal\u00b7lem la seva calefacci\u00f3 a el millor preu de Barcelona.","breadcrumb":{"@id":"https:\/\/www.jagalcaide.com\/ca\/producte\/gama-elaflu\/#breadcrumb"},"inLanguage":"ca","potentialAction":[{"@type":"ReadAction","target":["https:\/\/www.jagalcaide.com\/ca\/producte\/gama-elaflu\/"]}]},{"@type":"ImageObject","inLanguage":"ca","@id":"https:\/\/www.jagalcaide.com\/ca\/producte\/gama-elaflu\/#primaryimage","url":"https:\/\/www.jagalcaide.com\/wp-content\/uploads\/2022\/11\/elafluexcellence.png","contentUrl":"https:\/\/www.jagalcaide.com\/wp-content\/uploads\/2022\/11\/elafluexcellence.png","width":300,"height":300,"caption":"Emisores t\u00e9rmicos Junkers Gama ELAFLU EXCELLENCE"},{"@type":"BreadcrumbList","@id":"https:\/\/www.jagalcaide.com\/ca\/producte\/gama-elaflu\/#breadcrumb","itemListElement":[{"@type":"ListItem","position":1,"name":"Portada","item":"https:\/\/www.jagalcaide.com\/ca\/"},{"@type":"ListItem","position":2,"name":"Woocommerce shop","item":"https:\/\/www.jagalcaide.com\/woocommerce-shop\/"},{"@type":"ListItem","position":3,"name":"Emissors t\u00e8rmics gamma ELAFLU"}]},{"@type":"WebSite","@id":"https:\/\/www.jagalcaide.com\/ca\/#website","url":"https:\/\/www.jagalcaide.com\/ca\/","name":"JAG Alcaide - Instalaci\u00f3n y reparaci\u00f3n de Aire Acondicionado y Calderas","description":"Otro sitio realizado con WordPress","publisher":{"@id":"https:\/\/www.jagalcaide.com\/ca\/#organization"},"potentialAction":[{"@type":"SearchAction","target":{"@type":"EntryPoint","urlTemplate":"https:\/\/www.jagalcaide.com\/ca\/?s={search_term_string}"},"query-input":{"@type":"PropertyValueSpecification","valueRequired":true,"valueName":"search_term_string"}}],"inLanguage":"ca"},{"@type":"Organization","@id":"https:\/\/www.jagalcaide.com\/ca\/#organization","name":"JAG Alcaide","url":"https:\/\/www.jagalcaide.com\/ca\/","logo":{"@type":"ImageObject","inLanguage":"ca","@id":"https:\/\/www.jagalcaide.com\/ca\/#\/schema\/logo\/image\/","url":"https:\/\/www.jagalcaide.com\/wp-content\/uploads\/2023\/05\/logo-alcaide-gran.jpg","contentUrl":"https:\/\/www.jagalcaide.com\/wp-content\/uploads\/2023\/05\/logo-alcaide-gran.jpg","width":696,"height":696,"caption":"JAG Alcaide"},"image":{"@id":"https:\/\/www.jagalcaide.com\/ca\/#\/schema\/logo\/image\/"},"sameAs":["https:\/\/x.com\/JAGAlcaideSL","https:\/\/www.instagram.com\/jagalcaide\/","https:\/\/www.linkedin.com\/company\/j-a-g-alcaide-s-l-"]}]}},"wpml_current_locale":"ca","wpml_translations":{"en_US":{"locale":"en_US","id":2682,"slug":"gama-elaflu","post_title":"Junkers thermal emitters ELAFLU range","href":"https:\/\/www.jagalcaide.com\/en\/producto\/gama-elaflu\/"},"es_ES":{"locale":"es_ES","id":1531,"slug":"gama-elaflu","post_title":"Emisores t\u00e9rmicos gama ELAFLU","href":"https:\/\/www.jagalcaide.com\/producto\/gama-elaflu\/"}},"_links":{"self":[{"href":"https:\/\/www.jagalcaide.com\/ca\/wp-json\/wp\/v2\/product\/2681","targetHints":{"allow":["GET"]}}],"collection":[{"href":"https:\/\/www.jagalcaide.com\/ca\/wp-json\/wp\/v2\/product"}],"about":[{"href":"https:\/\/www.jagalcaide.com\/ca\/wp-json\/wp\/v2\/types\/product"}],"replies":[{"embeddable":true,"href":"https:\/\/www.jagalcaide.com\/ca\/wp-json\/wp\/v2\/comments?post=2681"}],"wp:featuredmedia":[{"embeddable":true,"href":"https:\/\/www.jagalcaide.com\/ca\/wp-json\/wp\/v2\/media\/1654"}],"wp:attachment":[{"href":"https:\/\/www.jagalcaide.com\/ca\/wp-json\/wp\/v2\/media?parent=2681"}],"wp:term":[{"taxonomy":"product_brand","embeddable":true,"href":"https:\/\/www.jagalcaide.com\/ca\/wp-json\/wp\/v2\/product_brand?post=2681"},{"taxonomy":"product_cat","embeddable":true,"href":"https:\/\/www.jagalcaide.com\/ca\/wp-json\/wp\/v2\/product_cat?post=2681"},{"taxonomy":"product_tag","embeddable":true,"href":"https:\/\/www.jagalcaide.com\/ca\/wp-json\/wp\/v2\/product_tag?post=2681"}],"curies":[{"name":"wp","href":"https:\/\/api.w.org\/{rel}","templated":true}]}}