{"id":2691,"date":"2019-04-15T16:56:00","date_gmt":"2019-04-15T16:56:00","guid":{"rendered":"https:\/\/www.jagalcaide.com\/producto\/aire-condicionat-mitsubish-msz-ap35vgk\/"},"modified":"2019-04-15T16:56:00","modified_gmt":"2019-04-15T16:56:00","slug":"aire-condicionat-mitsubish-msz-ap35vgk","status":"publish","type":"product","link":"https:\/\/www.jagalcaide.com\/ca\/producte\/aire-condicionat-mitsubish-msz-ap35vgk\/","title":{"rendered":"Aire condicionat Mitsubish MSZ-AP35VGK"},"content":{"rendered":"<h1 class=\"product-full__title\">S\u00e8rie MSZ-AP35VGK<\/h1>\n<h3><b>Preu: 1390\u20ac IVA incl\u00f2s i instal\u00b7laci\u00f3 fins a 5m.<\/b><\/h3>\n<h3 class=\"product-full__subtitle\" style=\"text-align: justify;\"><em>El plaer de descansar<\/em><\/h3>\n<div class=\"product-full__body\">\n<form id=\"collapse-text-dynamic-form-number-1\" accept-charset=\"UTF-8\" action=\"http:\/\/www.mitsubishielectric.es\/aire-acondicionado\/productos\/serie-msz-sfgf\" method=\"post\">\n<div class=\"collapse-text-text\" style=\"text-align: justify;\">\n<h2 style=\"text-align: justify;\">La s\u00e8rie<strong> MSZ-AP35VGK<\/strong> ha estat dissenyada per adaptar-se a qualsevol llar. El seu disseny elegant i compacte, les seves avan\u00e7ades prestacions i el seu bon preu permeten a aquesta petita unitat oferir un equilibri perfecte per a totes les estances i ambients.<\/h2>\n<\/div>\n<div class=\"video-shortcode\"><iframe class=\"lazyload\" title=\"M-Series | MSZ-AP | reddot award 2018 winner\" width=\"1200\" height=\"675\" src=\"data:image\/svg+xml,%3Csvg%20xmlns%3D%27http%3A%2F%2Fwww.w3.org%2F2000%2Fsvg%27%20width%3D%271200%27%20height%3D%27675%27%20viewBox%3D%270%200%201200%20675%27%3E%3Crect%20width%3D%271200%27%20height%3D%27675%27%20fill-opacity%3D%220%22%2F%3E%3C%2Fsvg%3E\" data-orig-src=\"https:\/\/www.youtube.com\/embed\/1f9CnPvSJsg?feature=oembed\" frameborder=\"0\" allow=\"accelerometer; autoplay; clipboard-write; encrypted-media; gyroscope; picture-in-picture; web-share\" referrerpolicy=\"strict-origin-when-cross-origin\" allowfullscreen><\/iframe><\/div>\n<p>Les principals caracter\u00edstiques de la s\u00e8rie<strong> MSZ-AP35VGK<\/strong>&nbsp;son:<\/p>\n<h3 class=\"collapse-text-fieldset collapsible form-wrapper collapse-processed\" style=\"text-align: justify;\"><span class=\"fieldset-legend\">Mode ultra silencioso<\/span><\/h3>\n<p>Unitat dissenyada per oferir un major confort a l&#8217;hora de dormir. Gr\u00e0cies al seu baix nivell sonor de tan sols 19dB garanteix el m\u00e0xim descans durant les caloroses nits d&#8217;estiu.<\/p>\n<div class=\"collapse-text-text\" style=\"text-align: justify;\">&nbsp;<\/div>\n<h3 class=\"collapse-text-fieldset collapsible form-wrapper collapse-processed\" style=\"text-align: justify;\"><span class=\"fieldset-legend\">Avan\u00e7at filtre d&#8217;aire<\/span><\/h3>\n<div class=\"fieldset-wrapper\">\n<p class=\"collapse-text-text\">El potent <strong>filtre Nano-Platinum<\/strong> incorpora part\u00edcules de plat\u00ed-cer\u00e0mica que generen efectes antibacterians sobre l&#8217;aire. A m\u00e9s, gr\u00e0cies a la seva superf\u00edcie ondulada, augmenta l&#8217;\u00e0rea de filtre, el que implica una millor captura de la pols, sent capa\u00e7 fins i tot d&#8217;eliminar les males olors.<\/p>\n<\/div>\n<div class=\"collapse-text-text\" style=\"text-align: justify;\">&nbsp;<\/div>\n<h3 class=\"collapse-text-fieldset collapsible form-wrapper collapse-processed\" style=\"text-align: justify;\"><span class=\"fieldset-legend\">Ultra compacta<\/span><\/h3>\n<div class=\"fieldset-wrapper\">\n<div class=\"collapse-text-text\">\n<p>\u00c9s la unitat m\u00e9s compacta de totes amb nom\u00e9s 195mm de fons. A m\u00e9s la seva est\u00e8tica cuidada i disseny exclusiu la fan ideal per a tot tipus d&#8217;habitacions. La Mitsubishi Electric MSZ-AP35VGK \u00e9s la m\u00e0quina m\u00e9s reduida al fer \u00fanicament 25cm d&#8217;al\u00e7ada.<\/p>\n<\/div>\n<\/div>\n<div class=\"collapse-text-text\" style=\"text-align: justify;\">&nbsp;<\/div>\n<h3 class=\"collapse-text-fieldset collapsible form-wrapper collapse-processed\" style=\"text-align: justify;\"><span class=\"fieldset-legend\">Control WIFI<\/span><\/h3>\n<div class=\"fieldset-wrapper\">\n<div class=\"collapse-text-text\">\n<p>La Mitsubishi Electric MSZ-AP35VGK porta incorporat control WIFI de serie. D&#8217;aquesta forma l&#8217;usuari pot actuar sobre els aparells a trav\u00e8s de l&#8217;aplicaci\u00f3 Melcloud per smartphone, sense necessitat d&#8217;estar al seu habitatge. Aquest aparell \u00e9s tamb\u00e9 compatible amb ALEXA d&#8217;Amazon.<\/p>\n<\/div>\n<\/div>\n<h3 class=\"collapse-text-fieldset collapsible form-wrapper collapse-processed\" style=\"text-align: justify;\"><span class=\"fieldset-legend\">Mode calor<\/span><\/h3>\n<div class=\"fieldset-wrapper\">\n<div class=\"collapse-text-text\">\n<p>En mode calor, la inclinaci\u00f3 de la lama a 80\u00ba i un major cabal d&#8217;aire garanteixen l&#8217;\u00f2ptima distribuci\u00f3 de la calor directament cap a terra evitant l&#8217;efecte &#8220;peus freds&#8221;-<\/p>\n<\/div>\n<\/div>\n<h3 class=\"collapse-text-fieldset collapsible form-wrapper collapse-processed\"><span class=\"fieldset-legend\">Tecnologia Replace<\/span><\/h3>\n<div class=\"fieldset-wrapper\">\n<p class=\"collapse-text-text\" style=\"text-align: justify;\">La tecnologia REPLACE, exclusiva de Mitsubishi Electric, permet substituir un equip d&#8217;aire condicionat antic, sigui de la marca que sigui, per un d&#8217;\u00faltima generaci\u00f3 reutilitzant les connexions de la instal\u00b7laci\u00f3 existent. D&#8217;aquesta manera, la instal\u00b7laci\u00f3 \u00e9s m\u00e9s f\u00e0cil i r\u00e0pida i es respecta el medi ambient al evitar generar residus.<\/p>\n<h3 class=\"collapse-text-fieldset collapsible form-wrapper collapse-processed\"><span class=\"fieldset-legend\">Estalvi de llum<\/span><\/h3>\n<p>Gr\u00e0cies a la seva efici\u00e8ncia energ\u00e8tica d&#8217;A+++ t&#8217;ajuda a gaudir del teu aire sense haver-te de preocupar de la factura de la llum.<\/p>\n<p class=\"collapse-text-text\" style=\"text-align: justify;\">A continuaci\u00f3 adjuntem la taula de caracter\u00edstiques de la MSZ-AP35VGK:<\/p>\n<\/div>\n<\/form>\n<\/div>\n<div class=\"product-full__body\">\n<form id=\"collapse-text-dynamic-form-number-1\" accept-charset=\"UTF-8\" action=\"http:\/\/www.mitsubishielectric.es\/aire-acondicionado\/productos\/serie-msz-sfgf\" method=\"post\">\n<div class=\"fieldset-wrapper\">\n<p><a href=\"http:\/\/www.jagalcaide.com\/wp-content\/uploads\/2019\/04\/MSZ-AP35VG.jpg\"><img decoding=\"async\" class=\"lazyload aligncenter size-full wp-image-3900\" src=\"data:image\/svg+xml,%3Csvg%20xmlns%3D%27http%3A%2F%2Fwww.w3.org%2F2000%2Fsvg%27%20width%3D%27536%27%20height%3D%27764%27%20viewBox%3D%270%200%20536%20764%27%3E%3Crect%20width%3D%27536%27%20height%3D%27764%27%20fill-opacity%3D%220%22%2F%3E%3C%2Fsvg%3E\" data-orig-src=\"https:\/\/www.jagalcaide.com\/wp-content\/uploads\/2019\/04\/MSZ-AP35VG.jpg\" alt=\"MSZ-AP35VG\" width=\"536\" height=\"764\"><\/a><\/p>\n<\/div>\n<\/form>\n<\/div>\n<div class=\"product-full__body\">\n<form id=\"collapse-text-dynamic-form-number-1\" accept-charset=\"UTF-8\" action=\"http:\/\/www.mitsubishielectric.es\/aire-acondicionado\/productos\/serie-msz-sfgf\" method=\"post\">\n<div class=\"fieldset-wrapper\">&nbsp;<\/div>\n<\/form>\n<\/div>\n","protected":false},"excerpt":{"rendered":"<p>S\u00e8rie MSZ-AP35VGK Preu: 1390\u20ac IVA incl\u00f2s i instal\u00b7laci\u00f3 fins a 5m. El plaer de descansar La s\u00e8rie MSZ-AP35VGK ha estat dissenyada per adaptar-se a qualsevol llar. El seu disseny elegant i compacte, les seves avan\u00e7ades [&hellip;]<\/p>\n","protected":false},"featured_media":1682,"comment_status":"open","ping_status":"closed","template":"","meta":{"_acf_changed":false},"product_brand":[],"product_cat":[521],"product_tag":[533,537,550],"class_list":{"0":"post-2691","1":"product","2":"type-product","3":"status-publish","4":"has-post-thumbnail","6":"product_cat-sense-categoria","7":"product_tag-a-ca","8":"product_tag-gas-r-32-ca","9":"product_tag-wifi-ca","11":"first","12":"instock","13":"taxable","14":"shipping-taxable","15":"purchasable","16":"product-type-simple"},"acf":[],"yoast_head":"<!-- This site is optimized with the Yoast SEO plugin v27.3 - https:\/\/yoast.com\/product\/yoast-seo-wordpress\/ -->\n<title>Aire condicionat Mitsubishi MSZ-AP35VGK per nom\u00e8s 1390\u20ac!<\/title>\n<meta name=\"description\" content=\"Aire condicionat Mitsubishi MSZ-AP35VGK instal\u00b7lat i amb IVA incl\u00f2s per nom\u00e9s 1390\u20ac. M\u00e9s de 67 anys com a instal\u00b7ladors, truca&#039;ns!\" \/>\n<meta name=\"robots\" content=\"index, follow, max-snippet:-1, max-image-preview:large, max-video-preview:-1\" \/>\n<link rel=\"canonical\" href=\"https:\/\/www.jagalcaide.com\/ca\/producte\/aire-condicionat-mitsubish-msz-ap35vgk\/\" \/>\n<meta property=\"og:locale\" content=\"ca_ES\" \/>\n<meta property=\"og:type\" content=\"article\" \/>\n<meta property=\"og:title\" content=\"Aire condicionat Mitsubishi MSZ-AP35VGK per nom\u00e8s 1390\u20ac!\" \/>\n<meta property=\"og:description\" content=\"Aire condicionat Mitsubishi MSZ-AP35VGK instal\u00b7lat i amb IVA incl\u00f2s per nom\u00e9s 1390\u20ac. M\u00e9s de 67 anys com a instal\u00b7ladors, truca&#039;ns!\" \/>\n<meta property=\"og:url\" content=\"https:\/\/www.jagalcaide.com\/ca\/producte\/aire-condicionat-mitsubish-msz-ap35vgk\/\" \/>\n<meta property=\"og:site_name\" content=\"JAG ALCAIDE \u2013 Instalaci\u00f3n, reparaci\u00f3n y mantenimiento en Barcelona\" \/>\n<meta property=\"og:image\" content=\"https:\/\/www.jagalcaide.com\/wp-content\/uploads\/2022\/11\/MITSUBISHI-ELECTRIC-MSZ-AP.jpg\" \/>\n\t<meta property=\"og:image:width\" content=\"794\" \/>\n\t<meta property=\"og:image:height\" content=\"595\" \/>\n\t<meta property=\"og:image:type\" content=\"image\/jpeg\" \/>\n<meta name=\"twitter:card\" content=\"summary_large_image\" \/>\n<meta name=\"twitter:site\" content=\"@JAGAlcaideSL\" \/>\n<meta name=\"twitter:label1\" content=\"Temps estimat de lectura\" \/>\n\t<meta name=\"twitter:data1\" content=\"2 minuts\" \/>\n<script type=\"application\/ld+json\" class=\"yoast-schema-graph\">{\"@context\":\"https:\\\/\\\/schema.org\",\"@graph\":[{\"@type\":\"WebPage\",\"@id\":\"https:\\\/\\\/www.jagalcaide.com\\\/ca\\\/producte\\\/aire-condicionat-mitsubish-msz-ap35vgk\\\/\",\"url\":\"https:\\\/\\\/www.jagalcaide.com\\\/ca\\\/producte\\\/aire-condicionat-mitsubish-msz-ap35vgk\\\/\",\"name\":\"Aire condicionat Mitsubishi MSZ-AP35VGK per nom\u00e8s 1390\u20ac!\",\"isPartOf\":{\"@id\":\"https:\\\/\\\/www.jagalcaide.com\\\/ca\\\/#website\"},\"primaryImageOfPage\":{\"@id\":\"https:\\\/\\\/www.jagalcaide.com\\\/ca\\\/producte\\\/aire-condicionat-mitsubish-msz-ap35vgk\\\/#primaryimage\"},\"image\":{\"@id\":\"https:\\\/\\\/www.jagalcaide.com\\\/ca\\\/producte\\\/aire-condicionat-mitsubish-msz-ap35vgk\\\/#primaryimage\"},\"thumbnailUrl\":\"https:\\\/\\\/www.jagalcaide.com\\\/wp-content\\\/uploads\\\/2022\\\/11\\\/MITSUBISHI-ELECTRIC-MSZ-AP.jpg\",\"datePublished\":\"2019-04-15T16:56:00+00:00\",\"description\":\"Aire condicionat Mitsubishi MSZ-AP35VGK instal\u00b7lat i amb IVA incl\u00f2s per nom\u00e9s 1390\u20ac. M\u00e9s de 67 anys com a instal\u00b7ladors, truca'ns!\",\"breadcrumb\":{\"@id\":\"https:\\\/\\\/www.jagalcaide.com\\\/ca\\\/producte\\\/aire-condicionat-mitsubish-msz-ap35vgk\\\/#breadcrumb\"},\"inLanguage\":\"ca\",\"potentialAction\":[{\"@type\":\"ReadAction\",\"target\":[\"https:\\\/\\\/www.jagalcaide.com\\\/ca\\\/producte\\\/aire-condicionat-mitsubish-msz-ap35vgk\\\/\"]}]},{\"@type\":\"ImageObject\",\"inLanguage\":\"ca\",\"@id\":\"https:\\\/\\\/www.jagalcaide.com\\\/ca\\\/producte\\\/aire-condicionat-mitsubish-msz-ap35vgk\\\/#primaryimage\",\"url\":\"https:\\\/\\\/www.jagalcaide.com\\\/wp-content\\\/uploads\\\/2022\\\/11\\\/MITSUBISHI-ELECTRIC-MSZ-AP.jpg\",\"contentUrl\":\"https:\\\/\\\/www.jagalcaide.com\\\/wp-content\\\/uploads\\\/2022\\\/11\\\/MITSUBISHI-ELECTRIC-MSZ-AP.jpg\",\"width\":794,\"height\":595,\"caption\":\"Junkers Bosch C6000 W 30\\\/36\"},{\"@type\":\"BreadcrumbList\",\"@id\":\"https:\\\/\\\/www.jagalcaide.com\\\/ca\\\/producte\\\/aire-condicionat-mitsubish-msz-ap35vgk\\\/#breadcrumb\",\"itemListElement\":[{\"@type\":\"ListItem\",\"position\":1,\"name\":\"Portada\",\"item\":\"https:\\\/\\\/www.jagalcaide.com\\\/ca\\\/\"},{\"@type\":\"ListItem\",\"position\":2,\"name\":\"Woocommerce shop\",\"item\":\"https:\\\/\\\/www.jagalcaide.com\\\/woocommerce-shop\\\/\"},{\"@type\":\"ListItem\",\"position\":3,\"name\":\"Aire condicionat Mitsubish MSZ-AP35VGK\"}]},{\"@type\":\"WebSite\",\"@id\":\"https:\\\/\\\/www.jagalcaide.com\\\/ca\\\/#website\",\"url\":\"https:\\\/\\\/www.jagalcaide.com\\\/ca\\\/\",\"name\":\"JAG Alcaide - Instalaci\u00f3n y reparaci\u00f3n de Aire Acondicionado y Calderas\",\"description\":\"Otro sitio realizado con WordPress\",\"publisher\":{\"@id\":\"https:\\\/\\\/www.jagalcaide.com\\\/ca\\\/#organization\"},\"potentialAction\":[{\"@type\":\"SearchAction\",\"target\":{\"@type\":\"EntryPoint\",\"urlTemplate\":\"https:\\\/\\\/www.jagalcaide.com\\\/ca\\\/?s={search_term_string}\"},\"query-input\":{\"@type\":\"PropertyValueSpecification\",\"valueRequired\":true,\"valueName\":\"search_term_string\"}}],\"inLanguage\":\"ca\"},{\"@type\":\"Organization\",\"@id\":\"https:\\\/\\\/www.jagalcaide.com\\\/ca\\\/#organization\",\"name\":\"JAG Alcaide\",\"url\":\"https:\\\/\\\/www.jagalcaide.com\\\/ca\\\/\",\"logo\":{\"@type\":\"ImageObject\",\"inLanguage\":\"ca\",\"@id\":\"https:\\\/\\\/www.jagalcaide.com\\\/ca\\\/#\\\/schema\\\/logo\\\/image\\\/\",\"url\":\"https:\\\/\\\/www.jagalcaide.com\\\/wp-content\\\/uploads\\\/2023\\\/05\\\/logo-alcaide-gran.jpg\",\"contentUrl\":\"https:\\\/\\\/www.jagalcaide.com\\\/wp-content\\\/uploads\\\/2023\\\/05\\\/logo-alcaide-gran.jpg\",\"width\":696,\"height\":696,\"caption\":\"JAG Alcaide\"},\"image\":{\"@id\":\"https:\\\/\\\/www.jagalcaide.com\\\/ca\\\/#\\\/schema\\\/logo\\\/image\\\/\"},\"sameAs\":[\"https:\\\/\\\/x.com\\\/JAGAlcaideSL\",\"https:\\\/\\\/www.instagram.com\\\/jagalcaide\\\/\",\"https:\\\/\\\/www.linkedin.com\\\/company\\\/j-a-g-alcaide-s-l-\"]}]}<\/script>\n<!-- \/ Yoast SEO plugin. -->","yoast_head_json":{"title":"Aire condicionat Mitsubishi MSZ-AP35VGK per nom\u00e8s 1390\u20ac!","description":"Aire condicionat Mitsubishi MSZ-AP35VGK instal\u00b7lat i amb IVA incl\u00f2s per nom\u00e9s 1390\u20ac. M\u00e9s de 67 anys com a instal\u00b7ladors, truca'ns!","robots":{"index":"index","follow":"follow","max-snippet":"max-snippet:-1","max-image-preview":"max-image-preview:large","max-video-preview":"max-video-preview:-1"},"canonical":"https:\/\/www.jagalcaide.com\/ca\/producte\/aire-condicionat-mitsubish-msz-ap35vgk\/","og_locale":"ca_ES","og_type":"article","og_title":"Aire condicionat Mitsubishi MSZ-AP35VGK per nom\u00e8s 1390\u20ac!","og_description":"Aire condicionat Mitsubishi MSZ-AP35VGK instal\u00b7lat i amb IVA incl\u00f2s per nom\u00e9s 1390\u20ac. M\u00e9s de 67 anys com a instal\u00b7ladors, truca'ns!","og_url":"https:\/\/www.jagalcaide.com\/ca\/producte\/aire-condicionat-mitsubish-msz-ap35vgk\/","og_site_name":"JAG ALCAIDE \u2013 Instalaci\u00f3n, reparaci\u00f3n y mantenimiento en Barcelona","og_image":[{"width":794,"height":595,"url":"https:\/\/www.jagalcaide.com\/wp-content\/uploads\/2022\/11\/MITSUBISHI-ELECTRIC-MSZ-AP.jpg","type":"image\/jpeg"}],"twitter_card":"summary_large_image","twitter_site":"@JAGAlcaideSL","twitter_misc":{"Temps estimat de lectura":"2 minuts"},"schema":{"@context":"https:\/\/schema.org","@graph":[{"@type":"WebPage","@id":"https:\/\/www.jagalcaide.com\/ca\/producte\/aire-condicionat-mitsubish-msz-ap35vgk\/","url":"https:\/\/www.jagalcaide.com\/ca\/producte\/aire-condicionat-mitsubish-msz-ap35vgk\/","name":"Aire condicionat Mitsubishi MSZ-AP35VGK per nom\u00e8s 1390\u20ac!","isPartOf":{"@id":"https:\/\/www.jagalcaide.com\/ca\/#website"},"primaryImageOfPage":{"@id":"https:\/\/www.jagalcaide.com\/ca\/producte\/aire-condicionat-mitsubish-msz-ap35vgk\/#primaryimage"},"image":{"@id":"https:\/\/www.jagalcaide.com\/ca\/producte\/aire-condicionat-mitsubish-msz-ap35vgk\/#primaryimage"},"thumbnailUrl":"https:\/\/www.jagalcaide.com\/wp-content\/uploads\/2022\/11\/MITSUBISHI-ELECTRIC-MSZ-AP.jpg","datePublished":"2019-04-15T16:56:00+00:00","description":"Aire condicionat Mitsubishi MSZ-AP35VGK instal\u00b7lat i amb IVA incl\u00f2s per nom\u00e9s 1390\u20ac. M\u00e9s de 67 anys com a instal\u00b7ladors, truca'ns!","breadcrumb":{"@id":"https:\/\/www.jagalcaide.com\/ca\/producte\/aire-condicionat-mitsubish-msz-ap35vgk\/#breadcrumb"},"inLanguage":"ca","potentialAction":[{"@type":"ReadAction","target":["https:\/\/www.jagalcaide.com\/ca\/producte\/aire-condicionat-mitsubish-msz-ap35vgk\/"]}]},{"@type":"ImageObject","inLanguage":"ca","@id":"https:\/\/www.jagalcaide.com\/ca\/producte\/aire-condicionat-mitsubish-msz-ap35vgk\/#primaryimage","url":"https:\/\/www.jagalcaide.com\/wp-content\/uploads\/2022\/11\/MITSUBISHI-ELECTRIC-MSZ-AP.jpg","contentUrl":"https:\/\/www.jagalcaide.com\/wp-content\/uploads\/2022\/11\/MITSUBISHI-ELECTRIC-MSZ-AP.jpg","width":794,"height":595,"caption":"Junkers Bosch C6000 W 30\/36"},{"@type":"BreadcrumbList","@id":"https:\/\/www.jagalcaide.com\/ca\/producte\/aire-condicionat-mitsubish-msz-ap35vgk\/#breadcrumb","itemListElement":[{"@type":"ListItem","position":1,"name":"Portada","item":"https:\/\/www.jagalcaide.com\/ca\/"},{"@type":"ListItem","position":2,"name":"Woocommerce shop","item":"https:\/\/www.jagalcaide.com\/woocommerce-shop\/"},{"@type":"ListItem","position":3,"name":"Aire condicionat Mitsubish MSZ-AP35VGK"}]},{"@type":"WebSite","@id":"https:\/\/www.jagalcaide.com\/ca\/#website","url":"https:\/\/www.jagalcaide.com\/ca\/","name":"JAG Alcaide - Instalaci\u00f3n y reparaci\u00f3n de Aire Acondicionado y Calderas","description":"Otro sitio realizado con WordPress","publisher":{"@id":"https:\/\/www.jagalcaide.com\/ca\/#organization"},"potentialAction":[{"@type":"SearchAction","target":{"@type":"EntryPoint","urlTemplate":"https:\/\/www.jagalcaide.com\/ca\/?s={search_term_string}"},"query-input":{"@type":"PropertyValueSpecification","valueRequired":true,"valueName":"search_term_string"}}],"inLanguage":"ca"},{"@type":"Organization","@id":"https:\/\/www.jagalcaide.com\/ca\/#organization","name":"JAG Alcaide","url":"https:\/\/www.jagalcaide.com\/ca\/","logo":{"@type":"ImageObject","inLanguage":"ca","@id":"https:\/\/www.jagalcaide.com\/ca\/#\/schema\/logo\/image\/","url":"https:\/\/www.jagalcaide.com\/wp-content\/uploads\/2023\/05\/logo-alcaide-gran.jpg","contentUrl":"https:\/\/www.jagalcaide.com\/wp-content\/uploads\/2023\/05\/logo-alcaide-gran.jpg","width":696,"height":696,"caption":"JAG Alcaide"},"image":{"@id":"https:\/\/www.jagalcaide.com\/ca\/#\/schema\/logo\/image\/"},"sameAs":["https:\/\/x.com\/JAGAlcaideSL","https:\/\/www.instagram.com\/jagalcaide\/","https:\/\/www.linkedin.com\/company\/j-a-g-alcaide-s-l-"]}]}},"wpml_current_locale":"ca","wpml_translations":{"en_US":{"locale":"en_US","id":2692,"slug":"air-conditioner-mitsubishi-msz-ap35vgk","post_title":"Air conditioner Mitsubishi MSZ-AP35VGK","href":"https:\/\/www.jagalcaide.com\/en\/producto\/air-conditioner-mitsubishi-msz-ap35vgk\/"},"es_ES":{"locale":"es_ES","id":1526,"slug":"aire-acondicionado-mitsubishi-msz-ap35vgk","post_title":"Aire Acondicionado Mitsubishi MSZ-AP35VGK","href":"https:\/\/www.jagalcaide.com\/?post_type=product&p=1526"}},"_links":{"self":[{"href":"https:\/\/www.jagalcaide.com\/ca\/wp-json\/wp\/v2\/product\/2691","targetHints":{"allow":["GET"]}}],"collection":[{"href":"https:\/\/www.jagalcaide.com\/ca\/wp-json\/wp\/v2\/product"}],"about":[{"href":"https:\/\/www.jagalcaide.com\/ca\/wp-json\/wp\/v2\/types\/product"}],"replies":[{"embeddable":true,"href":"https:\/\/www.jagalcaide.com\/ca\/wp-json\/wp\/v2\/comments?post=2691"}],"wp:featuredmedia":[{"embeddable":true,"href":"https:\/\/www.jagalcaide.com\/ca\/wp-json\/wp\/v2\/media\/1682"}],"wp:attachment":[{"href":"https:\/\/www.jagalcaide.com\/ca\/wp-json\/wp\/v2\/media?parent=2691"}],"wp:term":[{"taxonomy":"product_brand","embeddable":true,"href":"https:\/\/www.jagalcaide.com\/ca\/wp-json\/wp\/v2\/product_brand?post=2691"},{"taxonomy":"product_cat","embeddable":true,"href":"https:\/\/www.jagalcaide.com\/ca\/wp-json\/wp\/v2\/product_cat?post=2691"},{"taxonomy":"product_tag","embeddable":true,"href":"https:\/\/www.jagalcaide.com\/ca\/wp-json\/wp\/v2\/product_tag?post=2691"}],"curies":[{"name":"wp","href":"https:\/\/api.w.org\/{rel}","templated":true}]}}