{"id":2931,"date":"2017-04-07T07:35:00","date_gmt":"2017-04-07T07:35:00","guid":{"rendered":"https:\/\/www.jagalcaide.com\/producto\/escalfador-junkers-estanc-hydrocompact-6000-i-wtd15-2-ame\/"},"modified":"2017-04-07T07:35:00","modified_gmt":"2017-04-07T07:35:00","slug":"escalfador-junkers-estanc-hydrocompact-6000-i-wtd15-2-ame","status":"publish","type":"product","link":"https:\/\/www.jagalcaide.com\/ca\/producte\/escalfador-junkers-estanc-hydrocompact-6000-i-wtd15-2-ame\/","title":{"rendered":"Escalfador Junkers Estanc Hydrocompact 6000 i WTD15-2 AME"},"content":{"rendered":"<p><strong>Preu WTD15-2 AME:&nbsp;<\/strong>910\u20ac IVA i instal\u00b7laci\u00f3 inclosos.<\/p>\n<p><strong>Fabricant:&nbsp;<\/strong>Junkers<\/p>\n<p><strong>Tipus:&nbsp;<\/strong>Estanc<\/p>\n<p><strong>Caudal:&nbsp;<\/strong>15l<\/p>\n<p><strong>Mesures:&nbsp;<\/strong>615 x 300 x 182<\/p>\n<p><strong>Descripci\u00f3:<\/strong><\/p>\n<h2>Escalfador estanc Hydrocompact 6000 i<\/h2>\n<p><strong>El primer escalfador d\u2019aigua a gas que es pot controlar a trav\u00e9s d\u2019una aplicaci\u00f3 d\u2019Smartphone.<\/strong><\/p>\n<p>Aquest innovador escalfador inclou en l\u2019equip una aplicaci\u00f3 gratu\u00efta per a l\u2019usuari final que li permet controlar l\u2019escalfador des d\u2019un Smartphone a distancia via Bluetooth i li mostra les dades de funcionament de l\u2019equip, hist\u00f2ric de consum i control de temperatura.<\/p>\n<p>Amb la innovadora aplicaci\u00f3 de Junkers els usuaris poden:<\/p>\n<ul>\n<li>Controlar l\u2019hist\u00f2ric dels 5 \u00faltims consums per tal de con\u00e8ixer les dades en litres, gas i euros.<\/li>\n<li>Modificar l\u2019idioma del display.<\/li>\n<li>En cas d\u2019un eventual error de l\u2019equip, es mostra el codi de l\u2019averia i la descripci\u00f3 i possibles solucions.<\/li>\n<li>Contactar directament amb el servei t\u00e8cnic.<\/li>\n<\/ul>\n<p>La aplicaci\u00f3 <strong>Junkers Water<\/strong> es pot descarregar de forma gratu\u00efta a Google Play i App Store.<\/p>\n<p>Aquest escalfador t\u00e9 un disseny exclusiu amb un frontal fet de vidre i una mida compacte. A m\u00e9s t\u00e9 un display digital amb control t\u00e0ctil que permet regular la temperatura nom\u00e9s amb passar el dit. A m\u00e9s funciona amb control autom\u00e0tic de caudal realitzat a trav\u00e9s del sistema Opti Flow, lo que li confereix un control d\u2019hidr\u00e0ulica intel\u00b7ligent i un rendiment m\u00e9s elvat.<\/p>\n<div class=\"video-shortcode\"><iframe class=\"lazyload\" title=\"Hydrocompact 6000i\" width=\"1200\" height=\"675\" src=\"data:image\/svg+xml,%3Csvg%20xmlns%3D%27http%3A%2F%2Fwww.w3.org%2F2000%2Fsvg%27%20width%3D%271200%27%20height%3D%27675%27%20viewBox%3D%270%200%201200%20675%27%3E%3Crect%20width%3D%271200%27%20height%3D%27675%27%20fill-opacity%3D%220%22%2F%3E%3C%2Fsvg%3E\" data-orig-src=\"https:\/\/www.youtube.com\/embed\/8EGd2U2RQoI?feature=oembed\" frameborder=\"0\" allow=\"accelerometer; autoplay; clipboard-write; encrypted-media; gyroscope; picture-in-picture; web-share\" referrerpolicy=\"strict-origin-when-cross-origin\" allowfullscreen><\/iframe><\/div>\n<p>Les caracter\u00edstiques particulars de l\u2019escalfador Junkers Hydrocompact 6000 i WTD15-2 AME son les seg\u00fcents:<\/p>\n<p><a href=\"http:\/\/www.jagalcaide.com\/wp-content\/uploads\/2017\/04\/WTD15-2-AME.jpg\"><img decoding=\"async\" class=\"lazyload aligncenter wp-image-3833 size-full\" src=\"data:image\/svg+xml,%3Csvg%20xmlns%3D%27http%3A%2F%2Fwww.w3.org%2F2000%2Fsvg%27%20width%3D%27445%27%20height%3D%27839%27%20viewBox%3D%270%200%20445%20839%27%3E%3Crect%20width%3D%27445%27%20height%3D%27839%27%20fill-opacity%3D%220%22%2F%3E%3C%2Fsvg%3E\" data-orig-src=\"https:\/\/www.jagalcaide.com\/wp-content\/uploads\/2017\/04\/WTD15-2-AME.jpg\" width=\"445\" height=\"839\"><\/a><\/p>\n<p>En cas de voler consultar quina seria la capacitat de l&#8217;escalfador a instal\u00b7lar en el teu habitatge, ho pots fer mirant la taula &nbsp;aproximada que utilitza Junkers:<\/p>\n<p style=\"text-align: center;\"><a href=\"http:\/\/www.jagalcaide.com\/wp-content\/uploads\/2013\/12\/Calculo-calentadores1.jpg\"><img decoding=\"async\" class=\"lazyload size-medium wp-image-3007 aligncenter\" src=\"data:image\/svg+xml,%3Csvg%20xmlns%3D%27http%3A%2F%2Fwww.w3.org%2F2000%2Fsvg%27%20width%3D%27300%27%20height%3D%27214%27%20viewBox%3D%270%200%20300%20214%27%3E%3Crect%20width%3D%27300%27%20height%3D%27214%27%20fill-opacity%3D%220%22%2F%3E%3C%2Fsvg%3E\" data-orig-src=\"https:\/\/www.jagalcaide.com\/wp-content\/uploads\/2013\/12\/Calculo-calentadores1-300x214.jpg\" alt=\"Tabla c\u00e1lculo calentadores Junkers\" width=\"300\" height=\"214\"><\/a><\/p>\n","protected":false},"excerpt":{"rendered":"<p>Preu WTD15-2 AME:&nbsp;910\u20ac IVA i instal\u00b7laci\u00f3 inclosos. Fabricant:&nbsp;Junkers Tipus:&nbsp;Estanc Caudal:&nbsp;15l Mesures:&nbsp;615 x 300 x 182 Descripci\u00f3: Escalfador estanc Hydrocompact 6000 i El primer escalfador d\u2019aigua a gas que es pot controlar a trav\u00e9s d\u2019una aplicaci\u00f3 [&hellip;]<\/p>\n","protected":false},"featured_media":1676,"comment_status":"open","ping_status":"closed","template":"","meta":{"_acf_changed":false},"product_brand":[],"product_cat":[525],"product_tag":[],"class_list":{"0":"post-2931","1":"product","2":"type-product","3":"status-publish","4":"has-post-thumbnail","6":"product_cat-totes","8":"first","9":"instock","10":"taxable","11":"shipping-taxable","12":"product-type-simple"},"acf":[],"yoast_head":"<!-- This site is optimized with the Yoast SEO plugin v27.3 - https:\/\/yoast.com\/product\/yoast-seo-wordpress\/ -->\n<title>Escalfador Junkers Hydrocompact 6000 i WTD15-2 AME<\/title>\n<meta name=\"description\" content=\"Escalfador Junkers Hydrocompact 6000 i WTD15-2 AME instal\u00b7lat i amb IVA incl\u00f2s, nom\u00e9s 910\u20ac, barat, oferta, ganga\" \/>\n<meta name=\"robots\" content=\"index, follow, max-snippet:-1, max-image-preview:large, max-video-preview:-1\" \/>\n<link rel=\"canonical\" href=\"https:\/\/www.jagalcaide.com\/ca\/producte\/escalfador-junkers-estanc-hydrocompact-6000-i-wtd15-2-ame\/\" \/>\n<meta property=\"og:locale\" content=\"ca_ES\" \/>\n<meta property=\"og:type\" content=\"article\" \/>\n<meta property=\"og:title\" content=\"Escalfador Junkers Hydrocompact 6000 i WTD15-2 AME\" \/>\n<meta property=\"og:description\" content=\"Escalfador Junkers Hydrocompact 6000 i WTD15-2 AME instal\u00b7lat i amb IVA incl\u00f2s, nom\u00e9s 910\u20ac, barat, oferta, ganga\" \/>\n<meta property=\"og:url\" content=\"https:\/\/www.jagalcaide.com\/ca\/producte\/escalfador-junkers-estanc-hydrocompact-6000-i-wtd15-2-ame\/\" \/>\n<meta property=\"og:site_name\" content=\"JAG ALCAIDE \u2013 Instalaci\u00f3n, reparaci\u00f3n y mantenimiento en Barcelona\" \/>\n<meta property=\"og:image\" content=\"https:\/\/www.jagalcaide.com\/wp-content\/uploads\/2022\/11\/escalfador2-1.jpg\" \/>\n\t<meta property=\"og:image:width\" content=\"400\" \/>\n\t<meta property=\"og:image:height\" content=\"305\" \/>\n\t<meta property=\"og:image:type\" content=\"image\/jpeg\" \/>\n<meta name=\"twitter:card\" content=\"summary_large_image\" \/>\n<meta name=\"twitter:site\" content=\"@JAGAlcaideSL\" \/>\n<meta name=\"twitter:label1\" content=\"Temps estimat de lectura\" \/>\n\t<meta name=\"twitter:data1\" content=\"2 minuts\" \/>\n<script type=\"application\/ld+json\" class=\"yoast-schema-graph\">{\"@context\":\"https:\\\/\\\/schema.org\",\"@graph\":[{\"@type\":\"WebPage\",\"@id\":\"https:\\\/\\\/www.jagalcaide.com\\\/ca\\\/producte\\\/escalfador-junkers-estanc-hydrocompact-6000-i-wtd15-2-ame\\\/\",\"url\":\"https:\\\/\\\/www.jagalcaide.com\\\/ca\\\/producte\\\/escalfador-junkers-estanc-hydrocompact-6000-i-wtd15-2-ame\\\/\",\"name\":\"Escalfador Junkers Hydrocompact 6000 i WTD15-2 AME\",\"isPartOf\":{\"@id\":\"https:\\\/\\\/www.jagalcaide.com\\\/ca\\\/#website\"},\"primaryImageOfPage\":{\"@id\":\"https:\\\/\\\/www.jagalcaide.com\\\/ca\\\/producte\\\/escalfador-junkers-estanc-hydrocompact-6000-i-wtd15-2-ame\\\/#primaryimage\"},\"image\":{\"@id\":\"https:\\\/\\\/www.jagalcaide.com\\\/ca\\\/producte\\\/escalfador-junkers-estanc-hydrocompact-6000-i-wtd15-2-ame\\\/#primaryimage\"},\"thumbnailUrl\":\"https:\\\/\\\/www.jagalcaide.com\\\/wp-content\\\/uploads\\\/2022\\\/11\\\/escalfador2-1.jpg\",\"datePublished\":\"2017-04-07T07:35:00+00:00\",\"description\":\"Escalfador Junkers Hydrocompact 6000 i WTD15-2 AME instal\u00b7lat i amb IVA incl\u00f2s, nom\u00e9s 910\u20ac, barat, oferta, ganga\",\"breadcrumb\":{\"@id\":\"https:\\\/\\\/www.jagalcaide.com\\\/ca\\\/producte\\\/escalfador-junkers-estanc-hydrocompact-6000-i-wtd15-2-ame\\\/#breadcrumb\"},\"inLanguage\":\"ca\",\"potentialAction\":[{\"@type\":\"ReadAction\",\"target\":[\"https:\\\/\\\/www.jagalcaide.com\\\/ca\\\/producte\\\/escalfador-junkers-estanc-hydrocompact-6000-i-wtd15-2-ame\\\/\"]}]},{\"@type\":\"ImageObject\",\"inLanguage\":\"ca\",\"@id\":\"https:\\\/\\\/www.jagalcaide.com\\\/ca\\\/producte\\\/escalfador-junkers-estanc-hydrocompact-6000-i-wtd15-2-ame\\\/#primaryimage\",\"url\":\"https:\\\/\\\/www.jagalcaide.com\\\/wp-content\\\/uploads\\\/2022\\\/11\\\/escalfador2-1.jpg\",\"contentUrl\":\"https:\\\/\\\/www.jagalcaide.com\\\/wp-content\\\/uploads\\\/2022\\\/11\\\/escalfador2-1.jpg\",\"width\":400,\"height\":305,\"caption\":\"Junkers Bosch C6000 W 30\\\/36\"},{\"@type\":\"BreadcrumbList\",\"@id\":\"https:\\\/\\\/www.jagalcaide.com\\\/ca\\\/producte\\\/escalfador-junkers-estanc-hydrocompact-6000-i-wtd15-2-ame\\\/#breadcrumb\",\"itemListElement\":[{\"@type\":\"ListItem\",\"position\":1,\"name\":\"Portada\",\"item\":\"https:\\\/\\\/www.jagalcaide.com\\\/ca\\\/\"},{\"@type\":\"ListItem\",\"position\":2,\"name\":\"Woocommerce shop\",\"item\":\"https:\\\/\\\/www.jagalcaide.com\\\/woocommerce-shop\\\/\"},{\"@type\":\"ListItem\",\"position\":3,\"name\":\"Escalfador Junkers Estanc Hydrocompact 6000 i WTD15-2 AME\"}]},{\"@type\":\"WebSite\",\"@id\":\"https:\\\/\\\/www.jagalcaide.com\\\/ca\\\/#website\",\"url\":\"https:\\\/\\\/www.jagalcaide.com\\\/ca\\\/\",\"name\":\"JAG Alcaide - Instalaci\u00f3n y reparaci\u00f3n de Aire Acondicionado y Calderas\",\"description\":\"Otro sitio realizado con WordPress\",\"publisher\":{\"@id\":\"https:\\\/\\\/www.jagalcaide.com\\\/ca\\\/#organization\"},\"potentialAction\":[{\"@type\":\"SearchAction\",\"target\":{\"@type\":\"EntryPoint\",\"urlTemplate\":\"https:\\\/\\\/www.jagalcaide.com\\\/ca\\\/?s={search_term_string}\"},\"query-input\":{\"@type\":\"PropertyValueSpecification\",\"valueRequired\":true,\"valueName\":\"search_term_string\"}}],\"inLanguage\":\"ca\"},{\"@type\":\"Organization\",\"@id\":\"https:\\\/\\\/www.jagalcaide.com\\\/ca\\\/#organization\",\"name\":\"JAG Alcaide\",\"url\":\"https:\\\/\\\/www.jagalcaide.com\\\/ca\\\/\",\"logo\":{\"@type\":\"ImageObject\",\"inLanguage\":\"ca\",\"@id\":\"https:\\\/\\\/www.jagalcaide.com\\\/ca\\\/#\\\/schema\\\/logo\\\/image\\\/\",\"url\":\"https:\\\/\\\/www.jagalcaide.com\\\/wp-content\\\/uploads\\\/2023\\\/05\\\/logo-alcaide-gran.jpg\",\"contentUrl\":\"https:\\\/\\\/www.jagalcaide.com\\\/wp-content\\\/uploads\\\/2023\\\/05\\\/logo-alcaide-gran.jpg\",\"width\":696,\"height\":696,\"caption\":\"JAG Alcaide\"},\"image\":{\"@id\":\"https:\\\/\\\/www.jagalcaide.com\\\/ca\\\/#\\\/schema\\\/logo\\\/image\\\/\"},\"sameAs\":[\"https:\\\/\\\/x.com\\\/JAGAlcaideSL\",\"https:\\\/\\\/www.instagram.com\\\/jagalcaide\\\/\",\"https:\\\/\\\/www.linkedin.com\\\/company\\\/j-a-g-alcaide-s-l-\"]}]}<\/script>\n<!-- \/ Yoast SEO plugin. -->","yoast_head_json":{"title":"Escalfador Junkers Hydrocompact 6000 i WTD15-2 AME","description":"Escalfador Junkers Hydrocompact 6000 i WTD15-2 AME instal\u00b7lat i amb IVA incl\u00f2s, nom\u00e9s 910\u20ac, barat, oferta, ganga","robots":{"index":"index","follow":"follow","max-snippet":"max-snippet:-1","max-image-preview":"max-image-preview:large","max-video-preview":"max-video-preview:-1"},"canonical":"https:\/\/www.jagalcaide.com\/ca\/producte\/escalfador-junkers-estanc-hydrocompact-6000-i-wtd15-2-ame\/","og_locale":"ca_ES","og_type":"article","og_title":"Escalfador Junkers Hydrocompact 6000 i WTD15-2 AME","og_description":"Escalfador Junkers Hydrocompact 6000 i WTD15-2 AME instal\u00b7lat i amb IVA incl\u00f2s, nom\u00e9s 910\u20ac, barat, oferta, ganga","og_url":"https:\/\/www.jagalcaide.com\/ca\/producte\/escalfador-junkers-estanc-hydrocompact-6000-i-wtd15-2-ame\/","og_site_name":"JAG ALCAIDE \u2013 Instalaci\u00f3n, reparaci\u00f3n y mantenimiento en Barcelona","og_image":[{"width":400,"height":305,"url":"https:\/\/www.jagalcaide.com\/wp-content\/uploads\/2022\/11\/escalfador2-1.jpg","type":"image\/jpeg"}],"twitter_card":"summary_large_image","twitter_site":"@JAGAlcaideSL","twitter_misc":{"Temps estimat de lectura":"2 minuts"},"schema":{"@context":"https:\/\/schema.org","@graph":[{"@type":"WebPage","@id":"https:\/\/www.jagalcaide.com\/ca\/producte\/escalfador-junkers-estanc-hydrocompact-6000-i-wtd15-2-ame\/","url":"https:\/\/www.jagalcaide.com\/ca\/producte\/escalfador-junkers-estanc-hydrocompact-6000-i-wtd15-2-ame\/","name":"Escalfador Junkers Hydrocompact 6000 i WTD15-2 AME","isPartOf":{"@id":"https:\/\/www.jagalcaide.com\/ca\/#website"},"primaryImageOfPage":{"@id":"https:\/\/www.jagalcaide.com\/ca\/producte\/escalfador-junkers-estanc-hydrocompact-6000-i-wtd15-2-ame\/#primaryimage"},"image":{"@id":"https:\/\/www.jagalcaide.com\/ca\/producte\/escalfador-junkers-estanc-hydrocompact-6000-i-wtd15-2-ame\/#primaryimage"},"thumbnailUrl":"https:\/\/www.jagalcaide.com\/wp-content\/uploads\/2022\/11\/escalfador2-1.jpg","datePublished":"2017-04-07T07:35:00+00:00","description":"Escalfador Junkers Hydrocompact 6000 i WTD15-2 AME instal\u00b7lat i amb IVA incl\u00f2s, nom\u00e9s 910\u20ac, barat, oferta, ganga","breadcrumb":{"@id":"https:\/\/www.jagalcaide.com\/ca\/producte\/escalfador-junkers-estanc-hydrocompact-6000-i-wtd15-2-ame\/#breadcrumb"},"inLanguage":"ca","potentialAction":[{"@type":"ReadAction","target":["https:\/\/www.jagalcaide.com\/ca\/producte\/escalfador-junkers-estanc-hydrocompact-6000-i-wtd15-2-ame\/"]}]},{"@type":"ImageObject","inLanguage":"ca","@id":"https:\/\/www.jagalcaide.com\/ca\/producte\/escalfador-junkers-estanc-hydrocompact-6000-i-wtd15-2-ame\/#primaryimage","url":"https:\/\/www.jagalcaide.com\/wp-content\/uploads\/2022\/11\/escalfador2-1.jpg","contentUrl":"https:\/\/www.jagalcaide.com\/wp-content\/uploads\/2022\/11\/escalfador2-1.jpg","width":400,"height":305,"caption":"Junkers Bosch C6000 W 30\/36"},{"@type":"BreadcrumbList","@id":"https:\/\/www.jagalcaide.com\/ca\/producte\/escalfador-junkers-estanc-hydrocompact-6000-i-wtd15-2-ame\/#breadcrumb","itemListElement":[{"@type":"ListItem","position":1,"name":"Portada","item":"https:\/\/www.jagalcaide.com\/ca\/"},{"@type":"ListItem","position":2,"name":"Woocommerce shop","item":"https:\/\/www.jagalcaide.com\/woocommerce-shop\/"},{"@type":"ListItem","position":3,"name":"Escalfador Junkers Estanc Hydrocompact 6000 i WTD15-2 AME"}]},{"@type":"WebSite","@id":"https:\/\/www.jagalcaide.com\/ca\/#website","url":"https:\/\/www.jagalcaide.com\/ca\/","name":"JAG Alcaide - Instalaci\u00f3n y reparaci\u00f3n de Aire Acondicionado y Calderas","description":"Otro sitio realizado con WordPress","publisher":{"@id":"https:\/\/www.jagalcaide.com\/ca\/#organization"},"potentialAction":[{"@type":"SearchAction","target":{"@type":"EntryPoint","urlTemplate":"https:\/\/www.jagalcaide.com\/ca\/?s={search_term_string}"},"query-input":{"@type":"PropertyValueSpecification","valueRequired":true,"valueName":"search_term_string"}}],"inLanguage":"ca"},{"@type":"Organization","@id":"https:\/\/www.jagalcaide.com\/ca\/#organization","name":"JAG Alcaide","url":"https:\/\/www.jagalcaide.com\/ca\/","logo":{"@type":"ImageObject","inLanguage":"ca","@id":"https:\/\/www.jagalcaide.com\/ca\/#\/schema\/logo\/image\/","url":"https:\/\/www.jagalcaide.com\/wp-content\/uploads\/2023\/05\/logo-alcaide-gran.jpg","contentUrl":"https:\/\/www.jagalcaide.com\/wp-content\/uploads\/2023\/05\/logo-alcaide-gran.jpg","width":696,"height":696,"caption":"JAG Alcaide"},"image":{"@id":"https:\/\/www.jagalcaide.com\/ca\/#\/schema\/logo\/image\/"},"sameAs":["https:\/\/x.com\/JAGAlcaideSL","https:\/\/www.instagram.com\/jagalcaide\/","https:\/\/www.linkedin.com\/company\/j-a-g-alcaide-s-l-"]}]}},"wpml_current_locale":"ca","wpml_translations":{"en_US":{"locale":"en_US","id":2932,"slug":"junkers-hydrocompact-6000-i-wtd15-2-ame-tankless-water-heater","post_title":"Junkers Hydrocompact 6000 i WTD15-2 AME Tankless water heater","href":"https:\/\/www.jagalcaide.com\/en\/producto\/junkers-hydrocompact-6000-i-wtd15-2-ame-tankless-water-heater\/"},"es_ES":{"locale":"es_ES","id":1519,"slug":"hydrocompact-6000-i-wtd15-2-ame","post_title":"Calentador Junkers Estanco Hydrocompact 6000 i WTD15-2 AME","href":"https:\/\/www.jagalcaide.com\/producto\/hydrocompact-6000-i-wtd15-2-ame\/"}},"_links":{"self":[{"href":"https:\/\/www.jagalcaide.com\/ca\/wp-json\/wp\/v2\/product\/2931","targetHints":{"allow":["GET"]}}],"collection":[{"href":"https:\/\/www.jagalcaide.com\/ca\/wp-json\/wp\/v2\/product"}],"about":[{"href":"https:\/\/www.jagalcaide.com\/ca\/wp-json\/wp\/v2\/types\/product"}],"replies":[{"embeddable":true,"href":"https:\/\/www.jagalcaide.com\/ca\/wp-json\/wp\/v2\/comments?post=2931"}],"wp:featuredmedia":[{"embeddable":true,"href":"https:\/\/www.jagalcaide.com\/ca\/wp-json\/wp\/v2\/media\/1676"}],"wp:attachment":[{"href":"https:\/\/www.jagalcaide.com\/ca\/wp-json\/wp\/v2\/media?parent=2931"}],"wp:term":[{"taxonomy":"product_brand","embeddable":true,"href":"https:\/\/www.jagalcaide.com\/ca\/wp-json\/wp\/v2\/product_brand?post=2931"},{"taxonomy":"product_cat","embeddable":true,"href":"https:\/\/www.jagalcaide.com\/ca\/wp-json\/wp\/v2\/product_cat?post=2931"},{"taxonomy":"product_tag","embeddable":true,"href":"https:\/\/www.jagalcaide.com\/ca\/wp-json\/wp\/v2\/product_tag?post=2931"}],"curies":[{"name":"wp","href":"https:\/\/api.w.org\/{rel}","templated":true}]}}