{"id":2935,"date":"2016-03-18T11:10:00","date_gmt":"2016-03-18T11:10:00","guid":{"rendered":"https:\/\/www.jagalcaide.com\/producto\/escalfador-estanc-neckar-wtn-14-ame\/"},"modified":"2016-03-18T11:10:00","modified_gmt":"2016-03-18T11:10:00","slug":"escalfador-estanc-neckar-wtn-14-ame","status":"publish","type":"product","link":"https:\/\/www.jagalcaide.com\/ca\/producte\/escalfador-estanc-neckar-wtn-14-ame\/","title":{"rendered":"Escalfador Estanc Neckar WTN 14 AME"},"content":{"rendered":"<h1><strong>WTN&nbsp;14 AME<\/strong><\/h1>\n<p><b>Preu: <\/b>690\u20ac IVA i instal\u00b7laci\u00f3 inclosos.<\/p>\n<p><b>Fabricant:<\/b>&nbsp;Neckar<\/p>\n<p><b>Tipus: <\/b>Estanc<\/p>\n<p><b>Caudal: <\/b>14l<\/p>\n<p><b>Mides: <\/b>770x390x220<\/p>\n<p><b>Descripci\u00f3:<\/b><\/p>\n<p style=\"text-align: justify;\">Els nous<strong> escalfadors estancs Neckar<\/strong>, son perfectes per anar instal\u00b7lats en cuiner o habitacions, complint amb les normatives vigents i oferint la tecnologia del grup Bosch a un preu altament competitiu.<\/p>\n<p style=\"text-align: justify;\">L\u2019escalfador Neckar WTN 14 AME d\u201914 litres, \u00e9s ideal per habitatges on s\u2019utilitza un bany i la pica de la cuina a l\u2019hora. Amb aquest model, el grup Bosch pret\u00e9n oferir un escalfador amb l\u2019\u00faltima tecnologia a un tipus de client que busqui adaptar-se totalment a les noves normatives sense fer una despesa massa elevada.<\/p>\n<p style=\"text-align: justify;\"><a href=\"http:\/\/www.jagalcaide.com\/wp-content\/uploads\/2016\/03\/WTN-14-AME-CARACT.jpg\" rel=\"attachment wp-att-3491\"><img decoding=\"async\" class=\"lazyload aligncenter size-large wp-image-3491\" src=\"data:image\/svg+xml,%3Csvg%20xmlns%3D%27http%3A%2F%2Fwww.w3.org%2F2000%2Fsvg%27%20width%3D%271024%27%20height%3D%27405%27%20viewBox%3D%270%200%201024%20405%27%3E%3Crect%20width%3D%271024%27%20height%3D%27405%27%20fill-opacity%3D%220%22%2F%3E%3C%2Fsvg%3E\" data-orig-src=\"https:\/\/www.jagalcaide.com\/wp-content\/uploads\/2016\/03\/WTN-14-AME-CARACT-1024x405.jpg\" alt=\"WTN 14 AME\" width=\"1024\" height=\"405\"><\/a><\/p>\n","protected":false},"excerpt":{"rendered":"<p>WTN&nbsp;14 AME Preu: 690\u20ac IVA i instal\u00b7laci\u00f3 inclosos. Fabricant:&nbsp;Neckar Tipus: Estanc Caudal: 14l Mides: 770x390x220 Descripci\u00f3: Els nous escalfadors estancs Neckar, son perfectes per anar instal\u00b7lats en cuiner o habitacions, complint amb les normatives vigents [&hellip;]<\/p>\n","protected":false},"featured_media":1674,"comment_status":"open","ping_status":"closed","template":"","meta":{"_acf_changed":false,"_yoast_wpseo_focuskw":"WTN 14 AME","_yoast_wpseo_title":"","_yoast_wpseo_metadesc":"Els nous escalfadors estancs Neckar WTN 14 AME, s\u00f3n perfectes per anar instal\u00b7lats en cuines o habitacions a un preu altament competitiu."},"product_brand":[],"product_cat":[525],"product_tag":[],"class_list":{"0":"post-2935","1":"product","2":"type-product","3":"status-publish","4":"has-post-thumbnail","6":"product_cat-totes","8":"first","9":"instock","10":"taxable","11":"shipping-taxable","12":"product-type-simple"},"acf":[],"yoast_head":"<!-- This site is optimized with the Yoast SEO plugin v27.5 - https:\/\/yoast.com\/product\/yoast-seo-wordpress\/ -->\n<title>Escalfador Estanc Neckar WTN 14 AME - JAG ALCAIDE \u2013 Instalaci\u00f3n, reparaci\u00f3n y mantenimiento en Barcelona<\/title>\n<meta name=\"description\" content=\"Els nous escalfadors estancs Neckar WTN 14 AME, s\u00f3n perfectes per anar instal\u00b7lats en cuines o habitacions a un preu altament competitiu.\" \/>\n<meta name=\"robots\" content=\"index, follow, max-snippet:-1, max-image-preview:large, max-video-preview:-1\" \/>\n<link rel=\"canonical\" href=\"https:\/\/www.jagalcaide.com\/ca\/producte\/escalfador-estanc-neckar-wtn-14-ame\/\" \/>\n<meta property=\"og:locale\" content=\"ca_ES\" \/>\n<meta property=\"og:type\" content=\"article\" \/>\n<meta property=\"og:title\" content=\"Escalfador Estanc Neckar WTN 14 AME - JAG ALCAIDE \u2013 Instalaci\u00f3n, reparaci\u00f3n y mantenimiento en Barcelona\" \/>\n<meta property=\"og:description\" content=\"Els nous escalfadors estancs Neckar WTN 14 AME, s\u00f3n perfectes per anar instal\u00b7lats en cuines o habitacions a un preu altament competitiu.\" \/>\n<meta property=\"og:url\" content=\"https:\/\/www.jagalcaide.com\/ca\/producte\/escalfador-estanc-neckar-wtn-14-ame\/\" \/>\n<meta property=\"og:site_name\" content=\"JAG ALCAIDE \u2013 Instalaci\u00f3n, reparaci\u00f3n y mantenimiento en Barcelona\" \/>\n<meta property=\"og:image\" content=\"https:\/\/www.jagalcaide.com\/wp-content\/uploads\/2022\/11\/calentador-estanco-neckar-wtn-14-ame-a-gas-natural-kit-az266.png\" \/>\n\t<meta property=\"og:image:width\" content=\"458\" \/>\n\t<meta property=\"og:image:height\" content=\"458\" \/>\n\t<meta property=\"og:image:type\" content=\"image\/png\" \/>\n<meta name=\"twitter:card\" content=\"summary_large_image\" \/>\n<meta name=\"twitter:site\" content=\"@JAGAlcaideSL\" \/>\n<meta name=\"twitter:label1\" content=\"Temps estimat de lectura\" \/>\n\t<meta name=\"twitter:data1\" content=\"1 minut\" \/>\n<script type=\"application\/ld+json\" class=\"yoast-schema-graph\">{\"@context\":\"https:\\\/\\\/schema.org\",\"@graph\":[{\"@type\":\"WebPage\",\"@id\":\"https:\\\/\\\/www.jagalcaide.com\\\/ca\\\/producte\\\/escalfador-estanc-neckar-wtn-14-ame\\\/\",\"url\":\"https:\\\/\\\/www.jagalcaide.com\\\/ca\\\/producte\\\/escalfador-estanc-neckar-wtn-14-ame\\\/\",\"name\":\"Escalfador Estanc Neckar WTN 14 AME - JAG ALCAIDE \u2013 Instalaci\u00f3n, reparaci\u00f3n y mantenimiento en Barcelona\",\"isPartOf\":{\"@id\":\"https:\\\/\\\/www.jagalcaide.com\\\/ca\\\/#website\"},\"primaryImageOfPage\":{\"@id\":\"https:\\\/\\\/www.jagalcaide.com\\\/ca\\\/producte\\\/escalfador-estanc-neckar-wtn-14-ame\\\/#primaryimage\"},\"image\":{\"@id\":\"https:\\\/\\\/www.jagalcaide.com\\\/ca\\\/producte\\\/escalfador-estanc-neckar-wtn-14-ame\\\/#primaryimage\"},\"thumbnailUrl\":\"https:\\\/\\\/www.jagalcaide.com\\\/wp-content\\\/uploads\\\/2022\\\/11\\\/calentador-estanco-neckar-wtn-14-ame-a-gas-natural-kit-az266.png\",\"datePublished\":\"2016-03-18T11:10:00+00:00\",\"description\":\"Els nous escalfadors estancs Neckar WTN 14 AME, s\u00f3n perfectes per anar instal\u00b7lats en cuines o habitacions a un preu altament competitiu.\",\"breadcrumb\":{\"@id\":\"https:\\\/\\\/www.jagalcaide.com\\\/ca\\\/producte\\\/escalfador-estanc-neckar-wtn-14-ame\\\/#breadcrumb\"},\"inLanguage\":\"ca\",\"potentialAction\":[{\"@type\":\"ReadAction\",\"target\":[\"https:\\\/\\\/www.jagalcaide.com\\\/ca\\\/producte\\\/escalfador-estanc-neckar-wtn-14-ame\\\/\"]}]},{\"@type\":\"ImageObject\",\"inLanguage\":\"ca\",\"@id\":\"https:\\\/\\\/www.jagalcaide.com\\\/ca\\\/producte\\\/escalfador-estanc-neckar-wtn-14-ame\\\/#primaryimage\",\"url\":\"https:\\\/\\\/www.jagalcaide.com\\\/wp-content\\\/uploads\\\/2022\\\/11\\\/calentador-estanco-neckar-wtn-14-ame-a-gas-natural-kit-az266.png\",\"contentUrl\":\"https:\\\/\\\/www.jagalcaide.com\\\/wp-content\\\/uploads\\\/2022\\\/11\\\/calentador-estanco-neckar-wtn-14-ame-a-gas-natural-kit-az266.png\",\"width\":458,\"height\":458,\"caption\":\"Junkers Bosch C6000 W 30\\\/36\"},{\"@type\":\"BreadcrumbList\",\"@id\":\"https:\\\/\\\/www.jagalcaide.com\\\/ca\\\/producte\\\/escalfador-estanc-neckar-wtn-14-ame\\\/#breadcrumb\",\"itemListElement\":[{\"@type\":\"ListItem\",\"position\":1,\"name\":\"Portada\",\"item\":\"https:\\\/\\\/www.jagalcaide.com\\\/ca\\\/\"},{\"@type\":\"ListItem\",\"position\":2,\"name\":\"Woocommerce shop\",\"item\":\"https:\\\/\\\/www.jagalcaide.com\\\/woocommerce-shop\\\/\"},{\"@type\":\"ListItem\",\"position\":3,\"name\":\"Escalfador Estanc Neckar WTN 14 AME\"}]},{\"@type\":\"WebSite\",\"@id\":\"https:\\\/\\\/www.jagalcaide.com\\\/ca\\\/#website\",\"url\":\"https:\\\/\\\/www.jagalcaide.com\\\/ca\\\/\",\"name\":\"JAG Alcaide - Instalaci\u00f3n y reparaci\u00f3n de Aire Acondicionado y Calderas\",\"description\":\"Otro sitio realizado con WordPress\",\"publisher\":{\"@id\":\"https:\\\/\\\/www.jagalcaide.com\\\/ca\\\/#organization\"},\"potentialAction\":[{\"@type\":\"SearchAction\",\"target\":{\"@type\":\"EntryPoint\",\"urlTemplate\":\"https:\\\/\\\/www.jagalcaide.com\\\/ca\\\/?s={search_term_string}\"},\"query-input\":{\"@type\":\"PropertyValueSpecification\",\"valueRequired\":true,\"valueName\":\"search_term_string\"}}],\"inLanguage\":\"ca\"},{\"@type\":\"Organization\",\"@id\":\"https:\\\/\\\/www.jagalcaide.com\\\/ca\\\/#organization\",\"name\":\"JAG Alcaide\",\"url\":\"https:\\\/\\\/www.jagalcaide.com\\\/ca\\\/\",\"logo\":{\"@type\":\"ImageObject\",\"inLanguage\":\"ca\",\"@id\":\"https:\\\/\\\/www.jagalcaide.com\\\/ca\\\/#\\\/schema\\\/logo\\\/image\\\/\",\"url\":\"https:\\\/\\\/www.jagalcaide.com\\\/wp-content\\\/uploads\\\/2023\\\/05\\\/logo-alcaide-gran.jpg\",\"contentUrl\":\"https:\\\/\\\/www.jagalcaide.com\\\/wp-content\\\/uploads\\\/2023\\\/05\\\/logo-alcaide-gran.jpg\",\"width\":696,\"height\":696,\"caption\":\"JAG Alcaide\"},\"image\":{\"@id\":\"https:\\\/\\\/www.jagalcaide.com\\\/ca\\\/#\\\/schema\\\/logo\\\/image\\\/\"},\"sameAs\":[\"https:\\\/\\\/x.com\\\/JAGAlcaideSL\",\"https:\\\/\\\/www.instagram.com\\\/jagalcaide\\\/\",\"https:\\\/\\\/www.linkedin.com\\\/company\\\/j-a-g-alcaide-s-l-\"]}]}<\/script>\n<!-- \/ Yoast SEO plugin. -->","yoast_head_json":{"title":"Escalfador Estanc Neckar WTN 14 AME - JAG ALCAIDE \u2013 Instalaci\u00f3n, reparaci\u00f3n y mantenimiento en Barcelona","description":"Els nous escalfadors estancs Neckar WTN 14 AME, s\u00f3n perfectes per anar instal\u00b7lats en cuines o habitacions a un preu altament competitiu.","robots":{"index":"index","follow":"follow","max-snippet":"max-snippet:-1","max-image-preview":"max-image-preview:large","max-video-preview":"max-video-preview:-1"},"canonical":"https:\/\/www.jagalcaide.com\/ca\/producte\/escalfador-estanc-neckar-wtn-14-ame\/","og_locale":"ca_ES","og_type":"article","og_title":"Escalfador Estanc Neckar WTN 14 AME - JAG ALCAIDE \u2013 Instalaci\u00f3n, reparaci\u00f3n y mantenimiento en Barcelona","og_description":"Els nous escalfadors estancs Neckar WTN 14 AME, s\u00f3n perfectes per anar instal\u00b7lats en cuines o habitacions a un preu altament competitiu.","og_url":"https:\/\/www.jagalcaide.com\/ca\/producte\/escalfador-estanc-neckar-wtn-14-ame\/","og_site_name":"JAG ALCAIDE \u2013 Instalaci\u00f3n, reparaci\u00f3n y mantenimiento en Barcelona","og_image":[{"width":458,"height":458,"url":"https:\/\/www.jagalcaide.com\/wp-content\/uploads\/2022\/11\/calentador-estanco-neckar-wtn-14-ame-a-gas-natural-kit-az266.png","type":"image\/png"}],"twitter_card":"summary_large_image","twitter_site":"@JAGAlcaideSL","twitter_misc":{"Temps estimat de lectura":"1 minut"},"schema":{"@context":"https:\/\/schema.org","@graph":[{"@type":"WebPage","@id":"https:\/\/www.jagalcaide.com\/ca\/producte\/escalfador-estanc-neckar-wtn-14-ame\/","url":"https:\/\/www.jagalcaide.com\/ca\/producte\/escalfador-estanc-neckar-wtn-14-ame\/","name":"Escalfador Estanc Neckar WTN 14 AME - JAG ALCAIDE \u2013 Instalaci\u00f3n, reparaci\u00f3n y mantenimiento en Barcelona","isPartOf":{"@id":"https:\/\/www.jagalcaide.com\/ca\/#website"},"primaryImageOfPage":{"@id":"https:\/\/www.jagalcaide.com\/ca\/producte\/escalfador-estanc-neckar-wtn-14-ame\/#primaryimage"},"image":{"@id":"https:\/\/www.jagalcaide.com\/ca\/producte\/escalfador-estanc-neckar-wtn-14-ame\/#primaryimage"},"thumbnailUrl":"https:\/\/www.jagalcaide.com\/wp-content\/uploads\/2022\/11\/calentador-estanco-neckar-wtn-14-ame-a-gas-natural-kit-az266.png","datePublished":"2016-03-18T11:10:00+00:00","description":"Els nous escalfadors estancs Neckar WTN 14 AME, s\u00f3n perfectes per anar instal\u00b7lats en cuines o habitacions a un preu altament competitiu.","breadcrumb":{"@id":"https:\/\/www.jagalcaide.com\/ca\/producte\/escalfador-estanc-neckar-wtn-14-ame\/#breadcrumb"},"inLanguage":"ca","potentialAction":[{"@type":"ReadAction","target":["https:\/\/www.jagalcaide.com\/ca\/producte\/escalfador-estanc-neckar-wtn-14-ame\/"]}]},{"@type":"ImageObject","inLanguage":"ca","@id":"https:\/\/www.jagalcaide.com\/ca\/producte\/escalfador-estanc-neckar-wtn-14-ame\/#primaryimage","url":"https:\/\/www.jagalcaide.com\/wp-content\/uploads\/2022\/11\/calentador-estanco-neckar-wtn-14-ame-a-gas-natural-kit-az266.png","contentUrl":"https:\/\/www.jagalcaide.com\/wp-content\/uploads\/2022\/11\/calentador-estanco-neckar-wtn-14-ame-a-gas-natural-kit-az266.png","width":458,"height":458,"caption":"Junkers Bosch C6000 W 30\/36"},{"@type":"BreadcrumbList","@id":"https:\/\/www.jagalcaide.com\/ca\/producte\/escalfador-estanc-neckar-wtn-14-ame\/#breadcrumb","itemListElement":[{"@type":"ListItem","position":1,"name":"Portada","item":"https:\/\/www.jagalcaide.com\/ca\/"},{"@type":"ListItem","position":2,"name":"Woocommerce shop","item":"https:\/\/www.jagalcaide.com\/woocommerce-shop\/"},{"@type":"ListItem","position":3,"name":"Escalfador Estanc Neckar WTN 14 AME"}]},{"@type":"WebSite","@id":"https:\/\/www.jagalcaide.com\/ca\/#website","url":"https:\/\/www.jagalcaide.com\/ca\/","name":"JAG Alcaide - Instalaci\u00f3n y reparaci\u00f3n de Aire Acondicionado y Calderas","description":"Otro sitio realizado con WordPress","publisher":{"@id":"https:\/\/www.jagalcaide.com\/ca\/#organization"},"potentialAction":[{"@type":"SearchAction","target":{"@type":"EntryPoint","urlTemplate":"https:\/\/www.jagalcaide.com\/ca\/?s={search_term_string}"},"query-input":{"@type":"PropertyValueSpecification","valueRequired":true,"valueName":"search_term_string"}}],"inLanguage":"ca"},{"@type":"Organization","@id":"https:\/\/www.jagalcaide.com\/ca\/#organization","name":"JAG Alcaide","url":"https:\/\/www.jagalcaide.com\/ca\/","logo":{"@type":"ImageObject","inLanguage":"ca","@id":"https:\/\/www.jagalcaide.com\/ca\/#\/schema\/logo\/image\/","url":"https:\/\/www.jagalcaide.com\/wp-content\/uploads\/2023\/05\/logo-alcaide-gran.jpg","contentUrl":"https:\/\/www.jagalcaide.com\/wp-content\/uploads\/2023\/05\/logo-alcaide-gran.jpg","width":696,"height":696,"caption":"JAG Alcaide"},"image":{"@id":"https:\/\/www.jagalcaide.com\/ca\/#\/schema\/logo\/image\/"},"sameAs":["https:\/\/x.com\/JAGAlcaideSL","https:\/\/www.instagram.com\/jagalcaide\/","https:\/\/www.linkedin.com\/company\/j-a-g-alcaide-s-l-"]}]}},"wpml_current_locale":"ca","wpml_translations":{"en_US":{"locale":"en_US","id":2936,"slug":"tankless-water-heater-neckar-wtn-14-ame","post_title":"Tankless Water Heater Neckar WTN 14 AME","href":"https:\/\/www.jagalcaide.com\/en\/producto\/tankless-water-heater-neckar-wtn-14-ame\/"},"es_ES":{"locale":"es_ES","id":1517,"slug":"calentador-estanco-neckar-wtn-14-ame","post_title":"Calentador Estanco Neckar WTN 14 AME","href":"https:\/\/www.jagalcaide.com\/producto\/calentador-estanco-neckar-wtn-14-ame\/"}},"_links":{"self":[{"href":"https:\/\/www.jagalcaide.com\/ca\/wp-json\/wp\/v2\/product\/2935","targetHints":{"allow":["GET"]}}],"collection":[{"href":"https:\/\/www.jagalcaide.com\/ca\/wp-json\/wp\/v2\/product"}],"about":[{"href":"https:\/\/www.jagalcaide.com\/ca\/wp-json\/wp\/v2\/types\/product"}],"replies":[{"embeddable":true,"href":"https:\/\/www.jagalcaide.com\/ca\/wp-json\/wp\/v2\/comments?post=2935"}],"wp:featuredmedia":[{"embeddable":true,"href":"https:\/\/www.jagalcaide.com\/ca\/wp-json\/wp\/v2\/media\/1674"}],"wp:attachment":[{"href":"https:\/\/www.jagalcaide.com\/ca\/wp-json\/wp\/v2\/media?parent=2935"}],"wp:term":[{"taxonomy":"product_brand","embeddable":true,"href":"https:\/\/www.jagalcaide.com\/ca\/wp-json\/wp\/v2\/product_brand?post=2935"},{"taxonomy":"product_cat","embeddable":true,"href":"https:\/\/www.jagalcaide.com\/ca\/wp-json\/wp\/v2\/product_cat?post=2935"},{"taxonomy":"product_tag","embeddable":true,"href":"https:\/\/www.jagalcaide.com\/ca\/wp-json\/wp\/v2\/product_tag?post=2935"}],"curies":[{"name":"wp","href":"https:\/\/api.w.org\/{rel}","templated":true}]}}