{"id":2939,"date":"2016-03-04T17:44:00","date_gmt":"2016-03-04T17:44:00","guid":{"rendered":"https:\/\/www.jagalcaide.com\/producto\/junkers-zwb-28-1a-cerapurexcellence-compact\/"},"modified":"2026-02-24T14:16:05","modified_gmt":"2026-02-24T14:16:05","slug":"junkers-zwb-28-1a-cerapurexcellence-compact","status":"publish","type":"product","link":"https:\/\/www.jagalcaide.com\/ca\/producte\/junkers-zwb-28-1a-cerapurexcellence-compact\/","title":{"rendered":"Calderes Junkers ZWB 28-1A CerapurExcellence Compact"},"content":{"rendered":"<h1 style=\"line-height: 18pt; text-align: center;\"><strong><span style=\"color: #ffff99;\">Junkers<\/span><\/strong><\/h1>\n<h1 style=\"line-height: 18pt; text-align: center;\"><em><strong>ZWB 28-1A<\/strong><\/em><\/h1>\n<h2 style=\"text-align: center;\"><strong>Model CerapurExcellence Compact<\/strong><\/h2>\n<h3 style=\"text-align: center;\"><strong><span style=\"font-family: 'Georgia',serif; color: #333333;\">Preu:<span class=\"apple-converted-space\">&nbsp;2060<\/span><\/span><span style=\"font-family: 'Georgia',serif; color: #333333;\">\u20ac (Instal\u00b7laci\u00f3 i IVA incl\u00f2s).<\/span><\/strong><\/h3>\n<p style=\"text-align: center;\"><strong>REGAL TERMOSTAT JUNKERS MODULANT PROGRAMADOR SENSE FILS CR 80&nbsp;RF<\/strong><\/p>\n<p><strong>Preu:&nbsp;<\/strong>2060\u20ac (Instal\u00b7laci\u00f3 i IVA incl\u00f2s).<\/p>\n<p><strong>Fabricant: <\/strong>Junkers, grup Bosch.<\/p>\n<p><strong>Tipus: <\/strong>Condensaci\u00f3, adaptada a normativa Erp.<\/p>\n<p><strong>Potencia: <\/strong>28kW en ACS, 25kW en calefacci\u00f3.<\/p>\n<p><strong>Qualificaci\u00f3 energ\u00e8tica: <\/strong>A en ACS (XL) i A en calefacci\u00f3.<\/p>\n<p><strong>Electr\u00f2nica: <\/strong>Heatronic i<\/p>\n<p><strong>Mides <\/strong>(Alt x ample x fons): 690 x 390 x 280<\/p>\n<p><strong>Descripci\u00f3:<\/strong><\/p>\n<p style=\"text-align: justify;\">La nova caldera CerapurExcellence Compact destaca per la seva mida i versatilitat, amb potencies de fins a 36kW en ACS i es capa\u00e7 d\u2019adaptar-se a les necessitats m\u00e9s exigents amb un ampli rang de models.<\/p>\n<p style=\"text-align: justify;\"><strong>Vols saber quines novetats ofereix la nova caldera Junkers ZWB 28-1A?<\/strong><\/p>\n<p style=\"text-align: justify;\">La nova caldera Junkers ZWB 28-1A CerapurExcellence Compact suposa una contribuci\u00f3 a l\u2019efici\u00e8ncia energ\u00e8tica i evoluci\u00f3 cap un disseny millorat, mantenint les m\u00ednimes dimensions.<\/p>\n<p style=\"text-align: justify;\">La CerapurExcellence Compact, amb fins un 94% de rendiment, et permet arribar a una classificaci\u00f3 energ\u00e8tica A+ en combinaci\u00f3 amb controladors Junkers. Tot en una mida compacte amb una altura de 690mm, independentment de la potencia, ideal per qualsevol moble de cuina. Destaca la seva facilitat d\u2019utilitzaci\u00f3 per a qualsevol usuari gr\u00e0cies als seus controls digitals, per\u00f2 mantenint el concepte de controls. Per tal d\u2019aconseguir una millor est\u00e8tica en la integraci\u00f3 de la caldera en qualsevol espai, es subministra un embellidor que deixar\u00e0 ocult qualsevol tub de connexi\u00f3 del proc\u00e9s d\u2019instal\u00b7laci\u00f3. Destaca la robustesa de tots els seus components, per la qual cosa es garanteix una llarga vida \u00fatil i un \u00f2ptim funcionament.<\/p>\n<div id=\"attachment_3454\" style=\"width: 627px\" class=\"wp-caption aligncenter\"><a href=\"http:\/\/www.jagalcaide.com\/wp-content\/uploads\/2016\/03\/ZWB-25-28-1A.jpg\" rel=\"attachment wp-att-3454\"><img decoding=\"async\" aria-describedby=\"caption-attachment-3454\" class=\"lazyload size-full wp-image-3454\" src=\"data:image\/svg+xml,%3Csvg%20xmlns%3D%27http%3A%2F%2Fwww.w3.org%2F2000%2Fsvg%27%20width%3D%27617%27%20height%3D%27746%27%20viewBox%3D%270%200%20617%20746%27%3E%3Crect%20width%3D%27617%27%20height%3D%27746%27%20fill-opacity%3D%220%22%2F%3E%3C%2Fsvg%3E\" data-orig-src=\"https:\/\/www.jagalcaide.com\/wp-content\/uploads\/2016\/03\/ZWB-25-28-1A.jpg\" alt=\"ZWB25\/28-1A\" width=\"617\" height=\"746\"><\/a><p id=\"caption-attachment-3454\" class=\"wp-caption-text\">Instal\u00b7laci\u00f3 ZWB25\/28-1A dins armari cuina<\/p><\/div>\n<p>&nbsp;<\/p>\n<h2>A m\u00e9s et regalem un termostat modulant Junkers CR 80&nbsp;RF!<\/h2>\n<p>Amb la compra de la teva caldera Junkers ZWB 28-1A et regalem el termostat&nbsp;<strong>Junkers CR 80&nbsp;RF<\/strong>: Termostat modulant , programador digital i sense fils (PVP de tarifa 160\u20ac+IVA)<\/p>\n<p><a href=\"http:\/\/www.jagalcaide.com\/wp-content\/uploads\/2016\/11\/CR-80-RF.jpg\"><img decoding=\"async\" class=\"lazyload aligncenter wp-image-3544 size-full\" src=\"data:image\/svg+xml,%3Csvg%20xmlns%3D%27http%3A%2F%2Fwww.w3.org%2F2000%2Fsvg%27%20width%3D%27559%27%20height%3D%27354%27%20viewBox%3D%270%200%20559%20354%27%3E%3Crect%20width%3D%27559%27%20height%3D%27354%27%20fill-opacity%3D%220%22%2F%3E%3C%2Fsvg%3E\" data-orig-src=\"https:\/\/www.jagalcaide.com\/wp-content\/uploads\/2016\/11\/CR-80-RF.jpg\" width=\"559\" height=\"354\"><\/a><\/p>\n<h2>&nbsp;<\/h2>\n<h2>En el seg\u00fcent v\u00eddeo t&#8217;expliquem la gran import\u00e0ncia d&#8217;instal\u00b7lar el term\u00f2stat Junkers CR80RF juntament amb la teva caldera Junkers ZWB28-1A de condensaci\u00f3:&nbsp;<\/h2>\n<div class=\"video-shortcode\"><iframe class=\"lazyload\" title=\"CR80 RF de Junkers - Termostato inal\u00e1mbrico caldera\" width=\"1200\" height=\"675\" src=\"data:image\/svg+xml,%3Csvg%20xmlns%3D%27http%3A%2F%2Fwww.w3.org%2F2000%2Fsvg%27%20width%3D%271200%27%20height%3D%27675%27%20viewBox%3D%270%200%201200%20675%27%3E%3Crect%20width%3D%271200%27%20height%3D%27675%27%20fill-opacity%3D%220%22%2F%3E%3C%2Fsvg%3E\" data-orig-src=\"https:\/\/www.youtube.com\/embed\/B3q_sACjiuo?feature=oembed\" frameborder=\"0\" allow=\"accelerometer; autoplay; clipboard-write; encrypted-media; gyroscope; picture-in-picture; web-share\" referrerpolicy=\"strict-origin-when-cross-origin\" allowfullscreen><\/iframe><\/div>\n<p><strong>Vols saber qu\u00e8 \u00e9s la normativa Erp i perqu\u00e8 \u00e9s tant important que les calderes la cumpleixin? En el seg\u00fcent video Junkers ens ho explica:<\/strong><\/p>\n<p>https:\/\/www.youtube.com\/watch?v=-Frq_MEkJqA<\/p>\n<h2>Caracter\u00edstiques ZWB 28-1A:<\/h2>\n<p>\u2022 Classificaci\u00f3 energ\u00e8tica A (Calefacci\u00f3 i aigua calenta sanit\u00e0ria).<br \/>\n\u2022 25kW de potencia en calefacci\u00f3 i 28kW en aigua calenta sanit\u00e0ria<br \/>\n\u2022 Microacumulaci\u00f3 i sistema Quicktap en aigua calenta.<br \/>\n\u2022 Multidisplay de gran mida amb icones informatives i missatges de text.<br \/>\n\u2022 Bastidor amb vas d\u2019expansi\u00f3 i plantilla inclosa per tal de facilitar el muntatge.<br \/>\n\u2022 Compatibilitat amb gama actual i nova gama de controladors.<br \/>\n\u2022 Electr\u00f2nica Bosch Heatronic 4 amb gesti\u00f3 de corba clim\u00e0tica sense necessitat de m\u00f2duls addicionals.<br \/>\n\u2022 Intercanviador de calor Alumini \u2013 Silici dissenyat i fabricat amb tecnologia Bosch,<br \/>\n\u2022 Compatible amb sistemes solars.<br \/>\n\u2022 Millor efici\u00e8ncia i menors emissions.<br \/>\n\u2022 Dimensions compactes (Alt x ample x fons): 690 x 390 x 280mm.<\/p>\n<p>&nbsp;<\/p>\n<h2 style=\"text-align: justify;\">Per qu\u00e8 escollir&nbsp;<span style=\"color: #1eeb70;\">JAG Alcaide&nbsp;<\/span><span style=\"font-size: 16px; line-height: 1.5;\">per a instal\u00b7lar la teva Junkers Cerapur ZWB 28-1A?<\/span><\/h2>\n<ol>\n<li style=\"text-align: justify;\">Perqu\u00e8 portem <strong><u>m\u00e9s de 60 anys instal\u00b7lant \u00fanicament Junkers<\/u><\/strong>, de forma que coneixem tots els secrets de la marca i podem reaccionar de forma r\u00e0pida i efica\u00e7 en cas que sorgeixi qualsevol inconvenient durant la instal\u00b7laci\u00f3.<\/li>\n<li style=\"text-align: justify;\">Perqu\u00e8 ens comprometem <strong>en tots els casos<\/strong> a deixar la teva caldera funcionant perfectament al acabar la instal\u00b7laci\u00f3.<\/li>\n<li style=\"text-align: justify;\">Perqu\u00e8 oferim <strong>assessorament telef\u00f2nic i f\u00edsic<\/strong> per a qualsevol dubte que et pugui sorgir (A les nostres oficines al barri de Gr\u00e0cia).<\/li>\n<li style=\"text-align: justify;\">Perqu\u00e8 el nostre servei inclou el seg\u00fcent:\n<ul>\n<li><strong>Retirada de caldera antiga<\/strong> i portada al punt de reciclatge.<\/li>\n<li>Adaptaci\u00f3 dels circuits d\u2019aigua calenta, aigua freda, anada i retorn de calefacci\u00f3, i gas a les noves mides i caracter\u00edstiques de la Junkers <strong>ZWB 28-1A<\/strong>.<\/li>\n<li><strong>Connexi\u00f3 de desaigua de condensats<\/strong> de caldera a desaigua existent a l\u2019empla\u00e7ament on hagi de ser instal\u00b7lada.<\/li>\n<li><strong>Instal\u00b7laci\u00f3 de sortida de fums incloent kit de 0,8m i colze de 90\u00ba.<\/strong> Si s\u2019ha d\u2019afegir m\u00e9s sortida de fums nom\u00e9s es facturar\u00e0 el material i no la m\u00e0 d\u2019obra.<\/li>\n<li><strong>Posada en marxa de la Junkers ZWB 28-1A per un t\u00e8cnic del nostre SAT i un any de manteniment gratu\u00eft<\/strong>. En la posada en marxa a m\u00e9s de revisar que la caldera combustioni perfectament, es facilitar\u00e0 al client el certificat de manteniment obligatori segons ITE 3 del reglament d\u2019instal\u00b7lacions t\u00e8rmiques (RITE).<\/li>\n<\/ul>\n<\/li>\n<li style=\"text-align: justify;\">Perqu\u00e8 ens comprometen a gestionar les garanties nosaltres mateixos i a <strong>intervenir en qualsevol problema que sorgeixi amb la caldera en les seg\u00fcents 24h.<\/strong><\/li>\n<li style=\"text-align: justify;\">Perqu\u00e8 \u00e9s la <strong>nostra vocaci\u00f3 de servei i el nostre enfocament cap al client<\/strong> el que ens ha perm\u00e8s tenir m\u00e9s de 60 anys d\u2019experi\u00e8ncia a les nostres esquenes.<\/li>\n<\/ol>\n<p>&nbsp;<\/p>\n","protected":false},"excerpt":{"rendered":"<p>Junkers ZWB 28-1A Model CerapurExcellence Compact Preu:&nbsp;2060\u20ac (Instal\u00b7laci\u00f3 i IVA incl\u00f2s). REGAL TERMOSTAT JUNKERS MODULANT PROGRAMADOR SENSE FILS CR 80&nbsp;RF Preu:&nbsp;2060\u20ac (Instal\u00b7laci\u00f3 i IVA incl\u00f2s). Fabricant: Junkers, grup Bosch. Tipus: Condensaci\u00f3, adaptada a normativa Erp. [&hellip;]<\/p>\n","protected":false},"featured_media":1670,"comment_status":"open","ping_status":"closed","template":"","meta":{"_acf_changed":false,"_yoast_wpseo_focuskw":"Junkers ZWB 28-1A","_yoast_wpseo_title":"Caldera model Junkers ZWB 28-1A Cerapur Excellence Compact per nom\u00e9s 2060\u20ac!","_yoast_wpseo_metadesc":"Caldera model Junkers ZWB 28-1A Cerapur Excellence Compact per nom\u00e9s 2060\u20ac! IVA incl\u00f2s, millor preu, millors ressenyes"},"product_brand":[],"product_cat":[463,499,485,525,501],"product_tag":[],"class_list":{"0":"post-2939","1":"product","2":"type-product","3":"status-publish","4":"has-post-thumbnail","6":"product_cat-calderes","7":"product_cat-cerapurexcellence-ca","8":"product_cat-junkers-ca","9":"product_cat-totes","10":"product_cat-zwb-28-1a-ca","12":"first","13":"instock","14":"sale","15":"taxable","16":"shipping-taxable","17":"purchasable","18":"product-type-simple"},"acf":[],"yoast_head":"<!-- This site is optimized with the Yoast SEO plugin v27.3 - https:\/\/yoast.com\/product\/yoast-seo-wordpress\/ -->\n<title>Caldera model Junkers ZWB 28-1A Cerapur Excellence Compact per nom\u00e9s 2060\u20ac!<\/title>\n<meta name=\"description\" content=\"Caldera model Junkers ZWB 28-1A Cerapur Excellence Compact per nom\u00e9s 2060\u20ac! IVA incl\u00f2s, millor preu, millors ressenyes\" \/>\n<meta name=\"robots\" content=\"index, follow, max-snippet:-1, max-image-preview:large, max-video-preview:-1\" \/>\n<link rel=\"canonical\" href=\"https:\/\/www.jagalcaide.com\/ca\/producte\/junkers-zwb-28-1a-cerapurexcellence-compact\/\" \/>\n<meta property=\"og:locale\" content=\"ca_ES\" \/>\n<meta property=\"og:type\" content=\"article\" \/>\n<meta property=\"og:title\" content=\"Caldera model Junkers ZWB 28-1A Cerapur Excellence Compact per nom\u00e9s 2060\u20ac!\" \/>\n<meta property=\"og:description\" content=\"Caldera model Junkers ZWB 28-1A Cerapur Excellence Compact per nom\u00e9s 2060\u20ac! IVA incl\u00f2s, millor preu, millors ressenyes\" \/>\n<meta property=\"og:url\" content=\"https:\/\/www.jagalcaide.com\/ca\/producte\/junkers-zwb-28-1a-cerapurexcellence-compact\/\" \/>\n<meta property=\"og:site_name\" content=\"JAG ALCAIDE \u2013 Instalaci\u00f3n, reparaci\u00f3n y mantenimiento en Barcelona\" \/>\n<meta property=\"article:modified_time\" content=\"2026-02-24T14:16:05+00:00\" \/>\n<meta property=\"og:image\" content=\"https:\/\/www.jagalcaide.com\/wp-content\/uploads\/2022\/11\/caldera-mural-condensacion-junkers-cerapurexcellence-compact-zwb-28-1a-gas-nat-14786162z0-13284467.jpg\" \/>\n\t<meta property=\"og:image:width\" content=\"500\" \/>\n\t<meta property=\"og:image:height\" content=\"500\" \/>\n\t<meta property=\"og:image:type\" content=\"image\/jpeg\" \/>\n<meta name=\"twitter:card\" content=\"summary_large_image\" \/>\n<meta name=\"twitter:site\" content=\"@JAGAlcaideSL\" \/>\n<meta name=\"twitter:label1\" content=\"Temps estimat de lectura\" \/>\n\t<meta name=\"twitter:data1\" content=\"5 minuts\" \/>\n<script type=\"application\/ld+json\" class=\"yoast-schema-graph\">{\"@context\":\"https:\\\/\\\/schema.org\",\"@graph\":[{\"@type\":\"WebPage\",\"@id\":\"https:\\\/\\\/www.jagalcaide.com\\\/ca\\\/producte\\\/junkers-zwb-28-1a-cerapurexcellence-compact\\\/\",\"url\":\"https:\\\/\\\/www.jagalcaide.com\\\/ca\\\/producte\\\/junkers-zwb-28-1a-cerapurexcellence-compact\\\/\",\"name\":\"Caldera model Junkers ZWB 28-1A Cerapur Excellence Compact per nom\u00e9s 2060\u20ac!\",\"isPartOf\":{\"@id\":\"https:\\\/\\\/www.jagalcaide.com\\\/ca\\\/#website\"},\"primaryImageOfPage\":{\"@id\":\"https:\\\/\\\/www.jagalcaide.com\\\/ca\\\/producte\\\/junkers-zwb-28-1a-cerapurexcellence-compact\\\/#primaryimage\"},\"image\":{\"@id\":\"https:\\\/\\\/www.jagalcaide.com\\\/ca\\\/producte\\\/junkers-zwb-28-1a-cerapurexcellence-compact\\\/#primaryimage\"},\"thumbnailUrl\":\"https:\\\/\\\/www.jagalcaide.com\\\/wp-content\\\/uploads\\\/2022\\\/11\\\/caldera-mural-condensacion-junkers-cerapurexcellence-compact-zwb-28-1a-gas-nat-14786162z0-13284467.jpg\",\"datePublished\":\"2016-03-04T17:44:00+00:00\",\"dateModified\":\"2026-02-24T14:16:05+00:00\",\"description\":\"Caldera model Junkers ZWB 28-1A Cerapur Excellence Compact per nom\u00e9s 2060\u20ac! IVA incl\u00f2s, millor preu, millors ressenyes\",\"breadcrumb\":{\"@id\":\"https:\\\/\\\/www.jagalcaide.com\\\/ca\\\/producte\\\/junkers-zwb-28-1a-cerapurexcellence-compact\\\/#breadcrumb\"},\"inLanguage\":\"ca\",\"potentialAction\":[{\"@type\":\"ReadAction\",\"target\":[\"https:\\\/\\\/www.jagalcaide.com\\\/ca\\\/producte\\\/junkers-zwb-28-1a-cerapurexcellence-compact\\\/\"]}]},{\"@type\":\"ImageObject\",\"inLanguage\":\"ca\",\"@id\":\"https:\\\/\\\/www.jagalcaide.com\\\/ca\\\/producte\\\/junkers-zwb-28-1a-cerapurexcellence-compact\\\/#primaryimage\",\"url\":\"https:\\\/\\\/www.jagalcaide.com\\\/wp-content\\\/uploads\\\/2022\\\/11\\\/caldera-mural-condensacion-junkers-cerapurexcellence-compact-zwb-28-1a-gas-nat-14786162z0-13284467.jpg\",\"contentUrl\":\"https:\\\/\\\/www.jagalcaide.com\\\/wp-content\\\/uploads\\\/2022\\\/11\\\/caldera-mural-condensacion-junkers-cerapurexcellence-compact-zwb-28-1a-gas-nat-14786162z0-13284467.jpg\",\"width\":500,\"height\":500,\"caption\":\"Aire Acondicionado Mitsubishi MSZ-BT20VGK\"},{\"@type\":\"BreadcrumbList\",\"@id\":\"https:\\\/\\\/www.jagalcaide.com\\\/ca\\\/producte\\\/junkers-zwb-28-1a-cerapurexcellence-compact\\\/#breadcrumb\",\"itemListElement\":[{\"@type\":\"ListItem\",\"position\":1,\"name\":\"Portada\",\"item\":\"https:\\\/\\\/www.jagalcaide.com\\\/ca\\\/\"},{\"@type\":\"ListItem\",\"position\":2,\"name\":\"Woocommerce shop\",\"item\":\"https:\\\/\\\/www.jagalcaide.com\\\/woocommerce-shop\\\/\"},{\"@type\":\"ListItem\",\"position\":3,\"name\":\"Calderes Junkers ZWB 28-1A CerapurExcellence Compact\"}]},{\"@type\":\"WebSite\",\"@id\":\"https:\\\/\\\/www.jagalcaide.com\\\/ca\\\/#website\",\"url\":\"https:\\\/\\\/www.jagalcaide.com\\\/ca\\\/\",\"name\":\"JAG Alcaide - Instalaci\u00f3n y reparaci\u00f3n de Aire Acondicionado y Calderas\",\"description\":\"Otro sitio realizado con WordPress\",\"publisher\":{\"@id\":\"https:\\\/\\\/www.jagalcaide.com\\\/ca\\\/#organization\"},\"potentialAction\":[{\"@type\":\"SearchAction\",\"target\":{\"@type\":\"EntryPoint\",\"urlTemplate\":\"https:\\\/\\\/www.jagalcaide.com\\\/ca\\\/?s={search_term_string}\"},\"query-input\":{\"@type\":\"PropertyValueSpecification\",\"valueRequired\":true,\"valueName\":\"search_term_string\"}}],\"inLanguage\":\"ca\"},{\"@type\":\"Organization\",\"@id\":\"https:\\\/\\\/www.jagalcaide.com\\\/ca\\\/#organization\",\"name\":\"JAG Alcaide\",\"url\":\"https:\\\/\\\/www.jagalcaide.com\\\/ca\\\/\",\"logo\":{\"@type\":\"ImageObject\",\"inLanguage\":\"ca\",\"@id\":\"https:\\\/\\\/www.jagalcaide.com\\\/ca\\\/#\\\/schema\\\/logo\\\/image\\\/\",\"url\":\"https:\\\/\\\/www.jagalcaide.com\\\/wp-content\\\/uploads\\\/2023\\\/05\\\/logo-alcaide-gran.jpg\",\"contentUrl\":\"https:\\\/\\\/www.jagalcaide.com\\\/wp-content\\\/uploads\\\/2023\\\/05\\\/logo-alcaide-gran.jpg\",\"width\":696,\"height\":696,\"caption\":\"JAG Alcaide\"},\"image\":{\"@id\":\"https:\\\/\\\/www.jagalcaide.com\\\/ca\\\/#\\\/schema\\\/logo\\\/image\\\/\"},\"sameAs\":[\"https:\\\/\\\/x.com\\\/JAGAlcaideSL\",\"https:\\\/\\\/www.instagram.com\\\/jagalcaide\\\/\",\"https:\\\/\\\/www.linkedin.com\\\/company\\\/j-a-g-alcaide-s-l-\"]}]}<\/script>\n<!-- \/ Yoast SEO plugin. -->","yoast_head_json":{"title":"Caldera model Junkers ZWB 28-1A Cerapur Excellence Compact per nom\u00e9s 2060\u20ac!","description":"Caldera model Junkers ZWB 28-1A Cerapur Excellence Compact per nom\u00e9s 2060\u20ac! IVA incl\u00f2s, millor preu, millors ressenyes","robots":{"index":"index","follow":"follow","max-snippet":"max-snippet:-1","max-image-preview":"max-image-preview:large","max-video-preview":"max-video-preview:-1"},"canonical":"https:\/\/www.jagalcaide.com\/ca\/producte\/junkers-zwb-28-1a-cerapurexcellence-compact\/","og_locale":"ca_ES","og_type":"article","og_title":"Caldera model Junkers ZWB 28-1A Cerapur Excellence Compact per nom\u00e9s 2060\u20ac!","og_description":"Caldera model Junkers ZWB 28-1A Cerapur Excellence Compact per nom\u00e9s 2060\u20ac! IVA incl\u00f2s, millor preu, millors ressenyes","og_url":"https:\/\/www.jagalcaide.com\/ca\/producte\/junkers-zwb-28-1a-cerapurexcellence-compact\/","og_site_name":"JAG ALCAIDE \u2013 Instalaci\u00f3n, reparaci\u00f3n y mantenimiento en Barcelona","article_modified_time":"2026-02-24T14:16:05+00:00","og_image":[{"width":500,"height":500,"url":"https:\/\/www.jagalcaide.com\/wp-content\/uploads\/2022\/11\/caldera-mural-condensacion-junkers-cerapurexcellence-compact-zwb-28-1a-gas-nat-14786162z0-13284467.jpg","type":"image\/jpeg"}],"twitter_card":"summary_large_image","twitter_site":"@JAGAlcaideSL","twitter_misc":{"Temps estimat de lectura":"5 minuts"},"schema":{"@context":"https:\/\/schema.org","@graph":[{"@type":"WebPage","@id":"https:\/\/www.jagalcaide.com\/ca\/producte\/junkers-zwb-28-1a-cerapurexcellence-compact\/","url":"https:\/\/www.jagalcaide.com\/ca\/producte\/junkers-zwb-28-1a-cerapurexcellence-compact\/","name":"Caldera model Junkers ZWB 28-1A Cerapur Excellence Compact per nom\u00e9s 2060\u20ac!","isPartOf":{"@id":"https:\/\/www.jagalcaide.com\/ca\/#website"},"primaryImageOfPage":{"@id":"https:\/\/www.jagalcaide.com\/ca\/producte\/junkers-zwb-28-1a-cerapurexcellence-compact\/#primaryimage"},"image":{"@id":"https:\/\/www.jagalcaide.com\/ca\/producte\/junkers-zwb-28-1a-cerapurexcellence-compact\/#primaryimage"},"thumbnailUrl":"https:\/\/www.jagalcaide.com\/wp-content\/uploads\/2022\/11\/caldera-mural-condensacion-junkers-cerapurexcellence-compact-zwb-28-1a-gas-nat-14786162z0-13284467.jpg","datePublished":"2016-03-04T17:44:00+00:00","dateModified":"2026-02-24T14:16:05+00:00","description":"Caldera model Junkers ZWB 28-1A Cerapur Excellence Compact per nom\u00e9s 2060\u20ac! IVA incl\u00f2s, millor preu, millors ressenyes","breadcrumb":{"@id":"https:\/\/www.jagalcaide.com\/ca\/producte\/junkers-zwb-28-1a-cerapurexcellence-compact\/#breadcrumb"},"inLanguage":"ca","potentialAction":[{"@type":"ReadAction","target":["https:\/\/www.jagalcaide.com\/ca\/producte\/junkers-zwb-28-1a-cerapurexcellence-compact\/"]}]},{"@type":"ImageObject","inLanguage":"ca","@id":"https:\/\/www.jagalcaide.com\/ca\/producte\/junkers-zwb-28-1a-cerapurexcellence-compact\/#primaryimage","url":"https:\/\/www.jagalcaide.com\/wp-content\/uploads\/2022\/11\/caldera-mural-condensacion-junkers-cerapurexcellence-compact-zwb-28-1a-gas-nat-14786162z0-13284467.jpg","contentUrl":"https:\/\/www.jagalcaide.com\/wp-content\/uploads\/2022\/11\/caldera-mural-condensacion-junkers-cerapurexcellence-compact-zwb-28-1a-gas-nat-14786162z0-13284467.jpg","width":500,"height":500,"caption":"Aire Acondicionado Mitsubishi MSZ-BT20VGK"},{"@type":"BreadcrumbList","@id":"https:\/\/www.jagalcaide.com\/ca\/producte\/junkers-zwb-28-1a-cerapurexcellence-compact\/#breadcrumb","itemListElement":[{"@type":"ListItem","position":1,"name":"Portada","item":"https:\/\/www.jagalcaide.com\/ca\/"},{"@type":"ListItem","position":2,"name":"Woocommerce shop","item":"https:\/\/www.jagalcaide.com\/woocommerce-shop\/"},{"@type":"ListItem","position":3,"name":"Calderes Junkers ZWB 28-1A CerapurExcellence Compact"}]},{"@type":"WebSite","@id":"https:\/\/www.jagalcaide.com\/ca\/#website","url":"https:\/\/www.jagalcaide.com\/ca\/","name":"JAG Alcaide - Instalaci\u00f3n y reparaci\u00f3n de Aire Acondicionado y Calderas","description":"Otro sitio realizado con WordPress","publisher":{"@id":"https:\/\/www.jagalcaide.com\/ca\/#organization"},"potentialAction":[{"@type":"SearchAction","target":{"@type":"EntryPoint","urlTemplate":"https:\/\/www.jagalcaide.com\/ca\/?s={search_term_string}"},"query-input":{"@type":"PropertyValueSpecification","valueRequired":true,"valueName":"search_term_string"}}],"inLanguage":"ca"},{"@type":"Organization","@id":"https:\/\/www.jagalcaide.com\/ca\/#organization","name":"JAG Alcaide","url":"https:\/\/www.jagalcaide.com\/ca\/","logo":{"@type":"ImageObject","inLanguage":"ca","@id":"https:\/\/www.jagalcaide.com\/ca\/#\/schema\/logo\/image\/","url":"https:\/\/www.jagalcaide.com\/wp-content\/uploads\/2023\/05\/logo-alcaide-gran.jpg","contentUrl":"https:\/\/www.jagalcaide.com\/wp-content\/uploads\/2023\/05\/logo-alcaide-gran.jpg","width":696,"height":696,"caption":"JAG Alcaide"},"image":{"@id":"https:\/\/www.jagalcaide.com\/ca\/#\/schema\/logo\/image\/"},"sameAs":["https:\/\/x.com\/JAGAlcaideSL","https:\/\/www.instagram.com\/jagalcaide\/","https:\/\/www.linkedin.com\/company\/j-a-g-alcaide-s-l-"]}]}},"wpml_current_locale":"ca","wpml_translations":{"en_US":{"locale":"en_US","id":2940,"slug":"junkers-zwb-28-1a-cerapurexcellence-compact","post_title":"Boiler Junkers ZWB 28-1A CerapurExcellence Compact","href":"https:\/\/www.jagalcaide.com\/en\/producto\/junkers-zwb-28-1a-cerapurexcellence-compact\/"},"es_ES":{"locale":"es_ES","id":1515,"slug":"junkers-zwb-28-1a","post_title":"Junkers ZWB 28-1A CerapurExcellence Compact","href":"https:\/\/www.jagalcaide.com\/?post_type=product&p=1515"}},"_links":{"self":[{"href":"https:\/\/www.jagalcaide.com\/ca\/wp-json\/wp\/v2\/product\/2939","targetHints":{"allow":["GET"]}}],"collection":[{"href":"https:\/\/www.jagalcaide.com\/ca\/wp-json\/wp\/v2\/product"}],"about":[{"href":"https:\/\/www.jagalcaide.com\/ca\/wp-json\/wp\/v2\/types\/product"}],"replies":[{"embeddable":true,"href":"https:\/\/www.jagalcaide.com\/ca\/wp-json\/wp\/v2\/comments?post=2939"}],"wp:featuredmedia":[{"embeddable":true,"href":"https:\/\/www.jagalcaide.com\/ca\/wp-json\/wp\/v2\/media\/1670"}],"wp:attachment":[{"href":"https:\/\/www.jagalcaide.com\/ca\/wp-json\/wp\/v2\/media?parent=2939"}],"wp:term":[{"taxonomy":"product_brand","embeddable":true,"href":"https:\/\/www.jagalcaide.com\/ca\/wp-json\/wp\/v2\/product_brand?post=2939"},{"taxonomy":"product_cat","embeddable":true,"href":"https:\/\/www.jagalcaide.com\/ca\/wp-json\/wp\/v2\/product_cat?post=2939"},{"taxonomy":"product_tag","embeddable":true,"href":"https:\/\/www.jagalcaide.com\/ca\/wp-json\/wp\/v2\/product_tag?post=2939"}],"curies":[{"name":"wp","href":"https:\/\/api.w.org\/{rel}","templated":true}]}}