{"id":2945,"date":"2016-02-25T12:06:00","date_gmt":"2016-02-25T12:06:00","guid":{"rendered":"https:\/\/www.jagalcaide.com\/producto\/junkers-zwbe-30-3c-cerapurcomfort\/"},"modified":"2026-02-24T14:11:19","modified_gmt":"2026-02-24T14:11:19","slug":"junkers-zwbe-30-3c-cerapurcomfort","status":"publish","type":"product","link":"https:\/\/www.jagalcaide.com\/ca\/producte\/junkers-zwbe-30-3c-cerapurcomfort\/","title":{"rendered":"Caldera Junkers ZWBE 30-3C CerapurComfort"},"content":{"rendered":"<h1 style=\"line-height: 18pt; text-align: center;\"><span style=\"color: #ffff99;\"><em><strong>Junkers<\/strong><\/em><\/span><\/h1>\n<h1 style=\"line-height: 18pt; text-align: center;\"><em><strong>ZWBE 30<\/strong><\/em><\/h1>\n<h2 style=\"text-align: center;\"><strong>Model&nbsp;CerapurComfort<\/strong><\/h2>\n<h3 style=\"text-align: center;\"><strong>Preu: 1845\u20ac (Instal\u00b7laci\u00f3 i IVA incl\u00f2s)<\/strong><\/h3>\n<p style=\"text-align: center;\"><strong>REGAL TERMOSTAT JUNKERS MODULANT PROGRAMADOR SENSE FILS CR 80&nbsp;RF<\/strong><\/p>\n<hr>\n<p>&nbsp;<\/p>\n<p><strong>Fabricant: <\/strong>Junkers, Grup Bosch.<\/p>\n<p><strong>Tipus: <\/strong>Condensaci\u00f3 adaptada a normativa Erp.<\/p>\n<p><strong>Potencia: <\/strong>30kW en Aigua calenta sanit\u00e0ria (ACS) i 25kW en calefacci\u00f3.<\/p>\n<p><strong>Qualificaci\u00f3 energ\u00e8tica: <\/strong>A en ACS (XL) i A en calefacci\u00f3.<\/p>\n<p><strong>Electr\u00f2nica: <\/strong>Heatronic i<\/p>\n<p><strong>Mides: <\/strong>(Alt x ample x fons): 710 x 400 x 330<\/p>\n<p><strong>Descripci\u00f3:<\/strong><\/p>\n<p><em>Gran efici\u00e8ncia i \u00f2ptim disseny. La mateixa facilitat d\u2019instal\u00b7laci\u00f3 amb controls totalment digitals.<\/em><\/p>\n<h2><strong>Vols coneixer quines novetats suposa la nova caldera Junkers ZWBE 30-3c?<\/strong><\/h2>\n<h3><strong>La nova caldera Junkers ZWBE30-3C CerapurComfort suposa una contribuci\u00f3 a l\u2019efici\u00e8ncia energ\u00e8tica i evoluci\u00f3 cap a un disseny millorat, mantenint les m\u00ednimes dimensions.<\/strong><\/h3>\n<p>Sistema de microacumulaci\u00f3, que permetr\u00e0 obtenir el major confort en aigua calenta sanit\u00e0ria, ja que d\u2019aquesta forma hi ha temps d\u2019espera curts per a la utilitzaci\u00f3 de l\u2019aigua calenta i major estabilitat de temperatura davant les variacions de demanda. La CerapurComfort ZWBE 30-3C, amb fins a un 94% de rendiment, et permet arribar a una qualificaci\u00f3 energ\u00e8tica d\u2019A+ en combinaci\u00f3 amb controladors Junkers.<\/p>\n<p>A m\u00e9s d\u2019una f\u00e0cil navegaci\u00f3 per tots els men\u00fas, la nova electr\u00f2nica Heatronic i aconsegueix un \u00f2ptim ajustament per a un millor funcionament. Tot aix\u00ed \u00e9s visible, gr\u00e0cies al gran display multifunci\u00f3 amb icones i missatges de text que permeten con\u00e8ixer l\u2019estat de la caldera.<\/p>\n<p>La gama de calderes CerapurComfort ZWBE 30-3C porten incorporada una bomba modulant amb el proposit de maximitzar l&#8217;estalvi tant de gas com d&#8217;electricitat.<\/p>\n<h2>A m\u00e9s et regalem un termostat modulant Junkers CR 80&nbsp;RF!<\/h2>\n<p>Amb la compra de la teva caldera Junkers ZWBE 30-3C et regalem el termostat&nbsp;<strong>Junkers CR 80&nbsp;RF<\/strong>: Termostat modulant , programador digital i sense fils (PVP de tarifa 160\u20ac+IVA)<\/p>\n<p><a href=\"http:\/\/www.jagalcaide.com\/wp-content\/uploads\/2016\/11\/CR-80-RF.jpg\"><img decoding=\"async\" class=\"lazyload aligncenter wp-image-3544 size-full\" src=\"data:image\/svg+xml,%3Csvg%20xmlns%3D%27http%3A%2F%2Fwww.w3.org%2F2000%2Fsvg%27%20width%3D%27559%27%20height%3D%27354%27%20viewBox%3D%270%200%20559%20354%27%3E%3Crect%20width%3D%27559%27%20height%3D%27354%27%20fill-opacity%3D%220%22%2F%3E%3C%2Fsvg%3E\" data-orig-src=\"https:\/\/www.jagalcaide.com\/wp-content\/uploads\/2016\/11\/CR-80-RF.jpg\" width=\"559\" height=\"354\"><\/a><\/p>\n<h2>&nbsp;<\/h2>\n<h2>En el seg\u00fcent v\u00eddeo t&#8217;expliquem la gran import\u00e0ncia d&#8217;instal\u00b7lar el term\u00f2stat Junkers CR80RF juntament amb la teva caldera Junkers ZWBE 30-3C&nbsp;de condensaci\u00f3:&nbsp;<\/h2>\n<div class=\"video-shortcode\"><iframe class=\"lazyload\" title=\"CR80 RF de Junkers - Termostato inal\u00e1mbrico caldera\" width=\"1200\" height=\"675\" src=\"data:image\/svg+xml,%3Csvg%20xmlns%3D%27http%3A%2F%2Fwww.w3.org%2F2000%2Fsvg%27%20width%3D%271200%27%20height%3D%27675%27%20viewBox%3D%270%200%201200%20675%27%3E%3Crect%20width%3D%271200%27%20height%3D%27675%27%20fill-opacity%3D%220%22%2F%3E%3C%2Fsvg%3E\" data-orig-src=\"https:\/\/www.youtube.com\/embed\/B3q_sACjiuo?feature=oembed\" frameborder=\"0\" allow=\"accelerometer; autoplay; clipboard-write; encrypted-media; gyroscope; picture-in-picture; web-share\" referrerpolicy=\"strict-origin-when-cross-origin\" allowfullscreen><\/iframe><\/div>\n<p><strong>Vols saber qu\u00e8 \u00e9s la normativa Erp i perqu\u00e8 \u00e9s tant important que les calderes la cumpleixin? En el seg\u00fcent video Junkers ens ho explica:<\/strong><\/p>\n<p>https:\/\/www.youtube.com\/watch?v=-Frq_MEkJqA<\/p>\n<p>A m\u00e9s de totes les caracter\u00edstiques mencionades anteriorment, una altra de les grans virtuts d\u2019aquesta gama \u00e9s el seu bloc de calor. Els blocs t\u00e8rmics d\u2019alumini silici de les calderes de condensaci\u00f3 Junkers han estat, des de sempre, totalment desenvolupats i fabricats per ells mateixos. Un material d\u2019alta qualitat amb excel\u00b7lents caracter\u00edstiques t\u00e8cniques i rendiment, en comparaci\u00f3 amb altres blocs t\u00e8rmics fabricats amb acer inoxidable. La densitat de l\u2019alumini \u00e9s una tercera part de la densitat de l\u2019acer inoxidable. Aix\u00f2 significa que l\u2019alumini t\u00e9 una in\u00e8rcia t\u00e8rmica baixa, qualitat que li permet reaccionar m\u00e9s r\u00e0pidament als ambients de c\u00e0rrega. La seva conductivitat t\u00e8rmica \u00e9s \u2013 depenent del tipus de l\u2019alumini utilitzat- fins a 14 vegades millor que la de l\u2019acer inoxidable, generant d\u2019aquesta forma alts valors d\u2019efici\u00e8ncia. A m\u00e9s, les calderes fabricades en alumini son generalment m\u00e9s lleugeres i per tant m\u00e9s f\u00e0cils de transportar i instal\u00b7lar. L\u2019alumini permet en la producci\u00f3 de calderes un intercanviador m\u00e9s compacte.<\/p>\n<p><strong>Qu\u00e8 s\u2019espera d\u2019un bloc t\u00e8rmic?<\/strong><\/p>\n<p>\u2022 Elevada robustesa.<br \/>\n\u2022 Una major potencia de l\u2019intercanviador.<br \/>\n\u2022 Confian\u00e7a total en el seu funcionament.<br \/>\n\u2022 Que tingui en compte la protecci\u00f3 mediambiental.<br \/>\n\u2022 Baix soroll de funcionament.<\/p>\n<p><strong>Quins son els avantatges d\u2019utilitzar alumini silici en la fabricaci\u00f3 del bloc t\u00e8rmic?<\/strong><\/p>\n<p>\u2022 Una major resist\u00e8ncia a la calcificaci\u00f3 i a la brut\u00edcia, degut a la disposici\u00f3 dels canals d\u2019aigua.<br \/>\n\u2022 El bloc t\u00e8rmic funciona de forma fiable i sense sorolls d\u2019ebullici\u00f3.<br \/>\n\u2022 Un bloc t\u00e8rmic d\u2019alumini silici garanteix un funcionament silenci\u00f3s.<br \/>\n\u2022 Menor risc de xoc t\u00e8rmic, evitant fissures i en conseq\u00fc\u00e8ncia fugues d\u2019aigua.<\/p>\n<p><a href=\"http:\/\/www.jagalcaide.com\/wp-content\/uploads\/2016\/02\/Intercambiador-Junkers-aluminio-silicio.jpg\" rel=\"attachment wp-att-3392\"><img decoding=\"async\" class=\"lazyload size-full wp-image-3392 alignleft\" src=\"data:image\/svg+xml,%3Csvg%20xmlns%3D%27http%3A%2F%2Fwww.w3.org%2F2000%2Fsvg%27%20width%3D%27303%27%20height%3D%27193%27%20viewBox%3D%270%200%20303%20193%27%3E%3Crect%20width%3D%27303%27%20height%3D%27193%27%20fill-opacity%3D%220%22%2F%3E%3C%2Fsvg%3E\" data-orig-src=\"https:\/\/www.jagalcaide.com\/wp-content\/uploads\/2016\/02\/Intercambiador-Junkers-aluminio-silicio.jpg\" alt=\"Intercambiador Junkers aluminio silicio\" width=\"303\" height=\"193\"><\/a><\/p>\n<p>&nbsp;<\/p>\n<p>&nbsp;<\/p>\n<p>&nbsp;<\/p>\n<p>&nbsp;<\/p>\n<p>&nbsp;<\/p>\n<p>&nbsp;<\/p>\n<h2 style=\"text-align: justify;\">Per qu\u00e8 escollir&nbsp;<span style=\"color: #1eeb70;\">JAG Alcaide&nbsp;<\/span><span style=\"font-size: 16px; line-height: 1.5;\">per a instal\u00b7lar la teva Junkers Cerapur ZWBE 30-3C?<\/span><\/h2>\n<ol>\n<li style=\"text-align: justify;\">Perqu\u00e8 portem <strong><u>m\u00e9s de 60 anys instal\u00b7lant \u00fanicament Junkers<\/u><\/strong>, de forma que coneixem tots els secrets de la marca i podem reaccionar de forma r\u00e0pida i efica\u00e7 en cas que sorgeixi qualsevol inconvenient durant la instal\u00b7laci\u00f3.<\/li>\n<li style=\"text-align: justify;\">Perqu\u00e8 ens comprometem <strong>en tots els casos<\/strong> a deixar la teva caldera funcionant perfectament al acabar la instal\u00b7laci\u00f3.<\/li>\n<li style=\"text-align: justify;\">Perqu\u00e8 oferim <strong>assessorament telef\u00f2nic i f\u00edsic<\/strong> per a qualsevol dubte que et pugui sorgir (A les nostres oficines al barri de Gr\u00e0cia).<\/li>\n<li style=\"text-align: justify;\">Perqu\u00e8 el nostre servei inclou el seg\u00fcent:\n<ul>\n<li><strong>Retirada de caldera antiga<\/strong> i portada al punt de reciclatge.<\/li>\n<li>Adaptaci\u00f3 dels circuits d\u2019aigua calenta, aigua freda, anada i retorn de calefacci\u00f3, i gas a les noves mides i caracter\u00edstiques de la Junkers ZWBE 30-3C.<\/li>\n<li><strong>Connexi\u00f3 de desaigua de condensats<\/strong> de caldera a desaigua existent a l\u2019empla\u00e7ament on hagi de ser instal\u00b7lada.<\/li>\n<li><strong>Instal\u00b7laci\u00f3 de sortida de fums incloent kit de 0,8m i colze de 90\u00ba.<\/strong> Si s\u2019ha d\u2019afegir m\u00e9s sortida de fums nom\u00e9s es facturar\u00e0 el material i no la m\u00e0 d\u2019obra.<\/li>\n<li><strong>Posada en marxa de la Junkers ZWBE 30-3C&nbsp;per un t\u00e8cnic del nostre SAT i un any de manteniment gratu\u00eft<\/strong>. En la posada en marxa a m\u00e9s de revisar que la caldera combustioni perfectament, es facilitar\u00e0 al client el certificat de manteniment obligatori segons ITE 3 del reglament d\u2019instal\u00b7lacions t\u00e8rmiques (RITE).<\/li>\n<\/ul>\n<\/li>\n<li style=\"text-align: justify;\">Perqu\u00e8 ens comprometen a gestionar les garanties nosaltres mateixos i a <strong>intervenir en qualsevol problema que sorgeixi amb la caldera en les seg\u00fcents 24h.<\/strong><\/li>\n<li style=\"text-align: justify;\">Perqu\u00e8 \u00e9s la <strong>nostra vocaci\u00f3 de servei i el nostre enfocament cap al client<\/strong> el que ens ha perm\u00e8s tenir m\u00e9s de 60 anys d\u2019experi\u00e8ncia a les nostres esquenes.<\/li>\n<\/ol>\n<p>&nbsp;<\/p>\n<p>&nbsp;<\/p>\n<p>&nbsp;<\/p>\n<p>&nbsp;<\/p>\n<p>&nbsp;<\/p>\n<p>&nbsp;<\/p>\n","protected":false},"excerpt":{"rendered":"<p>Junkers ZWBE 30 Model&nbsp;CerapurComfort Preu: 1845\u20ac (Instal\u00b7laci\u00f3 i IVA incl\u00f2s) REGAL TERMOSTAT JUNKERS MODULANT PROGRAMADOR SENSE FILS CR 80&nbsp;RF &nbsp; Fabricant: Junkers, Grup Bosch. Tipus: Condensaci\u00f3 adaptada a normativa Erp. Potencia: 30kW en Aigua calenta [&hellip;]<\/p>\n","protected":false},"featured_media":1664,"comment_status":"open","ping_status":"closed","template":"","meta":{"_acf_changed":false,"_yoast_wpseo_focuskw":"Junkers ZWBE30-3C","_yoast_wpseo_title":"Caldera Junkers ZWBE 30-3C CerapurComfort","_yoast_wpseo_metadesc":"Caldera de condensaci\u00f3 Junkers \u00a0ZWBE30-3C\u00a0per nom\u00e9s 1,845\u20ac. Instal\u00b7lada amb IVA incl\u00f2s. +70 anys d'experi\u00e8ncia a Barcelona."},"product_brand":[],"product_cat":[463,493,485,497],"product_tag":[],"class_list":{"0":"post-2945","1":"product","2":"type-product","3":"status-publish","4":"has-post-thumbnail","6":"product_cat-calderes","7":"product_cat-cerapurcomfort-ca","8":"product_cat-junkers-ca","9":"product_cat-zwbe-30-3c-ca","11":"first","12":"instock","13":"sale","14":"taxable","15":"shipping-taxable","16":"purchasable","17":"product-type-simple"},"acf":[],"yoast_head":"<!-- This site is optimized with the Yoast SEO plugin v27.5 - https:\/\/yoast.com\/product\/yoast-seo-wordpress\/ -->\n<title>Caldera Junkers ZWBE 30-3C CerapurComfort<\/title>\n<meta name=\"description\" content=\"Caldera de condensaci\u00f3 Junkers \u00a0ZWBE30-3C\u00a0per nom\u00e9s 1,845\u20ac. Instal\u00b7lada amb IVA incl\u00f2s. +70 anys d&#039;experi\u00e8ncia a Barcelona.\" \/>\n<meta name=\"robots\" content=\"index, follow, max-snippet:-1, max-image-preview:large, max-video-preview:-1\" \/>\n<link rel=\"canonical\" href=\"https:\/\/www.jagalcaide.com\/ca\/producte\/junkers-zwbe-30-3c-cerapurcomfort\/\" \/>\n<meta property=\"og:locale\" content=\"ca_ES\" \/>\n<meta property=\"og:type\" content=\"article\" \/>\n<meta property=\"og:title\" content=\"Caldera Junkers ZWBE 30-3C CerapurComfort\" \/>\n<meta property=\"og:description\" content=\"Caldera de condensaci\u00f3 Junkers \u00a0ZWBE30-3C\u00a0per nom\u00e9s 1,845\u20ac. Instal\u00b7lada amb IVA incl\u00f2s. +70 anys d&#039;experi\u00e8ncia a Barcelona.\" \/>\n<meta property=\"og:url\" content=\"https:\/\/www.jagalcaide.com\/ca\/producte\/junkers-zwbe-30-3c-cerapurcomfort\/\" \/>\n<meta property=\"og:site_name\" content=\"JAG ALCAIDE \u2013 Instalaci\u00f3n, reparaci\u00f3n y mantenimiento en Barcelona\" \/>\n<meta property=\"article:modified_time\" content=\"2026-02-24T14:11:19+00:00\" \/>\n<meta property=\"og:image\" content=\"https:\/\/www.jagalcaide.com\/wp-content\/uploads\/2022\/11\/303-400-copia.jpg\" \/>\n\t<meta property=\"og:image:width\" content=\"400\" \/>\n\t<meta property=\"og:image:height\" content=\"300\" \/>\n\t<meta property=\"og:image:type\" content=\"image\/jpeg\" \/>\n<meta name=\"twitter:card\" content=\"summary_large_image\" \/>\n<meta name=\"twitter:site\" content=\"@JAGAlcaideSL\" \/>\n<meta name=\"twitter:label1\" content=\"Temps estimat de lectura\" \/>\n\t<meta name=\"twitter:data1\" content=\"5 minuts\" \/>\n<script type=\"application\/ld+json\" class=\"yoast-schema-graph\">{\"@context\":\"https:\\\/\\\/schema.org\",\"@graph\":[{\"@type\":\"WebPage\",\"@id\":\"https:\\\/\\\/www.jagalcaide.com\\\/ca\\\/producte\\\/junkers-zwbe-30-3c-cerapurcomfort\\\/\",\"url\":\"https:\\\/\\\/www.jagalcaide.com\\\/ca\\\/producte\\\/junkers-zwbe-30-3c-cerapurcomfort\\\/\",\"name\":\"Caldera Junkers ZWBE 30-3C CerapurComfort\",\"isPartOf\":{\"@id\":\"https:\\\/\\\/www.jagalcaide.com\\\/ca\\\/#website\"},\"primaryImageOfPage\":{\"@id\":\"https:\\\/\\\/www.jagalcaide.com\\\/ca\\\/producte\\\/junkers-zwbe-30-3c-cerapurcomfort\\\/#primaryimage\"},\"image\":{\"@id\":\"https:\\\/\\\/www.jagalcaide.com\\\/ca\\\/producte\\\/junkers-zwbe-30-3c-cerapurcomfort\\\/#primaryimage\"},\"thumbnailUrl\":\"https:\\\/\\\/www.jagalcaide.com\\\/wp-content\\\/uploads\\\/2022\\\/11\\\/303-400-copia.jpg\",\"datePublished\":\"2016-02-25T12:06:00+00:00\",\"dateModified\":\"2026-02-24T14:11:19+00:00\",\"description\":\"Caldera de condensaci\u00f3 Junkers \u00a0ZWBE30-3C\u00a0per nom\u00e9s 1,845\u20ac. Instal\u00b7lada amb IVA incl\u00f2s. +70 anys d'experi\u00e8ncia a Barcelona.\",\"breadcrumb\":{\"@id\":\"https:\\\/\\\/www.jagalcaide.com\\\/ca\\\/producte\\\/junkers-zwbe-30-3c-cerapurcomfort\\\/#breadcrumb\"},\"inLanguage\":\"ca\",\"potentialAction\":[{\"@type\":\"ReadAction\",\"target\":[\"https:\\\/\\\/www.jagalcaide.com\\\/ca\\\/producte\\\/junkers-zwbe-30-3c-cerapurcomfort\\\/\"]}]},{\"@type\":\"ImageObject\",\"inLanguage\":\"ca\",\"@id\":\"https:\\\/\\\/www.jagalcaide.com\\\/ca\\\/producte\\\/junkers-zwbe-30-3c-cerapurcomfort\\\/#primaryimage\",\"url\":\"https:\\\/\\\/www.jagalcaide.com\\\/wp-content\\\/uploads\\\/2022\\\/11\\\/303-400-copia.jpg\",\"contentUrl\":\"https:\\\/\\\/www.jagalcaide.com\\\/wp-content\\\/uploads\\\/2022\\\/11\\\/303-400-copia.jpg\",\"width\":400,\"height\":300,\"caption\":\"Aire Acondicionado Mitsubishi MSZ-BT20VGK\"},{\"@type\":\"BreadcrumbList\",\"@id\":\"https:\\\/\\\/www.jagalcaide.com\\\/ca\\\/producte\\\/junkers-zwbe-30-3c-cerapurcomfort\\\/#breadcrumb\",\"itemListElement\":[{\"@type\":\"ListItem\",\"position\":1,\"name\":\"Portada\",\"item\":\"https:\\\/\\\/www.jagalcaide.com\\\/ca\\\/\"},{\"@type\":\"ListItem\",\"position\":2,\"name\":\"Woocommerce shop\",\"item\":\"https:\\\/\\\/www.jagalcaide.com\\\/woocommerce-shop\\\/\"},{\"@type\":\"ListItem\",\"position\":3,\"name\":\"Caldera Junkers ZWBE 30-3C CerapurComfort\"}]},{\"@type\":\"WebSite\",\"@id\":\"https:\\\/\\\/www.jagalcaide.com\\\/ca\\\/#website\",\"url\":\"https:\\\/\\\/www.jagalcaide.com\\\/ca\\\/\",\"name\":\"JAG Alcaide - Instalaci\u00f3n y reparaci\u00f3n de Aire Acondicionado y Calderas\",\"description\":\"Otro sitio realizado con WordPress\",\"publisher\":{\"@id\":\"https:\\\/\\\/www.jagalcaide.com\\\/ca\\\/#organization\"},\"potentialAction\":[{\"@type\":\"SearchAction\",\"target\":{\"@type\":\"EntryPoint\",\"urlTemplate\":\"https:\\\/\\\/www.jagalcaide.com\\\/ca\\\/?s={search_term_string}\"},\"query-input\":{\"@type\":\"PropertyValueSpecification\",\"valueRequired\":true,\"valueName\":\"search_term_string\"}}],\"inLanguage\":\"ca\"},{\"@type\":\"Organization\",\"@id\":\"https:\\\/\\\/www.jagalcaide.com\\\/ca\\\/#organization\",\"name\":\"JAG Alcaide\",\"url\":\"https:\\\/\\\/www.jagalcaide.com\\\/ca\\\/\",\"logo\":{\"@type\":\"ImageObject\",\"inLanguage\":\"ca\",\"@id\":\"https:\\\/\\\/www.jagalcaide.com\\\/ca\\\/#\\\/schema\\\/logo\\\/image\\\/\",\"url\":\"https:\\\/\\\/www.jagalcaide.com\\\/wp-content\\\/uploads\\\/2023\\\/05\\\/logo-alcaide-gran.jpg\",\"contentUrl\":\"https:\\\/\\\/www.jagalcaide.com\\\/wp-content\\\/uploads\\\/2023\\\/05\\\/logo-alcaide-gran.jpg\",\"width\":696,\"height\":696,\"caption\":\"JAG Alcaide\"},\"image\":{\"@id\":\"https:\\\/\\\/www.jagalcaide.com\\\/ca\\\/#\\\/schema\\\/logo\\\/image\\\/\"},\"sameAs\":[\"https:\\\/\\\/x.com\\\/JAGAlcaideSL\",\"https:\\\/\\\/www.instagram.com\\\/jagalcaide\\\/\",\"https:\\\/\\\/www.linkedin.com\\\/company\\\/j-a-g-alcaide-s-l-\"]}]}<\/script>\n<!-- \/ Yoast SEO plugin. -->","yoast_head_json":{"title":"Caldera Junkers ZWBE 30-3C CerapurComfort","description":"Caldera de condensaci\u00f3 Junkers \u00a0ZWBE30-3C\u00a0per nom\u00e9s 1,845\u20ac. Instal\u00b7lada amb IVA incl\u00f2s. +70 anys d'experi\u00e8ncia a Barcelona.","robots":{"index":"index","follow":"follow","max-snippet":"max-snippet:-1","max-image-preview":"max-image-preview:large","max-video-preview":"max-video-preview:-1"},"canonical":"https:\/\/www.jagalcaide.com\/ca\/producte\/junkers-zwbe-30-3c-cerapurcomfort\/","og_locale":"ca_ES","og_type":"article","og_title":"Caldera Junkers ZWBE 30-3C CerapurComfort","og_description":"Caldera de condensaci\u00f3 Junkers \u00a0ZWBE30-3C\u00a0per nom\u00e9s 1,845\u20ac. Instal\u00b7lada amb IVA incl\u00f2s. +70 anys d'experi\u00e8ncia a Barcelona.","og_url":"https:\/\/www.jagalcaide.com\/ca\/producte\/junkers-zwbe-30-3c-cerapurcomfort\/","og_site_name":"JAG ALCAIDE \u2013 Instalaci\u00f3n, reparaci\u00f3n y mantenimiento en Barcelona","article_modified_time":"2026-02-24T14:11:19+00:00","og_image":[{"width":400,"height":300,"url":"https:\/\/www.jagalcaide.com\/wp-content\/uploads\/2022\/11\/303-400-copia.jpg","type":"image\/jpeg"}],"twitter_card":"summary_large_image","twitter_site":"@JAGAlcaideSL","twitter_misc":{"Temps estimat de lectura":"5 minuts"},"schema":{"@context":"https:\/\/schema.org","@graph":[{"@type":"WebPage","@id":"https:\/\/www.jagalcaide.com\/ca\/producte\/junkers-zwbe-30-3c-cerapurcomfort\/","url":"https:\/\/www.jagalcaide.com\/ca\/producte\/junkers-zwbe-30-3c-cerapurcomfort\/","name":"Caldera Junkers ZWBE 30-3C CerapurComfort","isPartOf":{"@id":"https:\/\/www.jagalcaide.com\/ca\/#website"},"primaryImageOfPage":{"@id":"https:\/\/www.jagalcaide.com\/ca\/producte\/junkers-zwbe-30-3c-cerapurcomfort\/#primaryimage"},"image":{"@id":"https:\/\/www.jagalcaide.com\/ca\/producte\/junkers-zwbe-30-3c-cerapurcomfort\/#primaryimage"},"thumbnailUrl":"https:\/\/www.jagalcaide.com\/wp-content\/uploads\/2022\/11\/303-400-copia.jpg","datePublished":"2016-02-25T12:06:00+00:00","dateModified":"2026-02-24T14:11:19+00:00","description":"Caldera de condensaci\u00f3 Junkers \u00a0ZWBE30-3C\u00a0per nom\u00e9s 1,845\u20ac. Instal\u00b7lada amb IVA incl\u00f2s. +70 anys d'experi\u00e8ncia a Barcelona.","breadcrumb":{"@id":"https:\/\/www.jagalcaide.com\/ca\/producte\/junkers-zwbe-30-3c-cerapurcomfort\/#breadcrumb"},"inLanguage":"ca","potentialAction":[{"@type":"ReadAction","target":["https:\/\/www.jagalcaide.com\/ca\/producte\/junkers-zwbe-30-3c-cerapurcomfort\/"]}]},{"@type":"ImageObject","inLanguage":"ca","@id":"https:\/\/www.jagalcaide.com\/ca\/producte\/junkers-zwbe-30-3c-cerapurcomfort\/#primaryimage","url":"https:\/\/www.jagalcaide.com\/wp-content\/uploads\/2022\/11\/303-400-copia.jpg","contentUrl":"https:\/\/www.jagalcaide.com\/wp-content\/uploads\/2022\/11\/303-400-copia.jpg","width":400,"height":300,"caption":"Aire Acondicionado Mitsubishi MSZ-BT20VGK"},{"@type":"BreadcrumbList","@id":"https:\/\/www.jagalcaide.com\/ca\/producte\/junkers-zwbe-30-3c-cerapurcomfort\/#breadcrumb","itemListElement":[{"@type":"ListItem","position":1,"name":"Portada","item":"https:\/\/www.jagalcaide.com\/ca\/"},{"@type":"ListItem","position":2,"name":"Woocommerce shop","item":"https:\/\/www.jagalcaide.com\/woocommerce-shop\/"},{"@type":"ListItem","position":3,"name":"Caldera Junkers ZWBE 30-3C CerapurComfort"}]},{"@type":"WebSite","@id":"https:\/\/www.jagalcaide.com\/ca\/#website","url":"https:\/\/www.jagalcaide.com\/ca\/","name":"JAG Alcaide - Instalaci\u00f3n y reparaci\u00f3n de Aire Acondicionado y Calderas","description":"Otro sitio realizado con WordPress","publisher":{"@id":"https:\/\/www.jagalcaide.com\/ca\/#organization"},"potentialAction":[{"@type":"SearchAction","target":{"@type":"EntryPoint","urlTemplate":"https:\/\/www.jagalcaide.com\/ca\/?s={search_term_string}"},"query-input":{"@type":"PropertyValueSpecification","valueRequired":true,"valueName":"search_term_string"}}],"inLanguage":"ca"},{"@type":"Organization","@id":"https:\/\/www.jagalcaide.com\/ca\/#organization","name":"JAG Alcaide","url":"https:\/\/www.jagalcaide.com\/ca\/","logo":{"@type":"ImageObject","inLanguage":"ca","@id":"https:\/\/www.jagalcaide.com\/ca\/#\/schema\/logo\/image\/","url":"https:\/\/www.jagalcaide.com\/wp-content\/uploads\/2023\/05\/logo-alcaide-gran.jpg","contentUrl":"https:\/\/www.jagalcaide.com\/wp-content\/uploads\/2023\/05\/logo-alcaide-gran.jpg","width":696,"height":696,"caption":"JAG Alcaide"},"image":{"@id":"https:\/\/www.jagalcaide.com\/ca\/#\/schema\/logo\/image\/"},"sameAs":["https:\/\/x.com\/JAGAlcaideSL","https:\/\/www.instagram.com\/jagalcaide\/","https:\/\/www.linkedin.com\/company\/j-a-g-alcaide-s-l-"]}]}},"wpml_current_locale":"ca","wpml_translations":{"en_US":{"locale":"en_US","id":2946,"slug":"junkers-zwbe-30-3c-cerapurcomfort","post_title":"Boiler Junkers ZWBE 30-3C CerapurComfort","href":"https:\/\/www.jagalcaide.com\/en\/producto\/junkers-zwbe-30-3c-cerapurcomfort\/"},"es_ES":{"locale":"es_ES","id":1511,"slug":"junkers-zwbe30-3c","post_title":"Junkers ZWBE 30-3C CerapurComfort","href":"https:\/\/www.jagalcaide.com\/producto\/junkers-zwbe30-3c\/"}},"_links":{"self":[{"href":"https:\/\/www.jagalcaide.com\/ca\/wp-json\/wp\/v2\/product\/2945","targetHints":{"allow":["GET"]}}],"collection":[{"href":"https:\/\/www.jagalcaide.com\/ca\/wp-json\/wp\/v2\/product"}],"about":[{"href":"https:\/\/www.jagalcaide.com\/ca\/wp-json\/wp\/v2\/types\/product"}],"replies":[{"embeddable":true,"href":"https:\/\/www.jagalcaide.com\/ca\/wp-json\/wp\/v2\/comments?post=2945"}],"wp:featuredmedia":[{"embeddable":true,"href":"https:\/\/www.jagalcaide.com\/ca\/wp-json\/wp\/v2\/media\/1664"}],"wp:attachment":[{"href":"https:\/\/www.jagalcaide.com\/ca\/wp-json\/wp\/v2\/media?parent=2945"}],"wp:term":[{"taxonomy":"product_brand","embeddable":true,"href":"https:\/\/www.jagalcaide.com\/ca\/wp-json\/wp\/v2\/product_brand?post=2945"},{"taxonomy":"product_cat","embeddable":true,"href":"https:\/\/www.jagalcaide.com\/ca\/wp-json\/wp\/v2\/product_cat?post=2945"},{"taxonomy":"product_tag","embeddable":true,"href":"https:\/\/www.jagalcaide.com\/ca\/wp-json\/wp\/v2\/product_tag?post=2945"}],"curies":[{"name":"wp","href":"https:\/\/api.w.org\/{rel}","templated":true}]}}