{"id":2965,"date":"2023-03-20T19:18:25","date_gmt":"2023-03-20T19:18:25","guid":{"rendered":"https:\/\/www.jagalcaide.com\/producto\/escalfador-wtd-11-kg\/"},"modified":"2023-03-20T19:18:25","modified_gmt":"2023-03-20T19:18:25","slug":"escalfador-wtd-11-kg","status":"publish","type":"product","link":"https:\/\/www.jagalcaide.com\/ca\/producte\/escalfador-wtd-11-kg\/","title":{"rendered":"Escalfador Junkers tir natural Hydropower WTD 11 KG"},"content":{"rendered":"<p><strong>Preu:<\/strong>&nbsp;560\u20ac Instal\u00b7lat amb IVA incl\u00f2s.<\/p>\n<p><strong>Fabricant:<\/strong> Junkers, Grupo Bosch.<\/p>\n<p><strong>Tipus:<\/strong> Tir natural sense flama pilot. Hydropower.<\/p>\n<p><strong>Cabal:<\/strong>&nbsp;11Litres.<\/p>\n<p><strong>Mesures<\/strong> (alt x ample x fons mm.):<br \/>\n580x310x220.<\/p>\n<p><strong>Descripci\u00f3:<\/strong><br \/>\nEscalfador Junkers Hydropower amb control termost\u00e0tic i enc\u00e8s per hidrogenerador. Permet que l&#8217;aigua calenta surti a la temperatura exacta seleccionada per l&#8217;usuari, sent aquesta regulable grau a grau entre els 35\u00baC i els 60\u00baC.<\/p>\n<p id=\"tw-target-text\" class=\"tw-data-text tw-ta tw-text-small\" dir=\"ltr\" data-placeholder=\"Traducci\u00f3\"><span lang=\"ca\">El Junkers Hydropower WTD 11 KG realitza la seva encesa a trav\u00e9s d&#8217;una turbina, per la qual cosa \u00e9s un escalfador totalment autom\u00e0tic (s&#8217;enc\u00e9n quan l&#8217;usuari enc\u00e9n l&#8217;aigua calenta, i s&#8217;apaga quan deixa d&#8217;usar-la), i no necessita ni piles ni alimentaci\u00f3 el\u00e8ctrica per a funcionar. <\/span><\/p>\n<p class=\"tw-data-text tw-ta tw-text-small\" dir=\"ltr\" data-placeholder=\"Traducci\u00f3\"><span lang=\"ca\">El WTD 11 KG \u00e9s ideal per a empla\u00e7aments amb obertures permanentment obertes (balcons, galeries obertes etc.) i no s&#8217;ha d&#8217;instal\u00b7lar mai en llocs tancats com cuines, ja que realitza&nbsp;la combusti\u00f3 per tir natural.<\/span><\/p>\n<p>En cas de voler consultar quina seria la capacitat de l&#8217;escalfador a instal\u00b7lar en el teu habitatge, ho pots fer mirant la taula &nbsp;aproximada que utilitza Junkers:<\/p>\n<p style=\"text-align: center;\"><a href=\"http:\/\/www.jagalcaide.com\/wp-content\/uploads\/2013\/12\/Calculo-calentadores1.jpg\"><img decoding=\"async\" class=\"lazyload size-medium wp-image-3007 aligncenter\" src=\"data:image\/svg+xml,%3Csvg%20xmlns%3D%27http%3A%2F%2Fwww.w3.org%2F2000%2Fsvg%27%20width%3D%27300%27%20height%3D%27214%27%20viewBox%3D%270%200%20300%20214%27%3E%3Crect%20width%3D%27300%27%20height%3D%27214%27%20fill-opacity%3D%220%22%2F%3E%3C%2Fsvg%3E\" data-orig-src=\"https:\/\/www.jagalcaide.com\/wp-content\/uploads\/2013\/12\/Calculo-calentadores1-300x214.jpg\" alt=\"Tabla c\u00e1lculo calentadores Junkers\" width=\"300\" height=\"214\"><\/a><\/p>\n","protected":false},"excerpt":{"rendered":"<p>Preu:&nbsp;560\u20ac Instal\u00b7lat amb IVA incl\u00f2s. Fabricant: Junkers, Grupo Bosch. Tipus: Tir natural sense flama pilot. Hydropower. Cabal:&nbsp;11Litres. Mesures (alt x ample x fons mm.): 580x310x220. Descripci\u00f3: Escalfador Junkers Hydropower amb control termost\u00e0tic i enc\u00e8s per [&hellip;]<\/p>\n","protected":false},"featured_media":1648,"comment_status":"closed","ping_status":"closed","template":"","meta":{"_acf_changed":false,"_yoast_wpseo_focuskw":"WTD 11 KG","_yoast_wpseo_title":"Escalfador Junkers tir natural WTD 11KG instal\u00b7lat i IVA incl\u00f2s nom\u00e9s per 499\u20ac.","_yoast_wpseo_metadesc":"Escalfador Junkers tir natural WTD 11KG instal\u00b7lat i IVA incl\u00f2s nom\u00e9s per 499\u20ac."},"product_brand":[],"product_cat":[525],"product_tag":[],"class_list":{"0":"post-2965","1":"product","2":"type-product","3":"status-publish","4":"has-post-thumbnail","6":"product_cat-totes","8":"first","9":"instock","10":"taxable","11":"shipping-taxable","12":"product-type-simple"},"acf":[],"yoast_head":"<!-- This site is optimized with the Yoast SEO plugin v27.3 - https:\/\/yoast.com\/product\/yoast-seo-wordpress\/ -->\n<title>Escalfador Junkers tir natural WTD 11KG instal\u00b7lat i IVA incl\u00f2s nom\u00e9s per 499\u20ac.<\/title>\n<meta name=\"description\" content=\"Escalfador Junkers tir natural WTD 11KG instal\u00b7lat i IVA incl\u00f2s nom\u00e9s per 499\u20ac.\" \/>\n<meta name=\"robots\" content=\"index, follow, max-snippet:-1, max-image-preview:large, max-video-preview:-1\" \/>\n<link rel=\"canonical\" href=\"https:\/\/www.jagalcaide.com\/ca\/producte\/escalfador-wtd-11-kg\/\" \/>\n<meta property=\"og:locale\" content=\"ca_ES\" \/>\n<meta property=\"og:type\" content=\"article\" \/>\n<meta property=\"og:title\" content=\"Escalfador Junkers tir natural WTD 11KG instal\u00b7lat i IVA incl\u00f2s nom\u00e9s per 499\u20ac.\" \/>\n<meta property=\"og:description\" content=\"Escalfador Junkers tir natural WTD 11KG instal\u00b7lat i IVA incl\u00f2s nom\u00e9s per 499\u20ac.\" \/>\n<meta property=\"og:url\" content=\"https:\/\/www.jagalcaide.com\/ca\/producte\/escalfador-wtd-11-kg\/\" \/>\n<meta property=\"og:site_name\" content=\"JAG ALCAIDE \u2013 Instalaci\u00f3n, reparaci\u00f3n y mantenimiento en Barcelona\" \/>\n<meta property=\"og:image\" content=\"https:\/\/www.jagalcaide.com\/wp-content\/uploads\/2022\/11\/caldera-WTD-11-KG.png\" \/>\n\t<meta property=\"og:image:width\" content=\"300\" \/>\n\t<meta property=\"og:image:height\" content=\"300\" \/>\n\t<meta property=\"og:image:type\" content=\"image\/png\" \/>\n<meta name=\"twitter:card\" content=\"summary_large_image\" \/>\n<meta name=\"twitter:site\" content=\"@JAGAlcaideSL\" \/>\n<meta name=\"twitter:label1\" content=\"Temps estimat de lectura\" \/>\n\t<meta name=\"twitter:data1\" content=\"1 minut\" \/>\n<script type=\"application\/ld+json\" class=\"yoast-schema-graph\">{\"@context\":\"https:\\\/\\\/schema.org\",\"@graph\":[{\"@type\":\"WebPage\",\"@id\":\"https:\\\/\\\/www.jagalcaide.com\\\/ca\\\/producte\\\/escalfador-wtd-11-kg\\\/\",\"url\":\"https:\\\/\\\/www.jagalcaide.com\\\/ca\\\/producte\\\/escalfador-wtd-11-kg\\\/\",\"name\":\"Escalfador Junkers tir natural WTD 11KG instal\u00b7lat i IVA incl\u00f2s nom\u00e9s per 499\u20ac.\",\"isPartOf\":{\"@id\":\"https:\\\/\\\/www.jagalcaide.com\\\/ca\\\/#website\"},\"primaryImageOfPage\":{\"@id\":\"https:\\\/\\\/www.jagalcaide.com\\\/ca\\\/producte\\\/escalfador-wtd-11-kg\\\/#primaryimage\"},\"image\":{\"@id\":\"https:\\\/\\\/www.jagalcaide.com\\\/ca\\\/producte\\\/escalfador-wtd-11-kg\\\/#primaryimage\"},\"thumbnailUrl\":\"https:\\\/\\\/www.jagalcaide.com\\\/wp-content\\\/uploads\\\/2022\\\/11\\\/caldera-WTD-11-KG.png\",\"datePublished\":\"2023-03-20T19:18:25+00:00\",\"description\":\"Escalfador Junkers tir natural WTD 11KG instal\u00b7lat i IVA incl\u00f2s nom\u00e9s per 499\u20ac.\",\"breadcrumb\":{\"@id\":\"https:\\\/\\\/www.jagalcaide.com\\\/ca\\\/producte\\\/escalfador-wtd-11-kg\\\/#breadcrumb\"},\"inLanguage\":\"ca\",\"potentialAction\":[{\"@type\":\"ReadAction\",\"target\":[\"https:\\\/\\\/www.jagalcaide.com\\\/ca\\\/producte\\\/escalfador-wtd-11-kg\\\/\"]}]},{\"@type\":\"ImageObject\",\"inLanguage\":\"ca\",\"@id\":\"https:\\\/\\\/www.jagalcaide.com\\\/ca\\\/producte\\\/escalfador-wtd-11-kg\\\/#primaryimage\",\"url\":\"https:\\\/\\\/www.jagalcaide.com\\\/wp-content\\\/uploads\\\/2022\\\/11\\\/caldera-WTD-11-KG.png\",\"contentUrl\":\"https:\\\/\\\/www.jagalcaide.com\\\/wp-content\\\/uploads\\\/2022\\\/11\\\/caldera-WTD-11-KG.png\",\"width\":300,\"height\":300,\"caption\":\"Emisores t\u00e9rmicos Junkers Gama ELAFLU EXCELLENCE\"},{\"@type\":\"BreadcrumbList\",\"@id\":\"https:\\\/\\\/www.jagalcaide.com\\\/ca\\\/producte\\\/escalfador-wtd-11-kg\\\/#breadcrumb\",\"itemListElement\":[{\"@type\":\"ListItem\",\"position\":1,\"name\":\"Portada\",\"item\":\"https:\\\/\\\/www.jagalcaide.com\\\/ca\\\/\"},{\"@type\":\"ListItem\",\"position\":2,\"name\":\"Woocommerce shop\",\"item\":\"https:\\\/\\\/www.jagalcaide.com\\\/woocommerce-shop\\\/\"},{\"@type\":\"ListItem\",\"position\":3,\"name\":\"Escalfador Junkers tir natural Hydropower WTD 11 KG\"}]},{\"@type\":\"WebSite\",\"@id\":\"https:\\\/\\\/www.jagalcaide.com\\\/ca\\\/#website\",\"url\":\"https:\\\/\\\/www.jagalcaide.com\\\/ca\\\/\",\"name\":\"JAG Alcaide - Instalaci\u00f3n y reparaci\u00f3n de Aire Acondicionado y Calderas\",\"description\":\"Otro sitio realizado con WordPress\",\"publisher\":{\"@id\":\"https:\\\/\\\/www.jagalcaide.com\\\/ca\\\/#organization\"},\"potentialAction\":[{\"@type\":\"SearchAction\",\"target\":{\"@type\":\"EntryPoint\",\"urlTemplate\":\"https:\\\/\\\/www.jagalcaide.com\\\/ca\\\/?s={search_term_string}\"},\"query-input\":{\"@type\":\"PropertyValueSpecification\",\"valueRequired\":true,\"valueName\":\"search_term_string\"}}],\"inLanguage\":\"ca\"},{\"@type\":\"Organization\",\"@id\":\"https:\\\/\\\/www.jagalcaide.com\\\/ca\\\/#organization\",\"name\":\"JAG Alcaide\",\"url\":\"https:\\\/\\\/www.jagalcaide.com\\\/ca\\\/\",\"logo\":{\"@type\":\"ImageObject\",\"inLanguage\":\"ca\",\"@id\":\"https:\\\/\\\/www.jagalcaide.com\\\/ca\\\/#\\\/schema\\\/logo\\\/image\\\/\",\"url\":\"https:\\\/\\\/www.jagalcaide.com\\\/wp-content\\\/uploads\\\/2023\\\/05\\\/logo-alcaide-gran.jpg\",\"contentUrl\":\"https:\\\/\\\/www.jagalcaide.com\\\/wp-content\\\/uploads\\\/2023\\\/05\\\/logo-alcaide-gran.jpg\",\"width\":696,\"height\":696,\"caption\":\"JAG Alcaide\"},\"image\":{\"@id\":\"https:\\\/\\\/www.jagalcaide.com\\\/ca\\\/#\\\/schema\\\/logo\\\/image\\\/\"},\"sameAs\":[\"https:\\\/\\\/x.com\\\/JAGAlcaideSL\",\"https:\\\/\\\/www.instagram.com\\\/jagalcaide\\\/\",\"https:\\\/\\\/www.linkedin.com\\\/company\\\/j-a-g-alcaide-s-l-\"]}]}<\/script>\n<!-- \/ Yoast SEO plugin. -->","yoast_head_json":{"title":"Escalfador Junkers tir natural WTD 11KG instal\u00b7lat i IVA incl\u00f2s nom\u00e9s per 499\u20ac.","description":"Escalfador Junkers tir natural WTD 11KG instal\u00b7lat i IVA incl\u00f2s nom\u00e9s per 499\u20ac.","robots":{"index":"index","follow":"follow","max-snippet":"max-snippet:-1","max-image-preview":"max-image-preview:large","max-video-preview":"max-video-preview:-1"},"canonical":"https:\/\/www.jagalcaide.com\/ca\/producte\/escalfador-wtd-11-kg\/","og_locale":"ca_ES","og_type":"article","og_title":"Escalfador Junkers tir natural WTD 11KG instal\u00b7lat i IVA incl\u00f2s nom\u00e9s per 499\u20ac.","og_description":"Escalfador Junkers tir natural WTD 11KG instal\u00b7lat i IVA incl\u00f2s nom\u00e9s per 499\u20ac.","og_url":"https:\/\/www.jagalcaide.com\/ca\/producte\/escalfador-wtd-11-kg\/","og_site_name":"JAG ALCAIDE \u2013 Instalaci\u00f3n, reparaci\u00f3n y mantenimiento en Barcelona","og_image":[{"width":300,"height":300,"url":"https:\/\/www.jagalcaide.com\/wp-content\/uploads\/2022\/11\/caldera-WTD-11-KG.png","type":"image\/png"}],"twitter_card":"summary_large_image","twitter_site":"@JAGAlcaideSL","twitter_misc":{"Temps estimat de lectura":"1 minut"},"schema":{"@context":"https:\/\/schema.org","@graph":[{"@type":"WebPage","@id":"https:\/\/www.jagalcaide.com\/ca\/producte\/escalfador-wtd-11-kg\/","url":"https:\/\/www.jagalcaide.com\/ca\/producte\/escalfador-wtd-11-kg\/","name":"Escalfador Junkers tir natural WTD 11KG instal\u00b7lat i IVA incl\u00f2s nom\u00e9s per 499\u20ac.","isPartOf":{"@id":"https:\/\/www.jagalcaide.com\/ca\/#website"},"primaryImageOfPage":{"@id":"https:\/\/www.jagalcaide.com\/ca\/producte\/escalfador-wtd-11-kg\/#primaryimage"},"image":{"@id":"https:\/\/www.jagalcaide.com\/ca\/producte\/escalfador-wtd-11-kg\/#primaryimage"},"thumbnailUrl":"https:\/\/www.jagalcaide.com\/wp-content\/uploads\/2022\/11\/caldera-WTD-11-KG.png","datePublished":"2023-03-20T19:18:25+00:00","description":"Escalfador Junkers tir natural WTD 11KG instal\u00b7lat i IVA incl\u00f2s nom\u00e9s per 499\u20ac.","breadcrumb":{"@id":"https:\/\/www.jagalcaide.com\/ca\/producte\/escalfador-wtd-11-kg\/#breadcrumb"},"inLanguage":"ca","potentialAction":[{"@type":"ReadAction","target":["https:\/\/www.jagalcaide.com\/ca\/producte\/escalfador-wtd-11-kg\/"]}]},{"@type":"ImageObject","inLanguage":"ca","@id":"https:\/\/www.jagalcaide.com\/ca\/producte\/escalfador-wtd-11-kg\/#primaryimage","url":"https:\/\/www.jagalcaide.com\/wp-content\/uploads\/2022\/11\/caldera-WTD-11-KG.png","contentUrl":"https:\/\/www.jagalcaide.com\/wp-content\/uploads\/2022\/11\/caldera-WTD-11-KG.png","width":300,"height":300,"caption":"Emisores t\u00e9rmicos Junkers Gama ELAFLU EXCELLENCE"},{"@type":"BreadcrumbList","@id":"https:\/\/www.jagalcaide.com\/ca\/producte\/escalfador-wtd-11-kg\/#breadcrumb","itemListElement":[{"@type":"ListItem","position":1,"name":"Portada","item":"https:\/\/www.jagalcaide.com\/ca\/"},{"@type":"ListItem","position":2,"name":"Woocommerce shop","item":"https:\/\/www.jagalcaide.com\/woocommerce-shop\/"},{"@type":"ListItem","position":3,"name":"Escalfador Junkers tir natural Hydropower WTD 11 KG"}]},{"@type":"WebSite","@id":"https:\/\/www.jagalcaide.com\/ca\/#website","url":"https:\/\/www.jagalcaide.com\/ca\/","name":"JAG Alcaide - Instalaci\u00f3n y reparaci\u00f3n de Aire Acondicionado y Calderas","description":"Otro sitio realizado con WordPress","publisher":{"@id":"https:\/\/www.jagalcaide.com\/ca\/#organization"},"potentialAction":[{"@type":"SearchAction","target":{"@type":"EntryPoint","urlTemplate":"https:\/\/www.jagalcaide.com\/ca\/?s={search_term_string}"},"query-input":{"@type":"PropertyValueSpecification","valueRequired":true,"valueName":"search_term_string"}}],"inLanguage":"ca"},{"@type":"Organization","@id":"https:\/\/www.jagalcaide.com\/ca\/#organization","name":"JAG Alcaide","url":"https:\/\/www.jagalcaide.com\/ca\/","logo":{"@type":"ImageObject","inLanguage":"ca","@id":"https:\/\/www.jagalcaide.com\/ca\/#\/schema\/logo\/image\/","url":"https:\/\/www.jagalcaide.com\/wp-content\/uploads\/2023\/05\/logo-alcaide-gran.jpg","contentUrl":"https:\/\/www.jagalcaide.com\/wp-content\/uploads\/2023\/05\/logo-alcaide-gran.jpg","width":696,"height":696,"caption":"JAG Alcaide"},"image":{"@id":"https:\/\/www.jagalcaide.com\/ca\/#\/schema\/logo\/image\/"},"sameAs":["https:\/\/x.com\/JAGAlcaideSL","https:\/\/www.instagram.com\/jagalcaide\/","https:\/\/www.linkedin.com\/company\/j-a-g-alcaide-s-l-"]}]}},"wpml_current_locale":"ca","wpml_translations":{"en_US":{"locale":"en_US","id":2966,"slug":"wtd-11-kg-hydropower-junkers-natural-draft-water-heater","post_title":"WTD 11 KG Hydropower Junkers natural draft water heater","href":"https:\/\/www.jagalcaide.com\/en\/producto\/wtd-11-kg-hydropower-junkers-natural-draft-water-heater\/"},"es_ES":{"locale":"es_ES","id":1501,"slug":"calentador-wtd-11-kg","post_title":"Calentador Junkers tiro natural Hydropower WTD 11 KG","href":"https:\/\/www.jagalcaide.com\/?post_type=product&p=1501"}},"_links":{"self":[{"href":"https:\/\/www.jagalcaide.com\/ca\/wp-json\/wp\/v2\/product\/2965","targetHints":{"allow":["GET"]}}],"collection":[{"href":"https:\/\/www.jagalcaide.com\/ca\/wp-json\/wp\/v2\/product"}],"about":[{"href":"https:\/\/www.jagalcaide.com\/ca\/wp-json\/wp\/v2\/types\/product"}],"replies":[{"embeddable":true,"href":"https:\/\/www.jagalcaide.com\/ca\/wp-json\/wp\/v2\/comments?post=2965"}],"wp:featuredmedia":[{"embeddable":true,"href":"https:\/\/www.jagalcaide.com\/ca\/wp-json\/wp\/v2\/media\/1648"}],"wp:attachment":[{"href":"https:\/\/www.jagalcaide.com\/ca\/wp-json\/wp\/v2\/media?parent=2965"}],"wp:term":[{"taxonomy":"product_brand","embeddable":true,"href":"https:\/\/www.jagalcaide.com\/ca\/wp-json\/wp\/v2\/product_brand?post=2965"},{"taxonomy":"product_cat","embeddable":true,"href":"https:\/\/www.jagalcaide.com\/ca\/wp-json\/wp\/v2\/product_cat?post=2965"},{"taxonomy":"product_tag","embeddable":true,"href":"https:\/\/www.jagalcaide.com\/ca\/wp-json\/wp\/v2\/product_tag?post=2965"}],"curies":[{"name":"wp","href":"https:\/\/api.w.org\/{rel}","templated":true}]}}