{"id":3195,"date":"2023-07-01T18:46:42","date_gmt":"2023-07-01T18:46:42","guid":{"rendered":"https:\/\/www.jagalcaide.com\/?post_type=product&#038;p=3195"},"modified":"2026-03-07T16:40:35","modified_gmt":"2026-03-07T16:40:35","slug":"aire-condicionat-daikin-perfera-txm25a","status":"publish","type":"product","link":"https:\/\/www.jagalcaide.com\/ca\/producte\/aire-condicionat-daikin-perfera-txm25a\/","title":{"rendered":"Aire Condicionat Daikin Perfera TXM25A"},"content":{"rendered":"<p><strong>DAIKIN S\u00c8RIE PERFERA TXM25A<\/strong><\/p>\n<p><strong><em>\u201c La soluci\u00f3 clim\u00e0tica intel\u00b7ligent, segura i sostenible per a les teves necessitats de calefacci\u00f3, refrigeraci\u00f3 i purificaci\u00f3 de l\u2019aire\u201d<\/em><\/strong><\/p>\n<p><strong>Preu: 1860\u20ac IVA incl\u00f2s i instal\u00b7laci\u00f3 fins a 3m.<\/strong><\/p>\n<p><strong>Pot\u00e8ncia: 2,5kW en fred i 2,8kW en calor<\/strong><\/p>\n<p>La s\u00e8rie Perfera TXM25A de la gamma de climatitzadors tipus Split de Daikin destaca per ser un dels equips m\u00e9s complets del mercat, oferint confort i un baix consum energ\u00e8tic.<\/p>\n<p><a href=\"https:\/\/www.youtube.com\/watch?v=Tun52MCmhcw&amp;t=7s&amp;ab_channel=DaikinEspa%C3%B1a\">https:\/\/www.youtube.com\/watch?v=Tun52MCmhcw&amp;t=7s&amp;ab_channel=DaikinEspa%C3%B1a<\/a><\/p>\n<p>&nbsp;<\/p>\n<p><strong>Caracter\u00edstiques principals s\u00e8rie Perfera TXM25A:<\/strong><\/p>\n<p><span style=\"color: #00ccff;\">Efici\u00e8ncia energ\u00e8tica<\/span><\/p>\n<p>Categoria <strong>A+++ <\/strong>m\u00e0xim classe energ\u00e8tica en efici\u00e8ncia estacional, m\u00ednim consum d\u2019energia. Aix\u00ed s\u2019aconsegueix un confort \u00f2ptim, es produeix un estalvi econ\u00f2mic considerable i es redueixen les emissions contaminants, contribuint al respecte pel medi ambient.<\/p>\n<p><span style=\"color: #00ccff;\">Funcionamiento silenci\u00f3s de la unitat interior<\/span><\/p>\n<p>Rendiment excepcionalment silenci\u00f3s de fins a 19dBA.<\/p>\n<p><span style=\"color: #00ccff;\">Temporitzador semanal<\/span><\/p>\n<p>Es pot configurar perqu\u00e8 s\u2019activi la refrigeraci\u00f3\/calefacci\u00f3 en qualsevol moment de la setmana.<\/p>\n<p><span style=\"color: #00ccff;\">Tecnologia Flash Streamer<\/span><\/p>\n<p>A m\u00e9s d\u2019oferir aire condicionat i calefacci\u00f3, Daikin Perfera TXM25A inclou la innovadora tecnologia Flash Streamer que purifica l\u2019aire de l\u2019ambient, eliminant olors i creant aix\u00ed un clima interior perfecte.<\/p>\n<p><img decoding=\"async\" class=\"lazyload alignnone wp-image-3186 size-large\" src=\"https:\/\/www.jagalcaide.com\/wp-content\/uploads\/2023\/07\/DAIKIN-TXM20-50R-1024x522.jpg\" data-orig-src=\"https:\/\/www.jagalcaide.com\/wp-content\/uploads\/2023\/07\/DAIKIN-TXM20-50R-1024x522.jpg\" alt=\"DAIKIN TXM20R\" width=\"1024\" height=\"522\" srcset=\"data:image\/svg+xml,%3Csvg%20xmlns%3D%27http%3A%2F%2Fwww.w3.org%2F2000%2Fsvg%27%20width%3D%271024%27%20height%3D%27522%27%20viewBox%3D%270%200%201024%20522%27%3E%3Crect%20width%3D%271024%27%20height%3D%27522%27%20fill-opacity%3D%220%22%2F%3E%3C%2Fsvg%3E\" data-srcset=\"https:\/\/www.jagalcaide.com\/wp-content\/uploads\/2023\/07\/DAIKIN-TXM20-50R-200x102.jpg 200w, https:\/\/www.jagalcaide.com\/wp-content\/uploads\/2023\/07\/DAIKIN-TXM20-50R-300x153.jpg 300w, https:\/\/www.jagalcaide.com\/wp-content\/uploads\/2023\/07\/DAIKIN-TXM20-50R-400x204.jpg 400w, https:\/\/www.jagalcaide.com\/wp-content\/uploads\/2023\/07\/DAIKIN-TXM20-50R-500x255.jpg 500w, https:\/\/www.jagalcaide.com\/wp-content\/uploads\/2023\/07\/DAIKIN-TXM20-50R-600x306.jpg 600w, https:\/\/www.jagalcaide.com\/wp-content\/uploads\/2023\/07\/DAIKIN-TXM20-50R-700x357.jpg 700w, https:\/\/www.jagalcaide.com\/wp-content\/uploads\/2023\/07\/DAIKIN-TXM20-50R-768x392.jpg 768w, https:\/\/www.jagalcaide.com\/wp-content\/uploads\/2023\/07\/DAIKIN-TXM20-50R-800x408.jpg 800w, https:\/\/www.jagalcaide.com\/wp-content\/uploads\/2023\/07\/DAIKIN-TXM20-50R-1024x522.jpg 1024w, https:\/\/www.jagalcaide.com\/wp-content\/uploads\/2023\/07\/DAIKIN-TXM20-50R.jpg 1120w\" data-sizes=\"auto\" data-orig-sizes=\"(max-width: 1024px) 100vw, 1024px\" \/><\/p>\n<p><span style=\"color: #00ccff;\">Ampli rang de funcionamient<\/span><\/p>\n<p>En mode refrigeraci\u00f3 fins 50C\u00ba i fins -20C\u00ba en calefacci\u00f3.<\/p>\n<p><span style=\"color: #00ccff;\">Sensor de moviment de doble funci\u00f3<\/span><\/p>\n<p>Daikin Perfera TXM25A inclou un sensor de moviment de doble funci\u00f3 que activa el mode d\u2019estalvi d\u2019energia quan no hi ha ning\u00fa a l\u2019habitaci\u00f3 i torna als par\u00e0metres originals quan detecta la pres\u00e8ncia de persones a l\u2019estan\u00e7a. A m\u00e9s, desvia el flux d\u2019aire perqu\u00e8 no incideixi directament sobre les persones, evitant aix\u00ed les desagradables corrents d\u2019aire.<\/p>\n<p><span style=\"color: #00ccff;\">Flux d&#8217;aire tridimensional<\/span><\/p>\n<p>Daikin Perfera TXM25A inclou un sensor de moviment de doble funci\u00f3 que activa el mode d\u2019estalvi d\u2019energia quan no hi ha ning\u00fa a l\u2019habitaci\u00f3 i torna als par\u00e0metres originals quan detecta la pres\u00e8ncia de persones a l\u2019estan\u00e7a. A m\u00e9s, desvia el flux d\u2019aire perqu\u00e8 no incideixi directament sobre les persones, evitant aix\u00ed les desagradables corrents d\u2019aire.<\/p>\n<p><span style=\"color: #00ccff;\">Control Wifi incl\u00f2s de s\u00e8rie<\/span><\/p>\n<p>Permet ajustar i fins i tot programar la temperatura des de qualsevol lloc, mitjan\u00e7ant sistemes iOS o Android a trav\u00e9s de l\u2019aplicaci\u00f3 Onecta, de manera que \u00e9s possible gestionar la unitat fins i tot des de fora de casa. Aix\u00f2 garanteix una temperatura \u00f2ptima en tot moment i un estalvi considerable.<\/p>\n<p>&nbsp;<\/p>\n<p>Aquestes son las caracter\u00edstiques t\u00e8cniques de la Daikin Perfera TXM25R:<\/p>\n<p><img decoding=\"async\" class=\"lazyload alignnone wp-image-3183 size-large\" src=\"https:\/\/www.jagalcaide.com\/wp-content\/uploads\/2023\/07\/FICHA-TECNICA-DAIKIN-PERFERA-TXM--1024x460.jpg\" data-orig-src=\"https:\/\/www.jagalcaide.com\/wp-content\/uploads\/2023\/07\/FICHA-TECNICA-DAIKIN-PERFERA-TXM--1024x460.jpg\" alt=\"DAIKIN TXM 20R\" width=\"1024\" height=\"460\" srcset=\"data:image\/svg+xml,%3Csvg%20xmlns%3D%27http%3A%2F%2Fwww.w3.org%2F2000%2Fsvg%27%20width%3D%271024%27%20height%3D%27460%27%20viewBox%3D%270%200%201024%20460%27%3E%3Crect%20width%3D%271024%27%20height%3D%27460%27%20fill-opacity%3D%220%22%2F%3E%3C%2Fsvg%3E\" data-srcset=\"https:\/\/www.jagalcaide.com\/wp-content\/uploads\/2023\/07\/FICHA-TECNICA-DAIKIN-PERFERA-TXM--200x90.jpg 200w, https:\/\/www.jagalcaide.com\/wp-content\/uploads\/2023\/07\/FICHA-TECNICA-DAIKIN-PERFERA-TXM--300x135.jpg 300w, https:\/\/www.jagalcaide.com\/wp-content\/uploads\/2023\/07\/FICHA-TECNICA-DAIKIN-PERFERA-TXM--400x180.jpg 400w, https:\/\/www.jagalcaide.com\/wp-content\/uploads\/2023\/07\/FICHA-TECNICA-DAIKIN-PERFERA-TXM--500x225.jpg 500w, https:\/\/www.jagalcaide.com\/wp-content\/uploads\/2023\/07\/FICHA-TECNICA-DAIKIN-PERFERA-TXM--600x270.jpg 600w, https:\/\/www.jagalcaide.com\/wp-content\/uploads\/2023\/07\/FICHA-TECNICA-DAIKIN-PERFERA-TXM--700x315.jpg 700w, https:\/\/www.jagalcaide.com\/wp-content\/uploads\/2023\/07\/FICHA-TECNICA-DAIKIN-PERFERA-TXM--768x345.jpg 768w, https:\/\/www.jagalcaide.com\/wp-content\/uploads\/2023\/07\/FICHA-TECNICA-DAIKIN-PERFERA-TXM--800x359.jpg 800w, https:\/\/www.jagalcaide.com\/wp-content\/uploads\/2023\/07\/FICHA-TECNICA-DAIKIN-PERFERA-TXM--1024x460.jpg 1024w, https:\/\/www.jagalcaide.com\/wp-content\/uploads\/2023\/07\/FICHA-TECNICA-DAIKIN-PERFERA-TXM-.jpg 1046w\" data-sizes=\"auto\" data-orig-sizes=\"(max-width: 1024px) 100vw, 1024px\" \/><\/p>\n<div class=\"product-full__body\">\n<form id=\"collapse-text-dynamic-form-number-1\" accept-charset=\"UTF-8\" action=\"http:\/\/www.mitsubishielectric.es\/aire-acondicionado\/productos\/serie-msz-sfgf\" method=\"post\">\n<div class=\"fieldset-wrapper\"><\/div>\n<\/form>\n<\/div>\n","protected":false},"excerpt":{"rendered":"<p>DAIKIN S\u00c8RIE PERFERA TXM25A \u201c La soluci\u00f3 clim\u00e0tica intel\u00b7ligent, segura i sostenible per a les teves necessitats de calefacci\u00f3, refrigeraci\u00f3 i purificaci\u00f3 de l\u2019aire\u201d Preu: 1860\u20ac IVA incl\u00f2s i instal\u00b7laci\u00f3 fins a 3m. Pot\u00e8ncia: 2,5kW [&hellip;]<\/p>\n","protected":false},"featured_media":3181,"comment_status":"open","ping_status":"closed","template":"","meta":{"_acf_changed":false},"product_brand":[],"product_cat":[796,807,394,780,525],"product_tag":[811],"class_list":{"0":"post-3195","1":"product","2":"type-product","3":"status-publish","4":"has-post-thumbnail","6":"product_cat-aa-daikin-txm25r-ca","7":"product_cat-aire-acondicionado-daikin-serie-perfera-ca","8":"product_cat-aire-condicionat","9":"product_cat-aire-condicionat-daikin-ca","10":"product_cat-totes","11":"product_tag-daikinperfera","13":"first","14":"instock","15":"taxable","16":"shipping-taxable","17":"purchasable","18":"product-type-simple"},"acf":[],"yoast_head":"<!-- This site is optimized with the Yoast SEO plugin v27.3 - https:\/\/yoast.com\/product\/yoast-seo-wordpress\/ -->\n<title>Aire condicionat DAIKIN PERFERA TXM25A per nom\u00e9s 1860\u20ac!<\/title>\n<meta name=\"description\" content=\"Aire condicionat Daikin Perfera TXM25A instal\u00b7lat i amb IVA incl\u00f2s per nom\u00e9s 1860\u20ac M\u00e9s de 70 anys com a instal\u00b7ladors truca&#039;ns!\" \/>\n<meta name=\"robots\" content=\"index, follow, max-snippet:-1, max-image-preview:large, max-video-preview:-1\" \/>\n<link rel=\"canonical\" href=\"https:\/\/www.jagalcaide.com\/ca\/producte\/aire-condicionat-daikin-perfera-txm25a\/\" \/>\n<meta property=\"og:locale\" content=\"ca_ES\" \/>\n<meta property=\"og:type\" content=\"article\" \/>\n<meta property=\"og:title\" content=\"Aire condicionat DAIKIN PERFERA TXM25A per nom\u00e9s 1860\u20ac!\" \/>\n<meta property=\"og:description\" content=\"Aire condicionat Daikin Perfera TXM25A instal\u00b7lat i amb IVA incl\u00f2s per nom\u00e9s 1860\u20ac M\u00e9s de 70 anys com a instal\u00b7ladors truca&#039;ns!\" \/>\n<meta property=\"og:url\" content=\"https:\/\/www.jagalcaide.com\/ca\/producte\/aire-condicionat-daikin-perfera-txm25a\/\" \/>\n<meta property=\"og:site_name\" content=\"JAG ALCAIDE \u2013 Instalaci\u00f3n, reparaci\u00f3n y mantenimiento en Barcelona\" \/>\n<meta property=\"article:modified_time\" content=\"2026-03-07T16:40:35+00:00\" \/>\n<meta property=\"og:image\" content=\"https:\/\/www.jagalcaide.com\/wp-content\/uploads\/2023\/07\/DAIKIN-TXM20-35R.jpg\" \/>\n\t<meta property=\"og:image:width\" content=\"285\" \/>\n\t<meta property=\"og:image:height\" content=\"376\" \/>\n\t<meta property=\"og:image:type\" content=\"image\/jpeg\" \/>\n<meta name=\"twitter:card\" content=\"summary_large_image\" \/>\n<meta name=\"twitter:site\" content=\"@JAGAlcaideSL\" \/>\n<meta name=\"twitter:label1\" content=\"Temps estimat de lectura\" \/>\n\t<meta name=\"twitter:data1\" content=\"3 minuts\" \/>\n<script type=\"application\/ld+json\" class=\"yoast-schema-graph\">{\"@context\":\"https:\\\/\\\/schema.org\",\"@graph\":[{\"@type\":\"WebPage\",\"@id\":\"https:\\\/\\\/www.jagalcaide.com\\\/ca\\\/producte\\\/aire-condicionat-daikin-perfera-txm25a\\\/\",\"url\":\"https:\\\/\\\/www.jagalcaide.com\\\/ca\\\/producte\\\/aire-condicionat-daikin-perfera-txm25a\\\/\",\"name\":\"Aire condicionat DAIKIN PERFERA TXM25A per nom\u00e9s 1860\u20ac!\",\"isPartOf\":{\"@id\":\"https:\\\/\\\/www.jagalcaide.com\\\/ca\\\/#website\"},\"primaryImageOfPage\":{\"@id\":\"https:\\\/\\\/www.jagalcaide.com\\\/ca\\\/producte\\\/aire-condicionat-daikin-perfera-txm25a\\\/#primaryimage\"},\"image\":{\"@id\":\"https:\\\/\\\/www.jagalcaide.com\\\/ca\\\/producte\\\/aire-condicionat-daikin-perfera-txm25a\\\/#primaryimage\"},\"thumbnailUrl\":\"https:\\\/\\\/www.jagalcaide.com\\\/wp-content\\\/uploads\\\/2023\\\/07\\\/DAIKIN-TXM20-35R.jpg\",\"datePublished\":\"2023-07-01T18:46:42+00:00\",\"dateModified\":\"2026-03-07T16:40:35+00:00\",\"description\":\"Aire condicionat Daikin Perfera TXM25A instal\u00b7lat i amb IVA incl\u00f2s per nom\u00e9s 1860\u20ac M\u00e9s de 70 anys com a instal\u00b7ladors truca'ns!\",\"breadcrumb\":{\"@id\":\"https:\\\/\\\/www.jagalcaide.com\\\/ca\\\/producte\\\/aire-condicionat-daikin-perfera-txm25a\\\/#breadcrumb\"},\"inLanguage\":\"ca\",\"potentialAction\":[{\"@type\":\"ReadAction\",\"target\":[\"https:\\\/\\\/www.jagalcaide.com\\\/ca\\\/producte\\\/aire-condicionat-daikin-perfera-txm25a\\\/\"]}]},{\"@type\":\"ImageObject\",\"inLanguage\":\"ca\",\"@id\":\"https:\\\/\\\/www.jagalcaide.com\\\/ca\\\/producte\\\/aire-condicionat-daikin-perfera-txm25a\\\/#primaryimage\",\"url\":\"https:\\\/\\\/www.jagalcaide.com\\\/wp-content\\\/uploads\\\/2023\\\/07\\\/DAIKIN-TXM20-35R.jpg\",\"contentUrl\":\"https:\\\/\\\/www.jagalcaide.com\\\/wp-content\\\/uploads\\\/2023\\\/07\\\/DAIKIN-TXM20-35R.jpg\",\"width\":285,\"height\":376,\"caption\":\"DAIKIN TXM42R\"},{\"@type\":\"BreadcrumbList\",\"@id\":\"https:\\\/\\\/www.jagalcaide.com\\\/ca\\\/producte\\\/aire-condicionat-daikin-perfera-txm25a\\\/#breadcrumb\",\"itemListElement\":[{\"@type\":\"ListItem\",\"position\":1,\"name\":\"Portada\",\"item\":\"https:\\\/\\\/www.jagalcaide.com\\\/ca\\\/\"},{\"@type\":\"ListItem\",\"position\":2,\"name\":\"Woocommerce shop\",\"item\":\"https:\\\/\\\/www.jagalcaide.com\\\/woocommerce-shop\\\/\"},{\"@type\":\"ListItem\",\"position\":3,\"name\":\"Aire Condicionat Daikin Perfera TXM25A\"}]},{\"@type\":\"WebSite\",\"@id\":\"https:\\\/\\\/www.jagalcaide.com\\\/ca\\\/#website\",\"url\":\"https:\\\/\\\/www.jagalcaide.com\\\/ca\\\/\",\"name\":\"JAG Alcaide - Instalaci\u00f3n y reparaci\u00f3n de Aire Acondicionado y Calderas\",\"description\":\"Otro sitio realizado con WordPress\",\"publisher\":{\"@id\":\"https:\\\/\\\/www.jagalcaide.com\\\/ca\\\/#organization\"},\"potentialAction\":[{\"@type\":\"SearchAction\",\"target\":{\"@type\":\"EntryPoint\",\"urlTemplate\":\"https:\\\/\\\/www.jagalcaide.com\\\/ca\\\/?s={search_term_string}\"},\"query-input\":{\"@type\":\"PropertyValueSpecification\",\"valueRequired\":true,\"valueName\":\"search_term_string\"}}],\"inLanguage\":\"ca\"},{\"@type\":\"Organization\",\"@id\":\"https:\\\/\\\/www.jagalcaide.com\\\/ca\\\/#organization\",\"name\":\"JAG Alcaide\",\"url\":\"https:\\\/\\\/www.jagalcaide.com\\\/ca\\\/\",\"logo\":{\"@type\":\"ImageObject\",\"inLanguage\":\"ca\",\"@id\":\"https:\\\/\\\/www.jagalcaide.com\\\/ca\\\/#\\\/schema\\\/logo\\\/image\\\/\",\"url\":\"https:\\\/\\\/www.jagalcaide.com\\\/wp-content\\\/uploads\\\/2023\\\/05\\\/logo-alcaide-gran.jpg\",\"contentUrl\":\"https:\\\/\\\/www.jagalcaide.com\\\/wp-content\\\/uploads\\\/2023\\\/05\\\/logo-alcaide-gran.jpg\",\"width\":696,\"height\":696,\"caption\":\"JAG Alcaide\"},\"image\":{\"@id\":\"https:\\\/\\\/www.jagalcaide.com\\\/ca\\\/#\\\/schema\\\/logo\\\/image\\\/\"},\"sameAs\":[\"https:\\\/\\\/x.com\\\/JAGAlcaideSL\",\"https:\\\/\\\/www.instagram.com\\\/jagalcaide\\\/\",\"https:\\\/\\\/www.linkedin.com\\\/company\\\/j-a-g-alcaide-s-l-\"]}]}<\/script>\n<!-- \/ Yoast SEO plugin. -->","yoast_head_json":{"title":"Aire condicionat DAIKIN PERFERA TXM25A per nom\u00e9s 1860\u20ac!","description":"Aire condicionat Daikin Perfera TXM25A instal\u00b7lat i amb IVA incl\u00f2s per nom\u00e9s 1860\u20ac M\u00e9s de 70 anys com a instal\u00b7ladors truca'ns!","robots":{"index":"index","follow":"follow","max-snippet":"max-snippet:-1","max-image-preview":"max-image-preview:large","max-video-preview":"max-video-preview:-1"},"canonical":"https:\/\/www.jagalcaide.com\/ca\/producte\/aire-condicionat-daikin-perfera-txm25a\/","og_locale":"ca_ES","og_type":"article","og_title":"Aire condicionat DAIKIN PERFERA TXM25A per nom\u00e9s 1860\u20ac!","og_description":"Aire condicionat Daikin Perfera TXM25A instal\u00b7lat i amb IVA incl\u00f2s per nom\u00e9s 1860\u20ac M\u00e9s de 70 anys com a instal\u00b7ladors truca'ns!","og_url":"https:\/\/www.jagalcaide.com\/ca\/producte\/aire-condicionat-daikin-perfera-txm25a\/","og_site_name":"JAG ALCAIDE \u2013 Instalaci\u00f3n, reparaci\u00f3n y mantenimiento en Barcelona","article_modified_time":"2026-03-07T16:40:35+00:00","og_image":[{"width":285,"height":376,"url":"https:\/\/www.jagalcaide.com\/wp-content\/uploads\/2023\/07\/DAIKIN-TXM20-35R.jpg","type":"image\/jpeg"}],"twitter_card":"summary_large_image","twitter_site":"@JAGAlcaideSL","twitter_misc":{"Temps estimat de lectura":"3 minuts"},"schema":{"@context":"https:\/\/schema.org","@graph":[{"@type":"WebPage","@id":"https:\/\/www.jagalcaide.com\/ca\/producte\/aire-condicionat-daikin-perfera-txm25a\/","url":"https:\/\/www.jagalcaide.com\/ca\/producte\/aire-condicionat-daikin-perfera-txm25a\/","name":"Aire condicionat DAIKIN PERFERA TXM25A per nom\u00e9s 1860\u20ac!","isPartOf":{"@id":"https:\/\/www.jagalcaide.com\/ca\/#website"},"primaryImageOfPage":{"@id":"https:\/\/www.jagalcaide.com\/ca\/producte\/aire-condicionat-daikin-perfera-txm25a\/#primaryimage"},"image":{"@id":"https:\/\/www.jagalcaide.com\/ca\/producte\/aire-condicionat-daikin-perfera-txm25a\/#primaryimage"},"thumbnailUrl":"https:\/\/www.jagalcaide.com\/wp-content\/uploads\/2023\/07\/DAIKIN-TXM20-35R.jpg","datePublished":"2023-07-01T18:46:42+00:00","dateModified":"2026-03-07T16:40:35+00:00","description":"Aire condicionat Daikin Perfera TXM25A instal\u00b7lat i amb IVA incl\u00f2s per nom\u00e9s 1860\u20ac M\u00e9s de 70 anys com a instal\u00b7ladors truca'ns!","breadcrumb":{"@id":"https:\/\/www.jagalcaide.com\/ca\/producte\/aire-condicionat-daikin-perfera-txm25a\/#breadcrumb"},"inLanguage":"ca","potentialAction":[{"@type":"ReadAction","target":["https:\/\/www.jagalcaide.com\/ca\/producte\/aire-condicionat-daikin-perfera-txm25a\/"]}]},{"@type":"ImageObject","inLanguage":"ca","@id":"https:\/\/www.jagalcaide.com\/ca\/producte\/aire-condicionat-daikin-perfera-txm25a\/#primaryimage","url":"https:\/\/www.jagalcaide.com\/wp-content\/uploads\/2023\/07\/DAIKIN-TXM20-35R.jpg","contentUrl":"https:\/\/www.jagalcaide.com\/wp-content\/uploads\/2023\/07\/DAIKIN-TXM20-35R.jpg","width":285,"height":376,"caption":"DAIKIN TXM42R"},{"@type":"BreadcrumbList","@id":"https:\/\/www.jagalcaide.com\/ca\/producte\/aire-condicionat-daikin-perfera-txm25a\/#breadcrumb","itemListElement":[{"@type":"ListItem","position":1,"name":"Portada","item":"https:\/\/www.jagalcaide.com\/ca\/"},{"@type":"ListItem","position":2,"name":"Woocommerce shop","item":"https:\/\/www.jagalcaide.com\/woocommerce-shop\/"},{"@type":"ListItem","position":3,"name":"Aire Condicionat Daikin Perfera TXM25A"}]},{"@type":"WebSite","@id":"https:\/\/www.jagalcaide.com\/ca\/#website","url":"https:\/\/www.jagalcaide.com\/ca\/","name":"JAG Alcaide - Instalaci\u00f3n y reparaci\u00f3n de Aire Acondicionado y Calderas","description":"Otro sitio realizado con WordPress","publisher":{"@id":"https:\/\/www.jagalcaide.com\/ca\/#organization"},"potentialAction":[{"@type":"SearchAction","target":{"@type":"EntryPoint","urlTemplate":"https:\/\/www.jagalcaide.com\/ca\/?s={search_term_string}"},"query-input":{"@type":"PropertyValueSpecification","valueRequired":true,"valueName":"search_term_string"}}],"inLanguage":"ca"},{"@type":"Organization","@id":"https:\/\/www.jagalcaide.com\/ca\/#organization","name":"JAG Alcaide","url":"https:\/\/www.jagalcaide.com\/ca\/","logo":{"@type":"ImageObject","inLanguage":"ca","@id":"https:\/\/www.jagalcaide.com\/ca\/#\/schema\/logo\/image\/","url":"https:\/\/www.jagalcaide.com\/wp-content\/uploads\/2023\/05\/logo-alcaide-gran.jpg","contentUrl":"https:\/\/www.jagalcaide.com\/wp-content\/uploads\/2023\/05\/logo-alcaide-gran.jpg","width":696,"height":696,"caption":"JAG Alcaide"},"image":{"@id":"https:\/\/www.jagalcaide.com\/ca\/#\/schema\/logo\/image\/"},"sameAs":["https:\/\/x.com\/JAGAlcaideSL","https:\/\/www.instagram.com\/jagalcaide\/","https:\/\/www.linkedin.com\/company\/j-a-g-alcaide-s-l-"]}]}},"wpml_current_locale":"ca","wpml_translations":{"en_US":{"locale":"en_US","id":3196,"slug":"air-conditioner-daikin-perfera-txm25a","post_title":"Air conditioner Daikin Perfera TXM25A","href":"https:\/\/www.jagalcaide.com\/en\/producto\/air-conditioner-daikin-perfera-txm25a\/"},"es_ES":{"locale":"es_ES","id":3194,"slug":"aire-acondicionado-daikin-perfera-txm25a","post_title":"Aire Acondicionado DAIKIN PERFERA TXM25A","href":"https:\/\/www.jagalcaide.com\/producto\/aire-acondicionado-daikin-perfera-txm25a\/"}},"_links":{"self":[{"href":"https:\/\/www.jagalcaide.com\/ca\/wp-json\/wp\/v2\/product\/3195","targetHints":{"allow":["GET"]}}],"collection":[{"href":"https:\/\/www.jagalcaide.com\/ca\/wp-json\/wp\/v2\/product"}],"about":[{"href":"https:\/\/www.jagalcaide.com\/ca\/wp-json\/wp\/v2\/types\/product"}],"replies":[{"embeddable":true,"href":"https:\/\/www.jagalcaide.com\/ca\/wp-json\/wp\/v2\/comments?post=3195"}],"wp:featuredmedia":[{"embeddable":true,"href":"https:\/\/www.jagalcaide.com\/ca\/wp-json\/wp\/v2\/media\/3181"}],"wp:attachment":[{"href":"https:\/\/www.jagalcaide.com\/ca\/wp-json\/wp\/v2\/media?parent=3195"}],"wp:term":[{"taxonomy":"product_brand","embeddable":true,"href":"https:\/\/www.jagalcaide.com\/ca\/wp-json\/wp\/v2\/product_brand?post=3195"},{"taxonomy":"product_cat","embeddable":true,"href":"https:\/\/www.jagalcaide.com\/ca\/wp-json\/wp\/v2\/product_cat?post=3195"},{"taxonomy":"product_tag","embeddable":true,"href":"https:\/\/www.jagalcaide.com\/ca\/wp-json\/wp\/v2\/product_tag?post=3195"}],"curies":[{"name":"wp","href":"https:\/\/api.w.org\/{rel}","templated":true}]}}