{"id":3451,"date":"2025-05-01T08:20:57","date_gmt":"2025-05-01T08:20:57","guid":{"rendered":"https:\/\/www.jagalcaide.com\/?post_type=product&#038;p=3451"},"modified":"2026-01-11T19:38:08","modified_gmt":"2026-01-11T19:38:08","slug":"aire-condicionat-mitsubishi-msz-hr25vf-copia","status":"publish","type":"product","link":"https:\/\/www.jagalcaide.com\/ca\/producte\/aire-condicionat-mitsubishi-msz-hr25vf-copia\/","title":{"rendered":"Aire Condicionat Mitsubishi MSZ-HR25VFK"},"content":{"rendered":"<h1><strong>Mitsubishi MSZ-HR25VFK<\/strong><\/h1>\n<h3 style=\"text-align: justify;\"><em>&#8220;La s\u00e8rie MSZ-HR \u00e9s la Mitsubishi Electric que millor s&#8217;adapta a tothom&#8221;<\/em><\/h3>\n<h3 style=\"text-align: justify;\"><i>Ara amb control WIFI a trav\u00e8s de la app MITSUBISHI ELECTRIC MELCLOUD<\/i><\/h3>\n<p style=\"text-align: justify;\"><b>Preu: 1240\u20ac Iva incl\u00f2s i instal\u00b7laci\u00f3 fins a 3m.<\/b><\/p>\n<p style=\"text-align: justify;\">La s\u00e8rie MSZ-HR de Mitsubishi Electric t&#8217;ofereix la millor relaci\u00f3 qualitat \u2013 preu perqu\u00e8 disposa de tots els avantatges i prestacions de la tecnologia m\u00e9s avan\u00e7ada del mercat a un preu molt assequible.<\/p>\n<h3 style=\"text-align: justify;\">Caracter\u00edstiques principals:<\/h3>\n<p style=\"text-align: justify;\"><b>Unitats compactes amb un disseny modern i elegant. <\/b><br \/>\nLa s\u00e8rie MSZ-HR t\u00e9 un disseny de panell pla i elegant que aconsegueix que l&#8217;habitaci\u00f3 tingui una aparen\u00e7a agradable.<\/p>\n<p style=\"text-align: justify;\"><b>Estalvi energ\u00e8tic<\/b><br \/>\nLa combinaci\u00f3 de la m\u00e9s avan\u00e7ada tecnologia Inverter amb les \u00faltimes tecnologies electr\u00f2niques i els millors materials, permet millorar el rendiment i reduir el consum, tant en calefacci\u00f3 con en refrigeraci\u00f3.<\/p>\n<p style=\"text-align: justify;\"><b>Rapidesa<\/b><br \/>\nEn habitacions amb temperatures constants, el funcionament es mant\u00e9 estable per a conservar la temperatura interior i aconseguir un ambient m\u00e9s c\u00f2mode i confortable.<\/p>\n<p style=\"text-align: justify;\"><b>Confort<\/b><br \/>\nECONO COOL \u00e9s un mode intel\u2022ligent de control de la temperatura, que ajusta la quantitat d&#8217;aire dirigida al cos basant-se en la temperatura de sortida de l&#8217;aire, permetent una millora d&#8217;un 20% en la efici\u00e8ncia energ\u00e8tica. .<\/p>\n<div id=\"attachment_3507\" style=\"width: 648px\" class=\"wp-caption aligncenter\"><a href=\"http:\/\/www.jagalcaide.com\/wp-content\/uploads\/2016\/05\/Econo-cool-Mitsubishi.jpg\"><img decoding=\"async\" aria-describedby=\"caption-attachment-3507\" class=\"lazyload wp-image-3507 size-full\" title=\"MSZ-HR25VF\" src=\"data:image\/svg+xml,%3Csvg%20xmlns%3D%27http%3A%2F%2Fwww.w3.org%2F2000%2Fsvg%27%20width%3D%27638%27%20height%3D%27289%27%20viewBox%3D%270%200%20638%20289%27%3E%3Crect%20width%3D%27638%27%20height%3D%27289%27%20fill-opacity%3D%220%22%2F%3E%3C%2Fsvg%3E\" data-orig-src=\"https:\/\/www.jagalcaide.com\/wp-content\/uploads\/2016\/05\/Econo-cool-Mitsubishi.jpg\" alt=\"Econo Cool Mitsubishi Electric MSZ-HR25VF\" width=\"638\" height=\"289\" \/><\/a><p id=\"caption-attachment-3507\" class=\"wp-caption-text\">Econo Cool Mitsubishi MSZ-HR25VFK<\/p><\/div>\n<p style=\"text-align: justify;\"><strong>Lama horitzontal oscil\u00b7lant <\/strong><\/p>\n<p style=\"text-align: justify;\">La s\u00e8rie MSZ-HR de Mitsubishi et permet programar el grau d\u2019orientaci\u00f3 horitzontal de la lama per tal d\u2019assegurar una \u00f2ptima distribuci\u00f3 de l\u2019aire en la habitaci\u00f3.<\/p>\n<div class=\"video-shortcode\"><iframe class=\"lazyload\" title=\"Climatiseur Mural r\u00e9versible &quot;Essentiel MSZ-HJ\/MSZ-DM&quot; de Mitsubishi Electric\" width=\"1200\" height=\"675\" src=\"data:image\/svg+xml,%3Csvg%20xmlns%3D%27http%3A%2F%2Fwww.w3.org%2F2000%2Fsvg%27%20width%3D%271200%27%20height%3D%27675%27%20viewBox%3D%270%200%201200%20675%27%3E%3Crect%20width%3D%271200%27%20height%3D%27675%27%20fill-opacity%3D%220%22%2F%3E%3C%2Fsvg%3E\" data-orig-src=\"https:\/\/www.youtube.com\/embed\/IWJ_EL4gA0U?feature=oembed\" frameborder=\"0\" allow=\"accelerometer; autoplay; clipboard-write; encrypted-media; gyroscope; picture-in-picture; web-share\" referrerpolicy=\"strict-origin-when-cross-origin\" allowfullscreen><\/iframe><\/div>\n<h2 style=\"text-align: justify;\"><strong>Particularitats del model MSZ-HR25VFK:<\/strong><\/h2>\n<p style=\"text-align: justify;\"><strong>Treballant en mode fred:<\/strong><\/p>\n<p style=\"text-align: justify;\">La Mitsubishi MSZ-HR25VFK ofereix una capacitat nominal en refrigeraci\u00f3 de 2,5kW, sent capa\u00e7 d\u2019oscil\u00b7lar entre els 0,5kW i els 2,9kW a m\u00e0xima potencia. Consumeix 0,80kW el\u00e8ctrics i t\u00e9 un SEER (Rendiment estacional calculat per a zona clim\u00e0tica mitja) de 6&#8217;2, convertint-se d\u2019aquesta forma en una m\u00e0quina amb etiqueta energ\u00e8tica A++. En quant al nivell sonor, la MSZ-HR25VFK oscil\u00b7la entre els 21-43 dB treballant en fred.<\/p>\n<p style=\"text-align: justify;\"><strong>Treballant en mode calor<\/strong><\/p>\n<p style=\"text-align: justify;\">La Mitsubishi MSZ-HR25VFK ofereix una capacitat nominal en calor de 3,15kW, sent capa\u00e7 d\u2019oscil\u00b7lar entre els 0,5kW i els 3,5kW a m\u00e0xima potencia. Consumeix 0,85kW el\u00e8ctrics i t\u00e9 un SCOP (Rendiment estacional calculat per a zona clim\u00e0tica mitja) de 5&#8217;3, convertint-se d\u2019aquesta forma en una m\u00e0quina amb etiqueta energ\u00e8tica A+++. En quant al nivell sonor, la MSZ-HR25VFK oscil\u00b7la entre 21-43dB treballant en calor.<\/p>\n<p><a href=\"http:\/\/www.jagalcaide.com\/wp-content\/uploads\/2019\/04\/MSZ-HR25VF.jpg\"><img decoding=\"async\" class=\"lazyload aligncenter size-full wp-image-3885\" src=\"data:image\/svg+xml,%3Csvg%20xmlns%3D%27http%3A%2F%2Fwww.w3.org%2F2000%2Fsvg%27%20width%3D%27623%27%20height%3D%27744%27%20viewBox%3D%270%200%20623%20744%27%3E%3Crect%20width%3D%27623%27%20height%3D%27744%27%20fill-opacity%3D%220%22%2F%3E%3C%2Fsvg%3E\" data-orig-src=\"https:\/\/www.jagalcaide.com\/wp-content\/uploads\/2019\/04\/MSZ-HR25VF.jpg\" alt=\"MSZ-HR25VF\" width=\"623\" height=\"744\" \/><\/a><\/p>\n","protected":false},"excerpt":{"rendered":"<p>Mitsubishi MSZ-HR25VFK &#8220;La s\u00e8rie MSZ-HR \u00e9s la Mitsubishi Electric que millor s&#8217;adapta a tothom&#8221; Ara amb control WIFI a trav\u00e8s de la app MITSUBISHI ELECTRIC MELCLOUD Preu: 1240\u20ac Iva incl\u00f2s i instal\u00b7laci\u00f3 fins a 3m. [&hellip;]<\/p>\n","protected":false},"featured_media":1638,"comment_status":"open","ping_status":"closed","template":"","meta":{"_acf_changed":false,"_yoast_wpseo_focuskw":"MSZ-HR25VFK","_yoast_wpseo_title":"Aire condicionat Mitsubishi MSZ-HR25VFK per nom\u00e8s 1240\u20ac!","_yoast_wpseo_metadesc":"Aire condicionat Mitsubishi MSZ-HR25VFK per nom\u00e8s 1240\u20ac! IVA Incl\u00f2s."},"product_brand":[],"product_cat":[394,404,439,525],"product_tag":[533,537,543],"class_list":{"0":"post-3451","1":"product","2":"type-product","3":"status-publish","4":"has-post-thumbnail","6":"product_cat-aire-condicionat","7":"product_cat-aire-condicionat-mitsubishi","8":"product_cat-serie-hr-ca","9":"product_cat-totes","10":"product_tag-a-ca","11":"product_tag-gas-r-32-ca","12":"product_tag-serie-hr-ca","14":"first","15":"instock","16":"sale","17":"taxable","18":"shipping-taxable","19":"purchasable","20":"product-type-simple"},"acf":[],"yoast_head":"<!-- This site is optimized with the Yoast SEO plugin v27.3 - https:\/\/yoast.com\/product\/yoast-seo-wordpress\/ -->\n<title>Aire condicionat Mitsubishi MSZ-HR25VFK per nom\u00e8s 1240\u20ac!<\/title>\n<meta name=\"description\" content=\"Aire condicionat Mitsubishi MSZ-HR25VFK per nom\u00e8s 1240\u20ac! IVA Incl\u00f2s.\" \/>\n<meta name=\"robots\" content=\"index, follow, max-snippet:-1, max-image-preview:large, max-video-preview:-1\" \/>\n<link rel=\"canonical\" href=\"https:\/\/www.jagalcaide.com\/ca\/producte\/aire-condicionat-mitsubishi-msz-hr25vf-copia\/\" \/>\n<meta property=\"og:locale\" content=\"ca_ES\" \/>\n<meta property=\"og:type\" content=\"article\" \/>\n<meta property=\"og:title\" content=\"Aire condicionat Mitsubishi MSZ-HR25VFK per nom\u00e8s 1240\u20ac!\" \/>\n<meta property=\"og:description\" content=\"Aire condicionat Mitsubishi MSZ-HR25VFK per nom\u00e8s 1240\u20ac! IVA Incl\u00f2s.\" \/>\n<meta property=\"og:url\" content=\"https:\/\/www.jagalcaide.com\/ca\/producte\/aire-condicionat-mitsubishi-msz-hr25vf-copia\/\" \/>\n<meta property=\"og:site_name\" content=\"JAG ALCAIDE \u2013 Instalaci\u00f3n, reparaci\u00f3n y mantenimiento en Barcelona\" \/>\n<meta property=\"article:modified_time\" content=\"2026-01-11T19:38:08+00:00\" \/>\n<meta property=\"og:image\" content=\"https:\/\/www.jagalcaide.com\/wp-content\/uploads\/2022\/11\/pag81-MSZ-HR25-35-42-50VF-1024x284-1-1.jpg\" \/>\n\t<meta property=\"og:image:width\" content=\"1000\" \/>\n\t<meta property=\"og:image:height\" content=\"393\" \/>\n\t<meta property=\"og:image:type\" content=\"image\/jpeg\" \/>\n<meta name=\"twitter:card\" content=\"summary_large_image\" \/>\n<meta name=\"twitter:site\" content=\"@JAGAlcaideSL\" \/>\n<meta name=\"twitter:label1\" content=\"Temps estimat de lectura\" \/>\n\t<meta name=\"twitter:data1\" content=\"3 minuts\" \/>\n<script type=\"application\/ld+json\" class=\"yoast-schema-graph\">{\"@context\":\"https:\\\/\\\/schema.org\",\"@graph\":[{\"@type\":\"WebPage\",\"@id\":\"https:\\\/\\\/www.jagalcaide.com\\\/ca\\\/producte\\\/aire-condicionat-mitsubishi-msz-hr25vf-copia\\\/\",\"url\":\"https:\\\/\\\/www.jagalcaide.com\\\/ca\\\/producte\\\/aire-condicionat-mitsubishi-msz-hr25vf-copia\\\/\",\"name\":\"Aire condicionat Mitsubishi MSZ-HR25VFK per nom\u00e8s 1240\u20ac!\",\"isPartOf\":{\"@id\":\"https:\\\/\\\/www.jagalcaide.com\\\/ca\\\/#website\"},\"primaryImageOfPage\":{\"@id\":\"https:\\\/\\\/www.jagalcaide.com\\\/ca\\\/producte\\\/aire-condicionat-mitsubishi-msz-hr25vf-copia\\\/#primaryimage\"},\"image\":{\"@id\":\"https:\\\/\\\/www.jagalcaide.com\\\/ca\\\/producte\\\/aire-condicionat-mitsubishi-msz-hr25vf-copia\\\/#primaryimage\"},\"thumbnailUrl\":\"https:\\\/\\\/www.jagalcaide.com\\\/wp-content\\\/uploads\\\/2022\\\/11\\\/pag81-MSZ-HR25-35-42-50VF-1024x284-1-1.jpg\",\"datePublished\":\"2025-05-01T08:20:57+00:00\",\"dateModified\":\"2026-01-11T19:38:08+00:00\",\"description\":\"Aire condicionat Mitsubishi MSZ-HR25VFK per nom\u00e8s 1240\u20ac! IVA Incl\u00f2s.\",\"breadcrumb\":{\"@id\":\"https:\\\/\\\/www.jagalcaide.com\\\/ca\\\/producte\\\/aire-condicionat-mitsubishi-msz-hr25vf-copia\\\/#breadcrumb\"},\"inLanguage\":\"ca\",\"potentialAction\":[{\"@type\":\"ReadAction\",\"target\":[\"https:\\\/\\\/www.jagalcaide.com\\\/ca\\\/producte\\\/aire-condicionat-mitsubishi-msz-hr25vf-copia\\\/\"]}]},{\"@type\":\"ImageObject\",\"inLanguage\":\"ca\",\"@id\":\"https:\\\/\\\/www.jagalcaide.com\\\/ca\\\/producte\\\/aire-condicionat-mitsubishi-msz-hr25vf-copia\\\/#primaryimage\",\"url\":\"https:\\\/\\\/www.jagalcaide.com\\\/wp-content\\\/uploads\\\/2022\\\/11\\\/pag81-MSZ-HR25-35-42-50VF-1024x284-1-1.jpg\",\"contentUrl\":\"https:\\\/\\\/www.jagalcaide.com\\\/wp-content\\\/uploads\\\/2022\\\/11\\\/pag81-MSZ-HR25-35-42-50VF-1024x284-1-1.jpg\",\"width\":1000,\"height\":393,\"caption\":\"Mitsubishi MSZ-HR25-35-42-50VF-1024x284-1-1\"},{\"@type\":\"BreadcrumbList\",\"@id\":\"https:\\\/\\\/www.jagalcaide.com\\\/ca\\\/producte\\\/aire-condicionat-mitsubishi-msz-hr25vf-copia\\\/#breadcrumb\",\"itemListElement\":[{\"@type\":\"ListItem\",\"position\":1,\"name\":\"Portada\",\"item\":\"https:\\\/\\\/www.jagalcaide.com\\\/ca\\\/\"},{\"@type\":\"ListItem\",\"position\":2,\"name\":\"Woocommerce shop\",\"item\":\"https:\\\/\\\/www.jagalcaide.com\\\/woocommerce-shop\\\/\"},{\"@type\":\"ListItem\",\"position\":3,\"name\":\"Aire Condicionat Mitsubishi MSZ-HR25VFK\"}]},{\"@type\":\"WebSite\",\"@id\":\"https:\\\/\\\/www.jagalcaide.com\\\/ca\\\/#website\",\"url\":\"https:\\\/\\\/www.jagalcaide.com\\\/ca\\\/\",\"name\":\"JAG Alcaide - Instalaci\u00f3n y reparaci\u00f3n de Aire Acondicionado y Calderas\",\"description\":\"Otro sitio realizado con WordPress\",\"publisher\":{\"@id\":\"https:\\\/\\\/www.jagalcaide.com\\\/ca\\\/#organization\"},\"potentialAction\":[{\"@type\":\"SearchAction\",\"target\":{\"@type\":\"EntryPoint\",\"urlTemplate\":\"https:\\\/\\\/www.jagalcaide.com\\\/ca\\\/?s={search_term_string}\"},\"query-input\":{\"@type\":\"PropertyValueSpecification\",\"valueRequired\":true,\"valueName\":\"search_term_string\"}}],\"inLanguage\":\"ca\"},{\"@type\":\"Organization\",\"@id\":\"https:\\\/\\\/www.jagalcaide.com\\\/ca\\\/#organization\",\"name\":\"JAG Alcaide\",\"url\":\"https:\\\/\\\/www.jagalcaide.com\\\/ca\\\/\",\"logo\":{\"@type\":\"ImageObject\",\"inLanguage\":\"ca\",\"@id\":\"https:\\\/\\\/www.jagalcaide.com\\\/ca\\\/#\\\/schema\\\/logo\\\/image\\\/\",\"url\":\"https:\\\/\\\/www.jagalcaide.com\\\/wp-content\\\/uploads\\\/2023\\\/05\\\/logo-alcaide-gran.jpg\",\"contentUrl\":\"https:\\\/\\\/www.jagalcaide.com\\\/wp-content\\\/uploads\\\/2023\\\/05\\\/logo-alcaide-gran.jpg\",\"width\":696,\"height\":696,\"caption\":\"JAG Alcaide\"},\"image\":{\"@id\":\"https:\\\/\\\/www.jagalcaide.com\\\/ca\\\/#\\\/schema\\\/logo\\\/image\\\/\"},\"sameAs\":[\"https:\\\/\\\/x.com\\\/JAGAlcaideSL\",\"https:\\\/\\\/www.instagram.com\\\/jagalcaide\\\/\",\"https:\\\/\\\/www.linkedin.com\\\/company\\\/j-a-g-alcaide-s-l-\"]}]}<\/script>\n<!-- \/ Yoast SEO plugin. -->","yoast_head_json":{"title":"Aire condicionat Mitsubishi MSZ-HR25VFK per nom\u00e8s 1240\u20ac!","description":"Aire condicionat Mitsubishi MSZ-HR25VFK per nom\u00e8s 1240\u20ac! IVA Incl\u00f2s.","robots":{"index":"index","follow":"follow","max-snippet":"max-snippet:-1","max-image-preview":"max-image-preview:large","max-video-preview":"max-video-preview:-1"},"canonical":"https:\/\/www.jagalcaide.com\/ca\/producte\/aire-condicionat-mitsubishi-msz-hr25vf-copia\/","og_locale":"ca_ES","og_type":"article","og_title":"Aire condicionat Mitsubishi MSZ-HR25VFK per nom\u00e8s 1240\u20ac!","og_description":"Aire condicionat Mitsubishi MSZ-HR25VFK per nom\u00e8s 1240\u20ac! IVA Incl\u00f2s.","og_url":"https:\/\/www.jagalcaide.com\/ca\/producte\/aire-condicionat-mitsubishi-msz-hr25vf-copia\/","og_site_name":"JAG ALCAIDE \u2013 Instalaci\u00f3n, reparaci\u00f3n y mantenimiento en Barcelona","article_modified_time":"2026-01-11T19:38:08+00:00","og_image":[{"width":1000,"height":393,"url":"https:\/\/www.jagalcaide.com\/wp-content\/uploads\/2022\/11\/pag81-MSZ-HR25-35-42-50VF-1024x284-1-1.jpg","type":"image\/jpeg"}],"twitter_card":"summary_large_image","twitter_site":"@JAGAlcaideSL","twitter_misc":{"Temps estimat de lectura":"3 minuts"},"schema":{"@context":"https:\/\/schema.org","@graph":[{"@type":"WebPage","@id":"https:\/\/www.jagalcaide.com\/ca\/producte\/aire-condicionat-mitsubishi-msz-hr25vf-copia\/","url":"https:\/\/www.jagalcaide.com\/ca\/producte\/aire-condicionat-mitsubishi-msz-hr25vf-copia\/","name":"Aire condicionat Mitsubishi MSZ-HR25VFK per nom\u00e8s 1240\u20ac!","isPartOf":{"@id":"https:\/\/www.jagalcaide.com\/ca\/#website"},"primaryImageOfPage":{"@id":"https:\/\/www.jagalcaide.com\/ca\/producte\/aire-condicionat-mitsubishi-msz-hr25vf-copia\/#primaryimage"},"image":{"@id":"https:\/\/www.jagalcaide.com\/ca\/producte\/aire-condicionat-mitsubishi-msz-hr25vf-copia\/#primaryimage"},"thumbnailUrl":"https:\/\/www.jagalcaide.com\/wp-content\/uploads\/2022\/11\/pag81-MSZ-HR25-35-42-50VF-1024x284-1-1.jpg","datePublished":"2025-05-01T08:20:57+00:00","dateModified":"2026-01-11T19:38:08+00:00","description":"Aire condicionat Mitsubishi MSZ-HR25VFK per nom\u00e8s 1240\u20ac! IVA Incl\u00f2s.","breadcrumb":{"@id":"https:\/\/www.jagalcaide.com\/ca\/producte\/aire-condicionat-mitsubishi-msz-hr25vf-copia\/#breadcrumb"},"inLanguage":"ca","potentialAction":[{"@type":"ReadAction","target":["https:\/\/www.jagalcaide.com\/ca\/producte\/aire-condicionat-mitsubishi-msz-hr25vf-copia\/"]}]},{"@type":"ImageObject","inLanguage":"ca","@id":"https:\/\/www.jagalcaide.com\/ca\/producte\/aire-condicionat-mitsubishi-msz-hr25vf-copia\/#primaryimage","url":"https:\/\/www.jagalcaide.com\/wp-content\/uploads\/2022\/11\/pag81-MSZ-HR25-35-42-50VF-1024x284-1-1.jpg","contentUrl":"https:\/\/www.jagalcaide.com\/wp-content\/uploads\/2022\/11\/pag81-MSZ-HR25-35-42-50VF-1024x284-1-1.jpg","width":1000,"height":393,"caption":"Mitsubishi MSZ-HR25-35-42-50VF-1024x284-1-1"},{"@type":"BreadcrumbList","@id":"https:\/\/www.jagalcaide.com\/ca\/producte\/aire-condicionat-mitsubishi-msz-hr25vf-copia\/#breadcrumb","itemListElement":[{"@type":"ListItem","position":1,"name":"Portada","item":"https:\/\/www.jagalcaide.com\/ca\/"},{"@type":"ListItem","position":2,"name":"Woocommerce shop","item":"https:\/\/www.jagalcaide.com\/woocommerce-shop\/"},{"@type":"ListItem","position":3,"name":"Aire Condicionat Mitsubishi MSZ-HR25VFK"}]},{"@type":"WebSite","@id":"https:\/\/www.jagalcaide.com\/ca\/#website","url":"https:\/\/www.jagalcaide.com\/ca\/","name":"JAG Alcaide - Instalaci\u00f3n y reparaci\u00f3n de Aire Acondicionado y Calderas","description":"Otro sitio realizado con WordPress","publisher":{"@id":"https:\/\/www.jagalcaide.com\/ca\/#organization"},"potentialAction":[{"@type":"SearchAction","target":{"@type":"EntryPoint","urlTemplate":"https:\/\/www.jagalcaide.com\/ca\/?s={search_term_string}"},"query-input":{"@type":"PropertyValueSpecification","valueRequired":true,"valueName":"search_term_string"}}],"inLanguage":"ca"},{"@type":"Organization","@id":"https:\/\/www.jagalcaide.com\/ca\/#organization","name":"JAG Alcaide","url":"https:\/\/www.jagalcaide.com\/ca\/","logo":{"@type":"ImageObject","inLanguage":"ca","@id":"https:\/\/www.jagalcaide.com\/ca\/#\/schema\/logo\/image\/","url":"https:\/\/www.jagalcaide.com\/wp-content\/uploads\/2023\/05\/logo-alcaide-gran.jpg","contentUrl":"https:\/\/www.jagalcaide.com\/wp-content\/uploads\/2023\/05\/logo-alcaide-gran.jpg","width":696,"height":696,"caption":"JAG Alcaide"},"image":{"@id":"https:\/\/www.jagalcaide.com\/ca\/#\/schema\/logo\/image\/"},"sameAs":["https:\/\/x.com\/JAGAlcaideSL","https:\/\/www.instagram.com\/jagalcaide\/","https:\/\/www.linkedin.com\/company\/j-a-g-alcaide-s-l-"]}]}},"wpml_current_locale":"ca","wpml_translations":{"en_US":{"locale":"en_US","id":3452,"slug":"air-conditioner-mitsubishi-msz-hr25vfk","post_title":"Air conditioner Mitsubishi MSZ-HR25VFK","href":"https:\/\/www.jagalcaide.com\/en\/producto\/air-conditioner-mitsubishi-msz-hr25vfk\/"},"es_ES":{"locale":"es_ES","id":3450,"slug":"aire-acondicionado-mitsubishi-msz-hr25vfk","post_title":"Aire Acondicionado Mitsubishi MSZ-HR25VFK","href":"https:\/\/www.jagalcaide.com\/producto\/aire-acondicionado-mitsubishi-msz-hr25vfk\/"}},"_links":{"self":[{"href":"https:\/\/www.jagalcaide.com\/ca\/wp-json\/wp\/v2\/product\/3451","targetHints":{"allow":["GET"]}}],"collection":[{"href":"https:\/\/www.jagalcaide.com\/ca\/wp-json\/wp\/v2\/product"}],"about":[{"href":"https:\/\/www.jagalcaide.com\/ca\/wp-json\/wp\/v2\/types\/product"}],"replies":[{"embeddable":true,"href":"https:\/\/www.jagalcaide.com\/ca\/wp-json\/wp\/v2\/comments?post=3451"}],"wp:featuredmedia":[{"embeddable":true,"href":"https:\/\/www.jagalcaide.com\/ca\/wp-json\/wp\/v2\/media\/1638"}],"wp:attachment":[{"href":"https:\/\/www.jagalcaide.com\/ca\/wp-json\/wp\/v2\/media?parent=3451"}],"wp:term":[{"taxonomy":"product_brand","embeddable":true,"href":"https:\/\/www.jagalcaide.com\/ca\/wp-json\/wp\/v2\/product_brand?post=3451"},{"taxonomy":"product_cat","embeddable":true,"href":"https:\/\/www.jagalcaide.com\/ca\/wp-json\/wp\/v2\/product_cat?post=3451"},{"taxonomy":"product_tag","embeddable":true,"href":"https:\/\/www.jagalcaide.com\/ca\/wp-json\/wp\/v2\/product_tag?post=3451"}],"curies":[{"name":"wp","href":"https:\/\/api.w.org\/{rel}","templated":true}]}}