{"id":2468,"date":"2022-11-30T11:54:00","date_gmt":"2022-11-30T11:54:00","guid":{"rendered":"https:\/\/www.jagalcaide.com\/heating-and-gas\/gas-heaters\/kromschroeder-radiators\/"},"modified":"2026-02-20T14:53:41","modified_gmt":"2026-02-20T14:53:41","slug":"kromschroeder-radiators","status":"publish","type":"page","link":"https:\/\/www.jagalcaide.com\/en\/heating-and-gas\/gas-heaters\/kromschroeder-radiators\/","title":{"rendered":"Kromschroeder Brand Radiators"},"content":{"rendered":"<p><div class=\"fusion-fullwidth fullwidth-box fusion-builder-row-1 fusion-flex-container has-pattern-background has-mask-background nonhundred-percent-fullwidth non-hundred-percent-height-scrolling\" style=\"--awb-border-radius-top-left:0px;--awb-border-radius-top-right:0px;--awb-border-radius-bottom-right:0px;--awb-border-radius-bottom-left:0px;--awb-padding-right:0px;--awb-padding-left:0px;\" ><div class=\"fusion-builder-row fusion-row fusion-flex-align-items-flex-start\" style=\"max-width:1248px;margin-left: calc(-4% \/ 2 );margin-right: calc(-4% \/ 2 );\"><div class=\"fusion-layout-column fusion_builder_column fusion-builder-column-0 fusion_builder_column_1_3 1_3 fusion-flex-column\" style=\"--awb-bg-size:cover;--awb-width-large:33.3333333333%;--awb-margin-top-large:0px;--awb-spacing-right-large:5.76%;--awb-margin-bottom-large:20px;--awb-spacing-left-large:5.76%;--awb-width-medium:33.3333333333%;--awb-order-medium:0;--awb-spacing-right-medium:5.76%;--awb-spacing-left-medium:5.76%;--awb-width-small:100%;--awb-order-small:0;--awb-spacing-right-small:1.92%;--awb-spacing-left-small:1.92%;\"><div class=\"fusion-column-wrapper fusion-column-has-shadow fusion-flex-justify-content-flex-start fusion-content-layout-column\"><div class=\"fusion-image-element awb-imageframe-style awb-imageframe-style-below awb-imageframe-style-1\" style=\"--awb-caption-text-size:15px;--awb-caption-title-font-family:var(--body_typography-font-family);--awb-caption-title-font-weight:var(--body_typography-font-weight);--awb-caption-title-font-style:var(--body_typography-font-style);--awb-caption-title-size:13px;--awb-caption-title-transform:var(--body_typography-text-transform);--awb-caption-title-line-height:var(--body_typography-line-height);--awb-caption-title-letter-spacing:var(--body_typography-letter-spacing);\"><span class=\" fusion-imageframe imageframe-none imageframe-1 hover-type-none\" class=\"image-scroll\"><a href=\"https:\/\/www.jagalcaide.com\/wp-content\/uploads\/2022\/11\/Radiador-mural-a-gas.jpg\" class=\"fusion-lightbox\" data-rel=\"iLightbox[5308520c67889c8321f]\" data-title=\"Instalaci\u00f3n Radiador mural a gas Echo XN\" title=\"Instalaci\u00f3n Radiador mural a gas Echo XN\"><img decoding=\"async\" width=\"402\" height=\"276\" alt=\"Gas wall radiator Echo XN\" src=\"https:\/\/www.jagalcaide.com\/wp-content\/uploads\/2022\/11\/Radiador-mural-a-gas.jpg\" data-orig-src=\"https:\/\/www.jagalcaide.com\/wp-content\/uploads\/2022\/11\/Radiador-mural-a-gas.jpg\" class=\"lazyload img-responsive wp-image-1813\" srcset=\"data:image\/svg+xml,%3Csvg%20xmlns%3D%27http%3A%2F%2Fwww.w3.org%2F2000%2Fsvg%27%20width%3D%27402%27%20height%3D%27276%27%20viewBox%3D%270%200%20402%20276%27%3E%3Crect%20width%3D%27402%27%20height%3D%27276%27%20fill-opacity%3D%220%22%2F%3E%3C%2Fsvg%3E\" data-srcset=\"https:\/\/www.jagalcaide.com\/wp-content\/uploads\/2022\/11\/Radiador-mural-a-gas-200x137.jpg 200w, https:\/\/www.jagalcaide.com\/wp-content\/uploads\/2022\/11\/Radiador-mural-a-gas-400x275.jpg 400w, https:\/\/www.jagalcaide.com\/wp-content\/uploads\/2022\/11\/Radiador-mural-a-gas.jpg 402w\" data-sizes=\"auto\" data-orig-sizes=\"(max-width: 640px) 100vw, 400px\" \/><\/a><\/span><div class=\"awb-imageframe-caption-container\" style=\"text-align:left;\"><div class=\"awb-imageframe-caption\"><div class=\"awb-imageframe-caption-title\">Instalaci\u00f3n Radiador mural a gas Echo XN<\/div><\/div><\/div><\/div><\/div><\/div><div class=\"fusion-layout-column fusion_builder_column fusion-builder-column-1 fusion_builder_column_2_3 2_3 fusion-flex-column\" style=\"--awb-bg-size:cover;--awb-width-large:66.6666666667%;--awb-margin-top-large:0px;--awb-spacing-right-large:2.88%;--awb-margin-bottom-large:20px;--awb-spacing-left-large:2.88%;--awb-width-medium:66.6666666667%;--awb-order-medium:0;--awb-spacing-right-medium:2.88%;--awb-spacing-left-medium:2.88%;--awb-width-small:100%;--awb-order-small:0;--awb-spacing-right-small:1.92%;--awb-spacing-left-small:1.92%;\"><div class=\"fusion-column-wrapper fusion-column-has-shadow fusion-flex-justify-content-flex-start fusion-content-layout-column\"><div class=\"fusion-text fusion-text-1\"><p>In J.A.G. Alcaide, we have decided to bet heavily on the Kromschroeder brand, a specialist manufacturer in the field of gas wall-mounted radiators, which was already in charge of manufacturing the famous\u00a0<strong>Strachenova\u00a0<\/strong>wall-mounted radiator. Kromschroeder always manufactures its devices with the highest quality materials and guarantees customers the confidence of being one of the leading brands in the sector.<\/p>\n<p>Next we will proceed to discuss the various models of gas wall radiators of the Kromschroeder brand that we install, differentiating them by the characteristics that separate them from each other and adding their technical specifications.<\/p>\n<\/div><\/div><\/div><\/div><\/div><div class=\"fusion-fullwidth fullwidth-box fusion-builder-row-2 fusion-flex-container has-pattern-background has-mask-background nonhundred-percent-fullwidth non-hundred-percent-height-scrolling\" style=\"--awb-border-radius-top-left:0px;--awb-border-radius-top-right:0px;--awb-border-radius-bottom-right:0px;--awb-border-radius-bottom-left:0px;\" ><div class=\"fusion-builder-row fusion-row fusion-flex-align-items-flex-start\" style=\"max-width:1248px;margin-left: calc(-4% \/ 2 );margin-right: calc(-4% \/ 2 );\"><div class=\"fusion-layout-column fusion_builder_column fusion-builder-column-2 fusion_builder_column_1_1 1_1 fusion-flex-column\" style=\"--awb-bg-size:cover;--awb-width-large:100%;--awb-margin-top-large:0px;--awb-spacing-right-large:1.92%;--awb-margin-bottom-large:20px;--awb-spacing-left-large:1.92%;--awb-width-medium:100%;--awb-order-medium:0;--awb-spacing-right-medium:1.92%;--awb-spacing-left-medium:1.92%;--awb-width-small:100%;--awb-order-small:0;--awb-spacing-right-small:1.92%;--awb-spacing-left-small:1.92%;\"><div class=\"fusion-column-wrapper fusion-column-has-shadow fusion-flex-justify-content-flex-start fusion-content-layout-column\"><div class=\"fusion-separator fusion-full-width-sep\" style=\"align-self: center;margin-left: auto;margin-right: auto;margin-top:10px;margin-bottom:10px;width:100%;\"><\/div><\/div><\/div><\/div><\/div><div class=\"fusion-fullwidth fullwidth-box fusion-builder-row-3 fusion-flex-container has-pattern-background has-mask-background nonhundred-percent-fullwidth non-hundred-percent-height-scrolling\" style=\"--awb-border-radius-top-left:0px;--awb-border-radius-top-right:0px;--awb-border-radius-bottom-right:0px;--awb-border-radius-bottom-left:0px;--awb-padding-right:0px;--awb-padding-left:0px;\" ><div class=\"fusion-builder-row fusion-row fusion-flex-align-items-flex-start\" style=\"max-width:1248px;margin-left: calc(-4% \/ 2 );margin-right: calc(-4% \/ 2 );\"><div class=\"fusion-layout-column fusion_builder_column fusion-builder-column-3 fusion_builder_column_1_2 1_2 fusion-flex-column\" style=\"--awb-bg-size:cover;--awb-width-large:50%;--awb-margin-top-large:0px;--awb-spacing-right-large:3.84%;--awb-margin-bottom-large:20px;--awb-spacing-left-large:3.84%;--awb-width-medium:50%;--awb-order-medium:0;--awb-spacing-right-medium:3.84%;--awb-spacing-left-medium:3.84%;--awb-width-small:100%;--awb-order-small:0;--awb-spacing-right-small:1.92%;--awb-spacing-left-small:1.92%;\"><div class=\"fusion-column-wrapper fusion-column-has-shadow fusion-flex-justify-content-flex-start fusion-content-layout-column\"><div class=\"fusion-text fusion-text-2\"><h4>Gas wall radiator ECHO XC range<\/h4>\n<\/div><div class=\"fusion-text fusion-text-3\"><p>The main advantage of this wall-mounted radiator is the fact that it does not require an electrical supply to function. The ignition of the flame is carried out by means of a piezoelectric and its control is carried out by means of a thermocouple. It is a natural convection heating, and allows modulating the power of the appliance between 40% and 100%.<\/p>\n<p>Three models of this range are manufactured, having the following technical specifications:<\/p>\n<\/div><div class=\"fusion-image-element \" style=\"--awb-caption-title-font-family:var(--h2_typography-font-family);--awb-caption-title-font-weight:var(--h2_typography-font-weight);--awb-caption-title-font-style:var(--h2_typography-font-style);--awb-caption-title-size:var(--h2_typography-font-size);--awb-caption-title-transform:var(--h2_typography-text-transform);--awb-caption-title-line-height:var(--h2_typography-line-height);--awb-caption-title-letter-spacing:var(--h2_typography-letter-spacing);\"><span class=\" fusion-imageframe imageframe-none imageframe-2 hover-type-none\" class=\"image-scroll\"><a href=\"https:\/\/www.jagalcaide.com\/wp-content\/uploads\/2022\/11\/Radiador-mural-a-gas-Echo-XC.jpg\" class=\"fusion-lightbox\" data-rel=\"iLightbox[3f6e65b40ab158c3f18]\" data-title=\"Radiador mural a gas ECHO XC\" title=\"Radiador mural a gas ECHO XC\"><img decoding=\"async\" width=\"740\" height=\"720\" alt=\"ECHO XC range gas wall-mounted radiator\" src=\"https:\/\/www.jagalcaide.com\/wp-content\/uploads\/2022\/11\/Radiador-mural-a-gas-Echo-XC.jpg\" data-orig-src=\"https:\/\/www.jagalcaide.com\/wp-content\/uploads\/2022\/11\/Radiador-mural-a-gas-Echo-XC.jpg\" class=\"lazyload img-responsive wp-image-1815\" srcset=\"data:image\/svg+xml,%3Csvg%20xmlns%3D%27http%3A%2F%2Fwww.w3.org%2F2000%2Fsvg%27%20width%3D%27740%27%20height%3D%27720%27%20viewBox%3D%270%200%20740%20720%27%3E%3Crect%20width%3D%27740%27%20height%3D%27720%27%20fill-opacity%3D%220%22%2F%3E%3C%2Fsvg%3E\" data-srcset=\"https:\/\/www.jagalcaide.com\/wp-content\/uploads\/2022\/11\/Radiador-mural-a-gas-Echo-XC-200x195.jpg 200w, https:\/\/www.jagalcaide.com\/wp-content\/uploads\/2022\/11\/Radiador-mural-a-gas-Echo-XC-400x389.jpg 400w, https:\/\/www.jagalcaide.com\/wp-content\/uploads\/2022\/11\/Radiador-mural-a-gas-Echo-XC-600x584.jpg 600w, https:\/\/www.jagalcaide.com\/wp-content\/uploads\/2022\/11\/Radiador-mural-a-gas-Echo-XC.jpg 740w\" data-sizes=\"auto\" data-orig-sizes=\"(max-width: 640px) 100vw, 600px\" \/><\/a><\/span><\/div><\/div><\/div><div class=\"fusion-layout-column fusion_builder_column fusion-builder-column-4 fusion_builder_column_1_2 1_2 fusion-flex-column\" style=\"--awb-bg-size:cover;--awb-width-large:50%;--awb-margin-top-large:0px;--awb-spacing-right-large:3.84%;--awb-margin-bottom-large:20px;--awb-spacing-left-large:3.84%;--awb-width-medium:50%;--awb-order-medium:0;--awb-spacing-right-medium:3.84%;--awb-spacing-left-medium:3.84%;--awb-width-small:100%;--awb-order-small:0;--awb-spacing-right-small:1.92%;--awb-spacing-left-small:1.92%;\"><div class=\"fusion-column-wrapper fusion-column-has-shadow fusion-flex-justify-content-flex-start fusion-content-layout-column\"><div class=\"fusion-text fusion-text-4\"><h4>ECHO XN range gas wall-mounted radiator<\/h4>\n<\/div><div class=\"fusion-text fusion-text-5\"><p>This wall-mounted radiator offers an integrated tangential fan. This fan requires electrical power, so to install this model it is necessary to have an electrical installation- Like the previous model, it is ignited by piezoelectric, the flame is controlled by the thermocouple and allows modulating the power between 40 and 100% It is equipped with an adjustable grille to direct the flow of hot air and the fan can be switched off if the user prefers it. It incorporates the possibility of programming by hourly and \/ or weekly timer.<\/p>\n<p>Three models of this range are also manufactured, having the following technical specifications:<\/p>\n<\/div><div class=\"fusion-image-element \" style=\"--awb-caption-title-font-family:var(--h2_typography-font-family);--awb-caption-title-font-weight:var(--h2_typography-font-weight);--awb-caption-title-font-style:var(--h2_typography-font-style);--awb-caption-title-size:var(--h2_typography-font-size);--awb-caption-title-transform:var(--h2_typography-text-transform);--awb-caption-title-line-height:var(--h2_typography-line-height);--awb-caption-title-letter-spacing:var(--h2_typography-letter-spacing);\"><span class=\" fusion-imageframe imageframe-none imageframe-3 hover-type-none\" class=\"image-scroll\"><a href=\"https:\/\/www.jagalcaide.com\/wp-content\/uploads\/2022\/11\/Radiador-mural-a-gas-ECHO-XN.jpg\" class=\"fusion-lightbox\" data-rel=\"iLightbox[c38e8483ff9a10f4d94]\" data-title=\"Radiador mural a gas ECHO XN\" title=\"Radiador mural a gas ECHO XN\"><img decoding=\"async\" width=\"740\" height=\"720\" alt=\"ECHO XN range gas wall-mounted radiator\" src=\"https:\/\/www.jagalcaide.com\/wp-content\/uploads\/2022\/11\/Radiador-mural-a-gas-ECHO-XN.jpg\" data-orig-src=\"https:\/\/www.jagalcaide.com\/wp-content\/uploads\/2022\/11\/Radiador-mural-a-gas-ECHO-XN.jpg\" class=\"lazyload img-responsive wp-image-1817\" srcset=\"data:image\/svg+xml,%3Csvg%20xmlns%3D%27http%3A%2F%2Fwww.w3.org%2F2000%2Fsvg%27%20width%3D%27740%27%20height%3D%27720%27%20viewBox%3D%270%200%20740%20720%27%3E%3Crect%20width%3D%27740%27%20height%3D%27720%27%20fill-opacity%3D%220%22%2F%3E%3C%2Fsvg%3E\" data-srcset=\"https:\/\/www.jagalcaide.com\/wp-content\/uploads\/2022\/11\/Radiador-mural-a-gas-ECHO-XN-200x195.jpg 200w, https:\/\/www.jagalcaide.com\/wp-content\/uploads\/2022\/11\/Radiador-mural-a-gas-ECHO-XN-400x389.jpg 400w, https:\/\/www.jagalcaide.com\/wp-content\/uploads\/2022\/11\/Radiador-mural-a-gas-ECHO-XN-600x584.jpg 600w, https:\/\/www.jagalcaide.com\/wp-content\/uploads\/2022\/11\/Radiador-mural-a-gas-ECHO-XN.jpg 740w\" data-sizes=\"auto\" data-orig-sizes=\"(max-width: 640px) 100vw, 600px\" \/><\/a><\/span><\/div><div class=\"fusion-text fusion-text-6\"><p>This wall-mounted radiator offers an integrated tangential fan. This fan requires electrical power, so to install this model it is necessary to have an electrical installation- Like the previous model, it is ignited by piezoelectric, the flame is controlled by the thermocouple and allows modulating the power between 40 and 100% It is equipped with an adjustable grille to direct the flow of hot air and the fan can be switched off if the user prefers it. It incorporates the possibility of programming by hourly and \/ or weekly timer.<\/p>\n<\/div><\/div><\/div><\/div><\/div><\/p>\n","protected":false},"excerpt":{"rendered":"","protected":false},"author":12,"featured_media":0,"parent":2465,"menu_order":0,"comment_status":"closed","ping_status":"closed","template":"100-width.php","meta":{"_acf_changed":false,"_yoast_wpseo_focuskw":"Wall mounted gas heaters","_yoast_wpseo_title":"Kromschroeder Wall mounted gas heaters -JAG Alcaide","_yoast_wpseo_metadesc":"Installers and repairers of Kromschroeder wall-mounted gas radiators throughout the province of Barcelona. JAG Alcaide, your trusted installers.","footnotes":""},"class_list":["post-2468","page","type-page","status-publish","hentry"],"acf":[],"translation_of":504,"jag_meta_title":"Kromschroeder Wall mounted gas heaters -JAG Alcaide","jag_meta_desc":"Installers and repairers of Kromschroeder wall-mounted gas radiators throughout the province of Barcelona. JAG Alcaide, your trusted installers.","yoast_head":"<!-- This site is optimized with the Yoast SEO plugin v27.5 - https:\/\/yoast.com\/product\/yoast-seo-wordpress\/ -->\n<title>Kromschroeder Wall mounted gas heaters -JAG Alcaide<\/title>\n<meta name=\"description\" content=\"Installers and repairers of Kromschroeder wall-mounted gas radiators throughout the province of Barcelona. JAG Alcaide, your trusted installers.\" \/>\n<meta name=\"robots\" content=\"index, follow, max-snippet:-1, max-image-preview:large, max-video-preview:-1\" \/>\n<link rel=\"canonical\" href=\"https:\/\/www.jagalcaide.com\/en\/heating-and-gas\/gas-heaters\/kromschroeder-radiators\/\" \/>\n<meta property=\"og:locale\" content=\"en_US\" \/>\n<meta property=\"og:type\" content=\"article\" \/>\n<meta property=\"og:title\" content=\"Kromschroeder Wall mounted gas heaters -JAG Alcaide\" \/>\n<meta property=\"og:description\" content=\"Installers and repairers of Kromschroeder wall-mounted gas radiators throughout the province of Barcelona. JAG Alcaide, your trusted installers.\" \/>\n<meta property=\"og:url\" content=\"https:\/\/www.jagalcaide.com\/en\/heating-and-gas\/gas-heaters\/kromschroeder-radiators\/\" \/>\n<meta property=\"og:site_name\" content=\"JAG Alcaide \u2013 Instalaci\u00f3n, reparaci\u00f3n y mantenimiento en Barcelona\" \/>\n<meta property=\"article:modified_time\" content=\"2026-02-20T14:53:41+00:00\" \/>\n<meta name=\"twitter:card\" content=\"summary_large_image\" \/>\n<meta name=\"twitter:site\" content=\"@JAGAlcaideSL\" \/>\n<meta name=\"twitter:label1\" content=\"Est. reading time\" \/>\n\t<meta name=\"twitter:data1\" content=\"9 minutes\" \/>\n<script type=\"application\/ld+json\" class=\"yoast-schema-graph\">{\"@context\":\"https:\\\/\\\/schema.org\",\"@graph\":[{\"@type\":\"WebPage\",\"@id\":\"https:\\\/\\\/www.jagalcaide.com\\\/en\\\/heating-and-gas\\\/gas-heaters\\\/kromschroeder-radiators\\\/\",\"url\":\"https:\\\/\\\/www.jagalcaide.com\\\/en\\\/heating-and-gas\\\/gas-heaters\\\/kromschroeder-radiators\\\/\",\"name\":\"Kromschroeder Wall mounted gas heaters -JAG Alcaide\",\"isPartOf\":{\"@id\":\"https:\\\/\\\/www.jagalcaide.com\\\/en\\\/#website\"},\"datePublished\":\"2022-11-30T11:54:00+00:00\",\"dateModified\":\"2026-02-20T14:53:41+00:00\",\"description\":\"Installers and repairers of Kromschroeder wall-mounted gas radiators throughout the province of Barcelona. JAG Alcaide, your trusted installers.\",\"breadcrumb\":{\"@id\":\"https:\\\/\\\/www.jagalcaide.com\\\/en\\\/heating-and-gas\\\/gas-heaters\\\/kromschroeder-radiators\\\/#breadcrumb\"},\"inLanguage\":\"en-US\",\"potentialAction\":[{\"@type\":\"ReadAction\",\"target\":[\"https:\\\/\\\/www.jagalcaide.com\\\/en\\\/heating-and-gas\\\/gas-heaters\\\/kromschroeder-radiators\\\/\"]}]},{\"@type\":\"BreadcrumbList\",\"@id\":\"https:\\\/\\\/www.jagalcaide.com\\\/en\\\/heating-and-gas\\\/gas-heaters\\\/kromschroeder-radiators\\\/#breadcrumb\",\"itemListElement\":[{\"@type\":\"ListItem\",\"position\":1,\"name\":\"Portada\",\"item\":\"https:\\\/\\\/www.jagalcaide.com\\\/en\\\/\"},{\"@type\":\"ListItem\",\"position\":2,\"name\":\"Heating Installation in Barcelona\",\"item\":\"https:\\\/\\\/www.jagalcaide.com\\\/en\\\/heating-and-gas\\\/\"},{\"@type\":\"ListItem\",\"position\":3,\"name\":\"Gas Wall Heaters in Barcelona\",\"item\":\"https:\\\/\\\/www.jagalcaide.com\\\/en\\\/heating-and-gas\\\/gas-heaters\\\/\"},{\"@type\":\"ListItem\",\"position\":4,\"name\":\"Kromschroeder Brand Radiators\"}]},{\"@type\":\"WebSite\",\"@id\":\"https:\\\/\\\/www.jagalcaide.com\\\/en\\\/#website\",\"url\":\"https:\\\/\\\/www.jagalcaide.com\\\/en\\\/\",\"name\":\"JAG Alcaide - Instalaci\u00f3n y reparaci\u00f3n de Aire Acondicionado y Calderas\",\"description\":\"Instalaci\u00f3n y reparaci\u00f3n de aire acondicionado y calderas en Barcelona\",\"publisher\":{\"@id\":\"https:\\\/\\\/www.jagalcaide.com\\\/en\\\/#organization\"},\"potentialAction\":[{\"@type\":\"SearchAction\",\"target\":{\"@type\":\"EntryPoint\",\"urlTemplate\":\"https:\\\/\\\/www.jagalcaide.com\\\/en\\\/?s={search_term_string}\"},\"query-input\":{\"@type\":\"PropertyValueSpecification\",\"valueRequired\":true,\"valueName\":\"search_term_string\"}}],\"inLanguage\":\"en-US\"},{\"@type\":\"Organization\",\"@id\":\"https:\\\/\\\/www.jagalcaide.com\\\/en\\\/#organization\",\"name\":\"JAG Alcaide\",\"url\":\"https:\\\/\\\/www.jagalcaide.com\\\/en\\\/\",\"logo\":{\"@type\":\"ImageObject\",\"inLanguage\":\"en-US\",\"@id\":\"https:\\\/\\\/www.jagalcaide.com\\\/en\\\/#\\\/schema\\\/logo\\\/image\\\/\",\"url\":\"https:\\\/\\\/www.jagalcaide.com\\\/wp-content\\\/uploads\\\/2023\\\/05\\\/logo-alcaide-gran.jpg\",\"contentUrl\":\"https:\\\/\\\/www.jagalcaide.com\\\/wp-content\\\/uploads\\\/2023\\\/05\\\/logo-alcaide-gran.jpg\",\"width\":696,\"height\":696,\"caption\":\"JAG Alcaide\"},\"image\":{\"@id\":\"https:\\\/\\\/www.jagalcaide.com\\\/en\\\/#\\\/schema\\\/logo\\\/image\\\/\"},\"sameAs\":[\"https:\\\/\\\/x.com\\\/JAGAlcaideSL\",\"https:\\\/\\\/www.instagram.com\\\/jagalcaide\\\/\",\"https:\\\/\\\/www.linkedin.com\\\/company\\\/j-a-g-alcaide-s-l-\"]}]}<\/script>\n<!-- \/ Yoast SEO plugin. -->","yoast_head_json":{"title":"Kromschroeder Wall mounted gas heaters -JAG Alcaide","description":"Installers and repairers of Kromschroeder wall-mounted gas radiators throughout the province of Barcelona. JAG Alcaide, your trusted installers.","robots":{"index":"index","follow":"follow","max-snippet":"max-snippet:-1","max-image-preview":"max-image-preview:large","max-video-preview":"max-video-preview:-1"},"canonical":"https:\/\/www.jagalcaide.com\/en\/heating-and-gas\/gas-heaters\/kromschroeder-radiators\/","og_locale":"en_US","og_type":"article","og_title":"Kromschroeder Wall mounted gas heaters -JAG Alcaide","og_description":"Installers and repairers of Kromschroeder wall-mounted gas radiators throughout the province of Barcelona. JAG Alcaide, your trusted installers.","og_url":"https:\/\/www.jagalcaide.com\/en\/heating-and-gas\/gas-heaters\/kromschroeder-radiators\/","og_site_name":"JAG Alcaide \u2013 Instalaci\u00f3n, reparaci\u00f3n y mantenimiento en Barcelona","article_modified_time":"2026-02-20T14:53:41+00:00","twitter_card":"summary_large_image","twitter_site":"@JAGAlcaideSL","twitter_misc":{"Est. reading time":"9 minutes"},"schema":{"@context":"https:\/\/schema.org","@graph":[{"@type":"WebPage","@id":"https:\/\/www.jagalcaide.com\/en\/heating-and-gas\/gas-heaters\/kromschroeder-radiators\/","url":"https:\/\/www.jagalcaide.com\/en\/heating-and-gas\/gas-heaters\/kromschroeder-radiators\/","name":"Kromschroeder Wall mounted gas heaters -JAG Alcaide","isPartOf":{"@id":"https:\/\/www.jagalcaide.com\/en\/#website"},"datePublished":"2022-11-30T11:54:00+00:00","dateModified":"2026-02-20T14:53:41+00:00","description":"Installers and repairers of Kromschroeder wall-mounted gas radiators throughout the province of Barcelona. JAG Alcaide, your trusted installers.","breadcrumb":{"@id":"https:\/\/www.jagalcaide.com\/en\/heating-and-gas\/gas-heaters\/kromschroeder-radiators\/#breadcrumb"},"inLanguage":"en-US","potentialAction":[{"@type":"ReadAction","target":["https:\/\/www.jagalcaide.com\/en\/heating-and-gas\/gas-heaters\/kromschroeder-radiators\/"]}]},{"@type":"BreadcrumbList","@id":"https:\/\/www.jagalcaide.com\/en\/heating-and-gas\/gas-heaters\/kromschroeder-radiators\/#breadcrumb","itemListElement":[{"@type":"ListItem","position":1,"name":"Portada","item":"https:\/\/www.jagalcaide.com\/en\/"},{"@type":"ListItem","position":2,"name":"Heating Installation in Barcelona","item":"https:\/\/www.jagalcaide.com\/en\/heating-and-gas\/"},{"@type":"ListItem","position":3,"name":"Gas Wall Heaters in Barcelona","item":"https:\/\/www.jagalcaide.com\/en\/heating-and-gas\/gas-heaters\/"},{"@type":"ListItem","position":4,"name":"Kromschroeder Brand Radiators"}]},{"@type":"WebSite","@id":"https:\/\/www.jagalcaide.com\/en\/#website","url":"https:\/\/www.jagalcaide.com\/en\/","name":"JAG Alcaide - Instalaci\u00f3n y reparaci\u00f3n de Aire Acondicionado y Calderas","description":"Instalaci\u00f3n y reparaci\u00f3n de aire acondicionado y calderas en Barcelona","publisher":{"@id":"https:\/\/www.jagalcaide.com\/en\/#organization"},"potentialAction":[{"@type":"SearchAction","target":{"@type":"EntryPoint","urlTemplate":"https:\/\/www.jagalcaide.com\/en\/?s={search_term_string}"},"query-input":{"@type":"PropertyValueSpecification","valueRequired":true,"valueName":"search_term_string"}}],"inLanguage":"en-US"},{"@type":"Organization","@id":"https:\/\/www.jagalcaide.com\/en\/#organization","name":"JAG Alcaide","url":"https:\/\/www.jagalcaide.com\/en\/","logo":{"@type":"ImageObject","inLanguage":"en-US","@id":"https:\/\/www.jagalcaide.com\/en\/#\/schema\/logo\/image\/","url":"https:\/\/www.jagalcaide.com\/wp-content\/uploads\/2023\/05\/logo-alcaide-gran.jpg","contentUrl":"https:\/\/www.jagalcaide.com\/wp-content\/uploads\/2023\/05\/logo-alcaide-gran.jpg","width":696,"height":696,"caption":"JAG Alcaide"},"image":{"@id":"https:\/\/www.jagalcaide.com\/en\/#\/schema\/logo\/image\/"},"sameAs":["https:\/\/x.com\/JAGAlcaideSL","https:\/\/www.instagram.com\/jagalcaide\/","https:\/\/www.linkedin.com\/company\/j-a-g-alcaide-s-l-"]}]}},"wpml_current_locale":"en_US","wpml_translations":{"es_ES":{"locale":"es_ES","id":504,"slug":"radiadores-murales-a-gas-kromschroeder","post_title":"Radiadores marca Kromschroeder","href":"https:\/\/www.jagalcaide.com\/calefaccion-barcelona\/radiadores-murales-a-gas-barcelona\/radiadores-murales-a-gas-kromschroeder\/"}},"_links":{"self":[{"href":"https:\/\/www.jagalcaide.com\/en\/wp-json\/wp\/v2\/pages\/2468","targetHints":{"allow":["GET"]}}],"collection":[{"href":"https:\/\/www.jagalcaide.com\/en\/wp-json\/wp\/v2\/pages"}],"about":[{"href":"https:\/\/www.jagalcaide.com\/en\/wp-json\/wp\/v2\/types\/page"}],"author":[{"embeddable":true,"href":"https:\/\/www.jagalcaide.com\/en\/wp-json\/wp\/v2\/users\/12"}],"replies":[{"embeddable":true,"href":"https:\/\/www.jagalcaide.com\/en\/wp-json\/wp\/v2\/comments?post=2468"}],"version-history":[{"count":0,"href":"https:\/\/www.jagalcaide.com\/en\/wp-json\/wp\/v2\/pages\/2468\/revisions"}],"up":[{"embeddable":true,"href":"https:\/\/www.jagalcaide.com\/en\/wp-json\/wp\/v2\/pages\/2465"}],"wp:attachment":[{"href":"https:\/\/www.jagalcaide.com\/en\/wp-json\/wp\/v2\/media?parent=2468"}],"curies":[{"name":"wp","href":"https:\/\/api.w.org\/{rel}","templated":true}]}}