{"id":2471,"date":"2022-11-30T12:51:16","date_gmt":"2022-11-30T12:51:16","guid":{"rendered":"https:\/\/www.jagalcaide.com\/heating-and-gas\/gas-heaters\/fondital-radiators\/"},"modified":"2026-02-20T14:55:06","modified_gmt":"2026-02-20T14:55:06","slug":"fondital-radiators","status":"publish","type":"page","link":"https:\/\/www.jagalcaide.com\/en\/heating-and-gas\/gas-heaters\/fondital-radiators\/","title":{"rendered":"Fondital Brand Radiators"},"content":{"rendered":"<p><div class=\"fusion-fullwidth fullwidth-box fusion-builder-row-1 fusion-flex-container has-pattern-background has-mask-background nonhundred-percent-fullwidth non-hundred-percent-height-scrolling\" style=\"--awb-border-radius-top-left:0px;--awb-border-radius-top-right:0px;--awb-border-radius-bottom-right:0px;--awb-border-radius-bottom-left:0px;--awb-padding-right:0px;--awb-padding-left:0px;\" ><div class=\"fusion-builder-row fusion-row fusion-flex-align-items-flex-start\" style=\"max-width:1248px;margin-left: calc(-4% \/ 2 );margin-right: calc(-4% \/ 2 );\"><div class=\"fusion-layout-column fusion_builder_column fusion-builder-column-0 fusion_builder_column_1_1 1_1 fusion-flex-column\" style=\"--awb-bg-size:cover;--awb-width-large:100%;--awb-margin-top-large:0px;--awb-spacing-right-large:1.92%;--awb-margin-bottom-large:20px;--awb-spacing-left-large:1.92%;--awb-width-medium:100%;--awb-order-medium:0;--awb-spacing-right-medium:1.92%;--awb-spacing-left-medium:1.92%;--awb-width-small:100%;--awb-order-small:0;--awb-spacing-right-small:1.92%;--awb-spacing-left-small:1.92%;\"><div class=\"fusion-column-wrapper fusion-column-has-shadow fusion-flex-justify-content-flex-start fusion-content-layout-column\"><div class=\"fusion-text fusion-text-1\"><p>One of the brands we currently work with is the Italian brand Fondital, due to the good benefits its products offer. Its GAZZELLE TECHNO range includes models of different power and design, from natural draft to premix devices, all with a watertight chamber. Modern design with soft and simple lines, compact, made of quality materials, to adapt to any type of decoration, giving elegance to the environment.<\/p>\n<p>The simplicity of installation (does not require major modifications of the pre-existing systems or of the masonry structure), ease of use and safety are the intrinsic characteristics of the GAZELLE TECHNO range.<\/p>\n<\/div><\/div><\/div><\/div><\/div><div class=\"fusion-fullwidth fullwidth-box fusion-builder-row-2 fusion-flex-container has-pattern-background has-mask-background nonhundred-percent-fullwidth non-hundred-percent-height-scrolling\" style=\"--awb-border-radius-top-left:0px;--awb-border-radius-top-right:0px;--awb-border-radius-bottom-right:0px;--awb-border-radius-bottom-left:0px;--awb-padding-right:0px;--awb-padding-left:0px;\" ><div class=\"fusion-builder-row fusion-row fusion-flex-align-items-flex-start\" style=\"max-width:1248px;margin-left: calc(-4% \/ 2 );margin-right: calc(-4% \/ 2 );\"><div class=\"fusion-layout-column fusion_builder_column fusion-builder-column-1 fusion_builder_column_1_2 1_2 fusion-flex-column\" style=\"--awb-bg-size:cover;--awb-width-large:50%;--awb-margin-top-large:0px;--awb-spacing-right-large:3.84%;--awb-margin-bottom-large:20px;--awb-spacing-left-large:3.84%;--awb-width-medium:50%;--awb-order-medium:0;--awb-spacing-right-medium:3.84%;--awb-spacing-left-medium:3.84%;--awb-width-small:100%;--awb-order-small:0;--awb-spacing-right-small:1.92%;--awb-spacing-left-small:1.92%;\"><div class=\"fusion-column-wrapper fusion-column-has-shadow fusion-flex-justify-content-flex-start fusion-content-layout-column\"><div class=\"fusion-text fusion-text-2\"><h4>Gazelle Techno 2200 model<\/h4>\n<\/div><div class=\"fusion-text fusion-text-3\"><p>Convective gas stove with sealed chamber, natural draft, with pilot flame and safety device with thermocouple, which does not require an electric current to operate.<\/p>\n<\/div><div class=\"fusion-image-element \" style=\"--awb-caption-title-font-family:var(--h2_typography-font-family);--awb-caption-title-font-weight:var(--h2_typography-font-weight);--awb-caption-title-font-style:var(--h2_typography-font-style);--awb-caption-title-size:var(--h2_typography-font-size);--awb-caption-title-transform:var(--h2_typography-text-transform);--awb-caption-title-line-height:var(--h2_typography-line-height);--awb-caption-title-letter-spacing:var(--h2_typography-letter-spacing);\"><span class=\" fusion-imageframe imageframe-none imageframe-1 hover-type-none\" class=\"image-scroll\"><a href=\"https:\/\/www.jagalcaide.com\/wp-content\/uploads\/2022\/12\/radiadores_murales_gas-600x262.jpg\" class=\"fusion-lightbox\" data-rel=\"iLightbox[af6b024db59b36ef4ac]\" data-title=\"Modelo Gazelle Techno 2200\" title=\"Modelo Gazelle Techno 2200\"><img decoding=\"async\" width=\"600\" height=\"262\" alt=\"Gazelle Techno Classic model\" src=\"https:\/\/www.jagalcaide.com\/wp-content\/uploads\/2022\/12\/radiadores_murales_gas.jpg\" data-orig-src=\"https:\/\/www.jagalcaide.com\/wp-content\/uploads\/2022\/12\/radiadores_murales_gas-600x262.jpg\" class=\"lazyload img-responsive wp-image-1819\" srcset=\"data:image\/svg+xml,%3Csvg%20xmlns%3D%27http%3A%2F%2Fwww.w3.org%2F2000%2Fsvg%27%20width%3D%27675%27%20height%3D%27295%27%20viewBox%3D%270%200%20675%20295%27%3E%3Crect%20width%3D%27675%27%20height%3D%27295%27%20fill-opacity%3D%220%22%2F%3E%3C%2Fsvg%3E\" data-srcset=\"https:\/\/www.jagalcaide.com\/wp-content\/uploads\/2022\/12\/radiadores_murales_gas-200x87.jpg 200w, https:\/\/www.jagalcaide.com\/wp-content\/uploads\/2022\/12\/radiadores_murales_gas-400x175.jpg 400w, https:\/\/www.jagalcaide.com\/wp-content\/uploads\/2022\/12\/radiadores_murales_gas-600x262.jpg 600w, https:\/\/www.jagalcaide.com\/wp-content\/uploads\/2022\/12\/radiadores_murales_gas.jpg 675w\" data-sizes=\"auto\" data-orig-sizes=\"(max-width: 640px) 100vw, 600px\" \/><\/a><\/span><\/div><\/div><\/div><div class=\"fusion-layout-column fusion_builder_column fusion-builder-column-2 fusion_builder_column_1_2 1_2 fusion-flex-column\" style=\"--awb-bg-size:cover;--awb-width-large:50%;--awb-margin-top-large:0px;--awb-spacing-right-large:3.84%;--awb-margin-bottom-large:20px;--awb-spacing-left-large:3.84%;--awb-width-medium:50%;--awb-order-medium:0;--awb-spacing-right-medium:3.84%;--awb-spacing-left-medium:3.84%;--awb-width-small:100%;--awb-order-small:0;--awb-spacing-right-small:1.92%;--awb-spacing-left-small:1.92%;\"><div class=\"fusion-column-wrapper fusion-column-has-shadow fusion-flex-justify-content-flex-start fusion-content-layout-column\"><div class=\"fusion-text fusion-text-4\"><h4>Gazelle Techno Classic model<\/h4>\n<\/div><div class=\"fusion-text fusion-text-5\"><p>Convective gas stove that associates the traditional combustion system with an atmospheric burner to the advanced construction and electronic management system characteristic of the entire range.<\/p>\n<\/div><div class=\"fusion-image-element \" style=\"--awb-caption-title-font-family:var(--h2_typography-font-family);--awb-caption-title-font-weight:var(--h2_typography-font-weight);--awb-caption-title-font-style:var(--h2_typography-font-style);--awb-caption-title-size:var(--h2_typography-font-size);--awb-caption-title-transform:var(--h2_typography-text-transform);--awb-caption-title-line-height:var(--h2_typography-line-height);--awb-caption-title-letter-spacing:var(--h2_typography-letter-spacing);\"><span class=\" fusion-imageframe imageframe-none imageframe-2 hover-type-none\" class=\"image-scroll\"><a href=\"https:\/\/www.jagalcaide.com\/wp-content\/uploads\/2022\/12\/radiadores_murales_gas2-600x265.jpg\" class=\"fusion-lightbox\" data-rel=\"iLightbox[299bce09961a22cdc67]\" data-title=\"Modelo Gazelle Techno Classic\" title=\"Modelo Gazelle Techno Classic\"><img decoding=\"async\" width=\"600\" height=\"265\" alt=\"Model Gazelle Techno Classic\" src=\"https:\/\/www.jagalcaide.com\/wp-content\/uploads\/2022\/12\/radiadores_murales_gas2.jpg\" data-orig-src=\"https:\/\/www.jagalcaide.com\/wp-content\/uploads\/2022\/12\/radiadores_murales_gas2-600x265.jpg\" class=\"lazyload img-responsive wp-image-1821\" srcset=\"data:image\/svg+xml,%3Csvg%20xmlns%3D%27http%3A%2F%2Fwww.w3.org%2F2000%2Fsvg%27%20width%3D%27700%27%20height%3D%27309%27%20viewBox%3D%270%200%20700%20309%27%3E%3Crect%20width%3D%27700%27%20height%3D%27309%27%20fill-opacity%3D%220%22%2F%3E%3C%2Fsvg%3E\" data-srcset=\"https:\/\/www.jagalcaide.com\/wp-content\/uploads\/2022\/12\/radiadores_murales_gas2-200x88.jpg 200w, https:\/\/www.jagalcaide.com\/wp-content\/uploads\/2022\/12\/radiadores_murales_gas2-400x177.jpg 400w, https:\/\/www.jagalcaide.com\/wp-content\/uploads\/2022\/12\/radiadores_murales_gas2-600x265.jpg 600w, https:\/\/www.jagalcaide.com\/wp-content\/uploads\/2022\/12\/radiadores_murales_gas2.jpg 700w\" data-sizes=\"auto\" data-orig-sizes=\"(max-width: 640px) 100vw, 600px\" \/><\/a><\/span><\/div><\/div><\/div><\/div><\/div><div class=\"fusion-fullwidth fullwidth-box fusion-builder-row-3 fusion-flex-container has-pattern-background has-mask-background nonhundred-percent-fullwidth non-hundred-percent-height-scrolling\" style=\"--awb-border-radius-top-left:0px;--awb-border-radius-top-right:0px;--awb-border-radius-bottom-right:0px;--awb-border-radius-bottom-left:0px;--awb-padding-right:0px;--awb-padding-left:0px;\" ><div class=\"fusion-builder-row fusion-row fusion-flex-align-items-flex-start\" style=\"max-width:1248px;margin-left: calc(-4% \/ 2 );margin-right: calc(-4% \/ 2 );\"><div class=\"fusion-layout-column fusion_builder_column fusion-builder-column-3 fusion_builder_column_1_1 1_1 fusion-flex-column\" style=\"--awb-bg-size:cover;--awb-width-large:100%;--awb-margin-top-large:0px;--awb-spacing-right-large:1.92%;--awb-margin-bottom-large:20px;--awb-spacing-left-large:1.92%;--awb-width-medium:100%;--awb-order-medium:0;--awb-spacing-right-medium:1.92%;--awb-spacing-left-medium:1.92%;--awb-width-small:100%;--awb-order-small:0;--awb-spacing-right-small:1.92%;--awb-spacing-left-small:1.92%;\"><div class=\"fusion-column-wrapper fusion-column-has-shadow fusion-flex-justify-content-flex-start fusion-content-layout-column\"><div class=\"fusion-separator fusion-full-width-sep\" style=\"align-self: center;margin-left: auto;margin-right: auto;margin-top:10px;margin-bottom:10px;width:100%;\"><\/div><div class=\"fusion-text fusion-text-6\"><p>For more information, do not hesitate to contact us and, if necessary, we will make a free estimate.<\/p>\n<\/div><\/div><\/div><\/div><\/div><\/p>\n","protected":false},"excerpt":{"rendered":"","protected":false},"author":12,"featured_media":0,"parent":2465,"menu_order":0,"comment_status":"closed","ping_status":"closed","template":"100-width.php","meta":{"_acf_changed":false,"footnotes":""},"class_list":["post-2471","page","type-page","status-publish","hentry"],"acf":[],"yoast_head":"<!-- This site is optimized with the Yoast SEO plugin v27.3 - https:\/\/yoast.com\/product\/yoast-seo-wordpress\/ -->\n<title>Wall-mounted gas radiators Fondital - JAG Alcaide Barcelona<\/title>\n<meta name=\"description\" content=\"Installers of Fondital gas wall-mounted radiators, natural draft or forced draft at JAG Alcaide Barcelona. Your trusted installers\" \/>\n<meta name=\"robots\" content=\"index, follow, max-snippet:-1, max-image-preview:large, max-video-preview:-1\" \/>\n<link rel=\"canonical\" href=\"https:\/\/www.jagalcaide.com\/en\/heating-and-gas\/gas-heaters\/fondital-radiators\/\" \/>\n<meta property=\"og:locale\" content=\"en_US\" \/>\n<meta property=\"og:type\" content=\"article\" \/>\n<meta property=\"og:title\" content=\"Wall-mounted gas radiators Fondital - JAG Alcaide Barcelona\" \/>\n<meta property=\"og:description\" content=\"Installers of Fondital gas wall-mounted radiators, natural draft or forced draft at JAG Alcaide Barcelona. Your trusted installers\" \/>\n<meta property=\"og:url\" content=\"https:\/\/www.jagalcaide.com\/en\/heating-and-gas\/gas-heaters\/fondital-radiators\/\" \/>\n<meta property=\"og:site_name\" content=\"JAG Alcaide \u2013 Instalaci\u00f3n, reparaci\u00f3n y mantenimiento en Barcelona\" \/>\n<meta property=\"article:modified_time\" content=\"2026-02-20T14:55:06+00:00\" \/>\n<meta name=\"twitter:card\" content=\"summary_large_image\" \/>\n<meta name=\"twitter:site\" content=\"@JAGAlcaideSL\" \/>\n<meta name=\"twitter:label1\" content=\"Est. reading time\" \/>\n\t<meta name=\"twitter:data1\" content=\"7 minutes\" \/>\n<script type=\"application\/ld+json\" class=\"yoast-schema-graph\">{\"@context\":\"https:\\\/\\\/schema.org\",\"@graph\":[{\"@type\":\"WebPage\",\"@id\":\"https:\\\/\\\/www.jagalcaide.com\\\/en\\\/heating-and-gas\\\/gas-heaters\\\/fondital-radiators\\\/\",\"url\":\"https:\\\/\\\/www.jagalcaide.com\\\/en\\\/heating-and-gas\\\/gas-heaters\\\/fondital-radiators\\\/\",\"name\":\"Wall-mounted gas radiators Fondital - JAG Alcaide Barcelona\",\"isPartOf\":{\"@id\":\"https:\\\/\\\/www.jagalcaide.com\\\/en\\\/#website\"},\"datePublished\":\"2022-11-30T12:51:16+00:00\",\"dateModified\":\"2026-02-20T14:55:06+00:00\",\"description\":\"Installers of Fondital gas wall-mounted radiators, natural draft or forced draft at JAG Alcaide Barcelona. Your trusted installers\",\"breadcrumb\":{\"@id\":\"https:\\\/\\\/www.jagalcaide.com\\\/en\\\/heating-and-gas\\\/gas-heaters\\\/fondital-radiators\\\/#breadcrumb\"},\"inLanguage\":\"en-US\",\"potentialAction\":[{\"@type\":\"ReadAction\",\"target\":[\"https:\\\/\\\/www.jagalcaide.com\\\/en\\\/heating-and-gas\\\/gas-heaters\\\/fondital-radiators\\\/\"]}]},{\"@type\":\"BreadcrumbList\",\"@id\":\"https:\\\/\\\/www.jagalcaide.com\\\/en\\\/heating-and-gas\\\/gas-heaters\\\/fondital-radiators\\\/#breadcrumb\",\"itemListElement\":[{\"@type\":\"ListItem\",\"position\":1,\"name\":\"Portada\",\"item\":\"https:\\\/\\\/www.jagalcaide.com\\\/en\\\/\"},{\"@type\":\"ListItem\",\"position\":2,\"name\":\"Heating Installation in Barcelona\",\"item\":\"https:\\\/\\\/www.jagalcaide.com\\\/en\\\/heating-and-gas\\\/\"},{\"@type\":\"ListItem\",\"position\":3,\"name\":\"Gas Wall Heaters in Barcelona\",\"item\":\"https:\\\/\\\/www.jagalcaide.com\\\/en\\\/heating-and-gas\\\/gas-heaters\\\/\"},{\"@type\":\"ListItem\",\"position\":4,\"name\":\"Fondital Brand Radiators\"}]},{\"@type\":\"WebSite\",\"@id\":\"https:\\\/\\\/www.jagalcaide.com\\\/en\\\/#website\",\"url\":\"https:\\\/\\\/www.jagalcaide.com\\\/en\\\/\",\"name\":\"JAG Alcaide - Instalaci\u00f3n y reparaci\u00f3n de Aire Acondicionado y Calderas\",\"description\":\"Instalaci\u00f3n y reparaci\u00f3n de aire acondicionado y calderas en Barcelona\",\"publisher\":{\"@id\":\"https:\\\/\\\/www.jagalcaide.com\\\/en\\\/#organization\"},\"potentialAction\":[{\"@type\":\"SearchAction\",\"target\":{\"@type\":\"EntryPoint\",\"urlTemplate\":\"https:\\\/\\\/www.jagalcaide.com\\\/en\\\/?s={search_term_string}\"},\"query-input\":{\"@type\":\"PropertyValueSpecification\",\"valueRequired\":true,\"valueName\":\"search_term_string\"}}],\"inLanguage\":\"en-US\"},{\"@type\":\"Organization\",\"@id\":\"https:\\\/\\\/www.jagalcaide.com\\\/en\\\/#organization\",\"name\":\"JAG Alcaide\",\"url\":\"https:\\\/\\\/www.jagalcaide.com\\\/en\\\/\",\"logo\":{\"@type\":\"ImageObject\",\"inLanguage\":\"en-US\",\"@id\":\"https:\\\/\\\/www.jagalcaide.com\\\/en\\\/#\\\/schema\\\/logo\\\/image\\\/\",\"url\":\"https:\\\/\\\/www.jagalcaide.com\\\/wp-content\\\/uploads\\\/2023\\\/05\\\/logo-alcaide-gran.jpg\",\"contentUrl\":\"https:\\\/\\\/www.jagalcaide.com\\\/wp-content\\\/uploads\\\/2023\\\/05\\\/logo-alcaide-gran.jpg\",\"width\":696,\"height\":696,\"caption\":\"JAG Alcaide\"},\"image\":{\"@id\":\"https:\\\/\\\/www.jagalcaide.com\\\/en\\\/#\\\/schema\\\/logo\\\/image\\\/\"},\"sameAs\":[\"https:\\\/\\\/x.com\\\/JAGAlcaideSL\",\"https:\\\/\\\/www.instagram.com\\\/jagalcaide\\\/\",\"https:\\\/\\\/www.linkedin.com\\\/company\\\/j-a-g-alcaide-s-l-\"]}]}<\/script>\n<!-- \/ Yoast SEO plugin. -->","yoast_head_json":{"title":"Wall-mounted gas radiators Fondital - JAG Alcaide Barcelona","description":"Installers of Fondital gas wall-mounted radiators, natural draft or forced draft at JAG Alcaide Barcelona. Your trusted installers","robots":{"index":"index","follow":"follow","max-snippet":"max-snippet:-1","max-image-preview":"max-image-preview:large","max-video-preview":"max-video-preview:-1"},"canonical":"https:\/\/www.jagalcaide.com\/en\/heating-and-gas\/gas-heaters\/fondital-radiators\/","og_locale":"en_US","og_type":"article","og_title":"Wall-mounted gas radiators Fondital - JAG Alcaide Barcelona","og_description":"Installers of Fondital gas wall-mounted radiators, natural draft or forced draft at JAG Alcaide Barcelona. Your trusted installers","og_url":"https:\/\/www.jagalcaide.com\/en\/heating-and-gas\/gas-heaters\/fondital-radiators\/","og_site_name":"JAG Alcaide \u2013 Instalaci\u00f3n, reparaci\u00f3n y mantenimiento en Barcelona","article_modified_time":"2026-02-20T14:55:06+00:00","twitter_card":"summary_large_image","twitter_site":"@JAGAlcaideSL","twitter_misc":{"Est. reading time":"7 minutes"},"schema":{"@context":"https:\/\/schema.org","@graph":[{"@type":"WebPage","@id":"https:\/\/www.jagalcaide.com\/en\/heating-and-gas\/gas-heaters\/fondital-radiators\/","url":"https:\/\/www.jagalcaide.com\/en\/heating-and-gas\/gas-heaters\/fondital-radiators\/","name":"Wall-mounted gas radiators Fondital - JAG Alcaide Barcelona","isPartOf":{"@id":"https:\/\/www.jagalcaide.com\/en\/#website"},"datePublished":"2022-11-30T12:51:16+00:00","dateModified":"2026-02-20T14:55:06+00:00","description":"Installers of Fondital gas wall-mounted radiators, natural draft or forced draft at JAG Alcaide Barcelona. Your trusted installers","breadcrumb":{"@id":"https:\/\/www.jagalcaide.com\/en\/heating-and-gas\/gas-heaters\/fondital-radiators\/#breadcrumb"},"inLanguage":"en-US","potentialAction":[{"@type":"ReadAction","target":["https:\/\/www.jagalcaide.com\/en\/heating-and-gas\/gas-heaters\/fondital-radiators\/"]}]},{"@type":"BreadcrumbList","@id":"https:\/\/www.jagalcaide.com\/en\/heating-and-gas\/gas-heaters\/fondital-radiators\/#breadcrumb","itemListElement":[{"@type":"ListItem","position":1,"name":"Portada","item":"https:\/\/www.jagalcaide.com\/en\/"},{"@type":"ListItem","position":2,"name":"Heating Installation in Barcelona","item":"https:\/\/www.jagalcaide.com\/en\/heating-and-gas\/"},{"@type":"ListItem","position":3,"name":"Gas Wall Heaters in Barcelona","item":"https:\/\/www.jagalcaide.com\/en\/heating-and-gas\/gas-heaters\/"},{"@type":"ListItem","position":4,"name":"Fondital Brand Radiators"}]},{"@type":"WebSite","@id":"https:\/\/www.jagalcaide.com\/en\/#website","url":"https:\/\/www.jagalcaide.com\/en\/","name":"JAG Alcaide - Instalaci\u00f3n y reparaci\u00f3n de Aire Acondicionado y Calderas","description":"Instalaci\u00f3n y reparaci\u00f3n de aire acondicionado y calderas en Barcelona","publisher":{"@id":"https:\/\/www.jagalcaide.com\/en\/#organization"},"potentialAction":[{"@type":"SearchAction","target":{"@type":"EntryPoint","urlTemplate":"https:\/\/www.jagalcaide.com\/en\/?s={search_term_string}"},"query-input":{"@type":"PropertyValueSpecification","valueRequired":true,"valueName":"search_term_string"}}],"inLanguage":"en-US"},{"@type":"Organization","@id":"https:\/\/www.jagalcaide.com\/en\/#organization","name":"JAG Alcaide","url":"https:\/\/www.jagalcaide.com\/en\/","logo":{"@type":"ImageObject","inLanguage":"en-US","@id":"https:\/\/www.jagalcaide.com\/en\/#\/schema\/logo\/image\/","url":"https:\/\/www.jagalcaide.com\/wp-content\/uploads\/2023\/05\/logo-alcaide-gran.jpg","contentUrl":"https:\/\/www.jagalcaide.com\/wp-content\/uploads\/2023\/05\/logo-alcaide-gran.jpg","width":696,"height":696,"caption":"JAG Alcaide"},"image":{"@id":"https:\/\/www.jagalcaide.com\/en\/#\/schema\/logo\/image\/"},"sameAs":["https:\/\/x.com\/JAGAlcaideSL","https:\/\/www.instagram.com\/jagalcaide\/","https:\/\/www.linkedin.com\/company\/j-a-g-alcaide-s-l-"]}]}},"wpml_current_locale":"en_US","wpml_translations":{"es_ES":{"locale":"es_ES","id":534,"slug":"radiadores-murales-a-gas-fondital","post_title":"Radiadores marca Fondital","href":"https:\/\/www.jagalcaide.com\/calefaccion-barcelona\/radiadores-murales-a-gas-barcelona\/radiadores-murales-a-gas-fondital\/"}},"_links":{"self":[{"href":"https:\/\/www.jagalcaide.com\/en\/wp-json\/wp\/v2\/pages\/2471","targetHints":{"allow":["GET"]}}],"collection":[{"href":"https:\/\/www.jagalcaide.com\/en\/wp-json\/wp\/v2\/pages"}],"about":[{"href":"https:\/\/www.jagalcaide.com\/en\/wp-json\/wp\/v2\/types\/page"}],"author":[{"embeddable":true,"href":"https:\/\/www.jagalcaide.com\/en\/wp-json\/wp\/v2\/users\/12"}],"replies":[{"embeddable":true,"href":"https:\/\/www.jagalcaide.com\/en\/wp-json\/wp\/v2\/comments?post=2471"}],"version-history":[{"count":0,"href":"https:\/\/www.jagalcaide.com\/en\/wp-json\/wp\/v2\/pages\/2471\/revisions"}],"up":[{"embeddable":true,"href":"https:\/\/www.jagalcaide.com\/en\/wp-json\/wp\/v2\/pages\/2465"}],"wp:attachment":[{"href":"https:\/\/www.jagalcaide.com\/en\/wp-json\/wp\/v2\/media?parent=2471"}],"curies":[{"name":"wp","href":"https:\/\/api.w.org\/{rel}","templated":true}]}}