{"id":2536,"date":"2023-02-03T18:57:49","date_gmt":"2023-02-03T18:57:49","guid":{"rendered":"https:\/\/www.jagalcaide.com\/technical-service\/"},"modified":"2026-02-25T15:42:23","modified_gmt":"2026-02-25T15:42:23","slug":"technical-service","status":"publish","type":"page","link":"https:\/\/www.jagalcaide.com\/en\/technical-service\/","title":{"rendered":"Technical service in Barcelona area"},"content":{"rendered":"<p><div class=\"fusion-fullwidth fullwidth-box fusion-builder-row-1 fusion-flex-container has-pattern-background has-mask-background nonhundred-percent-fullwidth non-hundred-percent-height-scrolling\" style=\"--awb-border-radius-top-left:0px;--awb-border-radius-top-right:0px;--awb-border-radius-bottom-right:0px;--awb-border-radius-bottom-left:0px;\" ><div class=\"fusion-builder-row fusion-row fusion-flex-align-items-flex-start\" style=\"max-width:1248px;margin-left: calc(-4% \/ 2 );margin-right: calc(-4% \/ 2 );\"><div class=\"fusion-layout-column fusion_builder_column fusion-builder-column-0 fusion_builder_column_1_1 1_1 fusion-flex-column\" style=\"--awb-bg-size:cover;--awb-width-large:100%;--awb-margin-top-large:0px;--awb-spacing-right-large:1.92%;--awb-margin-bottom-large:20px;--awb-spacing-left-large:1.92%;--awb-width-medium:100%;--awb-order-medium:0;--awb-spacing-right-medium:1.92%;--awb-spacing-left-medium:1.92%;--awb-width-small:100%;--awb-order-small:0;--awb-spacing-right-small:1.92%;--awb-spacing-left-small:1.92%;\"><div class=\"fusion-column-wrapper fusion-column-has-shadow fusion-flex-justify-content-flex-start fusion-content-layout-column\"><div class=\"fusion-text fusion-text-1\"><h5>Our commitment to customers leads us to maintain a loyalty relationship, beyond the installation of our products, as a result of our dedication to service.<\/h5>\n<\/div><div class=\"fusion-separator fusion-full-width-sep\" style=\"align-self: center;margin-left: auto;margin-right: auto;margin-top:10px;width:100%;\"><\/div><div class=\"fusion-text fusion-text-2\"><p>In J.A.G. Alcaide SL we offer, since 71 years ago, an integral <strong>service on the field of the air conditioning and heating<\/strong>. We also offer our clients a technical service for their heaters and boilers in order to provide them with a longer life, making them offer the highest performance and also getting them to contaminate the environment less.<\/p>\n<\/div><\/div><\/div><\/div><\/div><div class=\"fusion-fullwidth fullwidth-box fusion-builder-row-2 fusion-flex-container has-pattern-background has-mask-background nonhundred-percent-fullwidth non-hundred-percent-height-scrolling\" style=\"--awb-border-radius-top-left:0px;--awb-border-radius-top-right:0px;--awb-border-radius-bottom-right:0px;--awb-border-radius-bottom-left:0px;--awb-padding-top:30px;--awb-padding-bottom:0px;--awb-background-color:var(--awb-color3);\" ><div class=\"fusion-builder-row fusion-row fusion-flex-align-items-flex-start\" style=\"max-width:1248px;margin-left: calc(-4% \/ 2 );margin-right: calc(-4% \/ 2 );\"><div class=\"fusion-layout-column fusion_builder_column fusion-builder-column-1 fusion_builder_column_1_1 1_1 fusion-flex-column\" style=\"--awb-bg-size:cover;--awb-width-large:100%;--awb-margin-top-large:0px;--awb-spacing-right-large:1.92%;--awb-margin-bottom-large:20px;--awb-spacing-left-large:1.92%;--awb-width-medium:100%;--awb-order-medium:0;--awb-spacing-right-medium:1.92%;--awb-spacing-left-medium:1.92%;--awb-width-small:100%;--awb-order-small:0;--awb-spacing-right-small:1.92%;--awb-spacing-left-small:1.92%;\"><div class=\"fusion-column-wrapper fusion-column-has-shadow fusion-flex-justify-content-flex-start fusion-content-layout-column\"><div class=\"fusion-text fusion-text-3\"><h2>Maintenance contracts<\/h2>\n<\/div><div class=\"fusion-text fusion-text-4\">\n<\/div><\/div><\/div><\/div><\/div><div class=\"fusion-fullwidth fullwidth-box fusion-builder-row-3 fusion-flex-container has-pattern-background has-mask-background nonhundred-percent-fullwidth non-hundred-percent-height-scrolling\" style=\"--awb-border-radius-top-left:0px;--awb-border-radius-top-right:0px;--awb-border-radius-bottom-right:0px;--awb-border-radius-bottom-left:0px;\" ><div class=\"fusion-builder-row fusion-row fusion-flex-align-items-flex-start\" style=\"max-width:1248px;margin-left: calc(-4% \/ 2 );margin-right: calc(-4% \/ 2 );\"><div class=\"fusion-layout-column fusion_builder_column fusion-builder-column-2 fusion_builder_column_1_1 1_1 fusion-flex-column\" style=\"--awb-bg-size:cover;--awb-width-large:100%;--awb-margin-top-large:0px;--awb-spacing-right-large:1.92%;--awb-margin-bottom-large:20px;--awb-spacing-left-large:1.92%;--awb-width-medium:100%;--awb-order-medium:0;--awb-spacing-right-medium:1.92%;--awb-spacing-left-medium:1.92%;--awb-width-small:100%;--awb-order-small:0;--awb-spacing-right-small:1.92%;--awb-spacing-left-small:1.92%;\"><div class=\"fusion-column-wrapper fusion-column-has-shadow fusion-flex-justify-content-flex-start fusion-content-layout-column\"><div class=\"fusion-separator fusion-full-width-sep\" style=\"align-self: center;margin-left: auto;margin-right: auto;margin-top:10px;margin-bottom:10px;width:100%;\"><\/div><\/div><\/div><\/div><\/div><div class=\"fusion-fullwidth fullwidth-box fusion-builder-row-4 fusion-flex-container has-pattern-background has-mask-background nonhundred-percent-fullwidth non-hundred-percent-height-scrolling\" style=\"--awb-border-radius-top-left:0px;--awb-border-radius-top-right:0px;--awb-border-radius-bottom-right:0px;--awb-border-radius-bottom-left:0px;\" ><div class=\"fusion-builder-row fusion-row fusion-flex-align-items-flex-start\" style=\"max-width:1248px;margin-left: calc(-4% \/ 2 );margin-right: calc(-4% \/ 2 );\"><div class=\"fusion-layout-column fusion_builder_column fusion-builder-column-3 fusion_builder_column_1_1 1_1 fusion-flex-column\" style=\"--awb-bg-size:cover;--awb-width-large:100%;--awb-margin-top-large:0px;--awb-spacing-right-large:1.92%;--awb-margin-bottom-large:20px;--awb-spacing-left-large:1.92%;--awb-width-medium:100%;--awb-order-medium:0;--awb-spacing-right-medium:1.92%;--awb-spacing-left-medium:1.92%;--awb-width-small:100%;--awb-order-small:0;--awb-spacing-right-small:1.92%;--awb-spacing-left-small:1.92%;\"><div class=\"fusion-column-wrapper fusion-column-has-shadow fusion-flex-justify-content-flex-start fusion-content-layout-column\"><div class=\"fusion-text fusion-text-5\"><h2>Technical assistance &#8211; Gas Boiler Fixing Service<\/h2>\n<\/div><div class=\"fusion-text fusion-text-6\">\n<\/div><div class=\"fusion-separator fusion-full-width-sep\" style=\"align-self: center;margin-left: auto;margin-right: auto;margin-top:10px;margin-bottom:10px;width:100%;\"><\/div><\/div><\/div><\/div><\/div><div class=\"fusion-fullwidth fullwidth-box fusion-builder-row-5 fusion-flex-container has-pattern-background has-mask-background nonhundred-percent-fullwidth non-hundred-percent-height-scrolling\" style=\"--awb-border-radius-top-left:0px;--awb-border-radius-top-right:0px;--awb-border-radius-bottom-right:0px;--awb-border-radius-bottom-left:0px;\" ><div class=\"fusion-builder-row fusion-row fusion-flex-align-items-flex-start\" style=\"max-width:1248px;margin-left: calc(-4% \/ 2 );margin-right: calc(-4% \/ 2 );\"><div class=\"fusion-layout-column fusion_builder_column fusion-builder-column-4 fusion_builder_column_1_1 1_1 fusion-flex-column\" style=\"--awb-bg-size:cover;--awb-width-large:100%;--awb-margin-top-large:0px;--awb-spacing-right-large:1.92%;--awb-margin-bottom-large:20px;--awb-spacing-left-large:1.92%;--awb-width-medium:100%;--awb-order-medium:0;--awb-spacing-right-medium:1.92%;--awb-spacing-left-medium:1.92%;--awb-width-small:100%;--awb-order-small:0;--awb-spacing-right-small:1.92%;--awb-spacing-left-small:1.92%;\"><div class=\"fusion-column-wrapper fusion-column-has-shadow fusion-flex-justify-content-flex-start fusion-content-layout-column\"><div class=\"fusion-text fusion-text-7\"><p align=\"justify\">It is important on the first place, and in order to avoid possible confusions regarding the service provided, explaining what is considered as a &#8220;gas boiler&#8221;. A gas boiler has as fuel natural gas or butane gas, and offers both hot water and heating services (mixed boilers) or only heating service (only heating boilers).<\/p>\n<p align=\"justify\">Our experience in the field of fixing damaged boilers is long and extended. We are known for always working with<strong> closed prices<\/strong> without surprises for the customers. Thus, our service offers the following features:<\/p>\n<ol>\n<li><strong>A fixed price of \u20ac 60 + VAT<\/strong> for repairing a gas boiler that is located in Barcelona. This price includes all labor and travel that can be generated while fixing the boiler (Even if the technician has to come one or two times, it&#8217;s a closed price).<\/li>\n<li>&nbsp;If a boiler part needs to be changed in order to fix the boiler, we will always use the<strong> brand original part.<\/strong><\/li>\n<li>All of our technicians have<strong> more than 10 years of experience <\/strong>in the field of technical service and fixing of boilers and gas appliances.<\/li>\n<li>If the client prefers, the boiler fixing can be included inside a <a href=\"https:\/\/www.jagalcaide.com\/en\/maintenance-contracts\/boilers-and-water-heaters-maintenance\/\">yearly maintenance contract<\/a>. This contract has a price of 80 \u20ac + VAT per year.<\/li>\n<\/ol>\n<p>If you need more information don\u2019t hesitate to contact us using the following telephone number: 932 185 847.<\/p>\n<\/div><\/div><\/div><\/div><\/div><\/p>\n","protected":false},"excerpt":{"rendered":"","protected":false},"author":12,"featured_media":0,"parent":0,"menu_order":0,"comment_status":"closed","ping_status":"closed","template":"100-width.php","meta":{"_acf_changed":false,"_yoast_wpseo_focuskw":"Technical service","_yoast_wpseo_title":"JAG Alcaide technical service: repair and maintenance.","_yoast_wpseo_metadesc":"Technical service in Barcelona, we are experts in installation and repair of heating, air conditioning, and general installations. know us","footnotes":""},"class_list":["post-2536","page","type-page","status-publish","hentry"],"acf":[],"translation_of":997,"jag_meta_title":"JAG Alcaide technical service: repair and maintenance.","jag_meta_desc":"Technical service in Barcelona, we are experts in installation and repair of heating, air conditioning, and general installations. know us","yoast_head":"<!-- This site is optimized with the Yoast SEO plugin v27.5 - https:\/\/yoast.com\/product\/yoast-seo-wordpress\/ -->\n<title>JAG Alcaide technical service: repair and maintenance.<\/title>\n<meta name=\"description\" content=\"Technical service in Barcelona, we are experts in installation and repair of heating, air conditioning, and general installations. know us\" \/>\n<meta name=\"robots\" content=\"index, follow, max-snippet:-1, max-image-preview:large, max-video-preview:-1\" \/>\n<link rel=\"canonical\" href=\"https:\/\/www.jagalcaide.com\/en\/technical-service\/\" \/>\n<meta property=\"og:locale\" content=\"en_US\" \/>\n<meta property=\"og:type\" content=\"article\" \/>\n<meta property=\"og:title\" content=\"JAG Alcaide technical service: repair and maintenance.\" \/>\n<meta property=\"og:description\" content=\"Technical service in Barcelona, we are experts in installation and repair of heating, air conditioning, and general installations. know us\" \/>\n<meta property=\"og:url\" content=\"https:\/\/www.jagalcaide.com\/en\/technical-service\/\" \/>\n<meta property=\"og:site_name\" content=\"JAG Alcaide \u2013 Instalaci\u00f3n, reparaci\u00f3n y mantenimiento en Barcelona\" \/>\n<meta property=\"article:modified_time\" content=\"2026-02-25T15:42:23+00:00\" \/>\n<meta name=\"twitter:card\" content=\"summary_large_image\" \/>\n<meta name=\"twitter:site\" content=\"@JAGAlcaideSL\" \/>\n<meta name=\"twitter:label1\" content=\"Est. reading time\" \/>\n\t<meta name=\"twitter:data1\" content=\"9 minutes\" \/>\n<script type=\"application\/ld+json\" class=\"yoast-schema-graph\">{\"@context\":\"https:\\\/\\\/schema.org\",\"@graph\":[{\"@type\":\"WebPage\",\"@id\":\"https:\\\/\\\/www.jagalcaide.com\\\/en\\\/technical-service\\\/\",\"url\":\"https:\\\/\\\/www.jagalcaide.com\\\/en\\\/technical-service\\\/\",\"name\":\"JAG Alcaide technical service: repair and maintenance.\",\"isPartOf\":{\"@id\":\"https:\\\/\\\/www.jagalcaide.com\\\/en\\\/#website\"},\"datePublished\":\"2023-02-03T18:57:49+00:00\",\"dateModified\":\"2026-02-25T15:42:23+00:00\",\"description\":\"Technical service in Barcelona, we are experts in installation and repair of heating, air conditioning, and general installations. know us\",\"breadcrumb\":{\"@id\":\"https:\\\/\\\/www.jagalcaide.com\\\/en\\\/technical-service\\\/#breadcrumb\"},\"inLanguage\":\"en-US\",\"potentialAction\":[{\"@type\":\"ReadAction\",\"target\":[\"https:\\\/\\\/www.jagalcaide.com\\\/en\\\/technical-service\\\/\"]}]},{\"@type\":\"BreadcrumbList\",\"@id\":\"https:\\\/\\\/www.jagalcaide.com\\\/en\\\/technical-service\\\/#breadcrumb\",\"itemListElement\":[{\"@type\":\"ListItem\",\"position\":1,\"name\":\"Portada\",\"item\":\"https:\\\/\\\/www.jagalcaide.com\\\/en\\\/\"},{\"@type\":\"ListItem\",\"position\":2,\"name\":\"Technical service in Barcelona area\"}]},{\"@type\":\"WebSite\",\"@id\":\"https:\\\/\\\/www.jagalcaide.com\\\/en\\\/#website\",\"url\":\"https:\\\/\\\/www.jagalcaide.com\\\/en\\\/\",\"name\":\"JAG Alcaide - Instalaci\u00f3n y reparaci\u00f3n de Aire Acondicionado y Calderas\",\"description\":\"Instalaci\u00f3n y reparaci\u00f3n de aire acondicionado y calderas en Barcelona\",\"publisher\":{\"@id\":\"https:\\\/\\\/www.jagalcaide.com\\\/en\\\/#organization\"},\"potentialAction\":[{\"@type\":\"SearchAction\",\"target\":{\"@type\":\"EntryPoint\",\"urlTemplate\":\"https:\\\/\\\/www.jagalcaide.com\\\/en\\\/?s={search_term_string}\"},\"query-input\":{\"@type\":\"PropertyValueSpecification\",\"valueRequired\":true,\"valueName\":\"search_term_string\"}}],\"inLanguage\":\"en-US\"},{\"@type\":\"Organization\",\"@id\":\"https:\\\/\\\/www.jagalcaide.com\\\/en\\\/#organization\",\"name\":\"JAG Alcaide\",\"url\":\"https:\\\/\\\/www.jagalcaide.com\\\/en\\\/\",\"logo\":{\"@type\":\"ImageObject\",\"inLanguage\":\"en-US\",\"@id\":\"https:\\\/\\\/www.jagalcaide.com\\\/en\\\/#\\\/schema\\\/logo\\\/image\\\/\",\"url\":\"https:\\\/\\\/www.jagalcaide.com\\\/wp-content\\\/uploads\\\/2023\\\/05\\\/logo-alcaide-gran.jpg\",\"contentUrl\":\"https:\\\/\\\/www.jagalcaide.com\\\/wp-content\\\/uploads\\\/2023\\\/05\\\/logo-alcaide-gran.jpg\",\"width\":696,\"height\":696,\"caption\":\"JAG Alcaide\"},\"image\":{\"@id\":\"https:\\\/\\\/www.jagalcaide.com\\\/en\\\/#\\\/schema\\\/logo\\\/image\\\/\"},\"sameAs\":[\"https:\\\/\\\/x.com\\\/JAGAlcaideSL\",\"https:\\\/\\\/www.instagram.com\\\/jagalcaide\\\/\",\"https:\\\/\\\/www.linkedin.com\\\/company\\\/j-a-g-alcaide-s-l-\"]}]}<\/script>\n<!-- \/ Yoast SEO plugin. -->","yoast_head_json":{"title":"JAG Alcaide technical service: repair and maintenance.","description":"Technical service in Barcelona, we are experts in installation and repair of heating, air conditioning, and general installations. know us","robots":{"index":"index","follow":"follow","max-snippet":"max-snippet:-1","max-image-preview":"max-image-preview:large","max-video-preview":"max-video-preview:-1"},"canonical":"https:\/\/www.jagalcaide.com\/en\/technical-service\/","og_locale":"en_US","og_type":"article","og_title":"JAG Alcaide technical service: repair and maintenance.","og_description":"Technical service in Barcelona, we are experts in installation and repair of heating, air conditioning, and general installations. know us","og_url":"https:\/\/www.jagalcaide.com\/en\/technical-service\/","og_site_name":"JAG Alcaide \u2013 Instalaci\u00f3n, reparaci\u00f3n y mantenimiento en Barcelona","article_modified_time":"2026-02-25T15:42:23+00:00","twitter_card":"summary_large_image","twitter_site":"@JAGAlcaideSL","twitter_misc":{"Est. reading time":"9 minutes"},"schema":{"@context":"https:\/\/schema.org","@graph":[{"@type":"WebPage","@id":"https:\/\/www.jagalcaide.com\/en\/technical-service\/","url":"https:\/\/www.jagalcaide.com\/en\/technical-service\/","name":"JAG Alcaide technical service: repair and maintenance.","isPartOf":{"@id":"https:\/\/www.jagalcaide.com\/en\/#website"},"datePublished":"2023-02-03T18:57:49+00:00","dateModified":"2026-02-25T15:42:23+00:00","description":"Technical service in Barcelona, we are experts in installation and repair of heating, air conditioning, and general installations. know us","breadcrumb":{"@id":"https:\/\/www.jagalcaide.com\/en\/technical-service\/#breadcrumb"},"inLanguage":"en-US","potentialAction":[{"@type":"ReadAction","target":["https:\/\/www.jagalcaide.com\/en\/technical-service\/"]}]},{"@type":"BreadcrumbList","@id":"https:\/\/www.jagalcaide.com\/en\/technical-service\/#breadcrumb","itemListElement":[{"@type":"ListItem","position":1,"name":"Portada","item":"https:\/\/www.jagalcaide.com\/en\/"},{"@type":"ListItem","position":2,"name":"Technical service in Barcelona area"}]},{"@type":"WebSite","@id":"https:\/\/www.jagalcaide.com\/en\/#website","url":"https:\/\/www.jagalcaide.com\/en\/","name":"JAG Alcaide - Instalaci\u00f3n y reparaci\u00f3n de Aire Acondicionado y Calderas","description":"Instalaci\u00f3n y reparaci\u00f3n de aire acondicionado y calderas en Barcelona","publisher":{"@id":"https:\/\/www.jagalcaide.com\/en\/#organization"},"potentialAction":[{"@type":"SearchAction","target":{"@type":"EntryPoint","urlTemplate":"https:\/\/www.jagalcaide.com\/en\/?s={search_term_string}"},"query-input":{"@type":"PropertyValueSpecification","valueRequired":true,"valueName":"search_term_string"}}],"inLanguage":"en-US"},{"@type":"Organization","@id":"https:\/\/www.jagalcaide.com\/en\/#organization","name":"JAG Alcaide","url":"https:\/\/www.jagalcaide.com\/en\/","logo":{"@type":"ImageObject","inLanguage":"en-US","@id":"https:\/\/www.jagalcaide.com\/en\/#\/schema\/logo\/image\/","url":"https:\/\/www.jagalcaide.com\/wp-content\/uploads\/2023\/05\/logo-alcaide-gran.jpg","contentUrl":"https:\/\/www.jagalcaide.com\/wp-content\/uploads\/2023\/05\/logo-alcaide-gran.jpg","width":696,"height":696,"caption":"JAG Alcaide"},"image":{"@id":"https:\/\/www.jagalcaide.com\/en\/#\/schema\/logo\/image\/"},"sameAs":["https:\/\/x.com\/JAGAlcaideSL","https:\/\/www.instagram.com\/jagalcaide\/","https:\/\/www.linkedin.com\/company\/j-a-g-alcaide-s-l-"]}]}},"wpml_current_locale":"en_US","wpml_translations":{"es_ES":{"locale":"es_ES","id":997,"slug":"servicio-tecnico-calderas","post_title":"Servicio T\u00e9cnico de Calderas y Calentadores en Barcelona","href":"https:\/\/www.jagalcaide.com\/servicio-tecnico-calderas\/"}},"_links":{"self":[{"href":"https:\/\/www.jagalcaide.com\/en\/wp-json\/wp\/v2\/pages\/2536","targetHints":{"allow":["GET"]}}],"collection":[{"href":"https:\/\/www.jagalcaide.com\/en\/wp-json\/wp\/v2\/pages"}],"about":[{"href":"https:\/\/www.jagalcaide.com\/en\/wp-json\/wp\/v2\/types\/page"}],"author":[{"embeddable":true,"href":"https:\/\/www.jagalcaide.com\/en\/wp-json\/wp\/v2\/users\/12"}],"replies":[{"embeddable":true,"href":"https:\/\/www.jagalcaide.com\/en\/wp-json\/wp\/v2\/comments?post=2536"}],"version-history":[{"count":0,"href":"https:\/\/www.jagalcaide.com\/en\/wp-json\/wp\/v2\/pages\/2536\/revisions"}],"wp:attachment":[{"href":"https:\/\/www.jagalcaide.com\/en\/wp-json\/wp\/v2\/media?parent=2536"}],"curies":[{"name":"wp","href":"https:\/\/api.w.org\/{rel}","templated":true}]}}