{"id":2942,"date":"2016-02-25T20:48:00","date_gmt":"2016-02-25T20:48:00","guid":{"rendered":"https:\/\/www.jagalcaide.com\/producto\/junkers-zwbc-28-2c-cerapur\/"},"modified":"2026-02-24T14:05:47","modified_gmt":"2026-02-24T14:05:47","slug":"junkers-zwbc-28-2c-cerapur","status":"publish","type":"product","link":"https:\/\/www.jagalcaide.com\/en\/producto\/junkers-zwbc-28-2c-cerapur\/","title":{"rendered":"Boiler Junkers ZWBC 28-2C Cerapur"},"content":{"rendered":"<h1 style=\"line-height: 18pt; text-align: center;\"><em><strong><span style=\"color: #ffff99;\">Junkers<\/span><\/strong><\/em><\/h1>\n<h1 style=\"line-height: 15pt; text-align: center;\"><em><strong>ZWBC28<\/strong><\/em><\/h1>\n<h2 style=\"text-align: center;\"><strong>\u00a0Cerapur range<\/strong><\/h2>\n<h3 style=\"text-align: center;\"><strong>Price:\u00a01770\u20ac Installation and VAT included.<\/strong><\/h3>\n<hr \/>\n<p><strong>Brand:<\/strong>\u00a0Junkers, Bosch Group.<\/p>\n<p><strong>Kind:<\/strong>\u00a0Erp Condensing boilers.<\/p>\n<p><strong>Power:<\/strong>\u00a028kW in hot water\u00a0and 22kW in heating.<\/p>\n<p><strong>Energy rating: <\/strong>A in ACS (M) and A in heating.<\/p>\n<p><strong>Measurement\u00a0<\/strong>(Height x Width x Depth mm.): 710 x 400 x 330.<\/p>\n<p><strong>Description:<\/strong><br \/>\nHigh efficiency and optimum design. The same ease of installation with fully digital controls.<\/p>\n<h2>But what are the new features the Junkers ZWBC28-2C is offering?<\/h2>\n<p>The new Junkers condensing boiler ZWBC28-2C\u00a0is a contribution to energy efficiency and a move towards an improved design, keeping the minimum dimensions.<\/p>\n<p>Its Micro accumulation system helps producing the greatest comfort in hot water, as it keeps heating the water regularly so when the hot water demand happens, the water is already warm.<\/p>\n<p>If you want to see more details about this condensing boiler you can do it in the following link:<\/p>\n<p><a href=\"http:\/\/www.jagalcaide.com\/wp-content\/uploads\/2016\/02\/ZWBC28-2C.pdf\" rel=\"\">ZWBC28-2C Features<\/a><\/p>\n<p><strong>Do you want to know whats the Erp Directive? Junkers explains it in the following video:<\/strong><\/p>\n<p>https:\/\/www.youtube.com\/watch?v=-Frq_MEkJqA<!--more--><\/p>\n","protected":false},"excerpt":{"rendered":"<p>Junkers ZWBC28 \u00a0Cerapur range Price:\u00a01770\u20ac Installation and VAT included. Brand:\u00a0Junkers, Bosch Group. Kind:\u00a0Erp Condensing boilers. Power:\u00a028kW in hot water\u00a0and 22kW in heating. Energy rating: A in ACS (M) and A in heating. Measurement\u00a0(Height x Width [&hellip;]<\/p>\n","protected":false},"featured_media":1669,"comment_status":"open","ping_status":"closed","template":"","meta":{"_acf_changed":false},"product_brand":[],"product_cat":[526,464,488,486,492],"product_tag":[],"class_list":{"0":"post-2942","1":"product","2":"type-product","3":"status-publish","4":"has-post-thumbnail","6":"product_cat-top-sales-air-conditioned","7":"product_cat-boilers","8":"product_cat-cerapur-en","9":"product_cat-junkers-en","10":"product_cat-zwbc-28-2c-en","12":"first","13":"instock","14":"taxable","15":"shipping-taxable","16":"purchasable","17":"product-type-simple"},"acf":[],"yoast_head":"<!-- This site is optimized with the Yoast SEO plugin v27.2 - https:\/\/yoast.com\/product\/yoast-seo-wordpress\/ -->\n<title>Boiler Boiler Junkers ZWBC 28-2C Cerapur<\/title>\n<meta name=\"description\" content=\"Junkers ZWBC 28-2C Cerapur boiler in Barcelona: 28 kW efficient condensation gas boiler, on-demand hot water. Professional installation\" \/>\n<meta name=\"robots\" content=\"index, follow, max-snippet:-1, max-image-preview:large, max-video-preview:-1\" \/>\n<link rel=\"canonical\" href=\"https:\/\/www.jagalcaide.com\/en\/producto\/junkers-zwbc-28-2c-cerapur\/\" \/>\n<meta property=\"og:locale\" content=\"en_US\" \/>\n<meta property=\"og:type\" content=\"article\" \/>\n<meta property=\"og:title\" content=\"Boiler Boiler Junkers ZWBC 28-2C Cerapur\" \/>\n<meta property=\"og:description\" content=\"Junkers ZWBC 28-2C Cerapur boiler in Barcelona: 28 kW efficient condensation gas boiler, on-demand hot water. Professional installation\" \/>\n<meta property=\"og:url\" content=\"https:\/\/www.jagalcaide.com\/en\/producto\/junkers-zwbc-28-2c-cerapur\/\" \/>\n<meta property=\"og:site_name\" content=\"JAG Alcaide \u2013 Instalaci\u00f3n, reparaci\u00f3n y mantenimiento en Barcelona\" \/>\n<meta property=\"article:modified_time\" content=\"2026-02-24T14:05:47+00:00\" \/>\n<meta property=\"og:image\" content=\"https:\/\/www.jagalcaide.com\/wp-content\/uploads\/2022\/11\/caldera-junkers-cerapur-zwbc-28-2c.jpg\" \/>\n\t<meta property=\"og:image:width\" content=\"800\" \/>\n\t<meta property=\"og:image:height\" content=\"800\" \/>\n\t<meta property=\"og:image:type\" content=\"image\/jpeg\" \/>\n<meta name=\"twitter:card\" content=\"summary_large_image\" \/>\n<meta name=\"twitter:site\" content=\"@JAGAlcaideSL\" \/>\n<meta name=\"twitter:label1\" content=\"Est. reading time\" \/>\n\t<meta name=\"twitter:data1\" content=\"1 minute\" \/>\n<script type=\"application\/ld+json\" class=\"yoast-schema-graph\">{\"@context\":\"https:\/\/schema.org\",\"@graph\":[{\"@type\":\"WebPage\",\"@id\":\"https:\/\/www.jagalcaide.com\/en\/producto\/junkers-zwbc-28-2c-cerapur\/\",\"url\":\"https:\/\/www.jagalcaide.com\/en\/producto\/junkers-zwbc-28-2c-cerapur\/\",\"name\":\"Boiler Boiler Junkers ZWBC 28-2C Cerapur\",\"isPartOf\":{\"@id\":\"https:\/\/www.jagalcaide.com\/en\/#website\"},\"primaryImageOfPage\":{\"@id\":\"https:\/\/www.jagalcaide.com\/en\/producto\/junkers-zwbc-28-2c-cerapur\/#primaryimage\"},\"image\":{\"@id\":\"https:\/\/www.jagalcaide.com\/en\/producto\/junkers-zwbc-28-2c-cerapur\/#primaryimage\"},\"thumbnailUrl\":\"https:\/\/www.jagalcaide.com\/wp-content\/uploads\/2022\/11\/caldera-junkers-cerapur-zwbc-28-2c.jpg\",\"datePublished\":\"2016-02-25T20:48:00+00:00\",\"dateModified\":\"2026-02-24T14:05:47+00:00\",\"description\":\"Junkers ZWBC 28-2C Cerapur boiler in Barcelona: 28 kW efficient condensation gas boiler, on-demand hot water. Professional installation\",\"breadcrumb\":{\"@id\":\"https:\/\/www.jagalcaide.com\/en\/producto\/junkers-zwbc-28-2c-cerapur\/#breadcrumb\"},\"inLanguage\":\"en-US\",\"potentialAction\":[{\"@type\":\"ReadAction\",\"target\":[\"https:\/\/www.jagalcaide.com\/en\/producto\/junkers-zwbc-28-2c-cerapur\/\"]}]},{\"@type\":\"ImageObject\",\"inLanguage\":\"en-US\",\"@id\":\"https:\/\/www.jagalcaide.com\/en\/producto\/junkers-zwbc-28-2c-cerapur\/#primaryimage\",\"url\":\"https:\/\/www.jagalcaide.com\/wp-content\/uploads\/2022\/11\/caldera-junkers-cerapur-zwbc-28-2c.jpg\",\"contentUrl\":\"https:\/\/www.jagalcaide.com\/wp-content\/uploads\/2022\/11\/caldera-junkers-cerapur-zwbc-28-2c.jpg\",\"width\":800,\"height\":800,\"caption\":\"Aire Acondicionado Mitsubishi MSZ-BT20VGK\"},{\"@type\":\"BreadcrumbList\",\"@id\":\"https:\/\/www.jagalcaide.com\/en\/producto\/junkers-zwbc-28-2c-cerapur\/#breadcrumb\",\"itemListElement\":[{\"@type\":\"ListItem\",\"position\":1,\"name\":\"Portada\",\"item\":\"https:\/\/www.jagalcaide.com\/en\/\"},{\"@type\":\"ListItem\",\"position\":2,\"name\":\"Woocommerce shop\",\"item\":\"https:\/\/www.jagalcaide.com\/woocommerce-shop\/\"},{\"@type\":\"ListItem\",\"position\":3,\"name\":\"Boiler Junkers ZWBC 28-2C Cerapur\"}]},{\"@type\":\"WebSite\",\"@id\":\"https:\/\/www.jagalcaide.com\/en\/#website\",\"url\":\"https:\/\/www.jagalcaide.com\/en\/\",\"name\":\"JAG Alcaide - Instalaci\u00f3n y reparaci\u00f3n de Aire Acondicionado y Calderas\",\"description\":\"Instalaci\u00f3n y reparaci\u00f3n de aire acondicionado y calderas en Barcelona\",\"publisher\":{\"@id\":\"https:\/\/www.jagalcaide.com\/en\/#organization\"},\"potentialAction\":[{\"@type\":\"SearchAction\",\"target\":{\"@type\":\"EntryPoint\",\"urlTemplate\":\"https:\/\/www.jagalcaide.com\/en\/?s={search_term_string}\"},\"query-input\":{\"@type\":\"PropertyValueSpecification\",\"valueRequired\":true,\"valueName\":\"search_term_string\"}}],\"inLanguage\":\"en-US\"},{\"@type\":\"Organization\",\"@id\":\"https:\/\/www.jagalcaide.com\/en\/#organization\",\"name\":\"JAG Alcaide\",\"url\":\"https:\/\/www.jagalcaide.com\/en\/\",\"logo\":{\"@type\":\"ImageObject\",\"inLanguage\":\"en-US\",\"@id\":\"https:\/\/www.jagalcaide.com\/en\/#\/schema\/logo\/image\/\",\"url\":\"https:\/\/www.jagalcaide.com\/wp-content\/uploads\/2023\/05\/logo-alcaide-gran.jpg\",\"contentUrl\":\"https:\/\/www.jagalcaide.com\/wp-content\/uploads\/2023\/05\/logo-alcaide-gran.jpg\",\"width\":696,\"height\":696,\"caption\":\"JAG Alcaide\"},\"image\":{\"@id\":\"https:\/\/www.jagalcaide.com\/en\/#\/schema\/logo\/image\/\"},\"sameAs\":[\"https:\/\/x.com\/JAGAlcaideSL\",\"https:\/\/www.instagram.com\/jagalcaide\/\",\"https:\/\/www.linkedin.com\/company\/j-a-g-alcaide-s-l-\"]}]}<\/script>\n<!-- \/ Yoast SEO plugin. -->","yoast_head_json":{"title":"Boiler Boiler Junkers ZWBC 28-2C Cerapur","description":"Junkers ZWBC 28-2C Cerapur boiler in Barcelona: 28 kW efficient condensation gas boiler, on-demand hot water. Professional installation","robots":{"index":"index","follow":"follow","max-snippet":"max-snippet:-1","max-image-preview":"max-image-preview:large","max-video-preview":"max-video-preview:-1"},"canonical":"https:\/\/www.jagalcaide.com\/en\/producto\/junkers-zwbc-28-2c-cerapur\/","og_locale":"en_US","og_type":"article","og_title":"Boiler Boiler Junkers ZWBC 28-2C Cerapur","og_description":"Junkers ZWBC 28-2C Cerapur boiler in Barcelona: 28 kW efficient condensation gas boiler, on-demand hot water. Professional installation","og_url":"https:\/\/www.jagalcaide.com\/en\/producto\/junkers-zwbc-28-2c-cerapur\/","og_site_name":"JAG Alcaide \u2013 Instalaci\u00f3n, reparaci\u00f3n y mantenimiento en Barcelona","article_modified_time":"2026-02-24T14:05:47+00:00","og_image":[{"width":800,"height":800,"url":"https:\/\/www.jagalcaide.com\/wp-content\/uploads\/2022\/11\/caldera-junkers-cerapur-zwbc-28-2c.jpg","type":"image\/jpeg"}],"twitter_card":"summary_large_image","twitter_site":"@JAGAlcaideSL","twitter_misc":{"Est. reading time":"1 minute"},"schema":{"@context":"https:\/\/schema.org","@graph":[{"@type":"WebPage","@id":"https:\/\/www.jagalcaide.com\/en\/producto\/junkers-zwbc-28-2c-cerapur\/","url":"https:\/\/www.jagalcaide.com\/en\/producto\/junkers-zwbc-28-2c-cerapur\/","name":"Boiler Boiler Junkers ZWBC 28-2C Cerapur","isPartOf":{"@id":"https:\/\/www.jagalcaide.com\/en\/#website"},"primaryImageOfPage":{"@id":"https:\/\/www.jagalcaide.com\/en\/producto\/junkers-zwbc-28-2c-cerapur\/#primaryimage"},"image":{"@id":"https:\/\/www.jagalcaide.com\/en\/producto\/junkers-zwbc-28-2c-cerapur\/#primaryimage"},"thumbnailUrl":"https:\/\/www.jagalcaide.com\/wp-content\/uploads\/2022\/11\/caldera-junkers-cerapur-zwbc-28-2c.jpg","datePublished":"2016-02-25T20:48:00+00:00","dateModified":"2026-02-24T14:05:47+00:00","description":"Junkers ZWBC 28-2C Cerapur boiler in Barcelona: 28 kW efficient condensation gas boiler, on-demand hot water. Professional installation","breadcrumb":{"@id":"https:\/\/www.jagalcaide.com\/en\/producto\/junkers-zwbc-28-2c-cerapur\/#breadcrumb"},"inLanguage":"en-US","potentialAction":[{"@type":"ReadAction","target":["https:\/\/www.jagalcaide.com\/en\/producto\/junkers-zwbc-28-2c-cerapur\/"]}]},{"@type":"ImageObject","inLanguage":"en-US","@id":"https:\/\/www.jagalcaide.com\/en\/producto\/junkers-zwbc-28-2c-cerapur\/#primaryimage","url":"https:\/\/www.jagalcaide.com\/wp-content\/uploads\/2022\/11\/caldera-junkers-cerapur-zwbc-28-2c.jpg","contentUrl":"https:\/\/www.jagalcaide.com\/wp-content\/uploads\/2022\/11\/caldera-junkers-cerapur-zwbc-28-2c.jpg","width":800,"height":800,"caption":"Aire Acondicionado Mitsubishi MSZ-BT20VGK"},{"@type":"BreadcrumbList","@id":"https:\/\/www.jagalcaide.com\/en\/producto\/junkers-zwbc-28-2c-cerapur\/#breadcrumb","itemListElement":[{"@type":"ListItem","position":1,"name":"Portada","item":"https:\/\/www.jagalcaide.com\/en\/"},{"@type":"ListItem","position":2,"name":"Woocommerce shop","item":"https:\/\/www.jagalcaide.com\/woocommerce-shop\/"},{"@type":"ListItem","position":3,"name":"Boiler Junkers ZWBC 28-2C Cerapur"}]},{"@type":"WebSite","@id":"https:\/\/www.jagalcaide.com\/en\/#website","url":"https:\/\/www.jagalcaide.com\/en\/","name":"JAG Alcaide - Instalaci\u00f3n y reparaci\u00f3n de Aire Acondicionado y Calderas","description":"Instalaci\u00f3n y reparaci\u00f3n de aire acondicionado y calderas en Barcelona","publisher":{"@id":"https:\/\/www.jagalcaide.com\/en\/#organization"},"potentialAction":[{"@type":"SearchAction","target":{"@type":"EntryPoint","urlTemplate":"https:\/\/www.jagalcaide.com\/en\/?s={search_term_string}"},"query-input":{"@type":"PropertyValueSpecification","valueRequired":true,"valueName":"search_term_string"}}],"inLanguage":"en-US"},{"@type":"Organization","@id":"https:\/\/www.jagalcaide.com\/en\/#organization","name":"JAG Alcaide","url":"https:\/\/www.jagalcaide.com\/en\/","logo":{"@type":"ImageObject","inLanguage":"en-US","@id":"https:\/\/www.jagalcaide.com\/en\/#\/schema\/logo\/image\/","url":"https:\/\/www.jagalcaide.com\/wp-content\/uploads\/2023\/05\/logo-alcaide-gran.jpg","contentUrl":"https:\/\/www.jagalcaide.com\/wp-content\/uploads\/2023\/05\/logo-alcaide-gran.jpg","width":696,"height":696,"caption":"JAG Alcaide"},"image":{"@id":"https:\/\/www.jagalcaide.com\/en\/#\/schema\/logo\/image\/"},"sameAs":["https:\/\/x.com\/JAGAlcaideSL","https:\/\/www.instagram.com\/jagalcaide\/","https:\/\/www.linkedin.com\/company\/j-a-g-alcaide-s-l-"]}]}},"wpml_current_locale":"en_US","wpml_translations":{"es_ES":{"locale":"es_ES","id":1513,"slug":"junkers-erp-cerapur-zwbc28-2c","post_title":"Junkers ZWBC 28-2C Cerapur","href":"https:\/\/www.jagalcaide.com\/?post_type=product&p=1513"}},"_links":{"self":[{"href":"https:\/\/www.jagalcaide.com\/en\/wp-json\/wp\/v2\/product\/2942","targetHints":{"allow":["GET"]}}],"collection":[{"href":"https:\/\/www.jagalcaide.com\/en\/wp-json\/wp\/v2\/product"}],"about":[{"href":"https:\/\/www.jagalcaide.com\/en\/wp-json\/wp\/v2\/types\/product"}],"replies":[{"embeddable":true,"href":"https:\/\/www.jagalcaide.com\/en\/wp-json\/wp\/v2\/comments?post=2942"}],"wp:featuredmedia":[{"embeddable":true,"href":"https:\/\/www.jagalcaide.com\/en\/wp-json\/wp\/v2\/media\/1669"}],"wp:attachment":[{"href":"https:\/\/www.jagalcaide.com\/en\/wp-json\/wp\/v2\/media?parent=2942"}],"wp:term":[{"taxonomy":"product_brand","embeddable":true,"href":"https:\/\/www.jagalcaide.com\/en\/wp-json\/wp\/v2\/product_brand?post=2942"},{"taxonomy":"product_cat","embeddable":true,"href":"https:\/\/www.jagalcaide.com\/en\/wp-json\/wp\/v2\/product_cat?post=2942"},{"taxonomy":"product_tag","embeddable":true,"href":"https:\/\/www.jagalcaide.com\/en\/wp-json\/wp\/v2\/product_tag?post=2942"}],"curies":[{"name":"wp","href":"https:\/\/api.w.org\/{rel}","templated":true}]}}