{"id":2948,"date":"2016-02-25T11:52:00","date_gmt":"2016-02-25T11:52:00","guid":{"rendered":"https:\/\/www.jagalcaide.com\/producto\/junkers-zwbe-25-3c-cerapurcomfort\/"},"modified":"2026-02-24T14:13:57","modified_gmt":"2026-02-24T14:13:57","slug":"junkers-zwbe-25-3c-cerapurcomfort","status":"publish","type":"product","link":"https:\/\/www.jagalcaide.com\/en\/producto\/junkers-zwbe-25-3c-cerapurcomfort\/","title":{"rendered":"Boiler Junkers ZWBE 25-3C CerapurComfort"},"content":{"rendered":"<h1 style=\"line-height: 18pt; text-align: center;\"><span style=\"color: #ffff99;\"><em><strong>Junkers <\/strong><\/em><\/span><\/h1>\n<h1 style=\"line-height: 18pt; text-align: center;\"><em><strong>ZWBE25<\/strong><\/em><\/h1>\n<p>&nbsp;<\/p>\n<h2 style=\"text-align: center;\"><strong>CerapurComfort range<\/strong><\/h2>\n<h3 style=\"text-align: center;\"><strong>Price:&nbsp;1580\u20ac Installation and VAT included.<\/strong><\/h3>\n<hr>\n<p>&nbsp;<\/p>\n<p><strong>Brand:<\/strong>&nbsp;Junkers, Bosch Group.<\/p>\n<p><strong>Kind:<\/strong>&nbsp;Erp Condensing boilers.<\/p>\n<p><strong>Power:<\/strong>&nbsp;25kW in both heating and hot water.<\/p>\n<p><strong>Energy rating: <\/strong>A in ACS (XL) and A in heating.<\/p>\n<p><strong>Measurement&nbsp;<\/strong>(Height x Width x Depth mm.): 710 x 400 x 330.<\/p>\n<p><strong>Description:<\/strong><br \/>\nHigh efficiency and optimum design. The same ease of installation with fully digital controls.<\/p>\n<h2>But what are the new features the Junkers ZWBE25-3C offers?<\/h2>\n<p>The new Junkers condensing boiler CerapurComfort ZWBE25-3C is a contribution to energy efficiency and a move towards an improved design, keeping the minimum dimensions.<\/p>\n<p>The Junkers ZWBE25-3C&nbsp;Micro accumulation system helps producing the greatest comfort in hot water, as it keeps heating the water regularly so when the hot water demand happens, the water is already warm. The CerapurComfort, with up to 94% performance, allows you to achieve an A+ energy rating when working in combination with Junkers drivers.<\/p>\n<p>Besides easy navigation through menus, new electronics Heatronic i are perfect in order to get a better performance. Thanks to the large multifunction display with icons and text messages you\u2019ll be able to know regularly what\u2019s happening to the boiler.<\/p>\n<p><strong>Do you want to know whats the Erp Directive? Junkers explains it in the following video:<\/strong><\/p>\n<p>https:\/\/www.youtube.com\/watch?v=-Frq_MEkJqA<!--more--><\/p>\n","protected":false},"excerpt":{"rendered":"<p>Junkers ZWBE25 &nbsp; CerapurComfort range Price:&nbsp;1580\u20ac Installation and VAT included. &nbsp; Brand:&nbsp;Junkers, Bosch Group. Kind:&nbsp;Erp Condensing boilers. Power:&nbsp;25kW in both heating and hot water. Energy rating: A in ACS (XL) and A in heating. Measurement&nbsp;(Height [&hellip;]<\/p>\n","protected":false},"featured_media":1663,"comment_status":"open","ping_status":"closed","template":"","meta":{"_acf_changed":false},"product_brand":[],"product_cat":[526,464,494,486,496],"product_tag":[],"class_list":{"0":"post-2948","1":"product","2":"type-product","3":"status-publish","4":"has-post-thumbnail","6":"product_cat-top-sales-air-conditioned","7":"product_cat-boilers","8":"product_cat-cerapurcomfort-en","9":"product_cat-junkers-en","10":"product_cat-zwbe-25-3c-en","12":"first","13":"instock","14":"sale","15":"taxable","16":"shipping-taxable","17":"purchasable","18":"product-type-simple"},"acf":[],"yoast_head":"<!-- This site is optimized with the Yoast SEO plugin v27.3 - https:\/\/yoast.com\/product\/yoast-seo-wordpress\/ -->\n<title>Boiler Junkers ZWBE 25-3C CerapurComfort - JAG Alcaide \u2013 Instalaci\u00f3n, reparaci\u00f3n y mantenimiento en Barcelona<\/title>\n<meta name=\"description\" content=\"Junkers ZWBE 25-3C CerapurComfort boiler in Barcelona: efficient condensation gas boiler, 25 kW, hot water on demand, energy savings\" \/>\n<meta name=\"robots\" content=\"index, follow, max-snippet:-1, max-image-preview:large, max-video-preview:-1\" \/>\n<link rel=\"canonical\" href=\"https:\/\/www.jagalcaide.com\/en\/producto\/junkers-zwbe-25-3c-cerapurcomfort\/\" \/>\n<meta property=\"og:locale\" content=\"en_US\" \/>\n<meta property=\"og:type\" content=\"article\" \/>\n<meta property=\"og:title\" content=\"Boiler Junkers ZWBE 25-3C CerapurComfort - JAG Alcaide \u2013 Instalaci\u00f3n, reparaci\u00f3n y mantenimiento en Barcelona\" \/>\n<meta property=\"og:description\" content=\"Junkers ZWBE 25-3C CerapurComfort boiler in Barcelona: efficient condensation gas boiler, 25 kW, hot water on demand, energy savings\" \/>\n<meta property=\"og:url\" content=\"https:\/\/www.jagalcaide.com\/en\/producto\/junkers-zwbe-25-3c-cerapurcomfort\/\" \/>\n<meta property=\"og:site_name\" content=\"JAG Alcaide \u2013 Instalaci\u00f3n, reparaci\u00f3n y mantenimiento en Barcelona\" \/>\n<meta property=\"article:modified_time\" content=\"2026-02-24T14:13:57+00:00\" \/>\n<meta property=\"og:image\" content=\"https:\/\/www.jagalcaide.com\/wp-content\/uploads\/2022\/11\/253-400-bona-copia.jpg\" \/>\n\t<meta property=\"og:image:width\" content=\"400\" \/>\n\t<meta property=\"og:image:height\" content=\"300\" \/>\n\t<meta property=\"og:image:type\" content=\"image\/jpeg\" \/>\n<meta name=\"twitter:card\" content=\"summary_large_image\" \/>\n<meta name=\"twitter:site\" content=\"@JAGAlcaideSL\" \/>\n<meta name=\"twitter:label1\" content=\"Est. reading time\" \/>\n\t<meta name=\"twitter:data1\" content=\"2 minutes\" \/>\n<script type=\"application\/ld+json\" class=\"yoast-schema-graph\">{\"@context\":\"https:\\\/\\\/schema.org\",\"@graph\":[{\"@type\":\"WebPage\",\"@id\":\"https:\\\/\\\/www.jagalcaide.com\\\/en\\\/producto\\\/junkers-zwbe-25-3c-cerapurcomfort\\\/\",\"url\":\"https:\\\/\\\/www.jagalcaide.com\\\/en\\\/producto\\\/junkers-zwbe-25-3c-cerapurcomfort\\\/\",\"name\":\"Boiler Junkers ZWBE 25-3C CerapurComfort - JAG Alcaide \u2013 Instalaci\u00f3n, reparaci\u00f3n y mantenimiento en Barcelona\",\"isPartOf\":{\"@id\":\"https:\\\/\\\/www.jagalcaide.com\\\/en\\\/#website\"},\"primaryImageOfPage\":{\"@id\":\"https:\\\/\\\/www.jagalcaide.com\\\/en\\\/producto\\\/junkers-zwbe-25-3c-cerapurcomfort\\\/#primaryimage\"},\"image\":{\"@id\":\"https:\\\/\\\/www.jagalcaide.com\\\/en\\\/producto\\\/junkers-zwbe-25-3c-cerapurcomfort\\\/#primaryimage\"},\"thumbnailUrl\":\"https:\\\/\\\/www.jagalcaide.com\\\/wp-content\\\/uploads\\\/2022\\\/11\\\/253-400-bona-copia.jpg\",\"datePublished\":\"2016-02-25T11:52:00+00:00\",\"dateModified\":\"2026-02-24T14:13:57+00:00\",\"description\":\"Junkers ZWBE 25-3C CerapurComfort boiler in Barcelona: efficient condensation gas boiler, 25 kW, hot water on demand, energy savings\",\"breadcrumb\":{\"@id\":\"https:\\\/\\\/www.jagalcaide.com\\\/en\\\/producto\\\/junkers-zwbe-25-3c-cerapurcomfort\\\/#breadcrumb\"},\"inLanguage\":\"en-US\",\"potentialAction\":[{\"@type\":\"ReadAction\",\"target\":[\"https:\\\/\\\/www.jagalcaide.com\\\/en\\\/producto\\\/junkers-zwbe-25-3c-cerapurcomfort\\\/\"]}]},{\"@type\":\"ImageObject\",\"inLanguage\":\"en-US\",\"@id\":\"https:\\\/\\\/www.jagalcaide.com\\\/en\\\/producto\\\/junkers-zwbe-25-3c-cerapurcomfort\\\/#primaryimage\",\"url\":\"https:\\\/\\\/www.jagalcaide.com\\\/wp-content\\\/uploads\\\/2022\\\/11\\\/253-400-bona-copia.jpg\",\"contentUrl\":\"https:\\\/\\\/www.jagalcaide.com\\\/wp-content\\\/uploads\\\/2022\\\/11\\\/253-400-bona-copia.jpg\",\"width\":400,\"height\":300,\"caption\":\"Aire Acondicionado Mitsubishi MSZ-BT20VGK\"},{\"@type\":\"BreadcrumbList\",\"@id\":\"https:\\\/\\\/www.jagalcaide.com\\\/en\\\/producto\\\/junkers-zwbe-25-3c-cerapurcomfort\\\/#breadcrumb\",\"itemListElement\":[{\"@type\":\"ListItem\",\"position\":1,\"name\":\"Portada\",\"item\":\"https:\\\/\\\/www.jagalcaide.com\\\/en\\\/\"},{\"@type\":\"ListItem\",\"position\":2,\"name\":\"Woocommerce shop\",\"item\":\"https:\\\/\\\/www.jagalcaide.com\\\/woocommerce-shop\\\/\"},{\"@type\":\"ListItem\",\"position\":3,\"name\":\"Boiler Junkers ZWBE 25-3C CerapurComfort\"}]},{\"@type\":\"WebSite\",\"@id\":\"https:\\\/\\\/www.jagalcaide.com\\\/en\\\/#website\",\"url\":\"https:\\\/\\\/www.jagalcaide.com\\\/en\\\/\",\"name\":\"JAG Alcaide - Instalaci\u00f3n y reparaci\u00f3n de Aire Acondicionado y Calderas\",\"description\":\"Instalaci\u00f3n y reparaci\u00f3n de aire acondicionado y calderas en Barcelona\",\"publisher\":{\"@id\":\"https:\\\/\\\/www.jagalcaide.com\\\/en\\\/#organization\"},\"potentialAction\":[{\"@type\":\"SearchAction\",\"target\":{\"@type\":\"EntryPoint\",\"urlTemplate\":\"https:\\\/\\\/www.jagalcaide.com\\\/en\\\/?s={search_term_string}\"},\"query-input\":{\"@type\":\"PropertyValueSpecification\",\"valueRequired\":true,\"valueName\":\"search_term_string\"}}],\"inLanguage\":\"en-US\"},{\"@type\":\"Organization\",\"@id\":\"https:\\\/\\\/www.jagalcaide.com\\\/en\\\/#organization\",\"name\":\"JAG Alcaide\",\"url\":\"https:\\\/\\\/www.jagalcaide.com\\\/en\\\/\",\"logo\":{\"@type\":\"ImageObject\",\"inLanguage\":\"en-US\",\"@id\":\"https:\\\/\\\/www.jagalcaide.com\\\/en\\\/#\\\/schema\\\/logo\\\/image\\\/\",\"url\":\"https:\\\/\\\/www.jagalcaide.com\\\/wp-content\\\/uploads\\\/2023\\\/05\\\/logo-alcaide-gran.jpg\",\"contentUrl\":\"https:\\\/\\\/www.jagalcaide.com\\\/wp-content\\\/uploads\\\/2023\\\/05\\\/logo-alcaide-gran.jpg\",\"width\":696,\"height\":696,\"caption\":\"JAG Alcaide\"},\"image\":{\"@id\":\"https:\\\/\\\/www.jagalcaide.com\\\/en\\\/#\\\/schema\\\/logo\\\/image\\\/\"},\"sameAs\":[\"https:\\\/\\\/x.com\\\/JAGAlcaideSL\",\"https:\\\/\\\/www.instagram.com\\\/jagalcaide\\\/\",\"https:\\\/\\\/www.linkedin.com\\\/company\\\/j-a-g-alcaide-s-l-\"]}]}<\/script>\n<!-- \/ Yoast SEO plugin. -->","yoast_head_json":{"title":"Boiler Junkers ZWBE 25-3C CerapurComfort - JAG Alcaide \u2013 Instalaci\u00f3n, reparaci\u00f3n y mantenimiento en Barcelona","description":"Junkers ZWBE 25-3C CerapurComfort boiler in Barcelona: efficient condensation gas boiler, 25 kW, hot water on demand, energy savings","robots":{"index":"index","follow":"follow","max-snippet":"max-snippet:-1","max-image-preview":"max-image-preview:large","max-video-preview":"max-video-preview:-1"},"canonical":"https:\/\/www.jagalcaide.com\/en\/producto\/junkers-zwbe-25-3c-cerapurcomfort\/","og_locale":"en_US","og_type":"article","og_title":"Boiler Junkers ZWBE 25-3C CerapurComfort - JAG Alcaide \u2013 Instalaci\u00f3n, reparaci\u00f3n y mantenimiento en Barcelona","og_description":"Junkers ZWBE 25-3C CerapurComfort boiler in Barcelona: efficient condensation gas boiler, 25 kW, hot water on demand, energy savings","og_url":"https:\/\/www.jagalcaide.com\/en\/producto\/junkers-zwbe-25-3c-cerapurcomfort\/","og_site_name":"JAG Alcaide \u2013 Instalaci\u00f3n, reparaci\u00f3n y mantenimiento en Barcelona","article_modified_time":"2026-02-24T14:13:57+00:00","og_image":[{"width":400,"height":300,"url":"https:\/\/www.jagalcaide.com\/wp-content\/uploads\/2022\/11\/253-400-bona-copia.jpg","type":"image\/jpeg"}],"twitter_card":"summary_large_image","twitter_site":"@JAGAlcaideSL","twitter_misc":{"Est. reading time":"2 minutes"},"schema":{"@context":"https:\/\/schema.org","@graph":[{"@type":"WebPage","@id":"https:\/\/www.jagalcaide.com\/en\/producto\/junkers-zwbe-25-3c-cerapurcomfort\/","url":"https:\/\/www.jagalcaide.com\/en\/producto\/junkers-zwbe-25-3c-cerapurcomfort\/","name":"Boiler Junkers ZWBE 25-3C CerapurComfort - JAG Alcaide \u2013 Instalaci\u00f3n, reparaci\u00f3n y mantenimiento en Barcelona","isPartOf":{"@id":"https:\/\/www.jagalcaide.com\/en\/#website"},"primaryImageOfPage":{"@id":"https:\/\/www.jagalcaide.com\/en\/producto\/junkers-zwbe-25-3c-cerapurcomfort\/#primaryimage"},"image":{"@id":"https:\/\/www.jagalcaide.com\/en\/producto\/junkers-zwbe-25-3c-cerapurcomfort\/#primaryimage"},"thumbnailUrl":"https:\/\/www.jagalcaide.com\/wp-content\/uploads\/2022\/11\/253-400-bona-copia.jpg","datePublished":"2016-02-25T11:52:00+00:00","dateModified":"2026-02-24T14:13:57+00:00","description":"Junkers ZWBE 25-3C CerapurComfort boiler in Barcelona: efficient condensation gas boiler, 25 kW, hot water on demand, energy savings","breadcrumb":{"@id":"https:\/\/www.jagalcaide.com\/en\/producto\/junkers-zwbe-25-3c-cerapurcomfort\/#breadcrumb"},"inLanguage":"en-US","potentialAction":[{"@type":"ReadAction","target":["https:\/\/www.jagalcaide.com\/en\/producto\/junkers-zwbe-25-3c-cerapurcomfort\/"]}]},{"@type":"ImageObject","inLanguage":"en-US","@id":"https:\/\/www.jagalcaide.com\/en\/producto\/junkers-zwbe-25-3c-cerapurcomfort\/#primaryimage","url":"https:\/\/www.jagalcaide.com\/wp-content\/uploads\/2022\/11\/253-400-bona-copia.jpg","contentUrl":"https:\/\/www.jagalcaide.com\/wp-content\/uploads\/2022\/11\/253-400-bona-copia.jpg","width":400,"height":300,"caption":"Aire Acondicionado Mitsubishi MSZ-BT20VGK"},{"@type":"BreadcrumbList","@id":"https:\/\/www.jagalcaide.com\/en\/producto\/junkers-zwbe-25-3c-cerapurcomfort\/#breadcrumb","itemListElement":[{"@type":"ListItem","position":1,"name":"Portada","item":"https:\/\/www.jagalcaide.com\/en\/"},{"@type":"ListItem","position":2,"name":"Woocommerce shop","item":"https:\/\/www.jagalcaide.com\/woocommerce-shop\/"},{"@type":"ListItem","position":3,"name":"Boiler Junkers ZWBE 25-3C CerapurComfort"}]},{"@type":"WebSite","@id":"https:\/\/www.jagalcaide.com\/en\/#website","url":"https:\/\/www.jagalcaide.com\/en\/","name":"JAG Alcaide - Instalaci\u00f3n y reparaci\u00f3n de Aire Acondicionado y Calderas","description":"Instalaci\u00f3n y reparaci\u00f3n de aire acondicionado y calderas en Barcelona","publisher":{"@id":"https:\/\/www.jagalcaide.com\/en\/#organization"},"potentialAction":[{"@type":"SearchAction","target":{"@type":"EntryPoint","urlTemplate":"https:\/\/www.jagalcaide.com\/en\/?s={search_term_string}"},"query-input":{"@type":"PropertyValueSpecification","valueRequired":true,"valueName":"search_term_string"}}],"inLanguage":"en-US"},{"@type":"Organization","@id":"https:\/\/www.jagalcaide.com\/en\/#organization","name":"JAG Alcaide","url":"https:\/\/www.jagalcaide.com\/en\/","logo":{"@type":"ImageObject","inLanguage":"en-US","@id":"https:\/\/www.jagalcaide.com\/en\/#\/schema\/logo\/image\/","url":"https:\/\/www.jagalcaide.com\/wp-content\/uploads\/2023\/05\/logo-alcaide-gran.jpg","contentUrl":"https:\/\/www.jagalcaide.com\/wp-content\/uploads\/2023\/05\/logo-alcaide-gran.jpg","width":696,"height":696,"caption":"JAG Alcaide"},"image":{"@id":"https:\/\/www.jagalcaide.com\/en\/#\/schema\/logo\/image\/"},"sameAs":["https:\/\/x.com\/JAGAlcaideSL","https:\/\/www.instagram.com\/jagalcaide\/","https:\/\/www.linkedin.com\/company\/j-a-g-alcaide-s-l-"]}]}},"wpml_current_locale":"en_US","wpml_translations":{"es_ES":{"locale":"es_ES","id":1510,"slug":"junkers-zwbe25-3c","post_title":"Junkers ZWBE 25-3C CerapurComfort","href":"https:\/\/www.jagalcaide.com\/producto\/junkers-zwbe25-3c\/"}},"_links":{"self":[{"href":"https:\/\/www.jagalcaide.com\/en\/wp-json\/wp\/v2\/product\/2948","targetHints":{"allow":["GET"]}}],"collection":[{"href":"https:\/\/www.jagalcaide.com\/en\/wp-json\/wp\/v2\/product"}],"about":[{"href":"https:\/\/www.jagalcaide.com\/en\/wp-json\/wp\/v2\/types\/product"}],"replies":[{"embeddable":true,"href":"https:\/\/www.jagalcaide.com\/en\/wp-json\/wp\/v2\/comments?post=2948"}],"wp:featuredmedia":[{"embeddable":true,"href":"https:\/\/www.jagalcaide.com\/en\/wp-json\/wp\/v2\/media\/1663"}],"wp:attachment":[{"href":"https:\/\/www.jagalcaide.com\/en\/wp-json\/wp\/v2\/media?parent=2948"}],"wp:term":[{"taxonomy":"product_brand","embeddable":true,"href":"https:\/\/www.jagalcaide.com\/en\/wp-json\/wp\/v2\/product_brand?post=2948"},{"taxonomy":"product_cat","embeddable":true,"href":"https:\/\/www.jagalcaide.com\/en\/wp-json\/wp\/v2\/product_cat?post=2948"},{"taxonomy":"product_tag","embeddable":true,"href":"https:\/\/www.jagalcaide.com\/en\/wp-json\/wp\/v2\/product_tag?post=2948"}],"curies":[{"name":"wp","href":"https:\/\/api.w.org\/{rel}","templated":true}]}}