{"id":2958,"date":"2014-01-28T10:49:00","date_gmt":"2014-01-28T10:49:00","guid":{"rendered":"https:\/\/www.jagalcaide.com\/producto\/air-conditioner-junkers-comfort-35-kw\/"},"modified":"2026-02-18T14:23:47","modified_gmt":"2026-02-18T14:23:47","slug":"air-conditioner-junkers-comfort-35-kw","status":"publish","type":"product","link":"https:\/\/www.jagalcaide.com\/en\/producto\/air-conditioner-junkers-comfort-35-kw\/","title":{"rendered":"Air conditioner Junkers Mono Split Mural Comfort-4 (3,5 kW)"},"content":{"rendered":"<h1 style=\"text-align: justify;\">Junkers Mono Split Mural Comfort-4 (3,5 kW)<\/h1>\n<p>&nbsp;<\/p>\n<p style=\"text-align: justify;\"><b>&#8211; Smart Antifreeze Protection:\u00a0<\/b>It takes advantage of the heat working mode in order to achieve considerable savings.<\/p>\n<p style=\"text-align: justify;\"><b>&#8211; Automatic reset protection and anti-icing:\u00a0<\/b>\u00a0When a power cut happens, the air conditioner resets itself keeping the same conditions it had before it got turned off.<\/p>\n<p style=\"text-align: justify;\"><b>&#8211; Sleep mode:\u00a0<\/b>It controls temperature all night long.<\/p>\n<p style=\"text-align: justify;\"><b>&#8211; Self-cleaning function:\u00a0<\/b>Keeps the air conditioner running for 3 minutes after it gets turned off by the user. This way it prevents itself from mold formation.<\/p>\n<p style=\"text-align: justify;\"><b>&#8211; Swing function:\u00a0<\/b>This feature allows getting a better air distribution by moving the air output grid.<\/p>\n<p style=\"text-align: justify;\"><b>&#8211; Failure Diagnosis function:\u00a0<\/b>If anything goes wrong, it shows an \u00a0error code in the display.<\/p>\n<p>&nbsp;<\/p>\n","protected":false},"excerpt":{"rendered":"<p>Junkers Mono Split Mural Comfort-4 (3,5 kW) &nbsp; &#8211; Smart Antifreeze Protection:\u00a0It takes advantage of the heat working mode in order to achieve considerable savings. &#8211; Automatic reset protection and anti-icing:\u00a0\u00a0When a power cut happens, [&hellip;]<\/p>\n","protected":false},"featured_media":1657,"comment_status":"closed","ping_status":"closed","template":"","meta":{"_acf_changed":false,"_yoast_wpseo_focuskw":"Junkers Mono Split Mural Comfort-4","_yoast_wpseo_title":"Air conditioner Junkers Mono Split Mural Comfort-4","_yoast_wpseo_metadesc":"Air conditioner Junkers Mono Split Mural Comfort-4 (3,5 kW) for only 955,30\u20ac! Call us and we can install it for you in Barcelona."},"product_brand":[],"product_cat":[395,526,406],"product_tag":[],"class_list":{"0":"post-2958","1":"product","2":"type-product","3":"status-publish","4":"has-post-thumbnail","6":"product_cat-air-conditioner","7":"product_cat-top-sales-air-conditioned","8":"product_cat-junkers-mono-split-mural-comfort-4-air-conditioner","10":"first","11":"instock","12":"taxable","13":"shipping-taxable","14":"product-type-simple"},"acf":[],"yoast_head":"<!-- This site is optimized with the Yoast SEO plugin v27.5 - https:\/\/yoast.com\/product\/yoast-seo-wordpress\/ -->\n<title>Air conditioner Junkers Mono Split Mural Comfort-4<\/title>\n<meta name=\"description\" content=\"Air conditioner Junkers Mono Split Mural Comfort-4 (3,5 kW) for only 955,30\u20ac! Call us and we can install it for you in Barcelona.\" \/>\n<meta name=\"robots\" content=\"index, follow, max-snippet:-1, max-image-preview:large, max-video-preview:-1\" \/>\n<link rel=\"canonical\" href=\"https:\/\/www.jagalcaide.com\/en\/producto\/air-conditioner-junkers-comfort-35-kw\/\" \/>\n<meta property=\"og:locale\" content=\"en_US\" \/>\n<meta property=\"og:type\" content=\"article\" \/>\n<meta property=\"og:title\" content=\"Air conditioner Junkers Mono Split Mural Comfort-4\" \/>\n<meta property=\"og:description\" content=\"Air conditioner Junkers Mono Split Mural Comfort-4 (3,5 kW) for only 955,30\u20ac! Call us and we can install it for you in Barcelona.\" \/>\n<meta property=\"og:url\" content=\"https:\/\/www.jagalcaide.com\/en\/producto\/air-conditioner-junkers-comfort-35-kw\/\" \/>\n<meta property=\"og:site_name\" content=\"JAG Alcaide \u2013 Instalaci\u00f3n, reparaci\u00f3n y mantenimiento en Barcelona\" \/>\n<meta property=\"article:modified_time\" content=\"2026-02-18T14:23:47+00:00\" \/>\n<meta property=\"og:image\" content=\"https:\/\/www.jagalcaide.com\/wp-content\/uploads\/2022\/11\/Alcaide-comfort.jpg\" \/>\n\t<meta property=\"og:image:width\" content=\"500\" \/>\n\t<meta property=\"og:image:height\" content=\"500\" \/>\n\t<meta property=\"og:image:type\" content=\"image\/jpeg\" \/>\n<meta name=\"twitter:card\" content=\"summary_large_image\" \/>\n<meta name=\"twitter:site\" content=\"@JAGAlcaideSL\" \/>\n<meta name=\"twitter:label1\" content=\"Est. reading time\" \/>\n\t<meta name=\"twitter:data1\" content=\"1 minute\" \/>\n<script type=\"application\/ld+json\" class=\"yoast-schema-graph\">{\"@context\":\"https:\\\/\\\/schema.org\",\"@graph\":[{\"@type\":\"WebPage\",\"@id\":\"https:\\\/\\\/www.jagalcaide.com\\\/en\\\/producto\\\/air-conditioner-junkers-comfort-35-kw\\\/\",\"url\":\"https:\\\/\\\/www.jagalcaide.com\\\/en\\\/producto\\\/air-conditioner-junkers-comfort-35-kw\\\/\",\"name\":\"Air conditioner Junkers Mono Split Mural Comfort-4\",\"isPartOf\":{\"@id\":\"https:\\\/\\\/www.jagalcaide.com\\\/en\\\/#website\"},\"primaryImageOfPage\":{\"@id\":\"https:\\\/\\\/www.jagalcaide.com\\\/en\\\/producto\\\/air-conditioner-junkers-comfort-35-kw\\\/#primaryimage\"},\"image\":{\"@id\":\"https:\\\/\\\/www.jagalcaide.com\\\/en\\\/producto\\\/air-conditioner-junkers-comfort-35-kw\\\/#primaryimage\"},\"thumbnailUrl\":\"https:\\\/\\\/www.jagalcaide.com\\\/wp-content\\\/uploads\\\/2022\\\/11\\\/Alcaide-comfort.jpg\",\"datePublished\":\"2014-01-28T10:49:00+00:00\",\"dateModified\":\"2026-02-18T14:23:47+00:00\",\"description\":\"Air conditioner Junkers Mono Split Mural Comfort-4 (3,5 kW) for only 955,30\u20ac! Call us and we can install it for you in Barcelona.\",\"breadcrumb\":{\"@id\":\"https:\\\/\\\/www.jagalcaide.com\\\/en\\\/producto\\\/air-conditioner-junkers-comfort-35-kw\\\/#breadcrumb\"},\"inLanguage\":\"en-US\",\"potentialAction\":[{\"@type\":\"ReadAction\",\"target\":[\"https:\\\/\\\/www.jagalcaide.com\\\/en\\\/producto\\\/air-conditioner-junkers-comfort-35-kw\\\/\"]}]},{\"@type\":\"ImageObject\",\"inLanguage\":\"en-US\",\"@id\":\"https:\\\/\\\/www.jagalcaide.com\\\/en\\\/producto\\\/air-conditioner-junkers-comfort-35-kw\\\/#primaryimage\",\"url\":\"https:\\\/\\\/www.jagalcaide.com\\\/wp-content\\\/uploads\\\/2022\\\/11\\\/Alcaide-comfort.jpg\",\"contentUrl\":\"https:\\\/\\\/www.jagalcaide.com\\\/wp-content\\\/uploads\\\/2022\\\/11\\\/Alcaide-comfort.jpg\",\"width\":500,\"height\":500,\"caption\":\"Aire Acondicionado Mitsubishi MSZ-BT20VGK\"},{\"@type\":\"BreadcrumbList\",\"@id\":\"https:\\\/\\\/www.jagalcaide.com\\\/en\\\/producto\\\/air-conditioner-junkers-comfort-35-kw\\\/#breadcrumb\",\"itemListElement\":[{\"@type\":\"ListItem\",\"position\":1,\"name\":\"Portada\",\"item\":\"https:\\\/\\\/www.jagalcaide.com\\\/en\\\/\"},{\"@type\":\"ListItem\",\"position\":2,\"name\":\"Woocommerce shop\",\"item\":\"https:\\\/\\\/www.jagalcaide.com\\\/woocommerce-shop\\\/\"},{\"@type\":\"ListItem\",\"position\":3,\"name\":\"Air conditioner Junkers Mono Split Mural Comfort-4 (3,5 kW)\"}]},{\"@type\":\"WebSite\",\"@id\":\"https:\\\/\\\/www.jagalcaide.com\\\/en\\\/#website\",\"url\":\"https:\\\/\\\/www.jagalcaide.com\\\/en\\\/\",\"name\":\"JAG Alcaide - Instalaci\u00f3n y reparaci\u00f3n de Aire Acondicionado y Calderas\",\"description\":\"Instalaci\u00f3n y reparaci\u00f3n de aire acondicionado y calderas en Barcelona\",\"publisher\":{\"@id\":\"https:\\\/\\\/www.jagalcaide.com\\\/en\\\/#organization\"},\"potentialAction\":[{\"@type\":\"SearchAction\",\"target\":{\"@type\":\"EntryPoint\",\"urlTemplate\":\"https:\\\/\\\/www.jagalcaide.com\\\/en\\\/?s={search_term_string}\"},\"query-input\":{\"@type\":\"PropertyValueSpecification\",\"valueRequired\":true,\"valueName\":\"search_term_string\"}}],\"inLanguage\":\"en-US\"},{\"@type\":\"Organization\",\"@id\":\"https:\\\/\\\/www.jagalcaide.com\\\/en\\\/#organization\",\"name\":\"JAG Alcaide\",\"url\":\"https:\\\/\\\/www.jagalcaide.com\\\/en\\\/\",\"logo\":{\"@type\":\"ImageObject\",\"inLanguage\":\"en-US\",\"@id\":\"https:\\\/\\\/www.jagalcaide.com\\\/en\\\/#\\\/schema\\\/logo\\\/image\\\/\",\"url\":\"https:\\\/\\\/www.jagalcaide.com\\\/wp-content\\\/uploads\\\/2023\\\/05\\\/logo-alcaide-gran.jpg\",\"contentUrl\":\"https:\\\/\\\/www.jagalcaide.com\\\/wp-content\\\/uploads\\\/2023\\\/05\\\/logo-alcaide-gran.jpg\",\"width\":696,\"height\":696,\"caption\":\"JAG Alcaide\"},\"image\":{\"@id\":\"https:\\\/\\\/www.jagalcaide.com\\\/en\\\/#\\\/schema\\\/logo\\\/image\\\/\"},\"sameAs\":[\"https:\\\/\\\/x.com\\\/JAGAlcaideSL\",\"https:\\\/\\\/www.instagram.com\\\/jagalcaide\\\/\",\"https:\\\/\\\/www.linkedin.com\\\/company\\\/j-a-g-alcaide-s-l-\"]}]}<\/script>\n<!-- \/ Yoast SEO plugin. -->","yoast_head_json":{"title":"Air conditioner Junkers Mono Split Mural Comfort-4","description":"Air conditioner Junkers Mono Split Mural Comfort-4 (3,5 kW) for only 955,30\u20ac! Call us and we can install it for you in Barcelona.","robots":{"index":"index","follow":"follow","max-snippet":"max-snippet:-1","max-image-preview":"max-image-preview:large","max-video-preview":"max-video-preview:-1"},"canonical":"https:\/\/www.jagalcaide.com\/en\/producto\/air-conditioner-junkers-comfort-35-kw\/","og_locale":"en_US","og_type":"article","og_title":"Air conditioner Junkers Mono Split Mural Comfort-4","og_description":"Air conditioner Junkers Mono Split Mural Comfort-4 (3,5 kW) for only 955,30\u20ac! Call us and we can install it for you in Barcelona.","og_url":"https:\/\/www.jagalcaide.com\/en\/producto\/air-conditioner-junkers-comfort-35-kw\/","og_site_name":"JAG Alcaide \u2013 Instalaci\u00f3n, reparaci\u00f3n y mantenimiento en Barcelona","article_modified_time":"2026-02-18T14:23:47+00:00","og_image":[{"width":500,"height":500,"url":"https:\/\/www.jagalcaide.com\/wp-content\/uploads\/2022\/11\/Alcaide-comfort.jpg","type":"image\/jpeg"}],"twitter_card":"summary_large_image","twitter_site":"@JAGAlcaideSL","twitter_misc":{"Est. reading time":"1 minute"},"schema":{"@context":"https:\/\/schema.org","@graph":[{"@type":"WebPage","@id":"https:\/\/www.jagalcaide.com\/en\/producto\/air-conditioner-junkers-comfort-35-kw\/","url":"https:\/\/www.jagalcaide.com\/en\/producto\/air-conditioner-junkers-comfort-35-kw\/","name":"Air conditioner Junkers Mono Split Mural Comfort-4","isPartOf":{"@id":"https:\/\/www.jagalcaide.com\/en\/#website"},"primaryImageOfPage":{"@id":"https:\/\/www.jagalcaide.com\/en\/producto\/air-conditioner-junkers-comfort-35-kw\/#primaryimage"},"image":{"@id":"https:\/\/www.jagalcaide.com\/en\/producto\/air-conditioner-junkers-comfort-35-kw\/#primaryimage"},"thumbnailUrl":"https:\/\/www.jagalcaide.com\/wp-content\/uploads\/2022\/11\/Alcaide-comfort.jpg","datePublished":"2014-01-28T10:49:00+00:00","dateModified":"2026-02-18T14:23:47+00:00","description":"Air conditioner Junkers Mono Split Mural Comfort-4 (3,5 kW) for only 955,30\u20ac! Call us and we can install it for you in Barcelona.","breadcrumb":{"@id":"https:\/\/www.jagalcaide.com\/en\/producto\/air-conditioner-junkers-comfort-35-kw\/#breadcrumb"},"inLanguage":"en-US","potentialAction":[{"@type":"ReadAction","target":["https:\/\/www.jagalcaide.com\/en\/producto\/air-conditioner-junkers-comfort-35-kw\/"]}]},{"@type":"ImageObject","inLanguage":"en-US","@id":"https:\/\/www.jagalcaide.com\/en\/producto\/air-conditioner-junkers-comfort-35-kw\/#primaryimage","url":"https:\/\/www.jagalcaide.com\/wp-content\/uploads\/2022\/11\/Alcaide-comfort.jpg","contentUrl":"https:\/\/www.jagalcaide.com\/wp-content\/uploads\/2022\/11\/Alcaide-comfort.jpg","width":500,"height":500,"caption":"Aire Acondicionado Mitsubishi MSZ-BT20VGK"},{"@type":"BreadcrumbList","@id":"https:\/\/www.jagalcaide.com\/en\/producto\/air-conditioner-junkers-comfort-35-kw\/#breadcrumb","itemListElement":[{"@type":"ListItem","position":1,"name":"Portada","item":"https:\/\/www.jagalcaide.com\/en\/"},{"@type":"ListItem","position":2,"name":"Woocommerce shop","item":"https:\/\/www.jagalcaide.com\/woocommerce-shop\/"},{"@type":"ListItem","position":3,"name":"Air conditioner Junkers Mono Split Mural Comfort-4 (3,5 kW)"}]},{"@type":"WebSite","@id":"https:\/\/www.jagalcaide.com\/en\/#website","url":"https:\/\/www.jagalcaide.com\/en\/","name":"JAG Alcaide - Instalaci\u00f3n y reparaci\u00f3n de Aire Acondicionado y Calderas","description":"Instalaci\u00f3n y reparaci\u00f3n de aire acondicionado y calderas en Barcelona","publisher":{"@id":"https:\/\/www.jagalcaide.com\/en\/#organization"},"potentialAction":[{"@type":"SearchAction","target":{"@type":"EntryPoint","urlTemplate":"https:\/\/www.jagalcaide.com\/en\/?s={search_term_string}"},"query-input":{"@type":"PropertyValueSpecification","valueRequired":true,"valueName":"search_term_string"}}],"inLanguage":"en-US"},{"@type":"Organization","@id":"https:\/\/www.jagalcaide.com\/en\/#organization","name":"JAG Alcaide","url":"https:\/\/www.jagalcaide.com\/en\/","logo":{"@type":"ImageObject","inLanguage":"en-US","@id":"https:\/\/www.jagalcaide.com\/en\/#\/schema\/logo\/image\/","url":"https:\/\/www.jagalcaide.com\/wp-content\/uploads\/2023\/05\/logo-alcaide-gran.jpg","contentUrl":"https:\/\/www.jagalcaide.com\/wp-content\/uploads\/2023\/05\/logo-alcaide-gran.jpg","width":696,"height":696,"caption":"JAG Alcaide"},"image":{"@id":"https:\/\/www.jagalcaide.com\/en\/#\/schema\/logo\/image\/"},"sameAs":["https:\/\/x.com\/JAGAlcaideSL","https:\/\/www.instagram.com\/jagalcaide\/","https:\/\/www.linkedin.com\/company\/j-a-g-alcaide-s-l-"]}]}},"wpml_current_locale":"en_US","wpml_translations":{"es_ES":{"locale":"es_ES","id":1505,"slug":"aire-acondicionado-junkers-excellence-35-kw1095e","post_title":"Aire acondicionado Junkers Mono Split Mural Comfort-4 (3,5 kW)","href":"https:\/\/www.jagalcaide.com\/producto\/aire-acondicionado-junkers-excellence-35-kw1095e\/"}},"_links":{"self":[{"href":"https:\/\/www.jagalcaide.com\/en\/wp-json\/wp\/v2\/product\/2958","targetHints":{"allow":["GET"]}}],"collection":[{"href":"https:\/\/www.jagalcaide.com\/en\/wp-json\/wp\/v2\/product"}],"about":[{"href":"https:\/\/www.jagalcaide.com\/en\/wp-json\/wp\/v2\/types\/product"}],"replies":[{"embeddable":true,"href":"https:\/\/www.jagalcaide.com\/en\/wp-json\/wp\/v2\/comments?post=2958"}],"wp:featuredmedia":[{"embeddable":true,"href":"https:\/\/www.jagalcaide.com\/en\/wp-json\/wp\/v2\/media\/1657"}],"wp:attachment":[{"href":"https:\/\/www.jagalcaide.com\/en\/wp-json\/wp\/v2\/media?parent=2958"}],"wp:term":[{"taxonomy":"product_brand","embeddable":true,"href":"https:\/\/www.jagalcaide.com\/en\/wp-json\/wp\/v2\/product_brand?post=2958"},{"taxonomy":"product_cat","embeddable":true,"href":"https:\/\/www.jagalcaide.com\/en\/wp-json\/wp\/v2\/product_cat?post=2958"},{"taxonomy":"product_tag","embeddable":true,"href":"https:\/\/www.jagalcaide.com\/en\/wp-json\/wp\/v2\/product_tag?post=2958"}],"curies":[{"name":"wp","href":"https:\/\/api.w.org\/{rel}","templated":true}]}}