{"id":2966,"date":"2023-03-20T19:18:25","date_gmt":"2023-03-20T19:18:25","guid":{"rendered":"https:\/\/www.jagalcaide.com\/producto\/wtd-11-kg-hydropower-junkers-natural-draft-water-heater\/"},"modified":"2023-03-20T19:18:25","modified_gmt":"2023-03-20T19:18:25","slug":"wtd-11-kg-hydropower-junkers-natural-draft-water-heater","status":"publish","type":"product","link":"https:\/\/www.jagalcaide.com\/en\/producto\/wtd-11-kg-hydropower-junkers-natural-draft-water-heater\/","title":{"rendered":"WTD 11 KG Hydropower Junkers natural draft water heater"},"content":{"rendered":"<p><strong>Price:<\/strong>&nbsp;560\u20ac Installation and VAT included.<\/p>\n<p><strong>Brand:<\/strong> Junkers, Bosch group.<\/p>\n<p><strong>Kind:<\/strong> Natural draft.<\/p>\n<p><strong>Caudal:<\/strong>&nbsp;11Liters.<\/p>\n<p><strong>Measurement <\/strong> (Height x Width x Depth mm.):<br \/>\n580x310x220.<\/p>\n<p><strong>Description:<\/strong><br \/>\nJunkers Hydropower water heater with thermostatic control. It is turned on by an hydro generator. It allows the user to select the exact temperature He wants, being this adjustable degree by degree between the 35C\u00ba and the 60C\u00ba.<\/p>\n<p>If you don&#8217;t know which would be the best capacity for your heater, check it out below this text:<\/p>\n<p style=\"text-align: center;\"><a href=\"http:\/\/www.jagalcaide.com\/wp-content\/uploads\/2013\/12\/Calculo-calentadores1.jpg\"><img decoding=\"async\" class=\"lazyload size-medium wp-image-3007 aligncenter\" src=\"data:image\/svg+xml,%3Csvg%20xmlns%3D%27http%3A%2F%2Fwww.w3.org%2F2000%2Fsvg%27%20width%3D%27300%27%20height%3D%27214%27%20viewBox%3D%270%200%20300%20214%27%3E%3Crect%20width%3D%27300%27%20height%3D%27214%27%20fill-opacity%3D%220%22%2F%3E%3C%2Fsvg%3E\" data-orig-src=\"https:\/\/www.jagalcaide.com\/wp-content\/uploads\/2013\/12\/Calculo-calentadores1-300x214.jpg\" alt=\"Tabla c\u00e1lculo calentadores Junkers\" width=\"300\" height=\"214\"><\/a><\/p>\n<p><!--more--><\/p>\n","protected":false},"excerpt":{"rendered":"<p>Price:&nbsp;560\u20ac Installation and VAT included. Brand: Junkers, Bosch group. Kind: Natural draft. Caudal:&nbsp;11Liters. Measurement (Height x Width x Depth mm.): 580x310x220. Description: Junkers Hydropower water heater with thermostatic control. It is turned on by an [&hellip;]<\/p>\n","protected":false},"featured_media":1649,"comment_status":"closed","ping_status":"closed","template":"","meta":{"_acf_changed":false},"product_brand":[],"product_cat":[526],"product_tag":[],"class_list":{"0":"post-2966","1":"product","2":"type-product","3":"status-publish","4":"has-post-thumbnail","6":"product_cat-top-sales-air-conditioned","8":"first","9":"instock","10":"taxable","11":"shipping-taxable","12":"product-type-simple"},"acf":[],"yoast_head":"<!-- This site is optimized with the Yoast SEO plugin v27.3 - https:\/\/yoast.com\/product\/yoast-seo-wordpress\/ -->\n<title>WTD 11 KG Hydropower Junkers natural draft water heater - JAG Alcaide \u2013 Instalaci\u00f3n, reparaci\u00f3n y mantenimiento en Barcelona<\/title>\n<meta name=\"robots\" content=\"index, follow, max-snippet:-1, max-image-preview:large, max-video-preview:-1\" \/>\n<link rel=\"canonical\" href=\"https:\/\/www.jagalcaide.com\/en\/producto\/wtd-11-kg-hydropower-junkers-natural-draft-water-heater\/\" \/>\n<meta property=\"og:locale\" content=\"en_US\" \/>\n<meta property=\"og:type\" content=\"article\" \/>\n<meta property=\"og:title\" content=\"WTD 11 KG Hydropower Junkers natural draft water heater - JAG Alcaide \u2013 Instalaci\u00f3n, reparaci\u00f3n y mantenimiento en Barcelona\" \/>\n<meta property=\"og:description\" content=\"Price:&nbsp;560\u20ac Installation and VAT included. Brand: Junkers, Bosch group. Kind: Natural draft. Caudal:&nbsp;11Liters. Measurement (Height x Width x Depth mm.): 580x310x220. Description: Junkers Hydropower water heater with thermostatic control. It is turned on by an [&hellip;]\" \/>\n<meta property=\"og:url\" content=\"https:\/\/www.jagalcaide.com\/en\/producto\/wtd-11-kg-hydropower-junkers-natural-draft-water-heater\/\" \/>\n<meta property=\"og:site_name\" content=\"JAG Alcaide \u2013 Instalaci\u00f3n, reparaci\u00f3n y mantenimiento en Barcelona\" \/>\n<meta property=\"og:image\" content=\"https:\/\/www.jagalcaide.com\/wp-content\/uploads\/2022\/11\/caldera-WTD-11-KG.png\" \/>\n\t<meta property=\"og:image:width\" content=\"300\" \/>\n\t<meta property=\"og:image:height\" content=\"300\" \/>\n\t<meta property=\"og:image:type\" content=\"image\/png\" \/>\n<meta name=\"twitter:card\" content=\"summary_large_image\" \/>\n<meta name=\"twitter:site\" content=\"@JAGAlcaideSL\" \/>\n<script type=\"application\/ld+json\" class=\"yoast-schema-graph\">{\"@context\":\"https:\\\/\\\/schema.org\",\"@graph\":[{\"@type\":\"WebPage\",\"@id\":\"https:\\\/\\\/www.jagalcaide.com\\\/en\\\/producto\\\/wtd-11-kg-hydropower-junkers-natural-draft-water-heater\\\/\",\"url\":\"https:\\\/\\\/www.jagalcaide.com\\\/en\\\/producto\\\/wtd-11-kg-hydropower-junkers-natural-draft-water-heater\\\/\",\"name\":\"WTD 11 KG Hydropower Junkers natural draft water heater - JAG Alcaide \u2013 Instalaci\u00f3n, reparaci\u00f3n y mantenimiento en Barcelona\",\"isPartOf\":{\"@id\":\"https:\\\/\\\/www.jagalcaide.com\\\/en\\\/#website\"},\"primaryImageOfPage\":{\"@id\":\"https:\\\/\\\/www.jagalcaide.com\\\/en\\\/producto\\\/wtd-11-kg-hydropower-junkers-natural-draft-water-heater\\\/#primaryimage\"},\"image\":{\"@id\":\"https:\\\/\\\/www.jagalcaide.com\\\/en\\\/producto\\\/wtd-11-kg-hydropower-junkers-natural-draft-water-heater\\\/#primaryimage\"},\"thumbnailUrl\":\"https:\\\/\\\/www.jagalcaide.com\\\/wp-content\\\/uploads\\\/2022\\\/11\\\/caldera-WTD-11-KG.png\",\"datePublished\":\"2023-03-20T19:18:25+00:00\",\"breadcrumb\":{\"@id\":\"https:\\\/\\\/www.jagalcaide.com\\\/en\\\/producto\\\/wtd-11-kg-hydropower-junkers-natural-draft-water-heater\\\/#breadcrumb\"},\"inLanguage\":\"en-US\",\"potentialAction\":[{\"@type\":\"ReadAction\",\"target\":[\"https:\\\/\\\/www.jagalcaide.com\\\/en\\\/producto\\\/wtd-11-kg-hydropower-junkers-natural-draft-water-heater\\\/\"]}]},{\"@type\":\"ImageObject\",\"inLanguage\":\"en-US\",\"@id\":\"https:\\\/\\\/www.jagalcaide.com\\\/en\\\/producto\\\/wtd-11-kg-hydropower-junkers-natural-draft-water-heater\\\/#primaryimage\",\"url\":\"https:\\\/\\\/www.jagalcaide.com\\\/wp-content\\\/uploads\\\/2022\\\/11\\\/caldera-WTD-11-KG.png\",\"contentUrl\":\"https:\\\/\\\/www.jagalcaide.com\\\/wp-content\\\/uploads\\\/2022\\\/11\\\/caldera-WTD-11-KG.png\",\"width\":300,\"height\":300,\"caption\":\"Emisores t\u00e9rmicos Junkers Gama ELAFLU EXCELLENCE\"},{\"@type\":\"BreadcrumbList\",\"@id\":\"https:\\\/\\\/www.jagalcaide.com\\\/en\\\/producto\\\/wtd-11-kg-hydropower-junkers-natural-draft-water-heater\\\/#breadcrumb\",\"itemListElement\":[{\"@type\":\"ListItem\",\"position\":1,\"name\":\"Portada\",\"item\":\"https:\\\/\\\/www.jagalcaide.com\\\/en\\\/\"},{\"@type\":\"ListItem\",\"position\":2,\"name\":\"Woocommerce shop\",\"item\":\"https:\\\/\\\/www.jagalcaide.com\\\/woocommerce-shop\\\/\"},{\"@type\":\"ListItem\",\"position\":3,\"name\":\"WTD 11 KG Hydropower Junkers natural draft water heater\"}]},{\"@type\":\"WebSite\",\"@id\":\"https:\\\/\\\/www.jagalcaide.com\\\/en\\\/#website\",\"url\":\"https:\\\/\\\/www.jagalcaide.com\\\/en\\\/\",\"name\":\"JAG Alcaide - Instalaci\u00f3n y reparaci\u00f3n de Aire Acondicionado y Calderas\",\"description\":\"Instalaci\u00f3n y reparaci\u00f3n de aire acondicionado y calderas en Barcelona\",\"publisher\":{\"@id\":\"https:\\\/\\\/www.jagalcaide.com\\\/en\\\/#organization\"},\"potentialAction\":[{\"@type\":\"SearchAction\",\"target\":{\"@type\":\"EntryPoint\",\"urlTemplate\":\"https:\\\/\\\/www.jagalcaide.com\\\/en\\\/?s={search_term_string}\"},\"query-input\":{\"@type\":\"PropertyValueSpecification\",\"valueRequired\":true,\"valueName\":\"search_term_string\"}}],\"inLanguage\":\"en-US\"},{\"@type\":\"Organization\",\"@id\":\"https:\\\/\\\/www.jagalcaide.com\\\/en\\\/#organization\",\"name\":\"JAG Alcaide\",\"url\":\"https:\\\/\\\/www.jagalcaide.com\\\/en\\\/\",\"logo\":{\"@type\":\"ImageObject\",\"inLanguage\":\"en-US\",\"@id\":\"https:\\\/\\\/www.jagalcaide.com\\\/en\\\/#\\\/schema\\\/logo\\\/image\\\/\",\"url\":\"https:\\\/\\\/www.jagalcaide.com\\\/wp-content\\\/uploads\\\/2023\\\/05\\\/logo-alcaide-gran.jpg\",\"contentUrl\":\"https:\\\/\\\/www.jagalcaide.com\\\/wp-content\\\/uploads\\\/2023\\\/05\\\/logo-alcaide-gran.jpg\",\"width\":696,\"height\":696,\"caption\":\"JAG Alcaide\"},\"image\":{\"@id\":\"https:\\\/\\\/www.jagalcaide.com\\\/en\\\/#\\\/schema\\\/logo\\\/image\\\/\"},\"sameAs\":[\"https:\\\/\\\/x.com\\\/JAGAlcaideSL\",\"https:\\\/\\\/www.instagram.com\\\/jagalcaide\\\/\",\"https:\\\/\\\/www.linkedin.com\\\/company\\\/j-a-g-alcaide-s-l-\"]}]}<\/script>\n<!-- \/ Yoast SEO plugin. -->","yoast_head_json":{"title":"WTD 11 KG Hydropower Junkers natural draft water heater - JAG Alcaide \u2013 Instalaci\u00f3n, reparaci\u00f3n y mantenimiento en Barcelona","robots":{"index":"index","follow":"follow","max-snippet":"max-snippet:-1","max-image-preview":"max-image-preview:large","max-video-preview":"max-video-preview:-1"},"canonical":"https:\/\/www.jagalcaide.com\/en\/producto\/wtd-11-kg-hydropower-junkers-natural-draft-water-heater\/","og_locale":"en_US","og_type":"article","og_title":"WTD 11 KG Hydropower Junkers natural draft water heater - JAG Alcaide \u2013 Instalaci\u00f3n, reparaci\u00f3n y mantenimiento en Barcelona","og_description":"Price:&nbsp;560\u20ac Installation and VAT included. Brand: Junkers, Bosch group. Kind: Natural draft. Caudal:&nbsp;11Liters. Measurement (Height x Width x Depth mm.): 580x310x220. Description: Junkers Hydropower water heater with thermostatic control. It is turned on by an [&hellip;]","og_url":"https:\/\/www.jagalcaide.com\/en\/producto\/wtd-11-kg-hydropower-junkers-natural-draft-water-heater\/","og_site_name":"JAG Alcaide \u2013 Instalaci\u00f3n, reparaci\u00f3n y mantenimiento en Barcelona","og_image":[{"width":300,"height":300,"url":"https:\/\/www.jagalcaide.com\/wp-content\/uploads\/2022\/11\/caldera-WTD-11-KG.png","type":"image\/png"}],"twitter_card":"summary_large_image","twitter_site":"@JAGAlcaideSL","schema":{"@context":"https:\/\/schema.org","@graph":[{"@type":"WebPage","@id":"https:\/\/www.jagalcaide.com\/en\/producto\/wtd-11-kg-hydropower-junkers-natural-draft-water-heater\/","url":"https:\/\/www.jagalcaide.com\/en\/producto\/wtd-11-kg-hydropower-junkers-natural-draft-water-heater\/","name":"WTD 11 KG Hydropower Junkers natural draft water heater - JAG Alcaide \u2013 Instalaci\u00f3n, reparaci\u00f3n y mantenimiento en Barcelona","isPartOf":{"@id":"https:\/\/www.jagalcaide.com\/en\/#website"},"primaryImageOfPage":{"@id":"https:\/\/www.jagalcaide.com\/en\/producto\/wtd-11-kg-hydropower-junkers-natural-draft-water-heater\/#primaryimage"},"image":{"@id":"https:\/\/www.jagalcaide.com\/en\/producto\/wtd-11-kg-hydropower-junkers-natural-draft-water-heater\/#primaryimage"},"thumbnailUrl":"https:\/\/www.jagalcaide.com\/wp-content\/uploads\/2022\/11\/caldera-WTD-11-KG.png","datePublished":"2023-03-20T19:18:25+00:00","breadcrumb":{"@id":"https:\/\/www.jagalcaide.com\/en\/producto\/wtd-11-kg-hydropower-junkers-natural-draft-water-heater\/#breadcrumb"},"inLanguage":"en-US","potentialAction":[{"@type":"ReadAction","target":["https:\/\/www.jagalcaide.com\/en\/producto\/wtd-11-kg-hydropower-junkers-natural-draft-water-heater\/"]}]},{"@type":"ImageObject","inLanguage":"en-US","@id":"https:\/\/www.jagalcaide.com\/en\/producto\/wtd-11-kg-hydropower-junkers-natural-draft-water-heater\/#primaryimage","url":"https:\/\/www.jagalcaide.com\/wp-content\/uploads\/2022\/11\/caldera-WTD-11-KG.png","contentUrl":"https:\/\/www.jagalcaide.com\/wp-content\/uploads\/2022\/11\/caldera-WTD-11-KG.png","width":300,"height":300,"caption":"Emisores t\u00e9rmicos Junkers Gama ELAFLU EXCELLENCE"},{"@type":"BreadcrumbList","@id":"https:\/\/www.jagalcaide.com\/en\/producto\/wtd-11-kg-hydropower-junkers-natural-draft-water-heater\/#breadcrumb","itemListElement":[{"@type":"ListItem","position":1,"name":"Portada","item":"https:\/\/www.jagalcaide.com\/en\/"},{"@type":"ListItem","position":2,"name":"Woocommerce shop","item":"https:\/\/www.jagalcaide.com\/woocommerce-shop\/"},{"@type":"ListItem","position":3,"name":"WTD 11 KG Hydropower Junkers natural draft water heater"}]},{"@type":"WebSite","@id":"https:\/\/www.jagalcaide.com\/en\/#website","url":"https:\/\/www.jagalcaide.com\/en\/","name":"JAG Alcaide - Instalaci\u00f3n y reparaci\u00f3n de Aire Acondicionado y Calderas","description":"Instalaci\u00f3n y reparaci\u00f3n de aire acondicionado y calderas en Barcelona","publisher":{"@id":"https:\/\/www.jagalcaide.com\/en\/#organization"},"potentialAction":[{"@type":"SearchAction","target":{"@type":"EntryPoint","urlTemplate":"https:\/\/www.jagalcaide.com\/en\/?s={search_term_string}"},"query-input":{"@type":"PropertyValueSpecification","valueRequired":true,"valueName":"search_term_string"}}],"inLanguage":"en-US"},{"@type":"Organization","@id":"https:\/\/www.jagalcaide.com\/en\/#organization","name":"JAG Alcaide","url":"https:\/\/www.jagalcaide.com\/en\/","logo":{"@type":"ImageObject","inLanguage":"en-US","@id":"https:\/\/www.jagalcaide.com\/en\/#\/schema\/logo\/image\/","url":"https:\/\/www.jagalcaide.com\/wp-content\/uploads\/2023\/05\/logo-alcaide-gran.jpg","contentUrl":"https:\/\/www.jagalcaide.com\/wp-content\/uploads\/2023\/05\/logo-alcaide-gran.jpg","width":696,"height":696,"caption":"JAG Alcaide"},"image":{"@id":"https:\/\/www.jagalcaide.com\/en\/#\/schema\/logo\/image\/"},"sameAs":["https:\/\/x.com\/JAGAlcaideSL","https:\/\/www.instagram.com\/jagalcaide\/","https:\/\/www.linkedin.com\/company\/j-a-g-alcaide-s-l-"]}]}},"wpml_current_locale":"en_US","wpml_translations":{"es_ES":{"locale":"es_ES","id":1501,"slug":"calentador-wtd-11-kg","post_title":"Calentador Junkers tiro natural Hydropower WTD 11 KG","href":"https:\/\/www.jagalcaide.com\/?post_type=product&p=1501"}},"_links":{"self":[{"href":"https:\/\/www.jagalcaide.com\/en\/wp-json\/wp\/v2\/product\/2966","targetHints":{"allow":["GET"]}}],"collection":[{"href":"https:\/\/www.jagalcaide.com\/en\/wp-json\/wp\/v2\/product"}],"about":[{"href":"https:\/\/www.jagalcaide.com\/en\/wp-json\/wp\/v2\/types\/product"}],"replies":[{"embeddable":true,"href":"https:\/\/www.jagalcaide.com\/en\/wp-json\/wp\/v2\/comments?post=2966"}],"wp:featuredmedia":[{"embeddable":true,"href":"https:\/\/www.jagalcaide.com\/en\/wp-json\/wp\/v2\/media\/1649"}],"wp:attachment":[{"href":"https:\/\/www.jagalcaide.com\/en\/wp-json\/wp\/v2\/media?parent=2966"}],"wp:term":[{"taxonomy":"product_brand","embeddable":true,"href":"https:\/\/www.jagalcaide.com\/en\/wp-json\/wp\/v2\/product_brand?post=2966"},{"taxonomy":"product_cat","embeddable":true,"href":"https:\/\/www.jagalcaide.com\/en\/wp-json\/wp\/v2\/product_cat?post=2966"},{"taxonomy":"product_tag","embeddable":true,"href":"https:\/\/www.jagalcaide.com\/en\/wp-json\/wp\/v2\/product_tag?post=2966"}],"curies":[{"name":"wp","href":"https:\/\/api.w.org\/{rel}","templated":true}]}}