{"id":3199,"date":"2023-07-01T18:57:42","date_gmt":"2023-07-01T18:57:42","guid":{"rendered":"https:\/\/www.jagalcaide.com\/?post_type=product&#038;p=3199"},"modified":"2026-03-07T16:46:57","modified_gmt":"2026-03-07T16:46:57","slug":"air-conditioner-daikin-perfera-txm35a","status":"publish","type":"product","link":"https:\/\/www.jagalcaide.com\/en\/producto\/air-conditioner-daikin-perfera-txm35a\/","title":{"rendered":"Air conditioner Daikin Perfera TXM35A"},"content":{"rendered":"<p><strong>DAIKIN PERFERA TXM35A SERIES<\/strong><\/p>\n<p><strong><em>\u201c The intelligent, safe, and sustainable climate solution for your heating, cooling and air purification needs\u201d<\/em><\/strong><\/p>\n<p><strong>Price: 1950\u20ac including VAT and installation up to\u00a0 3m. <\/strong><\/p>\n<p><strong>Power: 3,4kW in cooling and 4kW in heating<\/strong><\/p>\n<p>The Perfera TXM35A series from Daikin\u2019s split air conditioning range stands out as one of the most complete units in the market, offering comfort and low energy consumption.<\/p>\n<div class=\"video-shortcode\"><iframe class=\"lazyload\" title=\"Nueva unidad de pared Daikin Perfera FTXM-R\" width=\"1200\" height=\"675\" src=\"data:image\/svg+xml,%3Csvg%20xmlns%3D%27http%3A%2F%2Fwww.w3.org%2F2000%2Fsvg%27%20width%3D%271200%27%20height%3D%27675%27%20viewBox%3D%270%200%201200%20675%27%3E%3Crect%20width%3D%271200%27%20height%3D%27675%27%20fill-opacity%3D%220%22%2F%3E%3C%2Fsvg%3E\" data-orig-src=\"https:\/\/www.youtube.com\/embed\/Tun52MCmhcw?start=7&#038;feature=oembed\" frameborder=\"0\" allow=\"accelerometer; autoplay; clipboard-write; encrypted-media; gyroscope; picture-in-picture; web-share\" referrerpolicy=\"strict-origin-when-cross-origin\" allowfullscreen><\/iframe><\/div>\n<p><strong>Key features of the Perfera TXM35A series:<\/strong><\/p>\n<p><span style=\"color: #00ccff;\">Energy Efficiency<\/span><\/p>\n<p><strong>A+++ <\/strong>maximum energy efficiency seasonal rating, ensuring minimal energy consumption. This achieves optimal comfort, significant cost savings and reduces emissions, contributing to environmental respect.<\/p>\n<p><span style=\"color: #00ccff;\">Quiet operation of the indoor unit<\/span><\/p>\n<p>Exceptionally quiet performance of up to 19dBA.<\/p>\n<p><span style=\"color: #00ccff;\">Weekly timer<\/span><\/p>\n<p>Can be set to activate cooling\/heating at any time during the week.<\/p>\n<p><span style=\"color: #00ccff;\">Flash Streamer Technology<\/span><\/p>\n<p>In addition to providing air conditioning and heating, the Daikin Perfera TXM35A includes innovative Flash Streamer technology that purifies the air, eliminating odors and creating a perfect indoor climate.<\/p>\n<p><img decoding=\"async\" class=\"lazyload alignnone wp-image-3186 size-large\" src=\"https:\/\/www.jagalcaide.com\/wp-content\/uploads\/2023\/07\/DAIKIN-TXM20-50R-1024x522.jpg\" data-orig-src=\"https:\/\/www.jagalcaide.com\/wp-content\/uploads\/2023\/07\/DAIKIN-TXM20-50R-1024x522.jpg\" alt=\"DAIKIN TXM20R\" width=\"1024\" height=\"522\" srcset=\"data:image\/svg+xml,%3Csvg%20xmlns%3D%27http%3A%2F%2Fwww.w3.org%2F2000%2Fsvg%27%20width%3D%271024%27%20height%3D%27522%27%20viewBox%3D%270%200%201024%20522%27%3E%3Crect%20width%3D%271024%27%20height%3D%27522%27%20fill-opacity%3D%220%22%2F%3E%3C%2Fsvg%3E\" data-srcset=\"https:\/\/www.jagalcaide.com\/wp-content\/uploads\/2023\/07\/DAIKIN-TXM20-50R-200x102.jpg 200w, https:\/\/www.jagalcaide.com\/wp-content\/uploads\/2023\/07\/DAIKIN-TXM20-50R-300x153.jpg 300w, https:\/\/www.jagalcaide.com\/wp-content\/uploads\/2023\/07\/DAIKIN-TXM20-50R-400x204.jpg 400w, https:\/\/www.jagalcaide.com\/wp-content\/uploads\/2023\/07\/DAIKIN-TXM20-50R-500x255.jpg 500w, https:\/\/www.jagalcaide.com\/wp-content\/uploads\/2023\/07\/DAIKIN-TXM20-50R-600x306.jpg 600w, https:\/\/www.jagalcaide.com\/wp-content\/uploads\/2023\/07\/DAIKIN-TXM20-50R-700x357.jpg 700w, https:\/\/www.jagalcaide.com\/wp-content\/uploads\/2023\/07\/DAIKIN-TXM20-50R-768x392.jpg 768w, https:\/\/www.jagalcaide.com\/wp-content\/uploads\/2023\/07\/DAIKIN-TXM20-50R-800x408.jpg 800w, https:\/\/www.jagalcaide.com\/wp-content\/uploads\/2023\/07\/DAIKIN-TXM20-50R-1024x522.jpg 1024w, https:\/\/www.jagalcaide.com\/wp-content\/uploads\/2023\/07\/DAIKIN-TXM20-50R.jpg 1120w\" data-sizes=\"auto\" data-orig-sizes=\"(max-width: 1024px) 100vw, 1024px\" \/><\/p>\n<p><span style=\"color: #00ccff;\">Wide operating range<\/span><\/p>\n<p>In cooling mode, it operates efficiently up to 50C\u00ba, and in heating mode, it can operate down to -20C\u00ba.<\/p>\n<p><span style=\"color: #00ccff;\">Dual function Motion Sensor<\/span><\/p>\n<p>The Daikin Perfera TXM35A features a dual-function motion sensor that activates the energy-saving mode when no one is in the room and returns to the original settings when it detects the presence of people in the area. It also redirects the airflow to avoid direct impact on individuals, thereby preventing uncomfortable drafts.<\/p>\n<p><span style=\"color: #00ccff;\">Three-Dimensional Airflow<\/span><\/p>\n<p>Combines vertical and horizontal automatic oscillation to create a uniform distribution of air throughout the room, even in large spaces. This ensures balanced temperature throughout the room.<\/p>\n<p><span style=\"color: #00ccff;\">Built-in Wi-fi control<\/span><\/p>\n<p>Allows temperature adjustment and programming from anywhere using iOS and Android devices through the Onecta App, enabling unit management even when away from home. This ensures optimal temperature control and significant energy savings.<\/p>\n<p>&nbsp;<\/p>\n<p>These are the technical specifications of the Daikin Perfera TXM35A:<\/p>\n<p><img decoding=\"async\" class=\"lazyload alignnone wp-image-3183 size-large\" src=\"https:\/\/www.jagalcaide.com\/wp-content\/uploads\/2023\/07\/FICHA-TECNICA-DAIKIN-PERFERA-TXM--1024x460.jpg\" data-orig-src=\"https:\/\/www.jagalcaide.com\/wp-content\/uploads\/2023\/07\/FICHA-TECNICA-DAIKIN-PERFERA-TXM--1024x460.jpg\" alt=\"DAIKIN TXM 20R\" width=\"1024\" height=\"460\" srcset=\"data:image\/svg+xml,%3Csvg%20xmlns%3D%27http%3A%2F%2Fwww.w3.org%2F2000%2Fsvg%27%20width%3D%271024%27%20height%3D%27460%27%20viewBox%3D%270%200%201024%20460%27%3E%3Crect%20width%3D%271024%27%20height%3D%27460%27%20fill-opacity%3D%220%22%2F%3E%3C%2Fsvg%3E\" data-srcset=\"https:\/\/www.jagalcaide.com\/wp-content\/uploads\/2023\/07\/FICHA-TECNICA-DAIKIN-PERFERA-TXM--200x90.jpg 200w, https:\/\/www.jagalcaide.com\/wp-content\/uploads\/2023\/07\/FICHA-TECNICA-DAIKIN-PERFERA-TXM--300x135.jpg 300w, https:\/\/www.jagalcaide.com\/wp-content\/uploads\/2023\/07\/FICHA-TECNICA-DAIKIN-PERFERA-TXM--400x180.jpg 400w, https:\/\/www.jagalcaide.com\/wp-content\/uploads\/2023\/07\/FICHA-TECNICA-DAIKIN-PERFERA-TXM--500x225.jpg 500w, https:\/\/www.jagalcaide.com\/wp-content\/uploads\/2023\/07\/FICHA-TECNICA-DAIKIN-PERFERA-TXM--600x270.jpg 600w, https:\/\/www.jagalcaide.com\/wp-content\/uploads\/2023\/07\/FICHA-TECNICA-DAIKIN-PERFERA-TXM--700x315.jpg 700w, https:\/\/www.jagalcaide.com\/wp-content\/uploads\/2023\/07\/FICHA-TECNICA-DAIKIN-PERFERA-TXM--768x345.jpg 768w, https:\/\/www.jagalcaide.com\/wp-content\/uploads\/2023\/07\/FICHA-TECNICA-DAIKIN-PERFERA-TXM--800x359.jpg 800w, https:\/\/www.jagalcaide.com\/wp-content\/uploads\/2023\/07\/FICHA-TECNICA-DAIKIN-PERFERA-TXM--1024x460.jpg 1024w, https:\/\/www.jagalcaide.com\/wp-content\/uploads\/2023\/07\/FICHA-TECNICA-DAIKIN-PERFERA-TXM-.jpg 1046w\" data-sizes=\"auto\" data-orig-sizes=\"(max-width: 1024px) 100vw, 1024px\" \/><\/p>\n<div class=\"product-full__body\">\n<form id=\"collapse-text-dynamic-form-number-1\" accept-charset=\"UTF-8\" action=\"http:\/\/www.mitsubishielectric.es\/aire-acondicionado\/productos\/serie-msz-sfgf\" method=\"post\">\n<div class=\"fieldset-wrapper\"><\/div>\n<\/form>\n<\/div>\n","protected":false},"excerpt":{"rendered":"<p>DAIKIN PERFERA TXM35A SERIES \u201c The intelligent, safe, and sustainable climate solution for your heating, cooling and air purification needs\u201d Price: 1950\u20ac including VAT and installation up to\u00a0 3m. Power: 3,4kW in cooling and 4kW [&hellip;]<\/p>\n","protected":false},"featured_media":3182,"comment_status":"open","ping_status":"closed","template":"","meta":{"_acf_changed":false},"product_brand":[],"product_cat":[800,395,776,526],"product_tag":[812],"class_list":{"0":"post-3199","1":"product","2":"type-product","3":"status-publish","4":"has-post-thumbnail","6":"product_cat-aa-daikin-txm35r-en","7":"product_cat-air-conditioner","8":"product_cat-air-conditioner-daikin","9":"product_cat-top-sales-air-conditioned","10":"product_tag-daikinperfera-en","12":"first","13":"instock","14":"featured","15":"taxable","16":"shipping-taxable","17":"purchasable","18":"product-type-simple"},"acf":[],"yoast_head":"<!-- This site is optimized with the Yoast SEO plugin v27.3 - https:\/\/yoast.com\/product\/yoast-seo-wordpress\/ -->\n<title>Air conditioner Daikin PERFERA TXM35A for only 1950\u20ac!<\/title>\n<meta name=\"description\" content=\"Air conditioner Daikin Perfera TXM35A installed and VAT included for only 1950\u20ac. More than 70 years as professional installers. Call us!\" \/>\n<meta name=\"robots\" content=\"index, follow, max-snippet:-1, max-image-preview:large, max-video-preview:-1\" \/>\n<link rel=\"canonical\" href=\"https:\/\/www.jagalcaide.com\/en\/producto\/air-conditioner-daikin-perfera-txm35a\/\" \/>\n<meta property=\"og:locale\" content=\"en_US\" \/>\n<meta property=\"og:type\" content=\"article\" \/>\n<meta property=\"og:title\" content=\"Air conditioner Daikin PERFERA TXM35A for only 1950\u20ac!\" \/>\n<meta property=\"og:description\" content=\"Air conditioner Daikin Perfera TXM35A installed and VAT included for only 1950\u20ac. More than 70 years as professional installers. Call us!\" \/>\n<meta property=\"og:url\" content=\"https:\/\/www.jagalcaide.com\/en\/producto\/air-conditioner-daikin-perfera-txm35a\/\" \/>\n<meta property=\"og:site_name\" content=\"JAG Alcaide \u2013 Instalaci\u00f3n, reparaci\u00f3n y mantenimiento en Barcelona\" \/>\n<meta property=\"article:modified_time\" content=\"2026-03-07T16:46:57+00:00\" \/>\n<meta property=\"og:image\" content=\"https:\/\/www.jagalcaide.com\/wp-content\/uploads\/2023\/07\/DAIKIN-TXM20-35R.jpg\" \/>\n\t<meta property=\"og:image:width\" content=\"285\" \/>\n\t<meta property=\"og:image:height\" content=\"376\" \/>\n\t<meta property=\"og:image:type\" content=\"image\/jpeg\" \/>\n<meta name=\"twitter:card\" content=\"summary_large_image\" \/>\n<meta name=\"twitter:site\" content=\"@JAGAlcaideSL\" \/>\n<meta name=\"twitter:label1\" content=\"Est. reading time\" \/>\n\t<meta name=\"twitter:data1\" content=\"3 minutes\" \/>\n<script type=\"application\/ld+json\" class=\"yoast-schema-graph\">{\"@context\":\"https:\\\/\\\/schema.org\",\"@graph\":[{\"@type\":\"WebPage\",\"@id\":\"https:\\\/\\\/www.jagalcaide.com\\\/en\\\/producto\\\/air-conditioner-daikin-perfera-txm35a\\\/\",\"url\":\"https:\\\/\\\/www.jagalcaide.com\\\/en\\\/producto\\\/air-conditioner-daikin-perfera-txm35a\\\/\",\"name\":\"Air conditioner Daikin PERFERA TXM35A for only 1950\u20ac!\",\"isPartOf\":{\"@id\":\"https:\\\/\\\/www.jagalcaide.com\\\/en\\\/#website\"},\"primaryImageOfPage\":{\"@id\":\"https:\\\/\\\/www.jagalcaide.com\\\/en\\\/producto\\\/air-conditioner-daikin-perfera-txm35a\\\/#primaryimage\"},\"image\":{\"@id\":\"https:\\\/\\\/www.jagalcaide.com\\\/en\\\/producto\\\/air-conditioner-daikin-perfera-txm35a\\\/#primaryimage\"},\"thumbnailUrl\":\"https:\\\/\\\/www.jagalcaide.com\\\/wp-content\\\/uploads\\\/2023\\\/07\\\/DAIKIN-TXM20-35R.jpg\",\"datePublished\":\"2023-07-01T18:57:42+00:00\",\"dateModified\":\"2026-03-07T16:46:57+00:00\",\"description\":\"Air conditioner Daikin Perfera TXM35A installed and VAT included for only 1950\u20ac. More than 70 years as professional installers. Call us!\",\"breadcrumb\":{\"@id\":\"https:\\\/\\\/www.jagalcaide.com\\\/en\\\/producto\\\/air-conditioner-daikin-perfera-txm35a\\\/#breadcrumb\"},\"inLanguage\":\"en-US\",\"potentialAction\":[{\"@type\":\"ReadAction\",\"target\":[\"https:\\\/\\\/www.jagalcaide.com\\\/en\\\/producto\\\/air-conditioner-daikin-perfera-txm35a\\\/\"]}]},{\"@type\":\"ImageObject\",\"inLanguage\":\"en-US\",\"@id\":\"https:\\\/\\\/www.jagalcaide.com\\\/en\\\/producto\\\/air-conditioner-daikin-perfera-txm35a\\\/#primaryimage\",\"url\":\"https:\\\/\\\/www.jagalcaide.com\\\/wp-content\\\/uploads\\\/2023\\\/07\\\/DAIKIN-TXM20-35R.jpg\",\"contentUrl\":\"https:\\\/\\\/www.jagalcaide.com\\\/wp-content\\\/uploads\\\/2023\\\/07\\\/DAIKIN-TXM20-35R.jpg\",\"width\":285,\"height\":376,\"caption\":\"DAIKIN TXM42R\"},{\"@type\":\"BreadcrumbList\",\"@id\":\"https:\\\/\\\/www.jagalcaide.com\\\/en\\\/producto\\\/air-conditioner-daikin-perfera-txm35a\\\/#breadcrumb\",\"itemListElement\":[{\"@type\":\"ListItem\",\"position\":1,\"name\":\"Portada\",\"item\":\"https:\\\/\\\/www.jagalcaide.com\\\/en\\\/\"},{\"@type\":\"ListItem\",\"position\":2,\"name\":\"Woocommerce shop\",\"item\":\"https:\\\/\\\/www.jagalcaide.com\\\/woocommerce-shop\\\/\"},{\"@type\":\"ListItem\",\"position\":3,\"name\":\"Air conditioner Daikin Perfera TXM35A\"}]},{\"@type\":\"WebSite\",\"@id\":\"https:\\\/\\\/www.jagalcaide.com\\\/en\\\/#website\",\"url\":\"https:\\\/\\\/www.jagalcaide.com\\\/en\\\/\",\"name\":\"JAG Alcaide - Instalaci\u00f3n y reparaci\u00f3n de Aire Acondicionado y Calderas\",\"description\":\"Instalaci\u00f3n y reparaci\u00f3n de aire acondicionado y calderas en Barcelona\",\"publisher\":{\"@id\":\"https:\\\/\\\/www.jagalcaide.com\\\/en\\\/#organization\"},\"potentialAction\":[{\"@type\":\"SearchAction\",\"target\":{\"@type\":\"EntryPoint\",\"urlTemplate\":\"https:\\\/\\\/www.jagalcaide.com\\\/en\\\/?s={search_term_string}\"},\"query-input\":{\"@type\":\"PropertyValueSpecification\",\"valueRequired\":true,\"valueName\":\"search_term_string\"}}],\"inLanguage\":\"en-US\"},{\"@type\":\"Organization\",\"@id\":\"https:\\\/\\\/www.jagalcaide.com\\\/en\\\/#organization\",\"name\":\"JAG Alcaide\",\"url\":\"https:\\\/\\\/www.jagalcaide.com\\\/en\\\/\",\"logo\":{\"@type\":\"ImageObject\",\"inLanguage\":\"en-US\",\"@id\":\"https:\\\/\\\/www.jagalcaide.com\\\/en\\\/#\\\/schema\\\/logo\\\/image\\\/\",\"url\":\"https:\\\/\\\/www.jagalcaide.com\\\/wp-content\\\/uploads\\\/2023\\\/05\\\/logo-alcaide-gran.jpg\",\"contentUrl\":\"https:\\\/\\\/www.jagalcaide.com\\\/wp-content\\\/uploads\\\/2023\\\/05\\\/logo-alcaide-gran.jpg\",\"width\":696,\"height\":696,\"caption\":\"JAG Alcaide\"},\"image\":{\"@id\":\"https:\\\/\\\/www.jagalcaide.com\\\/en\\\/#\\\/schema\\\/logo\\\/image\\\/\"},\"sameAs\":[\"https:\\\/\\\/x.com\\\/JAGAlcaideSL\",\"https:\\\/\\\/www.instagram.com\\\/jagalcaide\\\/\",\"https:\\\/\\\/www.linkedin.com\\\/company\\\/j-a-g-alcaide-s-l-\"]}]}<\/script>\n<!-- \/ Yoast SEO plugin. -->","yoast_head_json":{"title":"Air conditioner Daikin PERFERA TXM35A for only 1950\u20ac!","description":"Air conditioner Daikin Perfera TXM35A installed and VAT included for only 1950\u20ac. More than 70 years as professional installers. Call us!","robots":{"index":"index","follow":"follow","max-snippet":"max-snippet:-1","max-image-preview":"max-image-preview:large","max-video-preview":"max-video-preview:-1"},"canonical":"https:\/\/www.jagalcaide.com\/en\/producto\/air-conditioner-daikin-perfera-txm35a\/","og_locale":"en_US","og_type":"article","og_title":"Air conditioner Daikin PERFERA TXM35A for only 1950\u20ac!","og_description":"Air conditioner Daikin Perfera TXM35A installed and VAT included for only 1950\u20ac. More than 70 years as professional installers. Call us!","og_url":"https:\/\/www.jagalcaide.com\/en\/producto\/air-conditioner-daikin-perfera-txm35a\/","og_site_name":"JAG Alcaide \u2013 Instalaci\u00f3n, reparaci\u00f3n y mantenimiento en Barcelona","article_modified_time":"2026-03-07T16:46:57+00:00","og_image":[{"width":285,"height":376,"url":"https:\/\/www.jagalcaide.com\/wp-content\/uploads\/2023\/07\/DAIKIN-TXM20-35R.jpg","type":"image\/jpeg"}],"twitter_card":"summary_large_image","twitter_site":"@JAGAlcaideSL","twitter_misc":{"Est. reading time":"3 minutes"},"schema":{"@context":"https:\/\/schema.org","@graph":[{"@type":"WebPage","@id":"https:\/\/www.jagalcaide.com\/en\/producto\/air-conditioner-daikin-perfera-txm35a\/","url":"https:\/\/www.jagalcaide.com\/en\/producto\/air-conditioner-daikin-perfera-txm35a\/","name":"Air conditioner Daikin PERFERA TXM35A for only 1950\u20ac!","isPartOf":{"@id":"https:\/\/www.jagalcaide.com\/en\/#website"},"primaryImageOfPage":{"@id":"https:\/\/www.jagalcaide.com\/en\/producto\/air-conditioner-daikin-perfera-txm35a\/#primaryimage"},"image":{"@id":"https:\/\/www.jagalcaide.com\/en\/producto\/air-conditioner-daikin-perfera-txm35a\/#primaryimage"},"thumbnailUrl":"https:\/\/www.jagalcaide.com\/wp-content\/uploads\/2023\/07\/DAIKIN-TXM20-35R.jpg","datePublished":"2023-07-01T18:57:42+00:00","dateModified":"2026-03-07T16:46:57+00:00","description":"Air conditioner Daikin Perfera TXM35A installed and VAT included for only 1950\u20ac. More than 70 years as professional installers. Call us!","breadcrumb":{"@id":"https:\/\/www.jagalcaide.com\/en\/producto\/air-conditioner-daikin-perfera-txm35a\/#breadcrumb"},"inLanguage":"en-US","potentialAction":[{"@type":"ReadAction","target":["https:\/\/www.jagalcaide.com\/en\/producto\/air-conditioner-daikin-perfera-txm35a\/"]}]},{"@type":"ImageObject","inLanguage":"en-US","@id":"https:\/\/www.jagalcaide.com\/en\/producto\/air-conditioner-daikin-perfera-txm35a\/#primaryimage","url":"https:\/\/www.jagalcaide.com\/wp-content\/uploads\/2023\/07\/DAIKIN-TXM20-35R.jpg","contentUrl":"https:\/\/www.jagalcaide.com\/wp-content\/uploads\/2023\/07\/DAIKIN-TXM20-35R.jpg","width":285,"height":376,"caption":"DAIKIN TXM42R"},{"@type":"BreadcrumbList","@id":"https:\/\/www.jagalcaide.com\/en\/producto\/air-conditioner-daikin-perfera-txm35a\/#breadcrumb","itemListElement":[{"@type":"ListItem","position":1,"name":"Portada","item":"https:\/\/www.jagalcaide.com\/en\/"},{"@type":"ListItem","position":2,"name":"Woocommerce shop","item":"https:\/\/www.jagalcaide.com\/woocommerce-shop\/"},{"@type":"ListItem","position":3,"name":"Air conditioner Daikin Perfera TXM35A"}]},{"@type":"WebSite","@id":"https:\/\/www.jagalcaide.com\/en\/#website","url":"https:\/\/www.jagalcaide.com\/en\/","name":"JAG Alcaide - Instalaci\u00f3n y reparaci\u00f3n de Aire Acondicionado y Calderas","description":"Instalaci\u00f3n y reparaci\u00f3n de aire acondicionado y calderas en Barcelona","publisher":{"@id":"https:\/\/www.jagalcaide.com\/en\/#organization"},"potentialAction":[{"@type":"SearchAction","target":{"@type":"EntryPoint","urlTemplate":"https:\/\/www.jagalcaide.com\/en\/?s={search_term_string}"},"query-input":{"@type":"PropertyValueSpecification","valueRequired":true,"valueName":"search_term_string"}}],"inLanguage":"en-US"},{"@type":"Organization","@id":"https:\/\/www.jagalcaide.com\/en\/#organization","name":"JAG Alcaide","url":"https:\/\/www.jagalcaide.com\/en\/","logo":{"@type":"ImageObject","inLanguage":"en-US","@id":"https:\/\/www.jagalcaide.com\/en\/#\/schema\/logo\/image\/","url":"https:\/\/www.jagalcaide.com\/wp-content\/uploads\/2023\/05\/logo-alcaide-gran.jpg","contentUrl":"https:\/\/www.jagalcaide.com\/wp-content\/uploads\/2023\/05\/logo-alcaide-gran.jpg","width":696,"height":696,"caption":"JAG Alcaide"},"image":{"@id":"https:\/\/www.jagalcaide.com\/en\/#\/schema\/logo\/image\/"},"sameAs":["https:\/\/x.com\/JAGAlcaideSL","https:\/\/www.instagram.com\/jagalcaide\/","https:\/\/www.linkedin.com\/company\/j-a-g-alcaide-s-l-"]}]}},"wpml_current_locale":"en_US","wpml_translations":{"es_ES":{"locale":"es_ES","id":3197,"slug":"aire-acondicionado-daikin-perfera-txm35a","post_title":"Aire Acondicionado DAIKIN PERFERA TXM35A","href":"https:\/\/www.jagalcaide.com\/producto\/aire-acondicionado-daikin-perfera-txm35a\/"}},"_links":{"self":[{"href":"https:\/\/www.jagalcaide.com\/en\/wp-json\/wp\/v2\/product\/3199","targetHints":{"allow":["GET"]}}],"collection":[{"href":"https:\/\/www.jagalcaide.com\/en\/wp-json\/wp\/v2\/product"}],"about":[{"href":"https:\/\/www.jagalcaide.com\/en\/wp-json\/wp\/v2\/types\/product"}],"replies":[{"embeddable":true,"href":"https:\/\/www.jagalcaide.com\/en\/wp-json\/wp\/v2\/comments?post=3199"}],"wp:featuredmedia":[{"embeddable":true,"href":"https:\/\/www.jagalcaide.com\/en\/wp-json\/wp\/v2\/media\/3182"}],"wp:attachment":[{"href":"https:\/\/www.jagalcaide.com\/en\/wp-json\/wp\/v2\/media?parent=3199"}],"wp:term":[{"taxonomy":"product_brand","embeddable":true,"href":"https:\/\/www.jagalcaide.com\/en\/wp-json\/wp\/v2\/product_brand?post=3199"},{"taxonomy":"product_cat","embeddable":true,"href":"https:\/\/www.jagalcaide.com\/en\/wp-json\/wp\/v2\/product_cat?post=3199"},{"taxonomy":"product_tag","embeddable":true,"href":"https:\/\/www.jagalcaide.com\/en\/wp-json\/wp\/v2\/product_tag?post=3199"}],"curies":[{"name":"wp","href":"https:\/\/api.w.org\/{rel}","templated":true}]}}