{"id":3252,"date":"2024-09-23T09:32:51","date_gmt":"2024-09-23T09:32:51","guid":{"rendered":"https:\/\/www.jagalcaide.com\/?post_type=product&#038;p=3252"},"modified":"2026-02-24T14:18:55","modified_gmt":"2026-02-24T14:18:55","slug":"junkers-bosch-gc1200w-20-24","status":"publish","type":"product","link":"https:\/\/www.jagalcaide.com\/en\/producto\/junkers-bosch-gc1200w-20-24\/","title":{"rendered":"Boiler Junkers Bosch GC1200W 20\/24"},"content":{"rendered":"<h1 style=\"line-height: 18pt; text-align: center;\"><span style=\"color: #339966;\"><strong>Junkers Bosch<\/strong><\/span><\/h1>\n<h1 style=\"line-height: 18pt; text-align: center;\"><em><strong>GC1200W 20\/24<\/strong><\/em><\/h1>\n<h2 style=\"text-align: center;\"><strong>Model GC1200W<\/strong><\/h2>\n<h3 style=\"line-height: 18pt; text-align: center;\"><strong><span style=\"font-family: 'Georgia',serif; color: #333333;\">Price:<span class=\"apple-converted-space\">\u00a0<\/span><\/span><span style=\"font-family: 'Georgia',serif; color: #333333;\">1600\u20ac (Installation and VAT included).<\/span><\/strong><\/h3>\n<hr \/>\n<p style=\"line-height: 18.0pt; orphans: auto; text-align: start; widows: 1; -webkit-text-stroke-width: 0px; word-spacing: 0px;\"><b><span style=\"font-family: 'Georgia',serif; color: #333333;\">Manufacturer:<span class=\"apple-converted-space\">\u00a0<\/span><\/span><\/b><span style=\"font-family: 'Georgia',serif; color: #333333;\">Junkers Bosch.<\/span><\/p>\n<p style=\"line-height: 18.0pt; orphans: auto; text-align: start; widows: 1; -webkit-text-stroke-width: 0px; word-spacing: 0px;\"><b><span style=\"font-family: 'Georgia',serif; color: #333333;\">Type:<span class=\"apple-converted-space\">\u00a0<\/span><\/span><\/b><span style=\"font-family: 'Georgia',serif; color: #333333;\">Condensation adapted to Erp regulations.<\/span><\/p>\n<p style=\"line-height: 18.0pt; orphans: auto; text-align: start; widows: 1; -webkit-text-stroke-width: 0px; word-spacing: 0px;\"><b><span style=\"font-family: 'Georgia',serif; color: #333333;\">Power:<span class=\"apple-converted-space\">\u00a0<\/span><\/span><\/b><span style=\"font-family: 'Georgia',serif; color: #333333;\"><span class=\"apple-converted-space\">24<\/span><\/span><span style=\"font-family: 'Georgia',serif; color: #333333;\">kW in hot water,<span class=\"apple-converted-space\">\u00a0<\/span>20kW in heating.<\/span><\/p>\n<p style=\"line-height: 18.0pt; orphans: auto; text-align: start; widows: 1; -webkit-text-stroke-width: 0px; word-spacing: 0px;\"><strong><span style=\"font-family: 'Georgia',serif; color: #333333;\">Energy \u00a0rating:\u00a0<\/span><\/strong><span style=\"font-family: 'Georgia',serif; color: #333333;\">A in ACS (XL) and A in heating.<\/span><\/p>\n<p style=\"line-height: 18.0pt; orphans: auto; text-align: start; widows: 1; -webkit-text-stroke-width: 0px; word-spacing: 0px;\"><b><span style=\"font-family: 'Georgia',serif; color: #333333;\">Electronics:\u00a0<\/span><\/b><span style=\"font-family: 'Georgia',serif; color: #333333;\">HMI 300R from Bosch<\/span><\/p>\n<p style=\"line-height: 18.0pt; orphans: auto; text-align: start; widows: 1; -webkit-text-stroke-width: 0px; word-spacing: 0px;\"><b><span style=\"font-family: 'Georgia',serif; color: #333333;\">Dimensions<span class=\"apple-converted-space\">\u00a0<\/span><\/span><\/b><span style=\"font-family: 'Georgia',serif; color: #333333;\">((Height, width, depth)<b>:\u00a0<\/b>665 x 395 x 285<\/span><\/p>\n<p style=\"line-height: 18.0pt; orphans: auto; text-align: start; widows: 1; -webkit-text-stroke-width: 0px; word-spacing: 0px;\"><b><span style=\"font-family: 'Georgia',serif; color: #333333;\">Description:<\/span><\/b><\/p>\n<p style=\"line-height: 18.0pt; orphans: auto; text-align: start; widows: 1; -webkit-text-stroke-width: 0px; word-spacing: 0px;\"><em><span style=\"font-family: 'Georgia',serif; color: #333333;\">Simplicity and technology in the most compact Bosch boiler<\/span><\/em><\/p>\n<h2 style=\"line-height: 18.0pt; orphans: auto; text-align: start; widows: 1; -webkit-text-stroke-width: 0px; word-spacing: 0px;\">Do you want to know what&#8217;s new with the new Junkers Bosch GC1200W 20\/24?<\/h2>\n<p>The new Junkers Bosch GC1200W 20\/24 boiler is the heating solution you\u2019ve been waiting for, thanks to its simple installation and high heating power.<\/p>\n<p>With a micro-accumulation system, it provides maximum comfort in hot water, as it ensures short waiting times and greater temperature stability during fluctuating demand. The Junkers Bosch GC1200W 20\/24, with an efficiency of up to 94%, allows you to achieve an A+ rating when combined with Junkers Bosch controllers.<\/p>\n<p>This boiler offers a wide range of power options for all needs, has a long service life, and requires minimal maintenance. It allows full accessibility from the front and features a compact, attractive design with easy installation.<\/p>\n<h2>Install it with the Bosch KCR110 RF modulating thermostat!<\/h2>\n<p>When purchasing your Junkers Bosch GC1200W 20\/24 boiler, we recommend installing the Junkers Bosch KCR110 RF thermostat: a modulating, digital, and wireless thermostat. This thermostat, with a list price of \u20ac245.63, can be installed with your boiler for only \u20ac150, VAT included.<\/p>\n<p><a href=\"https:\/\/www.jagalcaide.com\/wp-content\/uploads\/2023\/05\/BOSCH-KCR110-RF.jpg\"><img decoding=\"async\" class=\"lazyload aligncenter wp-image-7136 size-large\" src=\"data:image\/svg+xml,%3Csvg%20xmlns%3D%27http%3A%2F%2Fwww.w3.org%2F2000%2Fsvg%27%20width%3D%271030%27%20height%3D%27340%27%20viewBox%3D%270%200%201030%20340%27%3E%3Crect%20width%3D%271030%27%20height%3D%27340%27%20fill-opacity%3D%220%22%2F%3E%3C%2Fsvg%3E\" data-orig-src=\"https:\/\/www.jagalcaide.com\/wp-content\/uploads\/2023\/05\/BOSCH-KCR110-RF-1030x340-1.jpg\" alt=\"BOSCH KCR110 RF\" width=\"1030\" height=\"340\" \/><\/a><\/p>\n<p>&nbsp;<\/p>\n<h2>\u00a0In the following video we explain the great importance of installing the KCR110 RF with your Junkers Bosch GC1200W 20\/24 condensing boiler:<\/h2>\n<div class=\"video-shortcode\"><iframe class=\"lazyload\" title=\"CR80 RF de Junkers - Termostato inal\u00e1mbrico caldera\" width=\"1200\" height=\"675\" src=\"data:image\/svg+xml,%3Csvg%20xmlns%3D%27http%3A%2F%2Fwww.w3.org%2F2000%2Fsvg%27%20width%3D%271200%27%20height%3D%27675%27%20viewBox%3D%270%200%201200%20675%27%3E%3Crect%20width%3D%271200%27%20height%3D%27675%27%20fill-opacity%3D%220%22%2F%3E%3C%2Fsvg%3E\" data-orig-src=\"https:\/\/www.youtube.com\/embed\/B3q_sACjiuo?feature=oembed\" frameborder=\"0\" allow=\"accelerometer; autoplay; clipboard-write; encrypted-media; gyroscope; picture-in-picture; web-share\" referrerpolicy=\"strict-origin-when-cross-origin\" allowfullscreen><\/iframe><\/div>\n<div class=\"TextHeadlineCols_headline Content\">\n<h2 class=\"Hl Hl-4\">At a glance<\/h2>\n<\/div>\n<div class=\"TextHeadlineCols_text Content\">\n<ul class=\"List List-check\">\n<li>94% efficiency and the possibility of achieving A+ in combination with modulating controllers.<\/li>\n<li>Ultra-compact dimensions. Can be installed inside a kitchen cabinet.<\/li>\n<li>Mixed versions with up to 30 kW for DHW.<\/li>\n<li>Easy replacement due to compact dimensions.<\/li>\n<li>Exclusive Bosch design.<\/li>\n<li>Modulation up to 1:5.<\/li>\n<li>Black and white design with selection buttons<\/li>\n<\/ul>\n<\/div>\n<p>&nbsp;<\/p>\n<div class=\"container\">\n<div class=\"Columns Intro Intro-center\">\n<div class=\"Column Intro_inner\">\n<h2 class=\"Hl Hl-3\">Advantages<\/h2>\n<\/div>\n<\/div>\n<\/div>\n<div class=\"Accordion\">\n<div class=\"Accordion_item -active\">\n<div id=\"uid_acc_1\" class=\"container\" aria-controls=\"panel-uid_acc_1\" aria-expanded=\"true\">\n<div class=\"Columns Accordion_row\">\n<div class=\"Column Accordion_col\">\n<div class=\"Accordion_control\" tabindex=\"0\" role=\"button\"><em><span class=\"Accordion_title Hl Hl-5\" role=\"heading\" aria-level=\"3\">Easy replacement<\/span><\/em><i class=\"Accordion_arrow icon icon-chevron\"><\/i><\/div>\n<\/div>\n<\/div>\n<\/div>\n<div id=\"panel-uid_acc_1\" class=\"Columns Accordion_row\" aria-labelledby=\"uid_acc_1\">\n<div class=\"Column Accordion_col -full-width\">\n<div class=\"Accordion_panel\">\n<div class=\"Accordion_content\">\n<div class=\"container\">\n<div class=\"Columns Accordion_row\">\n<div class=\"Column Accordion_col\">\n<p>Maintaining the dimensions and arrangement of hydraulic connections between the old and new models is the basis for a good result. The Condens 4300i W boiler meets this requirement and it is possible to take advantage of the existing hydraulic configuration of Junkers models from the Cerapur and Cerapur Comfort ranges.<\/p>\n<\/div>\n<\/div>\n<div class=\"ProductRecommendation Section Section-space \"><\/div>\n<\/div>\n<\/div>\n<\/div>\n<\/div>\n<\/div>\n<\/div>\n<div class=\"Accordion_item -active\">\n<div id=\"uid_acc_2\" class=\"container\" aria-controls=\"panel-uid_acc_2\" aria-expanded=\"true\">\n<div class=\"Columns Accordion_row\">\n<div class=\"Column Accordion_col\">\n<div class=\"Accordion_control\" tabindex=\"0\" role=\"button\"><em><span class=\"Accordion_title Hl Hl-5\" role=\"heading\" aria-level=\"3\">Energy savings<\/span><\/em><\/div>\n<\/div>\n<\/div>\n<\/div>\n<div id=\"panel-uid_acc_2\" class=\"Columns Accordion_row\" aria-labelledby=\"uid_acc_2\">\n<div class=\"Column Accordion_col -full-width\">\n<div class=\"Accordion_panel\">\n<div class=\"Accordion_content\">\n<div class=\"container\">\n<div class=\"Columns Accordion_row\">\n<div class=\"Column Accordion_col\">\n<p>It offers low energy consumption, with optimal heating performance that adapts to the needs of any home, even larger ones, thanks to its high heat output.<\/p>\n<\/div>\n<\/div>\n<div class=\"ProductRecommendation Section Section-space \"><\/div>\n<\/div>\n<\/div>\n<\/div>\n<\/div>\n<\/div>\n<\/div>\n<div class=\"Accordion_item -active\">\n<div id=\"uid_acc_3\" class=\"container\" aria-controls=\"panel-uid_acc_3\" aria-expanded=\"true\">\n<div class=\"Columns Accordion_row\">\n<div class=\"Column Accordion_col\">\n<div class=\"Accordion_control\" tabindex=\"0\" role=\"button\"><em><span class=\"Accordion_title Hl Hl-5\" role=\"heading\" aria-level=\"3\">High performance, low consumption<\/span><\/em><\/div>\n<\/div>\n<\/div>\n<\/div>\n<div id=\"panel-uid_acc_3\" class=\"Columns Accordion_row\" aria-labelledby=\"uid_acc_3\">\n<div class=\"Column Accordion_col -full-width\">\n<div class=\"Accordion_panel\">\n<div class=\"Accordion_content\">\n<div class=\"container\">\n<div class=\"Columns Accordion_row\">\n<div class=\"Column Accordion_col\">\n<p>Thanks to its high heat output and automatic power regulation, the boiler adapts to all housing needs, including larger homes. The new HMI 300 R controller and electronic pump offer low energy consumption, optimal heating performance, and instant hot water service.<\/p>\n<\/div>\n<\/div>\n<\/div>\n<\/div>\n<\/div>\n<\/div>\n<\/div>\n<div class=\"container\">\n<div class=\"Columns Accordion_row\">\n<div class=\"Column Accordion_col\">\n<div class=\"Accordion_divider\"><\/div>\n<\/div>\n<\/div>\n<\/div>\n<\/div>\n<div class=\"Accordion_item -active\">\n<div id=\"uid_acc_4\" class=\"container\" aria-controls=\"panel-uid_acc_4\" aria-expanded=\"true\">\n<div class=\"Columns Accordion_row\">\n<div class=\"Column Accordion_col\">\n<div class=\"Accordion_control\" tabindex=\"0\" role=\"button\"><em><span class=\"Accordion_title Hl Hl-5\" role=\"heading\" aria-level=\"3\">Easy to use control panel<\/span><\/em><\/div>\n<\/div>\n<\/div>\n<\/div>\n<div id=\"panel-uid_acc_4\" class=\"Columns Accordion_row\" aria-labelledby=\"uid_acc_4\">\n<div class=\"Column Accordion_col -full-width\">\n<div class=\"Accordion_panel\">\n<div class=\"Accordion_content\">\n<div class=\"container\">\n<div class=\"Columns Accordion_row\">\n<div class=\"Column Accordion_col\">\n<p>The most important feature of the Junkers Bosch GC1200W 20\/24 boiler is its simplicity. With its intuitive design and layout, the control panel, featuring only seven buttons, is easy and quick to use.<\/p>\n<\/div>\n<\/div>\n<\/div>\n<\/div>\n<\/div>\n<\/div>\n<\/div>\n<\/div>\n<\/div>\n<h2 style=\"text-align: justify;\">Why choose <span style=\"color: #1eeb70;\">JAG Alcaide<\/span> to install your\u00a0 Junkers Bosch GC1200W 20\/24 boiler?<\/h2>\n<ol>\n<li style=\"text-align: justify;\">We have been <strong><u>installing Junkers Bosch only for more than 60 years<\/u><\/strong>, so we know all the secrets of the brand and can react quickly and effectively in case any inconvenience arises during the installation.<\/li>\n<li style=\"text-align: justify;\">\u00a0Because we are committed <strong>in all cases<\/strong> to leave your boiler functioning perfectly after the installation.<\/li>\n<li style=\"text-align: justify;\">We offer <strong>telephone and physical advice<\/strong> for any questions that the customer may have (at our offices in the Gracia neighborhood).<\/li>\n<li style=\"text-align: justify;\">Because we are committed to managing the guarantees ourselves and <strong> intervening in any problem that arises with the boiler in the next 24 hours.<\/strong><\/li>\n<li style=\"text-align: justify;\">Because it is our <strong>vocation of service and our focus on the customer<\/strong> that has allowed us to carry <strong>more than 70 years<\/strong> of experience on our backs.<\/li>\n<li>And finally, because our service includes <strong>all<\/strong> of the following:\n<ol>\n<li style=\"text-align: justify;\">\u00a0<strong>Removal of the old boiler<\/strong> and taking it to a recycling point.<\/li>\n<li style=\"text-align: justify;\">\u00a0Adaptation of the hot water, cold water, heating input and return and gas circuits to the new measures and characteristics of the <strong><span style=\"font-family: 'Georgia',serif; color: #333333;\">Junkers Bosch GC1200W 20\/24<\/span><\/strong>.<\/li>\n<li style=\"text-align: justify;\"><strong>Connection of the boiler&#8217;s condensate drain<\/strong> to the existing drain at the location where it will be installed.<\/li>\n<li style=\"text-align: justify;\"><strong>Installation of the smoke outlet including a 0.8m kit and a 90\u00ba elbow.<\/strong> If more smoke outlet is needed, only the material will be invoiced, not the labor.<\/li>\n<li style=\"text-align: justify;\">Start-up of the <strong><span style=\"font-family: 'Georgia',serif; color: #333333;\">Junkers Bosch GC1200W 20\/24<\/span><\/strong><strong>\u00a0<\/strong>by a technician from our SAT and one year of free maintenance. In this start-up, in addition to checking that the boiler is combusting correctly, the customer will be provided with a certificate of mandatory maintenance according to ITE 3 of the thermal installation regulations (RITE).<\/li>\n<\/ol>\n<\/li>\n<\/ol>\n<h2><\/h2>\n","protected":false},"excerpt":{"rendered":"<p>Junkers Bosch GC1200W 20\/24 Model GC1200W Price:\u00a01600\u20ac (Installation and VAT included). Manufacturer:\u00a0Junkers Bosch. Type:\u00a0Condensation adapted to Erp regulations. Power:\u00a024kW in hot water,\u00a020kW in heating. Energy \u00a0rating:\u00a0A in ACS (XL) and A in heating. Electronics:\u00a0HMI 300R [&hellip;]<\/p>\n","protected":false},"featured_media":3260,"comment_status":"open","ping_status":"closed","template":"","meta":{"_acf_changed":false,"_yoast_wpseo_focuskw":"Junkers Bosch GC1200W 20\/24","_yoast_wpseo_title":"Junkers Bosch GC1200W 20\/24","_yoast_wpseo_metadesc":"Junkers Bosch GC1200W 20\/24 installed and VAT included for only 1600\u20ac. One year of free maintenance!"},"product_brand":[],"product_cat":[464,466,819,820,530],"product_tag":[],"class_list":{"0":"post-3252","1":"product","2":"type-product","3":"status-publish","4":"has-post-thumbnail","6":"product_cat-boilers","7":"product_cat-bosch-en","8":"product_cat-gc1200w-en","9":"product_cat-gc1200w-20-24-en","10":"product_cat-top-sales-boilers","12":"first","13":"instock","14":"sale","15":"featured","16":"taxable","17":"shipping-taxable","18":"purchasable","19":"product-type-simple"},"acf":[],"yoast_head":"<!-- This site is optimized with the Yoast SEO plugin v27.5 - https:\/\/yoast.com\/product\/yoast-seo-wordpress\/ -->\n<title>Junkers Bosch GC1200W 20\/24<\/title>\n<meta name=\"description\" content=\"Junkers Bosch GC1200W 20\/24 installed and VAT included for only 1600\u20ac. One year of free maintenance!\" \/>\n<meta name=\"robots\" content=\"index, follow, max-snippet:-1, max-image-preview:large, max-video-preview:-1\" \/>\n<link rel=\"canonical\" href=\"https:\/\/www.jagalcaide.com\/en\/producto\/junkers-bosch-gc1200w-20-24\/\" \/>\n<meta property=\"og:locale\" content=\"en_US\" \/>\n<meta property=\"og:type\" content=\"article\" \/>\n<meta property=\"og:title\" content=\"Junkers Bosch GC1200W 20\/24\" \/>\n<meta property=\"og:description\" content=\"Junkers Bosch GC1200W 20\/24 installed and VAT included for only 1600\u20ac. One year of free maintenance!\" \/>\n<meta property=\"og:url\" content=\"https:\/\/www.jagalcaide.com\/en\/producto\/junkers-bosch-gc1200w-20-24\/\" \/>\n<meta property=\"og:site_name\" content=\"JAG Alcaide \u2013 Instalaci\u00f3n, reparaci\u00f3n y mantenimiento en Barcelona\" \/>\n<meta property=\"article:modified_time\" content=\"2026-02-24T14:18:55+00:00\" \/>\n<meta property=\"og:image\" content=\"https:\/\/www.jagalcaide.com\/wp-content\/uploads\/2024\/09\/BOSCH-GC-1200-W.jpg\" \/>\n\t<meta property=\"og:image:width\" content=\"469\" \/>\n\t<meta property=\"og:image:height\" content=\"469\" \/>\n\t<meta property=\"og:image:type\" content=\"image\/jpeg\" \/>\n<meta name=\"twitter:card\" content=\"summary_large_image\" \/>\n<meta name=\"twitter:site\" content=\"@JAGAlcaideSL\" \/>\n<meta name=\"twitter:label1\" content=\"Est. reading time\" \/>\n\t<meta name=\"twitter:data1\" content=\"4 minutes\" \/>\n<script type=\"application\/ld+json\" class=\"yoast-schema-graph\">{\"@context\":\"https:\\\/\\\/schema.org\",\"@graph\":[{\"@type\":\"WebPage\",\"@id\":\"https:\\\/\\\/www.jagalcaide.com\\\/en\\\/producto\\\/junkers-bosch-gc1200w-20-24\\\/\",\"url\":\"https:\\\/\\\/www.jagalcaide.com\\\/en\\\/producto\\\/junkers-bosch-gc1200w-20-24\\\/\",\"name\":\"Junkers Bosch GC1200W 20\\\/24\",\"isPartOf\":{\"@id\":\"https:\\\/\\\/www.jagalcaide.com\\\/en\\\/#website\"},\"primaryImageOfPage\":{\"@id\":\"https:\\\/\\\/www.jagalcaide.com\\\/en\\\/producto\\\/junkers-bosch-gc1200w-20-24\\\/#primaryimage\"},\"image\":{\"@id\":\"https:\\\/\\\/www.jagalcaide.com\\\/en\\\/producto\\\/junkers-bosch-gc1200w-20-24\\\/#primaryimage\"},\"thumbnailUrl\":\"https:\\\/\\\/www.jagalcaide.com\\\/wp-content\\\/uploads\\\/2024\\\/09\\\/BOSCH-GC-1200-W.jpg\",\"datePublished\":\"2024-09-23T09:32:51+00:00\",\"dateModified\":\"2026-02-24T14:18:55+00:00\",\"description\":\"Junkers Bosch GC1200W 20\\\/24 installed and VAT included for only 1600\u20ac. One year of free maintenance!\",\"breadcrumb\":{\"@id\":\"https:\\\/\\\/www.jagalcaide.com\\\/en\\\/producto\\\/junkers-bosch-gc1200w-20-24\\\/#breadcrumb\"},\"inLanguage\":\"en-US\",\"potentialAction\":[{\"@type\":\"ReadAction\",\"target\":[\"https:\\\/\\\/www.jagalcaide.com\\\/en\\\/producto\\\/junkers-bosch-gc1200w-20-24\\\/\"]}]},{\"@type\":\"ImageObject\",\"inLanguage\":\"en-US\",\"@id\":\"https:\\\/\\\/www.jagalcaide.com\\\/en\\\/producto\\\/junkers-bosch-gc1200w-20-24\\\/#primaryimage\",\"url\":\"https:\\\/\\\/www.jagalcaide.com\\\/wp-content\\\/uploads\\\/2024\\\/09\\\/BOSCH-GC-1200-W.jpg\",\"contentUrl\":\"https:\\\/\\\/www.jagalcaide.com\\\/wp-content\\\/uploads\\\/2024\\\/09\\\/BOSCH-GC-1200-W.jpg\",\"width\":469,\"height\":469,\"caption\":\"BOSCH GC 1200 W\"},{\"@type\":\"BreadcrumbList\",\"@id\":\"https:\\\/\\\/www.jagalcaide.com\\\/en\\\/producto\\\/junkers-bosch-gc1200w-20-24\\\/#breadcrumb\",\"itemListElement\":[{\"@type\":\"ListItem\",\"position\":1,\"name\":\"Portada\",\"item\":\"https:\\\/\\\/www.jagalcaide.com\\\/en\\\/\"},{\"@type\":\"ListItem\",\"position\":2,\"name\":\"Woocommerce shop\",\"item\":\"https:\\\/\\\/www.jagalcaide.com\\\/woocommerce-shop\\\/\"},{\"@type\":\"ListItem\",\"position\":3,\"name\":\"Boiler Junkers Bosch GC1200W 20\\\/24\"}]},{\"@type\":\"WebSite\",\"@id\":\"https:\\\/\\\/www.jagalcaide.com\\\/en\\\/#website\",\"url\":\"https:\\\/\\\/www.jagalcaide.com\\\/en\\\/\",\"name\":\"JAG Alcaide - Instalaci\u00f3n y reparaci\u00f3n de Aire Acondicionado y Calderas\",\"description\":\"Instalaci\u00f3n y reparaci\u00f3n de aire acondicionado y calderas en Barcelona\",\"publisher\":{\"@id\":\"https:\\\/\\\/www.jagalcaide.com\\\/en\\\/#organization\"},\"potentialAction\":[{\"@type\":\"SearchAction\",\"target\":{\"@type\":\"EntryPoint\",\"urlTemplate\":\"https:\\\/\\\/www.jagalcaide.com\\\/en\\\/?s={search_term_string}\"},\"query-input\":{\"@type\":\"PropertyValueSpecification\",\"valueRequired\":true,\"valueName\":\"search_term_string\"}}],\"inLanguage\":\"en-US\"},{\"@type\":\"Organization\",\"@id\":\"https:\\\/\\\/www.jagalcaide.com\\\/en\\\/#organization\",\"name\":\"JAG Alcaide\",\"url\":\"https:\\\/\\\/www.jagalcaide.com\\\/en\\\/\",\"logo\":{\"@type\":\"ImageObject\",\"inLanguage\":\"en-US\",\"@id\":\"https:\\\/\\\/www.jagalcaide.com\\\/en\\\/#\\\/schema\\\/logo\\\/image\\\/\",\"url\":\"https:\\\/\\\/www.jagalcaide.com\\\/wp-content\\\/uploads\\\/2023\\\/05\\\/logo-alcaide-gran.jpg\",\"contentUrl\":\"https:\\\/\\\/www.jagalcaide.com\\\/wp-content\\\/uploads\\\/2023\\\/05\\\/logo-alcaide-gran.jpg\",\"width\":696,\"height\":696,\"caption\":\"JAG Alcaide\"},\"image\":{\"@id\":\"https:\\\/\\\/www.jagalcaide.com\\\/en\\\/#\\\/schema\\\/logo\\\/image\\\/\"},\"sameAs\":[\"https:\\\/\\\/x.com\\\/JAGAlcaideSL\",\"https:\\\/\\\/www.instagram.com\\\/jagalcaide\\\/\",\"https:\\\/\\\/www.linkedin.com\\\/company\\\/j-a-g-alcaide-s-l-\"]}]}<\/script>\n<!-- \/ Yoast SEO plugin. -->","yoast_head_json":{"title":"Junkers Bosch GC1200W 20\/24","description":"Junkers Bosch GC1200W 20\/24 installed and VAT included for only 1600\u20ac. One year of free maintenance!","robots":{"index":"index","follow":"follow","max-snippet":"max-snippet:-1","max-image-preview":"max-image-preview:large","max-video-preview":"max-video-preview:-1"},"canonical":"https:\/\/www.jagalcaide.com\/en\/producto\/junkers-bosch-gc1200w-20-24\/","og_locale":"en_US","og_type":"article","og_title":"Junkers Bosch GC1200W 20\/24","og_description":"Junkers Bosch GC1200W 20\/24 installed and VAT included for only 1600\u20ac. One year of free maintenance!","og_url":"https:\/\/www.jagalcaide.com\/en\/producto\/junkers-bosch-gc1200w-20-24\/","og_site_name":"JAG Alcaide \u2013 Instalaci\u00f3n, reparaci\u00f3n y mantenimiento en Barcelona","article_modified_time":"2026-02-24T14:18:55+00:00","og_image":[{"width":469,"height":469,"url":"https:\/\/www.jagalcaide.com\/wp-content\/uploads\/2024\/09\/BOSCH-GC-1200-W.jpg","type":"image\/jpeg"}],"twitter_card":"summary_large_image","twitter_site":"@JAGAlcaideSL","twitter_misc":{"Est. reading time":"4 minutes"},"schema":{"@context":"https:\/\/schema.org","@graph":[{"@type":"WebPage","@id":"https:\/\/www.jagalcaide.com\/en\/producto\/junkers-bosch-gc1200w-20-24\/","url":"https:\/\/www.jagalcaide.com\/en\/producto\/junkers-bosch-gc1200w-20-24\/","name":"Junkers Bosch GC1200W 20\/24","isPartOf":{"@id":"https:\/\/www.jagalcaide.com\/en\/#website"},"primaryImageOfPage":{"@id":"https:\/\/www.jagalcaide.com\/en\/producto\/junkers-bosch-gc1200w-20-24\/#primaryimage"},"image":{"@id":"https:\/\/www.jagalcaide.com\/en\/producto\/junkers-bosch-gc1200w-20-24\/#primaryimage"},"thumbnailUrl":"https:\/\/www.jagalcaide.com\/wp-content\/uploads\/2024\/09\/BOSCH-GC-1200-W.jpg","datePublished":"2024-09-23T09:32:51+00:00","dateModified":"2026-02-24T14:18:55+00:00","description":"Junkers Bosch GC1200W 20\/24 installed and VAT included for only 1600\u20ac. One year of free maintenance!","breadcrumb":{"@id":"https:\/\/www.jagalcaide.com\/en\/producto\/junkers-bosch-gc1200w-20-24\/#breadcrumb"},"inLanguage":"en-US","potentialAction":[{"@type":"ReadAction","target":["https:\/\/www.jagalcaide.com\/en\/producto\/junkers-bosch-gc1200w-20-24\/"]}]},{"@type":"ImageObject","inLanguage":"en-US","@id":"https:\/\/www.jagalcaide.com\/en\/producto\/junkers-bosch-gc1200w-20-24\/#primaryimage","url":"https:\/\/www.jagalcaide.com\/wp-content\/uploads\/2024\/09\/BOSCH-GC-1200-W.jpg","contentUrl":"https:\/\/www.jagalcaide.com\/wp-content\/uploads\/2024\/09\/BOSCH-GC-1200-W.jpg","width":469,"height":469,"caption":"BOSCH GC 1200 W"},{"@type":"BreadcrumbList","@id":"https:\/\/www.jagalcaide.com\/en\/producto\/junkers-bosch-gc1200w-20-24\/#breadcrumb","itemListElement":[{"@type":"ListItem","position":1,"name":"Portada","item":"https:\/\/www.jagalcaide.com\/en\/"},{"@type":"ListItem","position":2,"name":"Woocommerce shop","item":"https:\/\/www.jagalcaide.com\/woocommerce-shop\/"},{"@type":"ListItem","position":3,"name":"Boiler Junkers Bosch GC1200W 20\/24"}]},{"@type":"WebSite","@id":"https:\/\/www.jagalcaide.com\/en\/#website","url":"https:\/\/www.jagalcaide.com\/en\/","name":"JAG Alcaide - Instalaci\u00f3n y reparaci\u00f3n de Aire Acondicionado y Calderas","description":"Instalaci\u00f3n y reparaci\u00f3n de aire acondicionado y calderas en Barcelona","publisher":{"@id":"https:\/\/www.jagalcaide.com\/en\/#organization"},"potentialAction":[{"@type":"SearchAction","target":{"@type":"EntryPoint","urlTemplate":"https:\/\/www.jagalcaide.com\/en\/?s={search_term_string}"},"query-input":{"@type":"PropertyValueSpecification","valueRequired":true,"valueName":"search_term_string"}}],"inLanguage":"en-US"},{"@type":"Organization","@id":"https:\/\/www.jagalcaide.com\/en\/#organization","name":"JAG Alcaide","url":"https:\/\/www.jagalcaide.com\/en\/","logo":{"@type":"ImageObject","inLanguage":"en-US","@id":"https:\/\/www.jagalcaide.com\/en\/#\/schema\/logo\/image\/","url":"https:\/\/www.jagalcaide.com\/wp-content\/uploads\/2023\/05\/logo-alcaide-gran.jpg","contentUrl":"https:\/\/www.jagalcaide.com\/wp-content\/uploads\/2023\/05\/logo-alcaide-gran.jpg","width":696,"height":696,"caption":"JAG Alcaide"},"image":{"@id":"https:\/\/www.jagalcaide.com\/en\/#\/schema\/logo\/image\/"},"sameAs":["https:\/\/x.com\/JAGAlcaideSL","https:\/\/www.instagram.com\/jagalcaide\/","https:\/\/www.linkedin.com\/company\/j-a-g-alcaide-s-l-"]}]}},"wpml_current_locale":"en_US","wpml_translations":{"es_ES":{"locale":"es_ES","id":3250,"slug":"junkers-bosch-gc1200w-20-24","post_title":"Caldera Junkers Bosch GC1200W 20\/24","href":"https:\/\/www.jagalcaide.com\/producto\/junkers-bosch-gc1200w-20-24\/"}},"_links":{"self":[{"href":"https:\/\/www.jagalcaide.com\/en\/wp-json\/wp\/v2\/product\/3252","targetHints":{"allow":["GET"]}}],"collection":[{"href":"https:\/\/www.jagalcaide.com\/en\/wp-json\/wp\/v2\/product"}],"about":[{"href":"https:\/\/www.jagalcaide.com\/en\/wp-json\/wp\/v2\/types\/product"}],"replies":[{"embeddable":true,"href":"https:\/\/www.jagalcaide.com\/en\/wp-json\/wp\/v2\/comments?post=3252"}],"wp:featuredmedia":[{"embeddable":true,"href":"https:\/\/www.jagalcaide.com\/en\/wp-json\/wp\/v2\/media\/3260"}],"wp:attachment":[{"href":"https:\/\/www.jagalcaide.com\/en\/wp-json\/wp\/v2\/media?parent=3252"}],"wp:term":[{"taxonomy":"product_brand","embeddable":true,"href":"https:\/\/www.jagalcaide.com\/en\/wp-json\/wp\/v2\/product_brand?post=3252"},{"taxonomy":"product_cat","embeddable":true,"href":"https:\/\/www.jagalcaide.com\/en\/wp-json\/wp\/v2\/product_cat?post=3252"},{"taxonomy":"product_tag","embeddable":true,"href":"https:\/\/www.jagalcaide.com\/en\/wp-json\/wp\/v2\/product_tag?post=3252"}],"curies":[{"name":"wp","href":"https:\/\/api.w.org\/{rel}","templated":true}]}}