{"id":3498,"date":"2025-05-02T06:12:32","date_gmt":"2025-05-02T06:12:32","guid":{"rendered":"https:\/\/www.jagalcaide.com\/?post_type=product&#038;p=3498"},"modified":"2026-02-18T14:46:53","modified_gmt":"2026-02-18T14:46:53","slug":"air-conditioner-mitsubishi-msz-ay20vgk","status":"publish","type":"product","link":"https:\/\/www.jagalcaide.com\/en\/producto\/air-conditioner-mitsubishi-msz-ay20vgk\/","title":{"rendered":"Air conditioner Mitsubishi MSZ-AY20VGK"},"content":{"rendered":"<h1 class=\"product-full__title\">MSZ-AY20VGK SERIES<\/h1>\n<h3><b>Price: 1400\u20ac VAT and installation up to 3m included.<\/b><\/h3>\n<h3 class=\"product-full__subtitle\" style=\"text-align: justify;\"><em>Savings and performance for your home<\/em><\/h3>\n<div class=\"product-full__body\">\n<form id=\"collapse-text-dynamic-form-number-1\" accept-charset=\"UTF-8\" action=\"http:\/\/www.mitsubishielectric.es\/aire-acondicionado\/productos\/serie-msz-sfgf\" method=\"post\">\n<div class=\"collapse-text-text\" style=\"text-align: justify;\">\n<h2 style=\"text-align: justify;\">The <strong>MSZ-AY20VGK<\/strong> series offers the best balance between performance and savings. Its energy efficiency rating of A+++ in both cool and heat modes ensures significant energy savings, preventing surprises on your electricity bill.<\/h2>\n<\/div>\n<div class=\"video-shortcode\"><iframe class=\"lazyload\" title=\"Mural MSZ-AY\" width=\"1200\" height=\"675\" src=\"data:image\/svg+xml,%3Csvg%20xmlns%3D%27http%3A%2F%2Fwww.w3.org%2F2000%2Fsvg%27%20width%3D%271200%27%20height%3D%27675%27%20viewBox%3D%270%200%201200%20675%27%3E%3Crect%20width%3D%271200%27%20height%3D%27675%27%20fill-opacity%3D%220%22%2F%3E%3C%2Fsvg%3E\" data-orig-src=\"https:\/\/www.youtube.com\/embed\/xy9M3IMbmhA?feature=oembed\" frameborder=\"0\" allow=\"accelerometer; autoplay; clipboard-write; encrypted-media; gyroscope; picture-in-picture; web-share\" referrerpolicy=\"strict-origin-when-cross-origin\" allowfullscreen><\/iframe><\/div>\n<p>The main features of the <strong> MSZ-AY20VGK<\/strong>\u00a0series are:<\/p>\n<h3 class=\"collapse-text-fieldset collapsible form-wrapper collapse-processed\" style=\"text-align: justify;\"><span class=\"fieldset-legend\">High-efficiency renewable energy for maximum savings<\/span><\/h3>\n<p>The MSZ-AY series has the highest energy efficiency rating: A+++ in SEER and SCOP of A++. These efficiency ranges ensure maximum performance with minimum electrical consumption during the hottest days of summer or the coldest days of winter. Heat pump technology is considered a renewable energy source because it does not require any fossil fuels. Ideal for replacing traditional heating systems like boilers.<\/p>\n<div class=\"collapse-text-text\" style=\"text-align: justify;\"><\/div>\n<h3 class=\"collapse-text-fieldset collapsible form-wrapper collapse-processed\" style=\"text-align: justify;\"><span class=\"fieldset-legend\">Ultra-silent mode of only 18dB (A)<\/span><\/h3>\n<div class=\"fieldset-wrapper\">\n<p class=\"collapse-text-text\">The MSZ-AY20VGK offers the silent mode that contributes to better rest. The unit adjusts its operation to provide maximum comfort with a noise level of only 18dB(A), which is lower than the sound of leaves falling.<\/p>\n<\/div>\n<div class=\"collapse-text-text\" style=\"text-align: justify;\"><\/div>\n<h3 class=\"collapse-text-fieldset collapsible form-wrapper collapse-processed\" style=\"text-align: justify;\"><span class=\"fieldset-legend\">Integrated WiFi control as standard<\/span><\/h3>\n<div class=\"fieldset-wrapper\">\n<div class=\"collapse-text-text\">\n<p>The MELCloud WiFi control allows you to control the air conditioning unit through any Smartphone, Tablet, or PC, and is integrated into the unit as standard. In addition to controlling the unit, MELCloud provides electrical consumption information through the App so that you can always know your electrical consumption.<\/p>\n<\/div>\n<\/div>\n<div class=\"collapse-text-text\" style=\"text-align: justify;\"><\/div>\n<h3 class=\"collapse-text-fieldset collapsible form-wrapper collapse-processed\" style=\"text-align: justify;\"><span class=\"fieldset-legend\">Heat pump with exterior temperature of -20C\u00ba<\/span><\/h3>\n<div class=\"fieldset-wrapper\">\n<div class=\"collapse-text-text\">\n<p>The unit contributes to better indoor air quality thanks to Mitsubishi Electric&#8217;s exclusive compressor technology, ensuring the heat pump operates down to -20\u00baC exterior temperature.<\/p>\n<h3 class=\"collapse-text-fieldset collapsible form-wrapper collapse-processed\" style=\"text-align: justify;\"><span class=\"fieldset-legend\">Self-cleaning mode for maximum efficiency and savings<\/span><\/h3>\n<div class=\"fieldset-wrapper\">\n<div class=\"collapse-text-text\">\n<p>The MSZ-AY20VGK series has a self-cleaning mode that dries and cleans the interior of the unit, preventing bad odors, mold, and dust buildup. This ensures maximum efficiency and savings, as well as clean air free of impurities.<\/p>\n<\/div>\n<\/div>\n<\/div>\n<\/div>\n<div class=\"collapse-text-text\" style=\"text-align: justify;\"><\/div>\n<h3 class=\"collapse-text-fieldset collapsible form-wrapper collapse-processed\"><span class=\"fieldset-legend\">Replace Technology<\/span><\/h3>\n<div class=\"fieldset-wrapper\">\n<p class=\"collapse-text-text\" style=\"text-align: justify;\">The replace technology, exclusive to Mitsubishi Electric, allows replacing old air conditioning units, regardless of the brand, using the existing installation after cleaning it with nitrogen. In this way, installation is easier and faster and the environment is respected by avoiding waste generation.<\/p>\n<h3 class=\"collapse-text-fieldset collapsible form-wrapper collapse-processed\"><span class=\"fieldset-legend\">Electricity saving<\/span><\/h3>\n<p>Thanks to its A+++ energy efficiency, the MSP-AY20VGK helps you enjoy your air conditioning without having to worry about the electricity bill.<\/p>\n<p class=\"collapse-text-text\" style=\"text-align: justify;\">Below we attach the table of characteristics of the MSZ-AP20VGK:<\/p>\n<p><a href=\"https:\/\/www.jagalcaide.com\/wp-content\/uploads\/2023\/05\/MSZ-AY.jpg\"><img decoding=\"async\" class=\"lazyload aligncenter wp-image-7239 size-full\" src=\"data:image\/svg+xml,%3Csvg%20xmlns%3D%27http%3A%2F%2Fwww.w3.org%2F2000%2Fsvg%27%20width%3D%271001%27%20height%3D%27731%27%20viewBox%3D%270%200%201001%20731%27%3E%3Crect%20width%3D%271001%27%20height%3D%27731%27%20fill-opacity%3D%220%22%2F%3E%3C%2Fsvg%3E\" data-orig-src=\"https:\/\/www.jagalcaide.com\/wp-content\/uploads\/2023\/05\/MSZ-AY.jpg\" alt=\"\" width=\"1001\" height=\"731\" \/><\/a><\/p>\n<\/div>\n<\/form>\n<\/div>\n","protected":false},"excerpt":{"rendered":"<p>MSZ-AY20VGK SERIES Price: 1400\u20ac VAT and installation up to 3m included. Savings and performance for your home The MSZ-AY20VGK series offers the best balance between performance and savings. Its energy efficiency rating of A+++ in [&hellip;]<\/p>\n","protected":false},"featured_media":2147,"comment_status":"closed","ping_status":"closed","template":"","meta":{"_acf_changed":false,"_yoast_wpseo_focuskw":"MSZ-AY15VGK","_yoast_wpseo_title":"Air conditioner Mitsubishi MSZ-AY20VGK | Barcelona","_yoast_wpseo_metadesc":"Air conditioner Mitsubishi Electric mod. Air conditioner Mitsubishi Electric MSZ-AY20VGK installed and VAT included for only 1,380\u20ac"},"product_brand":[],"product_cat":[395,526,405,454],"product_tag":[],"class_list":{"0":"post-3498","1":"product","2":"type-product","3":"status-publish","4":"has-post-thumbnail","6":"product_cat-air-conditioner","7":"product_cat-top-sales-air-conditioned","8":"product_cat-mitsubishi-air-conditionng","9":"product_cat-mitsubishi-serie-ay-en","11":"first","12":"instock","13":"featured","14":"taxable","15":"shipping-taxable","16":"purchasable","17":"product-type-simple"},"acf":[],"yoast_head":"<!-- This site is optimized with the Yoast SEO plugin v27.5 - https:\/\/yoast.com\/product\/yoast-seo-wordpress\/ -->\n<title>Air conditioner Mitsubishi MSZ-AY20VGK | Barcelona<\/title>\n<meta name=\"description\" content=\"Air conditioner Mitsubishi Electric mod. Air conditioner Mitsubishi Electric MSZ-AY20VGK installed and VAT included for only 1,380\u20ac\" \/>\n<meta name=\"robots\" content=\"index, follow, max-snippet:-1, max-image-preview:large, max-video-preview:-1\" \/>\n<link rel=\"canonical\" href=\"https:\/\/www.jagalcaide.com\/en\/producto\/air-conditioner-mitsubishi-msz-ay20vgk\/\" \/>\n<meta property=\"og:locale\" content=\"en_US\" \/>\n<meta property=\"og:type\" content=\"article\" \/>\n<meta property=\"og:title\" content=\"Air conditioner Mitsubishi MSZ-AY20VGK | Barcelona\" \/>\n<meta property=\"og:description\" content=\"Air conditioner Mitsubishi Electric mod. Air conditioner Mitsubishi Electric MSZ-AY20VGK installed and VAT included for only 1,380\u20ac\" \/>\n<meta property=\"og:url\" content=\"https:\/\/www.jagalcaide.com\/en\/producto\/air-conditioner-mitsubishi-msz-ay20vgk\/\" \/>\n<meta property=\"og:site_name\" content=\"JAG Alcaide \u2013 Instalaci\u00f3n, reparaci\u00f3n y mantenimiento en Barcelona\" \/>\n<meta property=\"article:modified_time\" content=\"2026-02-18T14:46:53+00:00\" \/>\n<meta property=\"og:image\" content=\"https:\/\/www.jagalcaide.com\/wp-content\/uploads\/2023\/03\/MITSUBISHI-ELECTRIC-MSZ-AY-2-5.jpg\" \/>\n\t<meta property=\"og:image:width\" content=\"1158\" \/>\n\t<meta property=\"og:image:height\" content=\"856\" \/>\n\t<meta property=\"og:image:type\" content=\"image\/jpeg\" \/>\n<meta name=\"twitter:card\" content=\"summary_large_image\" \/>\n<meta name=\"twitter:site\" content=\"@JAGAlcaideSL\" \/>\n<meta name=\"twitter:label1\" content=\"Est. reading time\" \/>\n\t<meta name=\"twitter:data1\" content=\"2 minutes\" \/>\n<script type=\"application\/ld+json\" class=\"yoast-schema-graph\">{\"@context\":\"https:\\\/\\\/schema.org\",\"@graph\":[{\"@type\":\"WebPage\",\"@id\":\"https:\\\/\\\/www.jagalcaide.com\\\/en\\\/producto\\\/air-conditioner-mitsubishi-msz-ay20vgk\\\/\",\"url\":\"https:\\\/\\\/www.jagalcaide.com\\\/en\\\/producto\\\/air-conditioner-mitsubishi-msz-ay20vgk\\\/\",\"name\":\"Air conditioner Mitsubishi MSZ-AY20VGK | Barcelona\",\"isPartOf\":{\"@id\":\"https:\\\/\\\/www.jagalcaide.com\\\/en\\\/#website\"},\"primaryImageOfPage\":{\"@id\":\"https:\\\/\\\/www.jagalcaide.com\\\/en\\\/producto\\\/air-conditioner-mitsubishi-msz-ay20vgk\\\/#primaryimage\"},\"image\":{\"@id\":\"https:\\\/\\\/www.jagalcaide.com\\\/en\\\/producto\\\/air-conditioner-mitsubishi-msz-ay20vgk\\\/#primaryimage\"},\"thumbnailUrl\":\"https:\\\/\\\/www.jagalcaide.com\\\/wp-content\\\/uploads\\\/2023\\\/03\\\/MITSUBISHI-ELECTRIC-MSZ-AY-2-5.jpg\",\"datePublished\":\"2025-05-02T06:12:32+00:00\",\"dateModified\":\"2026-02-18T14:46:53+00:00\",\"description\":\"Air conditioner Mitsubishi Electric mod. Air conditioner Mitsubishi Electric MSZ-AY20VGK installed and VAT included for only 1,380\u20ac\",\"breadcrumb\":{\"@id\":\"https:\\\/\\\/www.jagalcaide.com\\\/en\\\/producto\\\/air-conditioner-mitsubishi-msz-ay20vgk\\\/#breadcrumb\"},\"inLanguage\":\"en-US\",\"potentialAction\":[{\"@type\":\"ReadAction\",\"target\":[\"https:\\\/\\\/www.jagalcaide.com\\\/en\\\/producto\\\/air-conditioner-mitsubishi-msz-ay20vgk\\\/\"]}]},{\"@type\":\"ImageObject\",\"inLanguage\":\"en-US\",\"@id\":\"https:\\\/\\\/www.jagalcaide.com\\\/en\\\/producto\\\/air-conditioner-mitsubishi-msz-ay20vgk\\\/#primaryimage\",\"url\":\"https:\\\/\\\/www.jagalcaide.com\\\/wp-content\\\/uploads\\\/2023\\\/03\\\/MITSUBISHI-ELECTRIC-MSZ-AY-2-5.jpg\",\"contentUrl\":\"https:\\\/\\\/www.jagalcaide.com\\\/wp-content\\\/uploads\\\/2023\\\/03\\\/MITSUBISHI-ELECTRIC-MSZ-AY-2-5.jpg\",\"width\":1158,\"height\":856,\"caption\":\"MITSUBISHI ELECTRIC-MSZ-AY-2\"},{\"@type\":\"BreadcrumbList\",\"@id\":\"https:\\\/\\\/www.jagalcaide.com\\\/en\\\/producto\\\/air-conditioner-mitsubishi-msz-ay20vgk\\\/#breadcrumb\",\"itemListElement\":[{\"@type\":\"ListItem\",\"position\":1,\"name\":\"Portada\",\"item\":\"https:\\\/\\\/www.jagalcaide.com\\\/en\\\/\"},{\"@type\":\"ListItem\",\"position\":2,\"name\":\"Woocommerce shop\",\"item\":\"https:\\\/\\\/www.jagalcaide.com\\\/woocommerce-shop\\\/\"},{\"@type\":\"ListItem\",\"position\":3,\"name\":\"Air conditioner Mitsubishi MSZ-AY20VGK\"}]},{\"@type\":\"WebSite\",\"@id\":\"https:\\\/\\\/www.jagalcaide.com\\\/en\\\/#website\",\"url\":\"https:\\\/\\\/www.jagalcaide.com\\\/en\\\/\",\"name\":\"JAG Alcaide - Instalaci\u00f3n y reparaci\u00f3n de Aire Acondicionado y Calderas\",\"description\":\"Instalaci\u00f3n y reparaci\u00f3n de aire acondicionado y calderas en Barcelona\",\"publisher\":{\"@id\":\"https:\\\/\\\/www.jagalcaide.com\\\/en\\\/#organization\"},\"potentialAction\":[{\"@type\":\"SearchAction\",\"target\":{\"@type\":\"EntryPoint\",\"urlTemplate\":\"https:\\\/\\\/www.jagalcaide.com\\\/en\\\/?s={search_term_string}\"},\"query-input\":{\"@type\":\"PropertyValueSpecification\",\"valueRequired\":true,\"valueName\":\"search_term_string\"}}],\"inLanguage\":\"en-US\"},{\"@type\":\"Organization\",\"@id\":\"https:\\\/\\\/www.jagalcaide.com\\\/en\\\/#organization\",\"name\":\"JAG Alcaide\",\"url\":\"https:\\\/\\\/www.jagalcaide.com\\\/en\\\/\",\"logo\":{\"@type\":\"ImageObject\",\"inLanguage\":\"en-US\",\"@id\":\"https:\\\/\\\/www.jagalcaide.com\\\/en\\\/#\\\/schema\\\/logo\\\/image\\\/\",\"url\":\"https:\\\/\\\/www.jagalcaide.com\\\/wp-content\\\/uploads\\\/2023\\\/05\\\/logo-alcaide-gran.jpg\",\"contentUrl\":\"https:\\\/\\\/www.jagalcaide.com\\\/wp-content\\\/uploads\\\/2023\\\/05\\\/logo-alcaide-gran.jpg\",\"width\":696,\"height\":696,\"caption\":\"JAG Alcaide\"},\"image\":{\"@id\":\"https:\\\/\\\/www.jagalcaide.com\\\/en\\\/#\\\/schema\\\/logo\\\/image\\\/\"},\"sameAs\":[\"https:\\\/\\\/x.com\\\/JAGAlcaideSL\",\"https:\\\/\\\/www.instagram.com\\\/jagalcaide\\\/\",\"https:\\\/\\\/www.linkedin.com\\\/company\\\/j-a-g-alcaide-s-l-\"]}]}<\/script>\n<!-- \/ Yoast SEO plugin. -->","yoast_head_json":{"title":"Air conditioner Mitsubishi MSZ-AY20VGK | Barcelona","description":"Air conditioner Mitsubishi Electric mod. Air conditioner Mitsubishi Electric MSZ-AY20VGK installed and VAT included for only 1,380\u20ac","robots":{"index":"index","follow":"follow","max-snippet":"max-snippet:-1","max-image-preview":"max-image-preview:large","max-video-preview":"max-video-preview:-1"},"canonical":"https:\/\/www.jagalcaide.com\/en\/producto\/air-conditioner-mitsubishi-msz-ay20vgk\/","og_locale":"en_US","og_type":"article","og_title":"Air conditioner Mitsubishi MSZ-AY20VGK | Barcelona","og_description":"Air conditioner Mitsubishi Electric mod. Air conditioner Mitsubishi Electric MSZ-AY20VGK installed and VAT included for only 1,380\u20ac","og_url":"https:\/\/www.jagalcaide.com\/en\/producto\/air-conditioner-mitsubishi-msz-ay20vgk\/","og_site_name":"JAG Alcaide \u2013 Instalaci\u00f3n, reparaci\u00f3n y mantenimiento en Barcelona","article_modified_time":"2026-02-18T14:46:53+00:00","og_image":[{"width":1158,"height":856,"url":"https:\/\/www.jagalcaide.com\/wp-content\/uploads\/2023\/03\/MITSUBISHI-ELECTRIC-MSZ-AY-2-5.jpg","type":"image\/jpeg"}],"twitter_card":"summary_large_image","twitter_site":"@JAGAlcaideSL","twitter_misc":{"Est. reading time":"2 minutes"},"schema":{"@context":"https:\/\/schema.org","@graph":[{"@type":"WebPage","@id":"https:\/\/www.jagalcaide.com\/en\/producto\/air-conditioner-mitsubishi-msz-ay20vgk\/","url":"https:\/\/www.jagalcaide.com\/en\/producto\/air-conditioner-mitsubishi-msz-ay20vgk\/","name":"Air conditioner Mitsubishi MSZ-AY20VGK | Barcelona","isPartOf":{"@id":"https:\/\/www.jagalcaide.com\/en\/#website"},"primaryImageOfPage":{"@id":"https:\/\/www.jagalcaide.com\/en\/producto\/air-conditioner-mitsubishi-msz-ay20vgk\/#primaryimage"},"image":{"@id":"https:\/\/www.jagalcaide.com\/en\/producto\/air-conditioner-mitsubishi-msz-ay20vgk\/#primaryimage"},"thumbnailUrl":"https:\/\/www.jagalcaide.com\/wp-content\/uploads\/2023\/03\/MITSUBISHI-ELECTRIC-MSZ-AY-2-5.jpg","datePublished":"2025-05-02T06:12:32+00:00","dateModified":"2026-02-18T14:46:53+00:00","description":"Air conditioner Mitsubishi Electric mod. Air conditioner Mitsubishi Electric MSZ-AY20VGK installed and VAT included for only 1,380\u20ac","breadcrumb":{"@id":"https:\/\/www.jagalcaide.com\/en\/producto\/air-conditioner-mitsubishi-msz-ay20vgk\/#breadcrumb"},"inLanguage":"en-US","potentialAction":[{"@type":"ReadAction","target":["https:\/\/www.jagalcaide.com\/en\/producto\/air-conditioner-mitsubishi-msz-ay20vgk\/"]}]},{"@type":"ImageObject","inLanguage":"en-US","@id":"https:\/\/www.jagalcaide.com\/en\/producto\/air-conditioner-mitsubishi-msz-ay20vgk\/#primaryimage","url":"https:\/\/www.jagalcaide.com\/wp-content\/uploads\/2023\/03\/MITSUBISHI-ELECTRIC-MSZ-AY-2-5.jpg","contentUrl":"https:\/\/www.jagalcaide.com\/wp-content\/uploads\/2023\/03\/MITSUBISHI-ELECTRIC-MSZ-AY-2-5.jpg","width":1158,"height":856,"caption":"MITSUBISHI ELECTRIC-MSZ-AY-2"},{"@type":"BreadcrumbList","@id":"https:\/\/www.jagalcaide.com\/en\/producto\/air-conditioner-mitsubishi-msz-ay20vgk\/#breadcrumb","itemListElement":[{"@type":"ListItem","position":1,"name":"Portada","item":"https:\/\/www.jagalcaide.com\/en\/"},{"@type":"ListItem","position":2,"name":"Woocommerce shop","item":"https:\/\/www.jagalcaide.com\/woocommerce-shop\/"},{"@type":"ListItem","position":3,"name":"Air conditioner Mitsubishi MSZ-AY20VGK"}]},{"@type":"WebSite","@id":"https:\/\/www.jagalcaide.com\/en\/#website","url":"https:\/\/www.jagalcaide.com\/en\/","name":"JAG Alcaide - Instalaci\u00f3n y reparaci\u00f3n de Aire Acondicionado y Calderas","description":"Instalaci\u00f3n y reparaci\u00f3n de aire acondicionado y calderas en Barcelona","publisher":{"@id":"https:\/\/www.jagalcaide.com\/en\/#organization"},"potentialAction":[{"@type":"SearchAction","target":{"@type":"EntryPoint","urlTemplate":"https:\/\/www.jagalcaide.com\/en\/?s={search_term_string}"},"query-input":{"@type":"PropertyValueSpecification","valueRequired":true,"valueName":"search_term_string"}}],"inLanguage":"en-US"},{"@type":"Organization","@id":"https:\/\/www.jagalcaide.com\/en\/#organization","name":"JAG Alcaide","url":"https:\/\/www.jagalcaide.com\/en\/","logo":{"@type":"ImageObject","inLanguage":"en-US","@id":"https:\/\/www.jagalcaide.com\/en\/#\/schema\/logo\/image\/","url":"https:\/\/www.jagalcaide.com\/wp-content\/uploads\/2023\/05\/logo-alcaide-gran.jpg","contentUrl":"https:\/\/www.jagalcaide.com\/wp-content\/uploads\/2023\/05\/logo-alcaide-gran.jpg","width":696,"height":696,"caption":"JAG Alcaide"},"image":{"@id":"https:\/\/www.jagalcaide.com\/en\/#\/schema\/logo\/image\/"},"sameAs":["https:\/\/x.com\/JAGAlcaideSL","https:\/\/www.instagram.com\/jagalcaide\/","https:\/\/www.linkedin.com\/company\/j-a-g-alcaide-s-l-"]}]}},"wpml_current_locale":"en_US","wpml_translations":{"es_ES":{"locale":"es_ES","id":3496,"slug":"aire-acondicionado-mitsubishi-msz-ay20vgk","post_title":"Aire Acondicionado Mitsubishi MSZ-AY20VGK","href":"https:\/\/www.jagalcaide.com\/producto\/aire-acondicionado-mitsubishi-msz-ay20vgk\/"}},"_links":{"self":[{"href":"https:\/\/www.jagalcaide.com\/en\/wp-json\/wp\/v2\/product\/3498","targetHints":{"allow":["GET"]}}],"collection":[{"href":"https:\/\/www.jagalcaide.com\/en\/wp-json\/wp\/v2\/product"}],"about":[{"href":"https:\/\/www.jagalcaide.com\/en\/wp-json\/wp\/v2\/types\/product"}],"replies":[{"embeddable":true,"href":"https:\/\/www.jagalcaide.com\/en\/wp-json\/wp\/v2\/comments?post=3498"}],"wp:featuredmedia":[{"embeddable":true,"href":"https:\/\/www.jagalcaide.com\/en\/wp-json\/wp\/v2\/media\/2147"}],"wp:attachment":[{"href":"https:\/\/www.jagalcaide.com\/en\/wp-json\/wp\/v2\/media?parent=3498"}],"wp:term":[{"taxonomy":"product_brand","embeddable":true,"href":"https:\/\/www.jagalcaide.com\/en\/wp-json\/wp\/v2\/product_brand?post=3498"},{"taxonomy":"product_cat","embeddable":true,"href":"https:\/\/www.jagalcaide.com\/en\/wp-json\/wp\/v2\/product_cat?post=3498"},{"taxonomy":"product_tag","embeddable":true,"href":"https:\/\/www.jagalcaide.com\/en\/wp-json\/wp\/v2\/product_tag?post=3498"}],"curies":[{"name":"wp","href":"https:\/\/api.w.org\/{rel}","templated":true}]}}