{"id":3501,"date":"2025-05-02T07:00:05","date_gmt":"2025-05-02T07:00:05","guid":{"rendered":"https:\/\/www.jagalcaide.com\/?post_type=product&#038;p=3501"},"modified":"2025-05-03T08:02:16","modified_gmt":"2025-05-03T08:02:16","slug":"air-conditioner-mitsubishiz-hr25vfk-msz-hr25vfk","status":"publish","type":"product","link":"https:\/\/www.jagalcaide.com\/en\/producto\/air-conditioner-mitsubishiz-hr25vfk-msz-hr25vfk\/","title":{"rendered":"Mitsubishi 2&#215;1 MSZ-HR25VFK + MSZ-HR25VFK"},"content":{"rendered":"<h1>Mitsubishi MSZ-HR25VFK<\/h1>\n<h3>Including outdoor unit MXZ-2HA40VF + MSZ-HR25VFK + MSZ-HR25VFK<\/h3>\n<h3>The Mitsubishi Electric that adapts to everyone.<\/h3>\n<h3>Now with WIFI control via the MITSUBISHI ELECTRIC MELCLOUD app<\/h3>\n<p><b>Price: 2700\u20ac Includes IVA and installation up to 3m.<\/b><\/p>\n<p><strong data-start=\"356\" data-end=\"365\">Power<\/strong>: 4kW outdoor unit + 2.5kW each indoor unit<\/p>\n<p>The Mitsubishi Electric MSZ-HR series gives you the best quality-price relation because it has all the advantages and benefits of the most advanced available technology at an affordable price.<\/p>\n<h3>Key Features:<\/h3>\n<p><b>Compact units with a modern and stylish design. <\/b><br \/>\nThe MSZ-HR series has also a slim a stylish design panel, which makes the room have a pleasant appearance.<\/p>\n<p><b>Energy savings<\/b><br \/>\nThe combination of the most advanced inverter technology, together with the latest electronic technologies and the best materials, improves the performance while reducing consumption in both heating and cooling mode.<\/p>\n<p><b>Speed<\/b><br \/>\nIn rooms with constant temperatures, the inside unit works in a stable way in order to keep the requested temperature, and to offer and comfortable environment.<\/p>\n<div class=\"video-shortcode\"><iframe class=\"lazyload\" title=\"Climatiseur Mural r\u00e9versible &quot;Essentiel MSZ-HJ\/MSZ-DM&quot; de Mitsubishi Electric\" width=\"1200\" height=\"675\" src=\"data:image\/svg+xml,%3Csvg%20xmlns%3D%27http%3A%2F%2Fwww.w3.org%2F2000%2Fsvg%27%20width%3D%271200%27%20height%3D%27675%27%20viewBox%3D%270%200%201200%20675%27%3E%3Crect%20width%3D%271200%27%20height%3D%27675%27%20fill-opacity%3D%220%22%2F%3E%3C%2Fsvg%3E\" data-orig-src=\"https:\/\/www.youtube.com\/embed\/IWJ_EL4gA0U?feature=oembed\" frameborder=\"0\" allow=\"accelerometer; autoplay; clipboard-write; encrypted-media; gyroscope; picture-in-picture; web-share\" referrerpolicy=\"strict-origin-when-cross-origin\" allowfullscreen><\/iframe><\/div>\n<p><b>Comfort<\/b><br \/>\nECONO COOL is an intelligent temperature control mode, which adjusts the amount of air directed to the body based on the outlet temperature of the air. This mode can get up to a 20% of improvement in energy efficiency..<\/p>\n<p><a href=\"http:\/\/www.jagalcaide.com\/wp-content\/uploads\/2019\/04\/MSZ-HR25VF.jpg\"><img decoding=\"async\" class=\"lazyload aligncenter size-full wp-image-3885\" src=\"data:image\/svg+xml,%3Csvg%20xmlns%3D%27http%3A%2F%2Fwww.w3.org%2F2000%2Fsvg%27%20width%3D%27623%27%20height%3D%27744%27%20viewBox%3D%270%200%20623%20744%27%3E%3Crect%20width%3D%27623%27%20height%3D%27744%27%20fill-opacity%3D%220%22%2F%3E%3C%2Fsvg%3E\" data-orig-src=\"https:\/\/www.jagalcaide.com\/wp-content\/uploads\/2019\/04\/MSZ-HR25VF.jpg\" alt=\"MSZ-HR25VF\" width=\"623\" height=\"744\" \/><\/a><\/p>\n<h3 class=\"\" data-start=\"2619\" data-end=\"2664\">Features of the MXZ-2HA40VF outdoor unit:<\/h3>\n<p class=\"\" data-start=\"2666\" data-end=\"2883\">The <strong data-start=\"2670\" data-end=\"2685\">MXZ-2HA40VF<\/strong> outdoor unit from Mitsubishi Electric is the solution for conditioning multiple spaces with a single outdoor unit, saving installation space and costs. This outdoor unit has the following features:<\/p>\n<p class=\"\" data-start=\"2885\" data-end=\"3183\"><strong data-start=\"2885\" data-end=\"2912\">Working in cooling mode<\/strong>:<br data-start=\"2913\" data-end=\"2916\" \/>The Mitsubishi MXZ-2HA40 outdoor unit offers a nominal cooling capacity of 4kW, capable of ranging from 1.1kW to 4.3kW at maximum power. It has a <strong data-start=\"3062\" data-end=\"3070\">SEER<\/strong> (Seasonal Energy Efficiency Ratio for intermediate climate zone) of 8.12, making it an A++ energy-rated machine.<\/p>\n<p class=\"\" data-start=\"3185\" data-end=\"3484\"><strong data-start=\"3185\" data-end=\"3212\">Working in heating mode<\/strong>:<br data-start=\"3213\" data-end=\"3216\" \/>The Mitsubishi MXZ-2HA40 outdoor unit offers a nominal heating capacity of 4.3kW, capable of ranging from 1kW to 4.7kW at maximum power. It has a <strong data-start=\"3362\" data-end=\"3370\">SCOP<\/strong> (Seasonal Coefficient of Performance for intermediate climate zone) of 4.3, making it an A+ energy-rated machine.<\/p>\n<p><!--more--><\/p>\n","protected":false},"excerpt":{"rendered":"<p>Mitsubishi MSZ-HR25VFK Including outdoor unit MXZ-2HA40VF + MSZ-HR25VFK + MSZ-HR25VFK The Mitsubishi Electric that adapts to everyone. Now with WIFI control via the MITSUBISHI ELECTRIC MELCLOUD app Price: 2700\u20ac Includes IVA and installation up to [&hellip;]<\/p>\n","protected":false},"featured_media":3504,"comment_status":"open","ping_status":"closed","template":"","meta":{"_acf_changed":false,"_yoast_wpseo_focuskw":"MSZ-HR25VFk","_yoast_wpseo_title":"Mitsubishi 2x1 MSZ-HR25VFk air conditioner for only \u20ac 2700!","_yoast_wpseo_metadesc":"Mitsubishi Electric air conditioning 2x1 mod. MXZ-2HA40VF MSZ-HR25VFk installed and VAT included for only \u20ac 2700. More than 73 years as installers. Call us!"},"product_brand":[],"product_cat":[395,848,526,405,849],"product_tag":[534,538,544],"class_list":{"0":"post-3501","1":"product","2":"type-product","3":"status-publish","4":"has-post-thumbnail","6":"product_cat-air-conditioner","7":"product_cat-aire-acondicionado-mitsubishi-2x1-serie-msz-hr-en","8":"product_cat-top-sales-air-conditioned","9":"product_cat-mitsubishi-air-conditionng","10":"product_cat-msz-hr25-msz-hr25-en","11":"product_tag-a-en","12":"product_tag-gas-r-32-en","13":"product_tag-hr-series","15":"first","16":"instock","17":"taxable","18":"shipping-taxable","19":"purchasable","20":"product-type-simple"},"acf":[],"yoast_head":"<!-- This site is optimized with the Yoast SEO plugin v27.3 - https:\/\/yoast.com\/product\/yoast-seo-wordpress\/ -->\n<title>Mitsubishi 2x1 MSZ-HR25VFk air conditioner for only \u20ac 2700!<\/title>\n<meta name=\"description\" content=\"Mitsubishi Electric air conditioning 2x1 mod. MXZ-2HA40VF MSZ-HR25VFk installed and VAT included for only \u20ac 2700. More than 73 years as installers. Call us!\" \/>\n<meta name=\"robots\" content=\"index, follow, max-snippet:-1, max-image-preview:large, max-video-preview:-1\" \/>\n<link rel=\"canonical\" href=\"https:\/\/www.jagalcaide.com\/en\/producto\/air-conditioner-mitsubishiz-hr25vfk-msz-hr25vfk\/\" \/>\n<meta property=\"og:locale\" content=\"en_US\" \/>\n<meta property=\"og:type\" content=\"article\" \/>\n<meta property=\"og:title\" content=\"Mitsubishi 2x1 MSZ-HR25VFk air conditioner for only \u20ac 2700!\" \/>\n<meta property=\"og:description\" content=\"Mitsubishi Electric air conditioning 2x1 mod. MXZ-2HA40VF MSZ-HR25VFk installed and VAT included for only \u20ac 2700. More than 73 years as installers. Call us!\" \/>\n<meta property=\"og:url\" content=\"https:\/\/www.jagalcaide.com\/en\/producto\/air-conditioner-mitsubishiz-hr25vfk-msz-hr25vfk\/\" \/>\n<meta property=\"og:site_name\" content=\"JAG Alcaide \u2013 Instalaci\u00f3n, reparaci\u00f3n y mantenimiento en Barcelona\" \/>\n<meta property=\"article:modified_time\" content=\"2025-05-03T08:02:16+00:00\" \/>\n<meta property=\"og:image\" content=\"https:\/\/www.jagalcaide.com\/wp-content\/uploads\/2025\/05\/MXZ-2HA-MULTISPLIT-MITSUBISHI.jpg\" \/>\n\t<meta property=\"og:image:width\" content=\"962\" \/>\n\t<meta property=\"og:image:height\" content=\"773\" \/>\n\t<meta property=\"og:image:type\" content=\"image\/jpeg\" \/>\n<meta name=\"twitter:card\" content=\"summary_large_image\" \/>\n<meta name=\"twitter:site\" content=\"@JAGAlcaideSL\" \/>\n<meta name=\"twitter:label1\" content=\"Est. reading time\" \/>\n\t<meta name=\"twitter:data1\" content=\"2 minutes\" \/>\n<script type=\"application\/ld+json\" class=\"yoast-schema-graph\">{\"@context\":\"https:\\\/\\\/schema.org\",\"@graph\":[{\"@type\":\"WebPage\",\"@id\":\"https:\\\/\\\/www.jagalcaide.com\\\/en\\\/producto\\\/air-conditioner-mitsubishiz-hr25vfk-msz-hr25vfk\\\/\",\"url\":\"https:\\\/\\\/www.jagalcaide.com\\\/en\\\/producto\\\/air-conditioner-mitsubishiz-hr25vfk-msz-hr25vfk\\\/\",\"name\":\"Mitsubishi 2x1 MSZ-HR25VFk air conditioner for only \u20ac 2700!\",\"isPartOf\":{\"@id\":\"https:\\\/\\\/www.jagalcaide.com\\\/en\\\/#website\"},\"primaryImageOfPage\":{\"@id\":\"https:\\\/\\\/www.jagalcaide.com\\\/en\\\/producto\\\/air-conditioner-mitsubishiz-hr25vfk-msz-hr25vfk\\\/#primaryimage\"},\"image\":{\"@id\":\"https:\\\/\\\/www.jagalcaide.com\\\/en\\\/producto\\\/air-conditioner-mitsubishiz-hr25vfk-msz-hr25vfk\\\/#primaryimage\"},\"thumbnailUrl\":\"https:\\\/\\\/www.jagalcaide.com\\\/wp-content\\\/uploads\\\/2025\\\/05\\\/MXZ-2HA-MULTISPLIT-MITSUBISHI.jpg\",\"datePublished\":\"2025-05-02T07:00:05+00:00\",\"dateModified\":\"2025-05-03T08:02:16+00:00\",\"description\":\"Mitsubishi Electric air conditioning 2x1 mod. MXZ-2HA40VF MSZ-HR25VFk installed and VAT included for only \u20ac 2700. More than 73 years as installers. Call us!\",\"breadcrumb\":{\"@id\":\"https:\\\/\\\/www.jagalcaide.com\\\/en\\\/producto\\\/air-conditioner-mitsubishiz-hr25vfk-msz-hr25vfk\\\/#breadcrumb\"},\"inLanguage\":\"en-US\",\"potentialAction\":[{\"@type\":\"ReadAction\",\"target\":[\"https:\\\/\\\/www.jagalcaide.com\\\/en\\\/producto\\\/air-conditioner-mitsubishiz-hr25vfk-msz-hr25vfk\\\/\"]}]},{\"@type\":\"ImageObject\",\"inLanguage\":\"en-US\",\"@id\":\"https:\\\/\\\/www.jagalcaide.com\\\/en\\\/producto\\\/air-conditioner-mitsubishiz-hr25vfk-msz-hr25vfk\\\/#primaryimage\",\"url\":\"https:\\\/\\\/www.jagalcaide.com\\\/wp-content\\\/uploads\\\/2025\\\/05\\\/MXZ-2HA-MULTISPLIT-MITSUBISHI.jpg\",\"contentUrl\":\"https:\\\/\\\/www.jagalcaide.com\\\/wp-content\\\/uploads\\\/2025\\\/05\\\/MXZ-2HA-MULTISPLIT-MITSUBISHI.jpg\",\"width\":962,\"height\":773,\"caption\":\"MXZ-2HA MULTISPLIT MITSUBISHI\"},{\"@type\":\"BreadcrumbList\",\"@id\":\"https:\\\/\\\/www.jagalcaide.com\\\/en\\\/producto\\\/air-conditioner-mitsubishiz-hr25vfk-msz-hr25vfk\\\/#breadcrumb\",\"itemListElement\":[{\"@type\":\"ListItem\",\"position\":1,\"name\":\"Portada\",\"item\":\"https:\\\/\\\/www.jagalcaide.com\\\/en\\\/\"},{\"@type\":\"ListItem\",\"position\":2,\"name\":\"Woocommerce shop\",\"item\":\"https:\\\/\\\/www.jagalcaide.com\\\/woocommerce-shop\\\/\"},{\"@type\":\"ListItem\",\"position\":3,\"name\":\"Mitsubishi 2&#215;1 MSZ-HR25VFK + MSZ-HR25VFK\"}]},{\"@type\":\"WebSite\",\"@id\":\"https:\\\/\\\/www.jagalcaide.com\\\/en\\\/#website\",\"url\":\"https:\\\/\\\/www.jagalcaide.com\\\/en\\\/\",\"name\":\"JAG Alcaide - Instalaci\u00f3n y reparaci\u00f3n de Aire Acondicionado y Calderas\",\"description\":\"Instalaci\u00f3n y reparaci\u00f3n de aire acondicionado y calderas en Barcelona\",\"publisher\":{\"@id\":\"https:\\\/\\\/www.jagalcaide.com\\\/en\\\/#organization\"},\"potentialAction\":[{\"@type\":\"SearchAction\",\"target\":{\"@type\":\"EntryPoint\",\"urlTemplate\":\"https:\\\/\\\/www.jagalcaide.com\\\/en\\\/?s={search_term_string}\"},\"query-input\":{\"@type\":\"PropertyValueSpecification\",\"valueRequired\":true,\"valueName\":\"search_term_string\"}}],\"inLanguage\":\"en-US\"},{\"@type\":\"Organization\",\"@id\":\"https:\\\/\\\/www.jagalcaide.com\\\/en\\\/#organization\",\"name\":\"JAG Alcaide\",\"url\":\"https:\\\/\\\/www.jagalcaide.com\\\/en\\\/\",\"logo\":{\"@type\":\"ImageObject\",\"inLanguage\":\"en-US\",\"@id\":\"https:\\\/\\\/www.jagalcaide.com\\\/en\\\/#\\\/schema\\\/logo\\\/image\\\/\",\"url\":\"https:\\\/\\\/www.jagalcaide.com\\\/wp-content\\\/uploads\\\/2023\\\/05\\\/logo-alcaide-gran.jpg\",\"contentUrl\":\"https:\\\/\\\/www.jagalcaide.com\\\/wp-content\\\/uploads\\\/2023\\\/05\\\/logo-alcaide-gran.jpg\",\"width\":696,\"height\":696,\"caption\":\"JAG Alcaide\"},\"image\":{\"@id\":\"https:\\\/\\\/www.jagalcaide.com\\\/en\\\/#\\\/schema\\\/logo\\\/image\\\/\"},\"sameAs\":[\"https:\\\/\\\/x.com\\\/JAGAlcaideSL\",\"https:\\\/\\\/www.instagram.com\\\/jagalcaide\\\/\",\"https:\\\/\\\/www.linkedin.com\\\/company\\\/j-a-g-alcaide-s-l-\"]}]}<\/script>\n<!-- \/ Yoast SEO plugin. -->","yoast_head_json":{"title":"Mitsubishi 2x1 MSZ-HR25VFk air conditioner for only \u20ac 2700!","description":"Mitsubishi Electric air conditioning 2x1 mod. MXZ-2HA40VF MSZ-HR25VFk installed and VAT included for only \u20ac 2700. More than 73 years as installers. Call us!","robots":{"index":"index","follow":"follow","max-snippet":"max-snippet:-1","max-image-preview":"max-image-preview:large","max-video-preview":"max-video-preview:-1"},"canonical":"https:\/\/www.jagalcaide.com\/en\/producto\/air-conditioner-mitsubishiz-hr25vfk-msz-hr25vfk\/","og_locale":"en_US","og_type":"article","og_title":"Mitsubishi 2x1 MSZ-HR25VFk air conditioner for only \u20ac 2700!","og_description":"Mitsubishi Electric air conditioning 2x1 mod. MXZ-2HA40VF MSZ-HR25VFk installed and VAT included for only \u20ac 2700. More than 73 years as installers. Call us!","og_url":"https:\/\/www.jagalcaide.com\/en\/producto\/air-conditioner-mitsubishiz-hr25vfk-msz-hr25vfk\/","og_site_name":"JAG Alcaide \u2013 Instalaci\u00f3n, reparaci\u00f3n y mantenimiento en Barcelona","article_modified_time":"2025-05-03T08:02:16+00:00","og_image":[{"width":962,"height":773,"url":"https:\/\/www.jagalcaide.com\/wp-content\/uploads\/2025\/05\/MXZ-2HA-MULTISPLIT-MITSUBISHI.jpg","type":"image\/jpeg"}],"twitter_card":"summary_large_image","twitter_site":"@JAGAlcaideSL","twitter_misc":{"Est. reading time":"2 minutes"},"schema":{"@context":"https:\/\/schema.org","@graph":[{"@type":"WebPage","@id":"https:\/\/www.jagalcaide.com\/en\/producto\/air-conditioner-mitsubishiz-hr25vfk-msz-hr25vfk\/","url":"https:\/\/www.jagalcaide.com\/en\/producto\/air-conditioner-mitsubishiz-hr25vfk-msz-hr25vfk\/","name":"Mitsubishi 2x1 MSZ-HR25VFk air conditioner for only \u20ac 2700!","isPartOf":{"@id":"https:\/\/www.jagalcaide.com\/en\/#website"},"primaryImageOfPage":{"@id":"https:\/\/www.jagalcaide.com\/en\/producto\/air-conditioner-mitsubishiz-hr25vfk-msz-hr25vfk\/#primaryimage"},"image":{"@id":"https:\/\/www.jagalcaide.com\/en\/producto\/air-conditioner-mitsubishiz-hr25vfk-msz-hr25vfk\/#primaryimage"},"thumbnailUrl":"https:\/\/www.jagalcaide.com\/wp-content\/uploads\/2025\/05\/MXZ-2HA-MULTISPLIT-MITSUBISHI.jpg","datePublished":"2025-05-02T07:00:05+00:00","dateModified":"2025-05-03T08:02:16+00:00","description":"Mitsubishi Electric air conditioning 2x1 mod. MXZ-2HA40VF MSZ-HR25VFk installed and VAT included for only \u20ac 2700. More than 73 years as installers. Call us!","breadcrumb":{"@id":"https:\/\/www.jagalcaide.com\/en\/producto\/air-conditioner-mitsubishiz-hr25vfk-msz-hr25vfk\/#breadcrumb"},"inLanguage":"en-US","potentialAction":[{"@type":"ReadAction","target":["https:\/\/www.jagalcaide.com\/en\/producto\/air-conditioner-mitsubishiz-hr25vfk-msz-hr25vfk\/"]}]},{"@type":"ImageObject","inLanguage":"en-US","@id":"https:\/\/www.jagalcaide.com\/en\/producto\/air-conditioner-mitsubishiz-hr25vfk-msz-hr25vfk\/#primaryimage","url":"https:\/\/www.jagalcaide.com\/wp-content\/uploads\/2025\/05\/MXZ-2HA-MULTISPLIT-MITSUBISHI.jpg","contentUrl":"https:\/\/www.jagalcaide.com\/wp-content\/uploads\/2025\/05\/MXZ-2HA-MULTISPLIT-MITSUBISHI.jpg","width":962,"height":773,"caption":"MXZ-2HA MULTISPLIT MITSUBISHI"},{"@type":"BreadcrumbList","@id":"https:\/\/www.jagalcaide.com\/en\/producto\/air-conditioner-mitsubishiz-hr25vfk-msz-hr25vfk\/#breadcrumb","itemListElement":[{"@type":"ListItem","position":1,"name":"Portada","item":"https:\/\/www.jagalcaide.com\/en\/"},{"@type":"ListItem","position":2,"name":"Woocommerce shop","item":"https:\/\/www.jagalcaide.com\/woocommerce-shop\/"},{"@type":"ListItem","position":3,"name":"Mitsubishi 2&#215;1 MSZ-HR25VFK + MSZ-HR25VFK"}]},{"@type":"WebSite","@id":"https:\/\/www.jagalcaide.com\/en\/#website","url":"https:\/\/www.jagalcaide.com\/en\/","name":"JAG Alcaide - Instalaci\u00f3n y reparaci\u00f3n de Aire Acondicionado y Calderas","description":"Instalaci\u00f3n y reparaci\u00f3n de aire acondicionado y calderas en Barcelona","publisher":{"@id":"https:\/\/www.jagalcaide.com\/en\/#organization"},"potentialAction":[{"@type":"SearchAction","target":{"@type":"EntryPoint","urlTemplate":"https:\/\/www.jagalcaide.com\/en\/?s={search_term_string}"},"query-input":{"@type":"PropertyValueSpecification","valueRequired":true,"valueName":"search_term_string"}}],"inLanguage":"en-US"},{"@type":"Organization","@id":"https:\/\/www.jagalcaide.com\/en\/#organization","name":"JAG Alcaide","url":"https:\/\/www.jagalcaide.com\/en\/","logo":{"@type":"ImageObject","inLanguage":"en-US","@id":"https:\/\/www.jagalcaide.com\/en\/#\/schema\/logo\/image\/","url":"https:\/\/www.jagalcaide.com\/wp-content\/uploads\/2023\/05\/logo-alcaide-gran.jpg","contentUrl":"https:\/\/www.jagalcaide.com\/wp-content\/uploads\/2023\/05\/logo-alcaide-gran.jpg","width":696,"height":696,"caption":"JAG Alcaide"},"image":{"@id":"https:\/\/www.jagalcaide.com\/en\/#\/schema\/logo\/image\/"},"sameAs":["https:\/\/x.com\/JAGAlcaideSL","https:\/\/www.instagram.com\/jagalcaide\/","https:\/\/www.linkedin.com\/company\/j-a-g-alcaide-s-l-"]}]}},"wpml_current_locale":"en_US","wpml_translations":{"es_ES":{"locale":"es_ES","id":3499,"slug":"aire-acondicionado-mitsubishi-2x1-msz-hr25vfk","post_title":"Mitsubishi 2x1 MSZ-HR25VFK + MSZ-HR25VFK","href":"https:\/\/www.jagalcaide.com\/producto\/aire-acondicionado-mitsubishi-2x1-msz-hr25vfk\/"}},"_links":{"self":[{"href":"https:\/\/www.jagalcaide.com\/en\/wp-json\/wp\/v2\/product\/3501","targetHints":{"allow":["GET"]}}],"collection":[{"href":"https:\/\/www.jagalcaide.com\/en\/wp-json\/wp\/v2\/product"}],"about":[{"href":"https:\/\/www.jagalcaide.com\/en\/wp-json\/wp\/v2\/types\/product"}],"replies":[{"embeddable":true,"href":"https:\/\/www.jagalcaide.com\/en\/wp-json\/wp\/v2\/comments?post=3501"}],"wp:featuredmedia":[{"embeddable":true,"href":"https:\/\/www.jagalcaide.com\/en\/wp-json\/wp\/v2\/media\/3504"}],"wp:attachment":[{"href":"https:\/\/www.jagalcaide.com\/en\/wp-json\/wp\/v2\/media?parent=3501"}],"wp:term":[{"taxonomy":"product_brand","embeddable":true,"href":"https:\/\/www.jagalcaide.com\/en\/wp-json\/wp\/v2\/product_brand?post=3501"},{"taxonomy":"product_cat","embeddable":true,"href":"https:\/\/www.jagalcaide.com\/en\/wp-json\/wp\/v2\/product_cat?post=3501"},{"taxonomy":"product_tag","embeddable":true,"href":"https:\/\/www.jagalcaide.com\/en\/wp-json\/wp\/v2\/product_tag?post=3501"}],"curies":[{"name":"wp","href":"https:\/\/api.w.org\/{rel}","templated":true}]}}